{"id":53269,"date":"2023-08-07T12:29:45","date_gmt":"2023-08-07T10:29:45","guid":{"rendered":"https:\/\/temporary.mindd.dev\/?page_id=53269"},"modified":"2024-05-23T09:23:58","modified_gmt":"2024-05-23T07:23:58","slug":"%d8%a7%d9%84%d9%85%d8%a7%d9%86%d9%8a","status":"publish","type":"page","link":"https:\/\/huisartsenpostendelimes.nl\/ar\/%d8%a7%d9%84%d9%85%d8%a7%d9%86%d9%8a\/","title":{"rendered":"\u0627\u0644\u0645\u0627\u0646\u064a"},"content":{"rendered":"\n\n\n<h2 class=\"wp-block-heading\"><strong>\u00c4rztliche Hilfe au\u00dferhalb der regul\u00e4ren Sprechzeiten<\/strong><\/h2>\n\n\n\n<p>Wenn Sie au\u00dferhalb der regul\u00e4ren Sprechzeiten dringend \u00e4rztliche Hilfe ben\u00f6tigen,<br>\u0627\u062a\u0635\u0644 \u0628 Sie bitte Huisartsenposten De LIMES unter der Telefonnummer +31 88 427 4700 (mit wohnadresse region Leiderdorp\/Leiden en Alphen a\/d Rijn) oder unter der Telefonnummer +31 252 240 212 (mit wohnadresse region Duin- en Bollenstreek).<\/p>\n\n\n\n<p>Bei akuter Lebensgefahr w\u00e4hlen Sie bitte die Notrufnummer 112 f\u00fcr einen Krankenwagen und f\u00fcr die notwendigen Instruktionen.<\/p>\n\n\n\n<p><strong>\u0628\u064a\u062a \u0628\u064a\u062a\u0634\u062a\u0646 \u0633\u064a:<\/strong> F\u00fcr eine telephone Beratung, eine Beratung beim Hausarzt oder f\u00fcr einen Hausbesuch, oder f\u00fcr die Verschreibung von Medikamenten k\u00f6nnen Sie eine Rechnung erhalten.<\/p>\n\n\n\n<h2 class=\"wp-block-heading\">Praxis-Sprechzeiten<\/h2>\n\n\n\n<ul class=\"wp-block-list\">\n<li>\u0645\u0648\u0646\u062a\u0627\u062c \u2013 \u0641\u0631\u064a\u062a\u0627\u062c 17.00 \u2013 08.00 Uhr<\/li>\n\n\n\n<li>Am Wochenende: von Freitag 17.00 Uhr bis Montag 8.00 Uhr<\/li>\n\n\n\n<li>Gesetzliche Feiertage<\/li>\n\n\n\n<li>\u00c4rztliche Beratung gibt es nur nach Terminvereinbarung!<\/li>\n\n\n\n<li>W\u00e4hrend regul\u00e4rer Sprechzeiten sind Huisartsenposten De LIMES geschlossen.<\/li>\n\n\n\n<li>Besuchen Sie dann bitte Ihren pers\u00f6nlichen Hausarzt.<\/li>\n<\/ul>\n\n\n\n<h2 class=\"wp-block-heading\"><strong>Wie funktioniert es?<\/strong><\/h2>\n\n\n\n<p>Wenn Sie anrufen werden Sie mit einer medizinischen Fachperson verbunden, die speziell hierf\u00fcr ausgebildet und an strenge Richtlinien gebunden ist.<br>Schildern Sie bitte die vorliegenden Beschwerden\/Symptome und h\u00e4ufig k\u00f6nnen Sie auf der Stelle telephone beraten werden, wobei die medizinische Fachperson jederzeit R\u00fccksprache mit dem diensthabenden Arzt h\u00e4lt. Weitere Vorgehensweisen sind: eine telephone Beratung vom Arzt, eine \u00e4rztliche Beratung in unserer Praxis, ein Hausbesuch vom Arzt.<\/p>\n\n\n\n<p>Folgende Angaben bzgl. des Patienten sollten Sie machen k\u00f6nnen<\/p>\n\n\n\n<ul class=\"wp-block-list\">\n<li>Name, Adresse und Telefonnummer des Patienten<\/li>\n\n\n\n<li>Geburtsdatum des Patienten<\/li>\n\n\n\n<li>Die Art der Beschwerden und Symptome<\/li>\n\n\n\n<li>Der Name des regul\u00e4ren Hausarztes<\/li>\n\n\n\n<li>Medizingebrauch<\/li>\n\n\n\n<li>Versicherungsnummer oder eine European Health Insurance Card<\/li>\n<\/ul>\n\n\n\n<p>Wenn Sie unsere Praxis besuchen, ben\u00f6tigen Sie einen g\u00fcltigen Personalausweis, wie Reisepass, Identit\u00e4tskarte, niederl\u00e4ndischen F\u00fchrerschein oder niederl\u00e4ndische Aufenthaltsgenehmigung.<br>Bitte legen Sie das Dokument bei der Anmeldung vor.<\/p>\n\n\n\n<p>Bitte beachten Sie, dass ausl\u00e4ndische Touristen (auch wenn sie versichert sind) einen Geb\u00fchr zahlen m\u00fcssen.<br>Nach R\u00fcckkehr zuhause kann dieser Geb\u00fchr, nach Einreichung des Zahlbelegs, von der zust\u00e4ndigen Krankenkasse zur\u00fcckerstattet werden.<\/p>\n\n\n\n<h2 class=\"wp-block-heading\">\u0627\u0644\u0639\u0646\u0648\u0627\u0646<\/h2>\n\n\n\n<p>Alphen aan den Rijn (Alrijne Ziekenhuis) &#8211; Metoorlaan 4 &#8211; 2402 WC<\/p>\n\n\n\n<p>\u0644\u064a\u062f\u0631\u062f\u0648\u0631\u0628 (\u0645\u0633\u062a\u0634\u0641\u0649 \u0623\u0644\u0631\u064a\u0646) &#8211; \u0633\u064a\u0645\u0648\u0646 \u0633\u0645\u064a\u062a\u0648\u064a\u062c 1 &#8211; 2353 GA<\/p>\n\n\n\n<p>\u0641\u0648\u0631\u0647\u0648\u062a \u060c \u0631\u064a\u0646\u0633\u0628\u0648\u0631\u062c\u064a\u0631\u0641\u064a\u062c 4 \u0628 \u060c 2215 \u0631\u0627<\/p>\n\n\n\n<h2 class=\"wp-block-heading\"><br><\/h2>\n","protected":false},"excerpt":{"rendered":"<p>\u00c4rztliche Hilfe au\u00dferhalb der regul\u00e4ren Sprechzeiten Wenn Sie au\u00dferhalb der regul\u00e4ren Sprechzeiten dringend \u00e4rztliche Hilfe ben\u00f6tigen,kontaktieren Sie bitte Huisartsenposten De LIMES unter der Telefonnummer +31 88 427 4700 (mit wohnadresse region Leiderdorp\/Leiden en Alphen a\/d Rijn) oder unter der Telefonnummer +31 252 240 212 (mit wohnadresse region Duin- en Bollenstreek). Bei akuter Lebensgefahr w\u00e4hlen Sie bitte die Notrufnummer 112 f\u00fcr einen Krankenwagen und f\u00fcr die notwendigen Instruktionen. Bitte beachten Sie: F\u00fcr eine telephone Beratung, eine Beratung beim Hausarzt oder f\u00fcr einen Hausbesuch, oder f\u00fcr die Verschreibung von Medikamenten k\u00f6nnen Sie eine Rechnung erhalten. Praxis-Sprechzeiten Wie funktioniert es? \u0648\u0646 \u0633\u064a \u0623\u0646\u0631\u0648\u0641\u064a\u0646 [&#8230;]<\/p>\n","protected":false},"author":3,"featured_media":0,"parent":0,"menu_order":0,"comment_status":"closed","ping_status":"closed","template":"","meta":{"_acf_changed":false,"_trash_the_other_posts":false,"editor_notices":[],"footnotes":""},"class_list":["post-53269","page","type-page","status-publish","hentry"],"acf":[],"yoast_head":"<!-- This site is optimized with the Yoast SEO plugin v26.6 - https:\/\/yoast.com\/wordpress\/plugins\/seo\/ -->\n<title>\u0627\u0644\u0645\u0627\u0646\u064a - Huisartsenposten De Limes - \u0639\u0631\u0628\u064a<\/title>\n<meta name=\"robots\" content=\"index, follow, max-snippet:-1, max-image-preview:large, max-video-preview:-1\" \/>\n<link rel=\"canonical\" href=\"https:\/\/huisartsenpostendelimes.nl\/ar\/\u0627\u0644\u0645\u0627\u0646\u064a\/\" \/>\n<meta property=\"og:locale\" content=\"ar_AR\" \/>\n<meta property=\"og:type\" content=\"article\" \/>\n<meta property=\"og:title\" content=\"\u0627\u0644\u0645\u0627\u0646\u064a - Huisartsenposten De Limes - \u0639\u0631\u0628\u064a\" \/>\n<meta property=\"og:description\" content=\"\u00c4rztliche Hilfe au\u00dferhalb der regul\u00e4ren Sprechzeiten Wenn Sie au\u00dferhalb der regul\u00e4ren Sprechzeiten dringend \u00e4rztliche Hilfe ben\u00f6tigen,kontaktieren Sie bitte Huisartsenposten De LIMES unter der Telefonnummer +31 88 427 4700 (mit wohnadresse region Leiderdorp\/Leiden en Alphen a\/d Rijn) oder unter der Telefonnummer +31 252 240 212 (mit wohnadresse region Duin- en Bollenstreek). Bei akuter Lebensgefahr w\u00e4hlen Sie bitte die Notrufnummer 112 f\u00fcr einen Krankenwagen und f\u00fcr die notwendigen Instruktionen. Bitte beachten Sie: F\u00fcr eine telephone Beratung, eine Beratung beim Hausarzt oder f\u00fcr einen Hausbesuch, oder f\u00fcr die Verschreibung von Medikamenten k\u00f6nnen Sie eine Rechnung erhalten. Praxis-Sprechzeiten Wie funktioniert es? \u0648\u0646 \u0633\u064a \u0623\u0646\u0631\u0648\u0641\u064a\u0646 [...]\" \/>\n<meta property=\"og:url\" content=\"https:\/\/huisartsenpostendelimes.nl\/ar\/\u0627\u0644\u0645\u0627\u0646\u064a\/\" \/>\n<meta property=\"og:site_name\" content=\"Huisartsenposten De Limes - \u0639\u0631\u0628\u064a\" \/>\n<meta property=\"article:modified_time\" content=\"2024-05-23T07:23:58+00:00\" \/>\n<meta name=\"twitter:card\" content=\"summary_large_image\" \/>\n<meta name=\"twitter:label1\" content=\"\u0648\u0642\u062a \u0627\u0644\u0642\u0631\u0627\u0621\u0629 \u0627\u0644\u0645\u064f\u0642\u062f\u0651\u0631\" \/>\n\t<meta name=\"twitter:data1\" content=\"\u062f\u0642\u064a\u0642\u062a\u0627\u0646\" \/>\n<script type=\"application\/ld+json\" class=\"yoast-schema-graph\">{\"@context\":\"https:\/\/schema.org\",\"@graph\":[{\"@type\":\"WebPage\",\"@id\":\"https:\/\/huisartsenpostendelimes.nl\/ar\/%d8%a7%d9%84%d9%85%d8%a7%d9%86%d9%8a\/\",\"url\":\"https:\/\/huisartsenpostendelimes.nl\/ar\/%d8%a7%d9%84%d9%85%d8%a7%d9%86%d9%8a\/\",\"name\":\"\u0627\u0644\u0645\u0627\u0646\u064a - Huisartsenposten De Limes - \u0639\u0631\u0628\u064a\",\"isPartOf\":{\"@id\":\"https:\/\/huisartsenpostendelimes.nl\/ar\/#website\"},\"datePublished\":\"2023-08-07T10:29:45+00:00\",\"dateModified\":\"2024-05-23T07:23:58+00:00\",\"breadcrumb\":{\"@id\":\"https:\/\/huisartsenpostendelimes.nl\/ar\/%d8%a7%d9%84%d9%85%d8%a7%d9%86%d9%8a\/#breadcrumb\"},\"inLanguage\":\"ar\",\"potentialAction\":[{\"@type\":\"ReadAction\",\"target\":[\"https:\/\/huisartsenpostendelimes.nl\/ar\/%d8%a7%d9%84%d9%85%d8%a7%d9%86%d9%8a\/\"]}]},{\"@type\":\"BreadcrumbList\",\"@id\":\"https:\/\/huisartsenpostendelimes.nl\/ar\/%d8%a7%d9%84%d9%85%d8%a7%d9%86%d9%8a\/#breadcrumb\",\"itemListElement\":[{\"@type\":\"ListItem\",\"position\":1,\"name\":\"Home\",\"item\":\"https:\/\/huisartsenpostendelimes.nl\/ar\/\"},{\"@type\":\"ListItem\",\"position\":2,\"name\":\"\u0627\u0644\u0645\u0627\u0646\u064a\"}]},{\"@type\":\"WebSite\",\"@id\":\"https:\/\/huisartsenpostendelimes.nl\/ar\/#website\",\"url\":\"https:\/\/huisartsenpostendelimes.nl\/ar\/\",\"name\":\"Huisartsenposten De Limes - \u0639\u0631\u0628\u064a\",\"description\":\"\",\"potentialAction\":[{\"@type\":\"SearchAction\",\"target\":{\"@type\":\"EntryPoint\",\"urlTemplate\":\"https:\/\/huisartsenpostendelimes.nl\/ar\/?s={search_term_string}\"},\"query-input\":{\"@type\":\"PropertyValueSpecification\",\"valueRequired\":true,\"valueName\":\"search_term_string\"}}],\"inLanguage\":\"ar\"}]}<\/script>\n<!-- \/ Yoast SEO plugin. -->","yoast_head_json":{"title":"\u0627\u0644\u0645\u0627\u0646\u064a - Huisartsenposten De Limes - \u0639\u0631\u0628\u064a","robots":{"index":"index","follow":"follow","max-snippet":"max-snippet:-1","max-image-preview":"max-image-preview:large","max-video-preview":"max-video-preview:-1"},"canonical":"https:\/\/huisartsenpostendelimes.nl\/ar\/\u0627\u0644\u0645\u0627\u0646\u064a\/","og_locale":"ar_AR","og_type":"article","og_title":"\u0627\u0644\u0645\u0627\u0646\u064a - Huisartsenposten De Limes - \u0639\u0631\u0628\u064a","og_description":"\u00c4rztliche Hilfe au\u00dferhalb der regul\u00e4ren Sprechzeiten Wenn Sie au\u00dferhalb der regul\u00e4ren Sprechzeiten dringend \u00e4rztliche Hilfe ben\u00f6tigen,kontaktieren Sie bitte Huisartsenposten De LIMES unter der Telefonnummer +31 88 427 4700 (mit wohnadresse region Leiderdorp\/Leiden en Alphen a\/d Rijn) oder unter der Telefonnummer +31 252 240 212 (mit wohnadresse region Duin- en Bollenstreek). Bei akuter Lebensgefahr w\u00e4hlen Sie bitte die Notrufnummer 112 f\u00fcr einen Krankenwagen und f\u00fcr die notwendigen Instruktionen. Bitte beachten Sie: F\u00fcr eine telephone Beratung, eine Beratung beim Hausarzt oder f\u00fcr einen Hausbesuch, oder f\u00fcr die Verschreibung von Medikamenten k\u00f6nnen Sie eine Rechnung erhalten. Praxis-Sprechzeiten Wie funktioniert es? \u0648\u0646 \u0633\u064a \u0623\u0646\u0631\u0648\u0641\u064a\u0646 [...]","og_url":"https:\/\/huisartsenpostendelimes.nl\/ar\/\u0627\u0644\u0645\u0627\u0646\u064a\/","og_site_name":"Huisartsenposten De Limes - \u0639\u0631\u0628\u064a","article_modified_time":"2024-05-23T07:23:58+00:00","twitter_card":"summary_large_image","twitter_misc":{"\u0648\u0642\u062a \u0627\u0644\u0642\u0631\u0627\u0621\u0629 \u0627\u0644\u0645\u064f\u0642\u062f\u0651\u0631":"\u062f\u0642\u064a\u0642\u062a\u0627\u0646"},"schema":{"@context":"https:\/\/schema.org","@graph":[{"@type":"WebPage","@id":"https:\/\/huisartsenpostendelimes.nl\/ar\/%d8%a7%d9%84%d9%85%d8%a7%d9%86%d9%8a\/","url":"https:\/\/huisartsenpostendelimes.nl\/ar\/%d8%a7%d9%84%d9%85%d8%a7%d9%86%d9%8a\/","name":"\u0627\u0644\u0645\u0627\u0646\u064a - Huisartsenposten De Limes - \u0639\u0631\u0628\u064a","isPartOf":{"@id":"https:\/\/huisartsenpostendelimes.nl\/ar\/#website"},"datePublished":"2023-08-07T10:29:45+00:00","dateModified":"2024-05-23T07:23:58+00:00","breadcrumb":{"@id":"https:\/\/huisartsenpostendelimes.nl\/ar\/%d8%a7%d9%84%d9%85%d8%a7%d9%86%d9%8a\/#breadcrumb"},"inLanguage":"ar","potentialAction":[{"@type":"ReadAction","target":["https:\/\/huisartsenpostendelimes.nl\/ar\/%d8%a7%d9%84%d9%85%d8%a7%d9%86%d9%8a\/"]}]},{"@type":"BreadcrumbList","@id":"https:\/\/huisartsenpostendelimes.nl\/ar\/%d8%a7%d9%84%d9%85%d8%a7%d9%86%d9%8a\/#breadcrumb","itemListElement":[{"@type":"ListItem","position":1,"name":"Home","item":"https:\/\/huisartsenpostendelimes.nl\/ar\/"},{"@type":"ListItem","position":2,"name":"\u0627\u0644\u0645\u0627\u0646\u064a"}]},{"@type":"WebSite","@id":"https:\/\/huisartsenpostendelimes.nl\/ar\/#website","url":"https:\/\/huisartsenpostendelimes.nl\/ar\/","name":"Huisartsenposten De Limes - \u0639\u0631\u0628\u064a","description":"","potentialAction":[{"@type":"SearchAction","target":{"@type":"EntryPoint","urlTemplate":"https:\/\/huisartsenpostendelimes.nl\/ar\/?s={search_term_string}"},"query-input":{"@type":"PropertyValueSpecification","valueRequired":true,"valueName":"search_term_string"}}],"inLanguage":"ar"}]}},"_links":{"self":[{"href":"https:\/\/huisartsenpostendelimes.nl\/ar\/wp-json\/wp\/v2\/pages\/53269","targetHints":{"allow":["GET"]}}],"collection":[{"href":"https:\/\/huisartsenpostendelimes.nl\/ar\/wp-json\/wp\/v2\/pages"}],"about":[{"href":"https:\/\/huisartsenpostendelimes.nl\/ar\/wp-json\/wp\/v2\/types\/page"}],"author":[{"embeddable":true,"href":"https:\/\/huisartsenpostendelimes.nl\/ar\/wp-json\/wp\/v2\/users\/3"}],"replies":[{"embeddable":true,"href":"https:\/\/huisartsenpostendelimes.nl\/ar\/wp-json\/wp\/v2\/comments?post=53269"}],"version-history":[{"count":1,"href":"https:\/\/huisartsenpostendelimes.nl\/ar\/wp-json\/wp\/v2\/pages\/53269\/revisions"}],"predecessor-version":[{"id":56545,"href":"https:\/\/huisartsenpostendelimes.nl\/ar\/wp-json\/wp\/v2\/pages\/53269\/revisions\/56545"}],"wp:attachment":[{"href":"https:\/\/huisartsenpostendelimes.nl\/ar\/wp-json\/wp\/v2\/media?parent=53269"}],"curies":[{"name":"wp","href":"https:\/\/api.w.org\/{rel}","templated":true}]}}