{"id":1884,"date":"2023-03-09T13:31:17","date_gmt":"2023-03-09T12:31:17","guid":{"rendered":"https:\/\/huisartsenspoedpost-zeist.mindd.dev\/?page_id=1884"},"modified":"2024-05-19T16:34:47","modified_gmt":"2024-05-19T14:34:47","slug":"wie-funktioniert-es","status":"publish","type":"page","link":"https:\/\/huisartsenpostendelimes.nl\/de\/wie-funktioniert-es\/","title":{"rendered":"Wie funktioniert es?"},"content":{"rendered":"\n\n\n<h2 class=\"wp-block-heading\">Nur f\u00fcr Notf\u00e4lle au\u00dferhalb der B\u00fcrozeiten<\/h2>\n\n\n\n<p>Das Notfallzentrum (UCC) wird von Haus\u00e4rzten geleitet und ist ausschlie\u00dflich f\u00fcr Notf\u00e4lle gedacht, die nachts, an Wochenenden und an Feiertagen auftreten.<\/p>\n\n\n\n<h2 class=\"wp-block-heading\">Stellen Sie immer sicher, dass Sie zuerst anrufen<\/h2>\n\n\n\n<p>Sie k\u00f6nnen nicht einfach das UCC besuchen. Sie m\u00fcssen im Voraus anrufen, um sicherzustellen, dass Sie die ben\u00f6tigte Hilfe schnell erhalten. Wenn Sie die UCC-Nummer w\u00e4hlen, erhalten Sie eine Reihe von Optionen. Im Falle einer potenziell lebensbedrohlichen Situation dr\u00fccken Sie 1, um Priorit\u00e4t zu erhalten.<\/p>\n\n\n\n<h2 class=\"wp-block-heading\">Details zur Hand w\u00e4hrend Ihres Telefonats<\/h2>\n\n\n\n<p>Halten Sie Ihre Daten immer griffbereit: Dazu geh\u00f6ren Ihr (EU-)Versicherungsausweis, Ihr Ausweis und eine Liste der Medikamente, die Sie m\u00f6glicherweise einnehmen.<\/p>\n\n\n\n<h2 class=\"wp-block-heading\">Was Sie erwartet, wenn Sie anrufen<\/h2>\n\n\n\n<p>Wenn Sie uns anrufen, nimmt ein Triage-Assistent den Anruf entgegen. Dieser Assistent wurde geschult, um sofort festzustellen, wie schwerwiegend Ihre Beschwerden sind und wie Sie vorgehen m\u00fcssen. Dies geschieht in Absprache mit dem behandelnden Arzt. Als n\u00e4chstes gibt es drei M\u00f6glichkeiten:<\/p>\n\n\n\n<ul class=\"wp-block-list\">\n<li>Telefonische Beratung: Sie erhalten telefonisch eine Erkl\u00e4rung und Selbstpflegeberatung (vom Hausarzt \u00fcberpr\u00fcft).<\/li>\n\n\n\n<li>Beratung im UCC: Sie vereinbaren einen Termin f\u00fcr die Besichtigung des Zentrums. Sie werden von einem Hausarzt oder einer Krankenschwester untersucht (vom Hausarzt \u00fcberpr\u00fcft).<\/li>\n\n\n\n<li>Konsultation bei Ihnen zu Hause (Hausbesuch durch den Hausarzt): Ein Arzt wird nur dann einen Hausbesuch machen, wenn Sie aus medizinischen Gr\u00fcnden nicht in der Lage sind, das UCC aufzusuchen.<\/li>\n<\/ul>\n","protected":false},"excerpt":{"rendered":"<p>Nur f\u00fcr Notf\u00e4lle au\u00dferhalb der B\u00fcrozeiten Das Urgent Care Center (UCC) wird von Haus\u00e4rzten geleitet und ist ausschlie\u00dflich f\u00fcr Notf\u00e4lle gedacht, die nachts, an Wochenenden und Feiertagen auftreten. Stellen Sie immer sicher, dass Sie zuerst anrufen Sie k\u00f6nnen nicht einfach den UCC besuchen. Sie m\u00fcssen im Voraus anrufen, um sicherzustellen, dass Sie die ben\u00f6tigte Hilfe schnell erhalten. Wenn Sie die UCC-Nummer w\u00e4hlen, erhalten Sie eine Reihe von Optionen. Im Falle einer potenziell lebensbedrohlichen Situation dr\u00fccken Sie 1, um Priorit\u00e4t zu erhalten. Details w\u00e4hrend des Telefonats immer griffbereit: [&#8230;]<\/p>\n","protected":false},"author":3,"featured_media":0,"parent":0,"menu_order":0,"comment_status":"closed","ping_status":"closed","template":"","meta":{"_acf_changed":false,"_trash_the_other_posts":false,"editor_notices":[],"footnotes":""},"class_list":["post-1884","page","type-page","status-publish","hentry"],"acf":[],"yoast_head":"<!-- This site is optimized with the Yoast SEO plugin v26.6 - https:\/\/yoast.com\/wordpress\/plugins\/seo\/ -->\n<title>Wie funktioniert es? - Huisartsenposten De Limes - Deutsch<\/title>\n<meta name=\"robots\" content=\"index, follow, max-snippet:-1, max-image-preview:large, max-video-preview:-1\" \/>\n<link rel=\"canonical\" href=\"https:\/\/huisartsenpostendelimes.nl\/de\/wie-funktioniert-es\/\" \/>\n<meta property=\"og:locale\" content=\"de_DE\" \/>\n<meta property=\"og:type\" content=\"article\" \/>\n<meta property=\"og:title\" content=\"Wie funktioniert es? - Huisartsenposten De Limes - Deutsch\" \/>\n<meta property=\"og:description\" content=\"Nur f\u00fcr Notf\u00e4lle au\u00dferhalb der B\u00fcrozeiten Das Urgent Care Center (UCC) wird von Haus\u00e4rzten geleitet und ist ausschlie\u00dflich f\u00fcr Notf\u00e4lle gedacht, die nachts, an Wochenenden und Feiertagen auftreten. Stellen Sie immer sicher, dass Sie zuerst anrufen Sie k\u00f6nnen nicht einfach den UCC besuchen. Sie m\u00fcssen im Voraus anrufen, um sicherzustellen, dass Sie die ben\u00f6tigte Hilfe schnell erhalten. Wenn Sie die UCC-Nummer w\u00e4hlen, erhalten Sie eine Reihe von Optionen. Im Falle einer potenziell lebensbedrohlichen Situation dr\u00fccken Sie 1, um Priorit\u00e4t zu erhalten. Details w\u00e4hrend des Telefonats immer griffbereit: [...]\" \/>\n<meta property=\"og:url\" content=\"https:\/\/huisartsenpostendelimes.nl\/de\/wie-funktioniert-es\/\" \/>\n<meta property=\"og:site_name\" content=\"Huisartsenposten De Limes - Deutsch\" \/>\n<meta property=\"article:modified_time\" content=\"2024-05-19T14:34:47+00:00\" \/>\n<meta name=\"twitter:card\" content=\"summary_large_image\" \/>\n<meta name=\"twitter:label1\" content=\"Gesch\u00e4tzte Lesezeit\" \/>\n\t<meta name=\"twitter:data1\" content=\"2\u00a0Minuten\" \/>\n<script type=\"application\/ld+json\" class=\"yoast-schema-graph\">{\"@context\":\"https:\/\/schema.org\",\"@graph\":[{\"@type\":\"WebPage\",\"@id\":\"https:\/\/huisartsenpostendelimes.nl\/de\/wie-funktioniert-es\/\",\"url\":\"https:\/\/huisartsenpostendelimes.nl\/de\/wie-funktioniert-es\/\",\"name\":\"Wie funktioniert es? - Huisartsenposten De Limes - Deutsch\",\"isPartOf\":{\"@id\":\"https:\/\/huisartsenpostendelimes.nl\/de\/#website\"},\"datePublished\":\"2023-03-09T12:31:17+00:00\",\"dateModified\":\"2024-05-19T14:34:47+00:00\",\"breadcrumb\":{\"@id\":\"https:\/\/huisartsenpostendelimes.nl\/de\/wie-funktioniert-es\/#breadcrumb\"},\"inLanguage\":\"de\",\"potentialAction\":[{\"@type\":\"ReadAction\",\"target\":[\"https:\/\/huisartsenpostendelimes.nl\/de\/wie-funktioniert-es\/\"]}]},{\"@type\":\"BreadcrumbList\",\"@id\":\"https:\/\/huisartsenpostendelimes.nl\/de\/wie-funktioniert-es\/#breadcrumb\",\"itemListElement\":[{\"@type\":\"ListItem\",\"position\":1,\"name\":\"Home\",\"item\":\"https:\/\/huisartsenpostendelimes.nl\/de\/\"},{\"@type\":\"ListItem\",\"position\":2,\"name\":\"Wie funktioniert es?\"}]},{\"@type\":\"WebSite\",\"@id\":\"https:\/\/huisartsenpostendelimes.nl\/de\/#website\",\"url\":\"https:\/\/huisartsenpostendelimes.nl\/de\/\",\"name\":\"Huisartsenposten De Limes - Deutsch\",\"description\":\"\",\"potentialAction\":[{\"@type\":\"SearchAction\",\"target\":{\"@type\":\"EntryPoint\",\"urlTemplate\":\"https:\/\/huisartsenpostendelimes.nl\/de\/?s={search_term_string}\"},\"query-input\":{\"@type\":\"PropertyValueSpecification\",\"valueRequired\":true,\"valueName\":\"search_term_string\"}}],\"inLanguage\":\"de\"}]}<\/script>\n<!-- \/ Yoast SEO plugin. -->","yoast_head_json":{"title":"Wie funktioniert es? - Huisartsenposten De Limes - Deutsch","robots":{"index":"index","follow":"follow","max-snippet":"max-snippet:-1","max-image-preview":"max-image-preview:large","max-video-preview":"max-video-preview:-1"},"canonical":"https:\/\/huisartsenpostendelimes.nl\/de\/wie-funktioniert-es\/","og_locale":"de_DE","og_type":"article","og_title":"Wie funktioniert es? - Huisartsenposten De Limes - Deutsch","og_description":"Nur f\u00fcr Notf\u00e4lle au\u00dferhalb der B\u00fcrozeiten Das Urgent Care Center (UCC) wird von Haus\u00e4rzten geleitet und ist ausschlie\u00dflich f\u00fcr Notf\u00e4lle gedacht, die nachts, an Wochenenden und Feiertagen auftreten. Stellen Sie immer sicher, dass Sie zuerst anrufen Sie k\u00f6nnen nicht einfach den UCC besuchen. Sie m\u00fcssen im Voraus anrufen, um sicherzustellen, dass Sie die ben\u00f6tigte Hilfe schnell erhalten. Wenn Sie die UCC-Nummer w\u00e4hlen, erhalten Sie eine Reihe von Optionen. Im Falle einer potenziell lebensbedrohlichen Situation dr\u00fccken Sie 1, um Priorit\u00e4t zu erhalten. Details w\u00e4hrend des Telefonats immer griffbereit: [...]","og_url":"https:\/\/huisartsenpostendelimes.nl\/de\/wie-funktioniert-es\/","og_site_name":"Huisartsenposten De Limes - Deutsch","article_modified_time":"2024-05-19T14:34:47+00:00","twitter_card":"summary_large_image","twitter_misc":{"Gesch\u00e4tzte Lesezeit":"2\u00a0Minuten"},"schema":{"@context":"https:\/\/schema.org","@graph":[{"@type":"WebPage","@id":"https:\/\/huisartsenpostendelimes.nl\/de\/wie-funktioniert-es\/","url":"https:\/\/huisartsenpostendelimes.nl\/de\/wie-funktioniert-es\/","name":"Wie funktioniert es? - Huisartsenposten De Limes - Deutsch","isPartOf":{"@id":"https:\/\/huisartsenpostendelimes.nl\/de\/#website"},"datePublished":"2023-03-09T12:31:17+00:00","dateModified":"2024-05-19T14:34:47+00:00","breadcrumb":{"@id":"https:\/\/huisartsenpostendelimes.nl\/de\/wie-funktioniert-es\/#breadcrumb"},"inLanguage":"de","potentialAction":[{"@type":"ReadAction","target":["https:\/\/huisartsenpostendelimes.nl\/de\/wie-funktioniert-es\/"]}]},{"@type":"BreadcrumbList","@id":"https:\/\/huisartsenpostendelimes.nl\/de\/wie-funktioniert-es\/#breadcrumb","itemListElement":[{"@type":"ListItem","position":1,"name":"Home","item":"https:\/\/huisartsenpostendelimes.nl\/de\/"},{"@type":"ListItem","position":2,"name":"Wie funktioniert es?"}]},{"@type":"WebSite","@id":"https:\/\/huisartsenpostendelimes.nl\/de\/#website","url":"https:\/\/huisartsenpostendelimes.nl\/de\/","name":"Huisartsenposten De Limes - Deutsch","description":"","potentialAction":[{"@type":"SearchAction","target":{"@type":"EntryPoint","urlTemplate":"https:\/\/huisartsenpostendelimes.nl\/de\/?s={search_term_string}"},"query-input":{"@type":"PropertyValueSpecification","valueRequired":true,"valueName":"search_term_string"}}],"inLanguage":"de"}]}},"_links":{"self":[{"href":"https:\/\/huisartsenpostendelimes.nl\/de\/wp-json\/wp\/v2\/pages\/1884","targetHints":{"allow":["GET"]}}],"collection":[{"href":"https:\/\/huisartsenpostendelimes.nl\/de\/wp-json\/wp\/v2\/pages"}],"about":[{"href":"https:\/\/huisartsenpostendelimes.nl\/de\/wp-json\/wp\/v2\/types\/page"}],"author":[{"embeddable":true,"href":"https:\/\/huisartsenpostendelimes.nl\/de\/wp-json\/wp\/v2\/users\/3"}],"replies":[{"embeddable":true,"href":"https:\/\/huisartsenpostendelimes.nl\/de\/wp-json\/wp\/v2\/comments?post=1884"}],"version-history":[{"count":1,"href":"https:\/\/huisartsenpostendelimes.nl\/de\/wp-json\/wp\/v2\/pages\/1884\/revisions"}],"predecessor-version":[{"id":56527,"href":"https:\/\/huisartsenpostendelimes.nl\/de\/wp-json\/wp\/v2\/pages\/1884\/revisions\/56527"}],"wp:attachment":[{"href":"https:\/\/huisartsenpostendelimes.nl\/de\/wp-json\/wp\/v2\/media?parent=1884"}],"curies":[{"name":"wp","href":"https:\/\/api.w.org\/{rel}","templated":true}]}}