{"id":241,"date":"2022-11-08T17:01:51","date_gmt":"2022-11-08T16:01:51","guid":{"rendered":"https:\/\/huisartsenspoedpost-zeist.mindd.dev\/?page_id=241"},"modified":"2026-03-19T11:38:29","modified_gmt":"2026-03-19T10:38:29","slug":"privatsphare","status":"publish","type":"page","link":"https:\/\/huisartsenpostendelimes.nl\/de\/privatsphare\/","title":{"rendered":"Datenschutzerkl\u00e4rung"},"content":{"rendered":"\n\n\n<h2 class=\"wp-block-heading\">Ihre pers\u00f6nlichen Daten <br>und Ihre Privatsph\u00e4re <br>Notaufnahmen der Haus\u00e4rzte <br>Die LIMES<\/h2>\n\n\n\n<p><strong>Allgemeine Informationen<\/strong><\/p>\n\n\n\n<p>Um Patienten im Falle eines Kontakts mit den Notfallstationen De Limes gute medizinische Versorgung bieten zu k\u00f6nnen, erfassen wir Ihre pers\u00f6nlichen und medizinischen Daten. Dies geschieht im Einklang mit dem Medical Treatment Agreement Act (WGBO) und der Datenschutzverordnung (DSGVO). Das bedeutet, dass wir Ihre Daten zur medizinischen Versorgung und der damit verbundenen (finanziellen) Verwaltung nutzen und Ihre Daten vor Verletzungen durch Dritte sch\u00fctzen.<\/p>\n\n\n\n<p><strong>Speicherung von Gespr\u00e4chen und Fotos zu Qualit\u00e4ts- und Schulungszwecken<\/strong><\/p>\n\n\n\n<p>Wir speichern Gespr\u00e4che und Fotos zu Qualit\u00e4ts- und Schulungszwecken. Das hilft uns, unsere Dienstleistungen zu verbessern und unsere Mitarbeiter zu schulen. Die gespeicherten Gespr\u00e4che und Fotos werden streng vertraulich behandelt und nur von autorisierten Personen angesehen.<\/p>\n\n\n\n<p>Die Aufnahmen werden&nbsp;ein Jahr lang aufbewahrt.<\/p>\n\n\n\n<p><strong>Lieferanten<\/strong><\/p>\n\n\n\n<p>Wir haben IKT-Lieferanten f\u00fcr die Wartung und Verwaltung unserer Informationsbereitstellung engagiert. Wir haben diese Lieferanten sorgf\u00e4ltig ausgew\u00e4hlt und klare Vereinbarungen mit ihnen bez\u00fcglich Vertraulichkeit und Sicherheit getroffen.<br>Sollten trotz unserer Ma\u00dfnahmen Dritte unbefugten Zugriff auf Ihre Daten erhalten, melden wir dies der niederl\u00e4ndischen Datenschutzbeh\u00f6rde (AP).<\/p>\n\n\n\n<p><strong>MINDED<\/strong><\/p>\n\n\n\n<p>Nutzen Sie unser digitales Selbst-Triage-Tool? Anschlie\u00dfend m\u00f6chten wir Ihre Aufmerksamkeit auf die Datenschutzerkl\u00e4rung von MED lenken. Weitere Informationen dazu finden Sie unter folgendem Link: <a href=\"https:\/\/huisartsenpostendelimes.nl\/gebruiksvoorwaarden\/\">Nutzungsbedingungen &#8211; Huisartsenposten De Limes<\/a>.<\/p>\n\n\n\n<p><strong>Registrierte Registrierung (ION)<\/strong><\/p>\n\n\n\n<p>Wir bieten Notfallversorgung f\u00fcr Patienten an, die als regul\u00e4re Patienten in einer Hausarztpraxis in unserer Region registriert sind. Wir bieten auch Patienten an, die in einer anderen Region registriert sind. Wenn Sie sich mit einer Akutversorgungsfrage bei den LIMES-Krankenstationen melden, erhalten wir Informationen \u00fcber Sie aus Ihrer eigenen Hausarztpraxis. Wir machen das nur, wenn Sie uns die Erlaubnis dazu gegeben haben. Mit den Angaben Ihres eigenen Hausarztes k\u00f6nnen wir Sie besser behandeln. Wir senden Ihrem Hausarzt au\u00dferdem eine Nachricht \u00fcber die Behandlung in der Hausarztstation. Ihr Hausarzt kann die Behandlung dann fortsetzen.<\/p>\n\n\n\n<p>Wir m\u00f6chten sicherstellen, dass wir die richtige Hausarztpraxis \u00fcber Ihre Behandlung informieren. Deshalb pr\u00fcfen wir dies in der Datenbank Registration By Name, die von der Foundation for Registration by Name verwaltet wird. In dieser Datenbank erfassen die Hausarztpraxen selbst, wer bei ihnen registriert ist (siehe <a href=\"http:\/\/www.inschrijvingopnaam.nl\">www.inschrijvingopnaam.nl<\/a>). Diese Datenbank enth\u00e4lt keine medizinischen Daten \u00fcber Sie, sondern nur, dass Sie bei Ihrer Hausarztpraxis registriert sind.<\/p>\n\n\n\n<p>Wenn Sie Fragen zur Datenbank oder zur Nutzung Ihrer Daten haben, k\u00f6nnen Sie die Stichting ION \u00fcber das Kontaktformular auf der Website kontaktieren:&nbsp;<a href=\"http:\/\/www.inschrijvingopnaam.nl\/contactformulier\" target=\"_blank\" rel=\"noreferrer noopener\">www.inschrijvingopnaam.nl\/contactformulier<\/a><\/p>\n\n\n\n<p><strong>Austausch medizinischer Daten<\/strong><\/p>\n\n\n\n<p>Als GP Notfallstationen De LIMOS sind wir gem\u00e4\u00df DSGVO f\u00fcr die Verarbeitung personenbezogener Daten verantwortlich. Wir sammeln Ihre Informationen zu bestimmten Zwecken, wie der Bereitstellung von Pflege, Richtlinien, Recherchen und der Verbesserung unserer Dienstleistungen. Wir verwenden Ihre Daten ohne Ihr Wissen nicht f\u00fcr andere Zwecke. Wir garantieren die Vertraulichkeit und Sicherheit Ihrer Daten und speichern sie nicht l\u00e4nger als n\u00f6tig f\u00fcr eine gute Pflege und so lange, wie es das Gesetz vorschreibt.<\/p>\n\n\n\n<p>Wenn Sie abends oder am Wochenende in der Hausarztstation waren, teilen wir eine Beobachtungsnachricht mit der Hausarztpraxis. So wei\u00df dein Hausarzt genau, mit welchen Beschwerden du schon in der Notaufnahme&nbsp; warst und was darauf reagiert wurde.&nbsp;<\/p>\n\n\n\n<p>Medikamentendaten k\u00f6nnen auch mit Ihrer Apotheke, Ihrem Rettungsdienst und Krankenh\u00e4usern geteilt werden. Dazu geh\u00f6ren die Medikamente, die dir der Hausarzt verschrieben hat, aber auch alle Unvertr\u00e4glichkeiten, Kontraindikationen und Allergien (ICA-Daten). Andere Verschreiber und Anbieter von Medikamenten k\u00f6nnen dies ber\u00fccksichtigen. Auf diese Weise tragen wir als Hausarztstation zur Sicherheit der Medikamente bei.<\/p>\n\n\n\n<p><em>Medirisk<\/em><\/p>\n\n\n\n<p>Falls es f\u00fcr&nbsp; die Bearbeitung von Antr\u00e4gen oder rechtlichen Verfahren erforderlich ist, in denen medizinische Daten relevant sind, teilen wir Ihre Daten mit Medirisk. Sie behandeln Ihre Daten vertraulich und sicher.<\/p>\n\n\n\n<p><em>Forschung des Niederl\u00e4ndischen Instituts f\u00fcr Gesundheitsforschung (Nivel)<\/em><\/p>\n\n\n\n<p>Dies betrifft die Zulassungen der Prim\u00e4rversorgung in Nivel. Ziel dieser Studie ist es, ein nationales Bild der Gesundheits- und Versorgungsnutzung der niederl\u00e4ndischen Bev\u00f6lkerung zu liefern, um die Gesundheitsversorgung zu verbessern. Nivel hat eine sehr strenge Datenschutzrichtlinie. Weitere Informationen finden Sie auf der Website von Nivel Primary Care&nbsp;Registrations <a href=\"http:\/\/www.nivel.nl\/zorgregistraties\">www.nivel.nl\/zorgregistraties<\/a>.<\/p>\n\n\n\n<p><em>Wissenschaftliche Forschung mit Ihren medizinischen Daten<\/em><\/p>\n\n\n\n<p>Wissenschaftliche Forschung mit bestehenden medizinischen Daten ist eine wichtige Forschungsform, um die Versorgung kontinuierlich zu verbessern. Diese Daten geben Einblicke in den Verlauf der Krankheit und die Behandlung der Patienten. GP-Notfallstationen Die LIMES liefert daher Daten f\u00fcr wissenschaftliche Forschung.<\/p>\n\n\n\n<p>F\u00fcr die Untersuchung mit bestehenden medizinischen Daten verwenden wir Daten aus Ihrem (Telefon-)Kontakt. Zum Schutz Ihrer Privatsph\u00e4re werden Ihre pers\u00f6nlichen Daten anonymisiert. Dazu geh\u00f6ren Daten wie Ihr Name, Ihre Adresse, Ihr Geburtsdatum und Ihre Sozialversicherungsnummer. Dadurch ist es unm\u00f6glich herauszufinden, von wem die Daten stammen.<\/p>\n\n\n\n<p><strong>Ihre Rechte<\/strong><\/p>\n\n\n\n<p>Wenn Sie nicht m\u00f6chten, dass wir Ihre medizinischen Daten f\u00fcr wissenschaftliche Forschung verwenden, k\u00f6nnen Sie es uns \u00fcber info@hpdelimes.nl mitteilen. In diesem Fall werden Ihre Daten nicht verwendet.<\/p>\n\n\n\n<p>Sie haben au\u00dferdem das Recht, Ihre Daten einzusehen. Um Ihre Krankenakte einzusehen, wenden Sie sich bitte an Ihren eigenen Hausarzt. Patienten, die au\u00dferhalb unseres Einzugsgebiets leben, k\u00f6nnen die LIMES GP Notfallstationen \u00fcber&nbsp;<a href=\"mailto:info@hpdelimes.nl\">info@hpdelimes.nl<\/a>&nbsp;kontaktieren. Sollten sich diese Daten \u00fcber Sie als falsch herausstellen, haben Sie das Recht, diese von uns anpassen oder l\u00f6schen zu lassen.<\/p>\n\n\n\n<p>Um Daten in Ihrem Kontaktbericht zu \u00e4ndern oder zu l\u00f6schen, k\u00f6nnen Sie \u00fcber info@hpdelimes.nl berichten.<\/p>\n\n\n\n<p><strong>Haben Sie eine Frage oder eine Beschwerde bez\u00fcglich Ihrer Privatsph\u00e4re?<\/strong><\/p>\n\n\n\n<p>Bitte kontaktieren Sie unseren Datenschutzbeauftragten \u00fcber&nbsp;<a href=\"mailto:informatiebeveiliging@hpdelimes.nl\">informatiebeveiliging@hpdelimes.nl<\/a>. Wenn Sie die Angelegenheit nicht mit unserem Datenschutzbeauftragten kl\u00e4ren k\u00f6nnen, haben Sie das Recht, eine Beschwerde bei der niederl\u00e4ndischen Datenschutzbeh\u00f6rde einzureichen<\/p>\n\n\n\n<p><\/p>\n","protected":false},"excerpt":{"rendered":"<p>Ihre personenbezogenen Daten und Ihre Privatsph\u00e4re in unseren Hausarztpraxen Allgemeines Die DSGVO ist das Gesetz zum Schutz der Privatsph\u00e4re und personenbezogener Daten. Nach diesem Gesetz hat eine Organisation, die mit personenbezogenen Daten arbeitet, bestimmte Verpflichtungen und die Person, deren Daten gespeichert sind, hat bestimmte Rechte. Zus\u00e4tzlich zu diesem allgemeinen Gesetz gelten spezifische Regeln f\u00fcr den Datenschutz im Gesundheitswesen. Diese Regeln sind unter anderem im Heilbehandlungsvertragsgesetz (WGBO) festgehalten. Diese Datenschutzerkl\u00e4rung soll Sie \u00fcber Ihre Rechte und unsere Pflichten gem\u00e4\u00df der DSGVO und dem WGBO informieren. Haus\u00e4rztliche Notsprechstunden Der LIMES In unseren haus\u00e4rztlichen Notaufnahmen [&#8230;]<\/p>\n","protected":false},"author":3,"featured_media":0,"parent":0,"menu_order":0,"comment_status":"closed","ping_status":"closed","template":"","meta":{"_acf_changed":false,"_trash_the_other_posts":false,"editor_notices":[],"footnotes":""},"class_list":["post-241","page","type-page","status-publish","hentry"],"acf":[],"yoast_head":"<!-- This site is optimized with the Yoast SEO plugin v26.6 - https:\/\/yoast.com\/wordpress\/plugins\/seo\/ -->\n<title>Datenschutzerkl\u00e4rung - Huisartsenposten De Limes - Deutsch<\/title>\n<meta name=\"robots\" content=\"index, follow, max-snippet:-1, max-image-preview:large, max-video-preview:-1\" \/>\n<link rel=\"canonical\" href=\"https:\/\/huisartsenpostendelimes.nl\/de\/privatsphare\/\" \/>\n<meta property=\"og:locale\" content=\"de_DE\" \/>\n<meta property=\"og:type\" content=\"article\" \/>\n<meta property=\"og:title\" content=\"Datenschutzerkl\u00e4rung - Huisartsenposten De Limes - Deutsch\" \/>\n<meta property=\"og:description\" content=\"Ihre personenbezogenen Daten und Ihre Privatsph\u00e4re in unseren Hausarztpraxen Allgemeines Die DSGVO ist das Gesetz zum Schutz der Privatsph\u00e4re und personenbezogener Daten. Nach diesem Gesetz hat eine Organisation, die mit personenbezogenen Daten arbeitet, bestimmte Verpflichtungen und die Person, deren Daten gespeichert sind, hat bestimmte Rechte. Zus\u00e4tzlich zu diesem allgemeinen Gesetz gelten spezifische Regeln f\u00fcr den Datenschutz im Gesundheitswesen. Diese Regeln sind unter anderem im Heilbehandlungsvertragsgesetz (WGBO) festgehalten. Diese Datenschutzerkl\u00e4rung soll Sie \u00fcber Ihre Rechte und unsere Pflichten gem\u00e4\u00df der DSGVO und dem WGBO informieren. Haus\u00e4rztliche Notsprechstunden Der LIMES In unseren haus\u00e4rztlichen Notaufnahmen [...]\" \/>\n<meta property=\"og:url\" content=\"https:\/\/huisartsenpostendelimes.nl\/de\/privatsphare\/\" \/>\n<meta property=\"og:site_name\" content=\"Huisartsenposten De Limes - Deutsch\" \/>\n<meta property=\"article:modified_time\" content=\"2026-03-19T10:38:29+00:00\" \/>\n<meta name=\"twitter:card\" content=\"summary_large_image\" \/>\n<meta name=\"twitter:label1\" content=\"Gesch\u00e4tzte Lesezeit\" \/>\n\t<meta name=\"twitter:data1\" content=\"9\u00a0Minuten\" \/>\n<script type=\"application\/ld+json\" class=\"yoast-schema-graph\">{\"@context\":\"https:\/\/schema.org\",\"@graph\":[{\"@type\":\"WebPage\",\"@id\":\"https:\/\/huisartsenpostendelimes.nl\/de\/privatsphare\/\",\"url\":\"https:\/\/huisartsenpostendelimes.nl\/de\/privatsphare\/\",\"name\":\"Datenschutzerkl\u00e4rung - Huisartsenposten De Limes - Deutsch\",\"isPartOf\":{\"@id\":\"https:\/\/huisartsenpostendelimes.nl\/de\/#website\"},\"datePublished\":\"2022-11-08T16:01:51+00:00\",\"dateModified\":\"2026-03-19T10:38:29+00:00\",\"breadcrumb\":{\"@id\":\"https:\/\/huisartsenpostendelimes.nl\/de\/privatsphare\/#breadcrumb\"},\"inLanguage\":\"de\",\"potentialAction\":[{\"@type\":\"ReadAction\",\"target\":[\"https:\/\/huisartsenpostendelimes.nl\/de\/privatsphare\/\"]}]},{\"@type\":\"BreadcrumbList\",\"@id\":\"https:\/\/huisartsenpostendelimes.nl\/de\/privatsphare\/#breadcrumb\",\"itemListElement\":[{\"@type\":\"ListItem\",\"position\":1,\"name\":\"Home\",\"item\":\"https:\/\/huisartsenpostendelimes.nl\/de\/\"},{\"@type\":\"ListItem\",\"position\":2,\"name\":\"Datenschutzrichtlinie\"}]},{\"@type\":\"WebSite\",\"@id\":\"https:\/\/huisartsenpostendelimes.nl\/de\/#website\",\"url\":\"https:\/\/huisartsenpostendelimes.nl\/de\/\",\"name\":\"Huisartsenposten De Limes - Deutsch\",\"description\":\"\",\"potentialAction\":[{\"@type\":\"SearchAction\",\"target\":{\"@type\":\"EntryPoint\",\"urlTemplate\":\"https:\/\/huisartsenpostendelimes.nl\/de\/?s={search_term_string}\"},\"query-input\":{\"@type\":\"PropertyValueSpecification\",\"valueRequired\":true,\"valueName\":\"search_term_string\"}}],\"inLanguage\":\"de\"}]}<\/script>\n<!-- \/ Yoast SEO plugin. -->","yoast_head_json":{"title":"Datenschutzerkl\u00e4rung - Huisartsenposten De Limes - Deutsch","robots":{"index":"index","follow":"follow","max-snippet":"max-snippet:-1","max-image-preview":"max-image-preview:large","max-video-preview":"max-video-preview:-1"},"canonical":"https:\/\/huisartsenpostendelimes.nl\/de\/privatsphare\/","og_locale":"de_DE","og_type":"article","og_title":"Datenschutzerkl\u00e4rung - Huisartsenposten De Limes - Deutsch","og_description":"Ihre personenbezogenen Daten und Ihre Privatsph\u00e4re in unseren Hausarztpraxen Allgemeines Die DSGVO ist das Gesetz zum Schutz der Privatsph\u00e4re und personenbezogener Daten. Nach diesem Gesetz hat eine Organisation, die mit personenbezogenen Daten arbeitet, bestimmte Verpflichtungen und die Person, deren Daten gespeichert sind, hat bestimmte Rechte. Zus\u00e4tzlich zu diesem allgemeinen Gesetz gelten spezifische Regeln f\u00fcr den Datenschutz im Gesundheitswesen. Diese Regeln sind unter anderem im Heilbehandlungsvertragsgesetz (WGBO) festgehalten. Diese Datenschutzerkl\u00e4rung soll Sie \u00fcber Ihre Rechte und unsere Pflichten gem\u00e4\u00df der DSGVO und dem WGBO informieren. Haus\u00e4rztliche Notsprechstunden Der LIMES In unseren haus\u00e4rztlichen Notaufnahmen [...]","og_url":"https:\/\/huisartsenpostendelimes.nl\/de\/privatsphare\/","og_site_name":"Huisartsenposten De Limes - Deutsch","article_modified_time":"2026-03-19T10:38:29+00:00","twitter_card":"summary_large_image","twitter_misc":{"Gesch\u00e4tzte Lesezeit":"9\u00a0Minuten"},"schema":{"@context":"https:\/\/schema.org","@graph":[{"@type":"WebPage","@id":"https:\/\/huisartsenpostendelimes.nl\/de\/privatsphare\/","url":"https:\/\/huisartsenpostendelimes.nl\/de\/privatsphare\/","name":"Datenschutzerkl\u00e4rung - Huisartsenposten De Limes - Deutsch","isPartOf":{"@id":"https:\/\/huisartsenpostendelimes.nl\/de\/#website"},"datePublished":"2022-11-08T16:01:51+00:00","dateModified":"2026-03-19T10:38:29+00:00","breadcrumb":{"@id":"https:\/\/huisartsenpostendelimes.nl\/de\/privatsphare\/#breadcrumb"},"inLanguage":"de","potentialAction":[{"@type":"ReadAction","target":["https:\/\/huisartsenpostendelimes.nl\/de\/privatsphare\/"]}]},{"@type":"BreadcrumbList","@id":"https:\/\/huisartsenpostendelimes.nl\/de\/privatsphare\/#breadcrumb","itemListElement":[{"@type":"ListItem","position":1,"name":"Home","item":"https:\/\/huisartsenpostendelimes.nl\/de\/"},{"@type":"ListItem","position":2,"name":"Datenschutzrichtlinie"}]},{"@type":"WebSite","@id":"https:\/\/huisartsenpostendelimes.nl\/de\/#website","url":"https:\/\/huisartsenpostendelimes.nl\/de\/","name":"Huisartsenposten De Limes - Deutsch","description":"","potentialAction":[{"@type":"SearchAction","target":{"@type":"EntryPoint","urlTemplate":"https:\/\/huisartsenpostendelimes.nl\/de\/?s={search_term_string}"},"query-input":{"@type":"PropertyValueSpecification","valueRequired":true,"valueName":"search_term_string"}}],"inLanguage":"de"}]}},"_links":{"self":[{"href":"https:\/\/huisartsenpostendelimes.nl\/de\/wp-json\/wp\/v2\/pages\/241","targetHints":{"allow":["GET"]}}],"collection":[{"href":"https:\/\/huisartsenpostendelimes.nl\/de\/wp-json\/wp\/v2\/pages"}],"about":[{"href":"https:\/\/huisartsenpostendelimes.nl\/de\/wp-json\/wp\/v2\/types\/page"}],"author":[{"embeddable":true,"href":"https:\/\/huisartsenpostendelimes.nl\/de\/wp-json\/wp\/v2\/users\/3"}],"replies":[{"embeddable":true,"href":"https:\/\/huisartsenpostendelimes.nl\/de\/wp-json\/wp\/v2\/comments?post=241"}],"version-history":[{"count":10,"href":"https:\/\/huisartsenpostendelimes.nl\/de\/wp-json\/wp\/v2\/pages\/241\/revisions"}],"predecessor-version":[{"id":56861,"href":"https:\/\/huisartsenpostendelimes.nl\/de\/wp-json\/wp\/v2\/pages\/241\/revisions\/56861"}],"wp:attachment":[{"href":"https:\/\/huisartsenpostendelimes.nl\/de\/wp-json\/wp\/v2\/media?parent=241"}],"curies":[{"name":"wp","href":"https:\/\/api.w.org\/{rel}","templated":true}]}}