{"id":52812,"date":"2023-07-25T16:20:03","date_gmt":"2023-07-25T14:20:03","guid":{"rendered":"https:\/\/temporary.mindd.dev\/?page_id=52812"},"modified":"2024-05-19T16:34:53","modified_gmt":"2024-05-19T14:34:53","slug":"call-guide-fur-ihre-pflege","status":"publish","type":"page","link":"https:\/\/huisartsenpostendelimes.nl\/de\/call-guide-fur-ihre-pflege\/","title":{"rendered":"Rufen Sie den Leitfaden f\u00fcr Ihre Pflege an"},"content":{"rendered":"\n\n\n<h2 class=\"wp-block-heading\">Hausarzt<\/h2>\n\n\n\n<p><em>Erster Ansprechpartner<\/em><\/p>\n\n\n\n<p>Ihr Hausarzt ist Ihr erster Ansprechpartner bei gesundheitlichen Beschwerden. Ihr Hausarzt ist w\u00e4hrend der Sprechzeiten erreichbar. Sie k\u00f6nnen einen Termin in der Praxis vereinbaren, bei Bedarf macht der Hausarzt auch (dringende) Besuche zu Hause.<\/p>\n\n\n\n<h3 class=\"wp-block-heading\"><strong>Wann sollten Sie Ihren Hausarzt anrufen?<\/strong> <\/h3>\n\n\n\n<ul class=\"wp-block-list\">\n<li>Wenn Sie Fragen zu Ihrer Gesundheit haben.<\/li>\n\n\n\n<li>Wenn Sie Beschwerden k\u00f6rperlicher oder psychischer Natur haben.<\/li>\n<\/ul>\n\n\n\n<h2 class=\"wp-block-heading\">Hausarztdienst au\u00dferhalb der \u00d6ffnungszeiten<\/h2>\n\n\n\n<p><em>Notfall au\u00dferhalb der B\u00fcrozeiten <\/em><\/p>\n\n\n\n<p><strong>Wann rufen Sie die Notrufstation des Hausarztes an?<\/strong><\/p>\n\n\n\n<ul class=\"wp-block-list\">\n<li>Der GP-Notfallposten (HAP) ist nur f\u00fcr Notf\u00e4lle da.<\/li>\n\n\n\n<li>Wenn Sie ein gesundheitliches Problem haben, k\u00f6nnen Sie nicht warten, bis Ihr eigener Hausarzt oder Ersatz verf\u00fcgbar ist.<\/li>\n\n\n\n<li>F\u00fcr die Notfallversorgung, die abends, nachts oder am Wochenende ben\u00f6tigt wird.<\/li>\n\n\n\n<li>Manchmal \u00fcberweist Sie der HAP an die Notaufnahme. Ein Besuch in der Notaufnahme erfolgt auf eigene Gefahr.<\/li>\n<\/ul>\n\n\n\n<h2 class=\"wp-block-heading\"><strong>Regionaler Rettungsdienst<\/strong><\/h2>\n\n\n\n<p><em>Lebensbedrohliche Situation<\/em><\/p>\n\n\n\n<p>Die nationale Notrufnummer ist f\u00fcr die Notfallversorgung da, bei der jede Sekunde z\u00e4hlt. Der Krankenwagen steht 24 Stunden am Tag zur Verf\u00fcgung.<\/p>\n\n\n\n<h3 class=\"wp-block-heading\">Sie rufen den Krankenwagen, wenn:<\/h3>\n\n\n\n<ul class=\"wp-block-list\">\n<li>Schwere Kurzatmigkeit oder Bewusstlosigkeit.<\/li>\n\n\n\n<li>Schmerzen in der Brust.<\/li>\n\n\n\n<li>Pl\u00f6tzliche L\u00e4hmung, Sprachbehinderung und\/oder ein schiefer Mund.<\/li>\n\n\n\n<li>Starke Blutungen.<\/li>\n<\/ul>\n","protected":false},"excerpt":{"rendered":"<p>Hausarzt Erster Ansprechpartner Ihr Hausarzt ist Ihr erster Ansprechpartner bei gesundheitlichen Beschwerden. Ihr Hausarzt ist w\u00e4hrend der Sprechzeiten erreichbar. Sie k\u00f6nnen einen Termin in der Praxis vereinbaren, bei Bedarf macht der Hausarzt auch (dringende) Besuche zu Hause. Wann sollten Sie Ihren Hausarzt anrufen? Notfall au\u00dferhalb der B\u00fcrozeiten Wann rufen Sie die Notrufstelle des Hausarztes an? Regionaler Rettungsdienst Lebensbedrohliche Situation Die nationale Notrufnummer ist f\u00fcr die Notfallversorgung da, bei der jede Sekunde z\u00e4hlt. Der Krankenwagen steht 24 Stunden am Tag zur Verf\u00fcgung. Sie rufen den Krankenwagen, wenn:<\/p>\n","protected":false},"author":3,"featured_media":0,"parent":0,"menu_order":0,"comment_status":"closed","ping_status":"closed","template":"","meta":{"_acf_changed":false,"_trash_the_other_posts":false,"editor_notices":[],"footnotes":""},"class_list":["post-52812","page","type-page","status-publish","hentry"],"acf":[],"yoast_head":"<!-- This site is optimized with the Yoast SEO plugin v26.6 - https:\/\/yoast.com\/wordpress\/plugins\/seo\/ -->\n<title>Rufen Sie den Leitfaden f\u00fcr Ihre Pflege an - Huisartsenposten De Limes - Deutsch<\/title>\n<meta name=\"robots\" content=\"index, follow, max-snippet:-1, max-image-preview:large, max-video-preview:-1\" \/>\n<link rel=\"canonical\" href=\"https:\/\/huisartsenpostendelimes.nl\/de\/call-guide-fur-ihre-pflege\/\" \/>\n<meta property=\"og:locale\" content=\"de_DE\" \/>\n<meta property=\"og:type\" content=\"article\" \/>\n<meta property=\"og:title\" content=\"Rufen Sie den Leitfaden f\u00fcr Ihre Pflege an - Huisartsenposten De Limes - Deutsch\" \/>\n<meta property=\"og:description\" content=\"Hausarzt Erster Ansprechpartner Ihr Hausarzt ist Ihr erster Ansprechpartner bei gesundheitlichen Beschwerden. Ihr Hausarzt ist w\u00e4hrend der Sprechzeiten erreichbar. Sie k\u00f6nnen einen Termin in der Praxis vereinbaren, bei Bedarf macht der Hausarzt auch (dringende) Besuche zu Hause. Wann sollten Sie Ihren Hausarzt anrufen? Notfall au\u00dferhalb der B\u00fcrozeiten Wann rufen Sie die Notrufstelle des Hausarztes an? Regionaler Rettungsdienst Lebensbedrohliche Situation Die nationale Notrufnummer ist f\u00fcr die Notfallversorgung da, bei der jede Sekunde z\u00e4hlt. Der Krankenwagen steht 24 Stunden am Tag zur Verf\u00fcgung. Sie rufen den Krankenwagen, wenn:\" \/>\n<meta property=\"og:url\" content=\"https:\/\/huisartsenpostendelimes.nl\/de\/call-guide-fur-ihre-pflege\/\" \/>\n<meta property=\"og:site_name\" content=\"Huisartsenposten De Limes - Deutsch\" \/>\n<meta property=\"article:modified_time\" content=\"2024-05-19T14:34:53+00:00\" \/>\n<meta name=\"twitter:card\" content=\"summary_large_image\" \/>\n<meta name=\"twitter:label1\" content=\"Gesch\u00e4tzte Lesezeit\" \/>\n\t<meta name=\"twitter:data1\" content=\"1\u00a0Minute\" \/>\n<script type=\"application\/ld+json\" class=\"yoast-schema-graph\">{\"@context\":\"https:\/\/schema.org\",\"@graph\":[{\"@type\":\"WebPage\",\"@id\":\"https:\/\/huisartsenpostendelimes.nl\/de\/call-guide-fur-ihre-pflege\/\",\"url\":\"https:\/\/huisartsenpostendelimes.nl\/de\/call-guide-fur-ihre-pflege\/\",\"name\":\"Rufen Sie den Leitfaden f\u00fcr Ihre Pflege an - Huisartsenposten De Limes - Deutsch\",\"isPartOf\":{\"@id\":\"https:\/\/huisartsenpostendelimes.nl\/de\/#website\"},\"datePublished\":\"2023-07-25T14:20:03+00:00\",\"dateModified\":\"2024-05-19T14:34:53+00:00\",\"breadcrumb\":{\"@id\":\"https:\/\/huisartsenpostendelimes.nl\/de\/call-guide-fur-ihre-pflege\/#breadcrumb\"},\"inLanguage\":\"de\",\"potentialAction\":[{\"@type\":\"ReadAction\",\"target\":[\"https:\/\/huisartsenpostendelimes.nl\/de\/call-guide-fur-ihre-pflege\/\"]}]},{\"@type\":\"BreadcrumbList\",\"@id\":\"https:\/\/huisartsenpostendelimes.nl\/de\/call-guide-fur-ihre-pflege\/#breadcrumb\",\"itemListElement\":[{\"@type\":\"ListItem\",\"position\":1,\"name\":\"Home\",\"item\":\"https:\/\/huisartsenpostendelimes.nl\/de\/\"},{\"@type\":\"ListItem\",\"position\":2,\"name\":\"Rufen Sie den Leitfaden f\u00fcr Ihre Pflege an\"}]},{\"@type\":\"WebSite\",\"@id\":\"https:\/\/huisartsenpostendelimes.nl\/de\/#website\",\"url\":\"https:\/\/huisartsenpostendelimes.nl\/de\/\",\"name\":\"Huisartsenposten De Limes - Deutsch\",\"description\":\"\",\"potentialAction\":[{\"@type\":\"SearchAction\",\"target\":{\"@type\":\"EntryPoint\",\"urlTemplate\":\"https:\/\/huisartsenpostendelimes.nl\/de\/?s={search_term_string}\"},\"query-input\":{\"@type\":\"PropertyValueSpecification\",\"valueRequired\":true,\"valueName\":\"search_term_string\"}}],\"inLanguage\":\"de\"}]}<\/script>\n<!-- \/ Yoast SEO plugin. -->","yoast_head_json":{"title":"Rufen Sie den Leitfaden f\u00fcr Ihre Pflege an - Huisartsenposten De Limes - Deutsch","robots":{"index":"index","follow":"follow","max-snippet":"max-snippet:-1","max-image-preview":"max-image-preview:large","max-video-preview":"max-video-preview:-1"},"canonical":"https:\/\/huisartsenpostendelimes.nl\/de\/call-guide-fur-ihre-pflege\/","og_locale":"de_DE","og_type":"article","og_title":"Rufen Sie den Leitfaden f\u00fcr Ihre Pflege an - Huisartsenposten De Limes - Deutsch","og_description":"Hausarzt Erster Ansprechpartner Ihr Hausarzt ist Ihr erster Ansprechpartner bei gesundheitlichen Beschwerden. Ihr Hausarzt ist w\u00e4hrend der Sprechzeiten erreichbar. Sie k\u00f6nnen einen Termin in der Praxis vereinbaren, bei Bedarf macht der Hausarzt auch (dringende) Besuche zu Hause. Wann sollten Sie Ihren Hausarzt anrufen? Notfall au\u00dferhalb der B\u00fcrozeiten Wann rufen Sie die Notrufstelle des Hausarztes an? Regionaler Rettungsdienst Lebensbedrohliche Situation Die nationale Notrufnummer ist f\u00fcr die Notfallversorgung da, bei der jede Sekunde z\u00e4hlt. Der Krankenwagen steht 24 Stunden am Tag zur Verf\u00fcgung. Sie rufen den Krankenwagen, wenn:","og_url":"https:\/\/huisartsenpostendelimes.nl\/de\/call-guide-fur-ihre-pflege\/","og_site_name":"Huisartsenposten De Limes - Deutsch","article_modified_time":"2024-05-19T14:34:53+00:00","twitter_card":"summary_large_image","twitter_misc":{"Gesch\u00e4tzte Lesezeit":"1\u00a0Minute"},"schema":{"@context":"https:\/\/schema.org","@graph":[{"@type":"WebPage","@id":"https:\/\/huisartsenpostendelimes.nl\/de\/call-guide-fur-ihre-pflege\/","url":"https:\/\/huisartsenpostendelimes.nl\/de\/call-guide-fur-ihre-pflege\/","name":"Rufen Sie den Leitfaden f\u00fcr Ihre Pflege an - Huisartsenposten De Limes - Deutsch","isPartOf":{"@id":"https:\/\/huisartsenpostendelimes.nl\/de\/#website"},"datePublished":"2023-07-25T14:20:03+00:00","dateModified":"2024-05-19T14:34:53+00:00","breadcrumb":{"@id":"https:\/\/huisartsenpostendelimes.nl\/de\/call-guide-fur-ihre-pflege\/#breadcrumb"},"inLanguage":"de","potentialAction":[{"@type":"ReadAction","target":["https:\/\/huisartsenpostendelimes.nl\/de\/call-guide-fur-ihre-pflege\/"]}]},{"@type":"BreadcrumbList","@id":"https:\/\/huisartsenpostendelimes.nl\/de\/call-guide-fur-ihre-pflege\/#breadcrumb","itemListElement":[{"@type":"ListItem","position":1,"name":"Home","item":"https:\/\/huisartsenpostendelimes.nl\/de\/"},{"@type":"ListItem","position":2,"name":"Rufen Sie den Leitfaden f\u00fcr Ihre Pflege an"}]},{"@type":"WebSite","@id":"https:\/\/huisartsenpostendelimes.nl\/de\/#website","url":"https:\/\/huisartsenpostendelimes.nl\/de\/","name":"Huisartsenposten De Limes - Deutsch","description":"","potentialAction":[{"@type":"SearchAction","target":{"@type":"EntryPoint","urlTemplate":"https:\/\/huisartsenpostendelimes.nl\/de\/?s={search_term_string}"},"query-input":{"@type":"PropertyValueSpecification","valueRequired":true,"valueName":"search_term_string"}}],"inLanguage":"de"}]}},"_links":{"self":[{"href":"https:\/\/huisartsenpostendelimes.nl\/de\/wp-json\/wp\/v2\/pages\/52812","targetHints":{"allow":["GET"]}}],"collection":[{"href":"https:\/\/huisartsenpostendelimes.nl\/de\/wp-json\/wp\/v2\/pages"}],"about":[{"href":"https:\/\/huisartsenpostendelimes.nl\/de\/wp-json\/wp\/v2\/types\/page"}],"author":[{"embeddable":true,"href":"https:\/\/huisartsenpostendelimes.nl\/de\/wp-json\/wp\/v2\/users\/3"}],"replies":[{"embeddable":true,"href":"https:\/\/huisartsenpostendelimes.nl\/de\/wp-json\/wp\/v2\/comments?post=52812"}],"version-history":[{"count":2,"href":"https:\/\/huisartsenpostendelimes.nl\/de\/wp-json\/wp\/v2\/pages\/52812\/revisions"}],"predecessor-version":[{"id":56530,"href":"https:\/\/huisartsenpostendelimes.nl\/de\/wp-json\/wp\/v2\/pages\/52812\/revisions\/56530"}],"wp:attachment":[{"href":"https:\/\/huisartsenpostendelimes.nl\/de\/wp-json\/wp\/v2\/media?parent=52812"}],"curies":[{"name":"wp","href":"https:\/\/api.w.org\/{rel}","templated":true}]}}