{"id":52843,"date":"2023-08-01T19:57:25","date_gmt":"2023-08-01T17:57:25","guid":{"rendered":"https:\/\/temporary.mindd.dev\/?page_id=52843"},"modified":"2025-02-27T15:24:58","modified_gmt":"2025-02-27T14:24:58","slug":"hast-du-einen-compliment__trashed","status":"publish","type":"page","link":"https:\/\/huisartsenpostendelimes.nl\/de\/hast-du-einen-compliment__trashed\/","title":{"rendered":"Hast du ein Kompliment?"},"content":{"rendered":"\n\n\n<p>Sind Sie mit Ihrem Besuch beim Hausarzt au\u00dferhalb der \u00d6ffnungszeiten zufrieden? Dann w\u00fcrden wir uns freuen, von Ihnen zu h\u00f6ren. Sie k\u00f6nnen uns dies mit dem Formular mitteilen. Sie erhalten automatisch eine Kopie der Nachricht.<\/p>\n","protected":false},"excerpt":{"rendered":"<p>Sind Sie mit Ihrem Besuch beim Hausarzt au\u00dferhalb der \u00d6ffnungszeiten zufrieden? Wenn ja, lassen Sie es uns bitte wissen. Sie k\u00f6nnen das Formular verwenden, um uns dies mitzuteilen. Sie erhalten automatisch eine Kopie der Nachricht.<\/p>\n","protected":false},"author":3,"featured_media":0,"parent":0,"menu_order":0,"comment_status":"closed","ping_status":"closed","template":"","meta":{"_acf_changed":false,"_trash_the_other_posts":false,"editor_notices":[],"footnotes":""},"class_list":["post-52843","page","type-page","status-publish","hentry"],"acf":[],"yoast_head":"<!-- This site is optimized with the Yoast SEO plugin v26.6 - https:\/\/yoast.com\/wordpress\/plugins\/seo\/ -->\n<title>Hast du ein Kompliment? - Huisartsenposten De Limes - Deutsch<\/title>\n<meta name=\"robots\" content=\"index, follow, max-snippet:-1, max-image-preview:large, max-video-preview:-1\" \/>\n<link rel=\"canonical\" href=\"https:\/\/huisartsenpostendelimes.nl\/de\/haben-sie-ein-kompliment\/\" \/>\n<meta property=\"og:locale\" content=\"de_DE\" \/>\n<meta property=\"og:type\" content=\"article\" \/>\n<meta property=\"og:title\" content=\"Hast du ein Kompliment? - Huisartsenposten De Limes - Deutsch\" \/>\n<meta property=\"og:description\" content=\"Sind Sie mit Ihrem Besuch beim Hausarzt au\u00dferhalb der \u00d6ffnungszeiten zufrieden? Wenn ja, lassen Sie es uns bitte wissen. Sie k\u00f6nnen das Formular verwenden, um uns dies mitzuteilen. Sie erhalten automatisch eine Kopie der Nachricht.\" \/>\n<meta property=\"og:url\" content=\"https:\/\/huisartsenpostendelimes.nl\/de\/haben-sie-ein-kompliment\/\" \/>\n<meta property=\"og:site_name\" content=\"Huisartsenposten De Limes - Deutsch\" \/>\n<meta property=\"article:modified_time\" content=\"2025-02-27T14:24:58+00:00\" \/>\n<meta name=\"twitter:card\" content=\"summary_large_image\" \/>\n<meta name=\"twitter:label1\" content=\"Gesch\u00e4tzte Lesezeit\" \/>\n\t<meta name=\"twitter:data1\" content=\"1\u00a0Minute\" \/>\n<script type=\"application\/ld+json\" class=\"yoast-schema-graph\">{\"@context\":\"https:\/\/schema.org\",\"@graph\":[{\"@type\":\"WebPage\",\"@id\":\"https:\/\/huisartsenpostendelimes.nl\/de\/haben-sie-ein-kompliment\/\",\"url\":\"https:\/\/huisartsenpostendelimes.nl\/de\/haben-sie-ein-kompliment\/\",\"name\":\"Hast du ein Kompliment? - Huisartsenposten De Limes - Deutsch\",\"isPartOf\":{\"@id\":\"https:\/\/huisartsenpostendelimes.nl\/de\/#website\"},\"datePublished\":\"2023-08-01T17:57:25+00:00\",\"dateModified\":\"2025-02-27T14:24:58+00:00\",\"breadcrumb\":{\"@id\":\"https:\/\/huisartsenpostendelimes.nl\/de\/haben-sie-ein-kompliment\/#breadcrumb\"},\"inLanguage\":\"de\",\"potentialAction\":[{\"@type\":\"ReadAction\",\"target\":[\"https:\/\/huisartsenpostendelimes.nl\/de\/haben-sie-ein-kompliment\/\"]}]},{\"@type\":\"BreadcrumbList\",\"@id\":\"https:\/\/huisartsenpostendelimes.nl\/de\/haben-sie-ein-kompliment\/#breadcrumb\",\"itemListElement\":[{\"@type\":\"ListItem\",\"position\":1,\"name\":\"Home\",\"item\":\"https:\/\/huisartsenpostendelimes.nl\/de\/\"},{\"@type\":\"ListItem\",\"position\":2,\"name\":\"Haben Sie ein Kompliment?\"}]},{\"@type\":\"WebSite\",\"@id\":\"https:\/\/huisartsenpostendelimes.nl\/de\/#website\",\"url\":\"https:\/\/huisartsenpostendelimes.nl\/de\/\",\"name\":\"Huisartsenposten De Limes - Deutsch\",\"description\":\"\",\"potentialAction\":[{\"@type\":\"SearchAction\",\"target\":{\"@type\":\"EntryPoint\",\"urlTemplate\":\"https:\/\/huisartsenpostendelimes.nl\/de\/?s={search_term_string}\"},\"query-input\":{\"@type\":\"PropertyValueSpecification\",\"valueRequired\":true,\"valueName\":\"search_term_string\"}}],\"inLanguage\":\"de\"}]}<\/script>\n<!-- \/ Yoast SEO plugin. -->","yoast_head_json":{"title":"Hast du ein Kompliment? - Huisartsenposten De Limes - Deutsch","robots":{"index":"index","follow":"follow","max-snippet":"max-snippet:-1","max-image-preview":"max-image-preview:large","max-video-preview":"max-video-preview:-1"},"canonical":"https:\/\/huisartsenpostendelimes.nl\/de\/haben-sie-ein-kompliment\/","og_locale":"de_DE","og_type":"article","og_title":"Hast du ein Kompliment? - Huisartsenposten De Limes - Deutsch","og_description":"Sind Sie mit Ihrem Besuch beim Hausarzt au\u00dferhalb der \u00d6ffnungszeiten zufrieden? Wenn ja, lassen Sie es uns bitte wissen. Sie k\u00f6nnen das Formular verwenden, um uns dies mitzuteilen. Sie erhalten automatisch eine Kopie der Nachricht.","og_url":"https:\/\/huisartsenpostendelimes.nl\/de\/haben-sie-ein-kompliment\/","og_site_name":"Huisartsenposten De Limes - Deutsch","article_modified_time":"2025-02-27T14:24:58+00:00","twitter_card":"summary_large_image","twitter_misc":{"Gesch\u00e4tzte Lesezeit":"1\u00a0Minute"},"schema":{"@context":"https:\/\/schema.org","@graph":[{"@type":"WebPage","@id":"https:\/\/huisartsenpostendelimes.nl\/de\/haben-sie-ein-kompliment\/","url":"https:\/\/huisartsenpostendelimes.nl\/de\/haben-sie-ein-kompliment\/","name":"Hast du ein Kompliment? - Huisartsenposten De Limes - Deutsch","isPartOf":{"@id":"https:\/\/huisartsenpostendelimes.nl\/de\/#website"},"datePublished":"2023-08-01T17:57:25+00:00","dateModified":"2025-02-27T14:24:58+00:00","breadcrumb":{"@id":"https:\/\/huisartsenpostendelimes.nl\/de\/haben-sie-ein-kompliment\/#breadcrumb"},"inLanguage":"de","potentialAction":[{"@type":"ReadAction","target":["https:\/\/huisartsenpostendelimes.nl\/de\/haben-sie-ein-kompliment\/"]}]},{"@type":"BreadcrumbList","@id":"https:\/\/huisartsenpostendelimes.nl\/de\/haben-sie-ein-kompliment\/#breadcrumb","itemListElement":[{"@type":"ListItem","position":1,"name":"Home","item":"https:\/\/huisartsenpostendelimes.nl\/de\/"},{"@type":"ListItem","position":2,"name":"Haben Sie ein Kompliment?"}]},{"@type":"WebSite","@id":"https:\/\/huisartsenpostendelimes.nl\/de\/#website","url":"https:\/\/huisartsenpostendelimes.nl\/de\/","name":"Huisartsenposten De Limes - Deutsch","description":"","potentialAction":[{"@type":"SearchAction","target":{"@type":"EntryPoint","urlTemplate":"https:\/\/huisartsenpostendelimes.nl\/de\/?s={search_term_string}"},"query-input":{"@type":"PropertyValueSpecification","valueRequired":true,"valueName":"search_term_string"}}],"inLanguage":"de"}]}},"_links":{"self":[{"href":"https:\/\/huisartsenpostendelimes.nl\/de\/wp-json\/wp\/v2\/pages\/52843","targetHints":{"allow":["GET"]}}],"collection":[{"href":"https:\/\/huisartsenpostendelimes.nl\/de\/wp-json\/wp\/v2\/pages"}],"about":[{"href":"https:\/\/huisartsenpostendelimes.nl\/de\/wp-json\/wp\/v2\/types\/page"}],"author":[{"embeddable":true,"href":"https:\/\/huisartsenpostendelimes.nl\/de\/wp-json\/wp\/v2\/users\/3"}],"replies":[{"embeddable":true,"href":"https:\/\/huisartsenpostendelimes.nl\/de\/wp-json\/wp\/v2\/comments?post=52843"}],"version-history":[{"count":2,"href":"https:\/\/huisartsenpostendelimes.nl\/de\/wp-json\/wp\/v2\/pages\/52843\/revisions"}],"predecessor-version":[{"id":56782,"href":"https:\/\/huisartsenpostendelimes.nl\/de\/wp-json\/wp\/v2\/pages\/52843\/revisions\/56782"}],"wp:attachment":[{"href":"https:\/\/huisartsenpostendelimes.nl\/de\/wp-json\/wp\/v2\/media?parent=52843"}],"curies":[{"name":"wp","href":"https:\/\/api.w.org\/{rel}","templated":true}]}}