{"id":52857,"date":"2023-08-01T20:05:05","date_gmt":"2023-08-01T18:05:05","guid":{"rendered":"https:\/\/temporary.mindd.dev\/?page_id=52857"},"modified":"2024-05-19T16:35:00","modified_gmt":"2024-05-19T14:35:00","slug":"information-uber-den-meldecode-kindesmissbrauch","status":"publish","type":"page","link":"https:\/\/huisartsenpostendelimes.nl\/de\/information-uber-den-meldecode-kindesmissbrauch\/","title":{"rendered":"Informationen zum Child Abuse Reporting Code"},"content":{"rendered":"\n\n\n<p>Es wird gesch\u00e4tzt, dass jedes Jahr 120.000 Kinder in unserem Land Opfer von Missbrauch werden. 50 bis 80 Kinder sterben in der Folge.<\/p>\n\n\n\n<p>Kindesmissbrauch ist eine gro\u00dfe Bedrohung f\u00fcr die Gesundheit und Entwicklung von Kindern. Kindesmissbrauch h\u00f6rt nicht von selbst auf. Aus diesem Grund sind in den Niederlanden alle Fachkr\u00e4fte, die mit Kindern arbeiten, gesetzlich verpflichtet, auf Anzeichen von Kindesmissbrauch oder -vernachl\u00e4ssigung zu reagieren. Das gilt zum Beispiel f\u00fcr Lehrer, aber auch f\u00fcr Allgemeinmediziner und Pflegefachkr\u00e4fte. Wie dies zu tun ist, ist im Meldekodexgesetz beschrieben.<\/p>\n\n\n\n<p>Wenn die Sicherheit, Gesundheit, das Wohlbefinden und\/oder die Entwicklung des Kindes gef\u00e4hrdet sind, m\u00f6chten wir uns in den haus\u00e4rztlichen Notaufnahmen De LIMES f\u00fcr das Kind einsetzen. Wir tun dies, indem wir nach M\u00f6glichkeit Hilfe anbieten und uns mit Safe Home beraten (siehe unten). Dazu folgen wir dem Schritt-f\u00fcr-Schritt-Plan des Meldekodex der haus\u00e4rztlichen Notfallstationen De LIMES. Dieser Stufenplan ist eine Ausarbeitung des nationalen Berichtskodex.<\/p>\n\n\n\n<h2 class=\"wp-block-heading\">Wenn Sie sich Sorgen um ein Kind machen<\/h2>\n\n\n\n<p>Allgemeinmediziner, Krankenschwestern und Triage-Krankenschwestern achten genau auf Anzeichen, dass sie sehen k\u00f6nnen, dass ein Kind in Schwierigkeiten sein k\u00f6nnte. Wenn das Personal w\u00e4hrend des Telefon- oder K\u00f6rperkontakts mit Eltern\/Erziehungsberechtigten Anzeichen bemerkt, wird es dies mit einem diensthabenden Hausarzt besprechen. Der Hausarzt bespricht die Bedenken mit den Eltern\/Betreuern, um herauszufinden, ob die Eltern diese Bedenken teilen. Wenn die Versorgung geteilt wird, sucht der Hausarzt gemeinsam mit den Eltern\/Erziehungsberechtigten nach einer L\u00f6sung.<\/p>\n\n\n\n<p>Es folgt eine k\u00f6rperliche Untersuchung von Kopf bis Fu\u00df. Im Zweifelsfall holt der diensthabende Hausarzt oder die diensthabende Krankenschwester Rat bei einem Kollegen, Kinderarzt oder einem Hausarzt ein, der der Child Abuse Attention Officer, ein Experte auf diesem Gebiet, ist.<\/p>\n\n\n\n<h2 class=\"wp-block-heading\">Das Krankenhaus denkt auch an Kinder erwachsener Patienten<\/h2>\n\n\n\n<p>Manchmal ist die Situation von erwachsenen Patienten, die Kinder zu Hause betreuen, nicht in Ordnung. Es kann daher sein, dass \u00fcberpr\u00fcft wird, ob diese Kinder nicht darunter leiden. Allgemeinmediziner, Krankenschwestern oder Triage-Krankenschwestern fragen, ob sich ein erwachsener Patient um minderj\u00e4hrige Kinder k\u00fcmmert. Wenn die Betreuer der Meinung sind, dass ein Risiko f\u00fcr Kinder besteht, werden sie dies mit dem Patienten besprechen. Manchmal ist ein Gespr\u00e4ch nicht m\u00f6glich, zum Beispiel aufgrund der Gesundheit des Patienten. In diesem Fall wird Safe Home gebeten, die Sicherheit der Kinder zu untersuchen.<\/p>\n\n\n\n<h2 class=\"wp-block-heading\">Wenn es nicht mehr sicher ist<\/h2>\n\n\n\n<p>Wenn es f\u00fcr die Kinder nicht mehr sicher ist, wird gemeinsam mit den Eltern\/Erziehungsberechtigten nach L\u00f6sungen gesucht. In einer solchen Situation gibt es eine Beratung mit Safe Home. Diese Organisation hat viel Wissen dar\u00fcber, wie die h\u00e4usliche Situation wieder sicher gemacht werden kann und welche Hilfe m\u00f6glich und w\u00fcnschenswert ist.<\/p>\n\n\n\n<h2 class=\"wp-block-heading\">Endlich<\/h2>\n\n\n\n<p>Durch die Verwendung des Meldecodes hoffen die Mitarbeiter der GP Emergency Posts De LIMES, Problemsituationen in der h\u00e4uslichen Situation zu erkennen und somit schnell Hilfe anzubieten.<\/p>\n\n\n\n<h2 class=\"wp-block-heading\">Weitere Informationen<\/h2>\n\n\n\n<p>Auf der Website&nbsp;<a href=\"http:\/\/www.vooreenveiligthuis.nl\/\" target=\"_blank\" rel=\"noreferrer noopener\">www.vooreenveiligthuis.nl<\/a>&nbsp;hat die Regierung alle Informationen zu Kampagnen zu diesem Thema zusammengestellt. Viele Informationen finden Sie hier. F\u00fcr Rat und Hilfe k\u00f6nnen Sie Safe Home auch unter 0800-2000 anrufen (kostenlos und 24 Stunden am Tag, 7 Tage die Woche erreichbar).<\/p>\n","protected":false},"excerpt":{"rendered":"<p>Es wird gesch\u00e4tzt, dass jedes Jahr 120.000 Kinder in unserem Land Opfer von Missbrauch werden. 50 bis 80 Kinder sterben in der Folge. Kindesmissbrauch ist eine gro\u00dfe Bedrohung f\u00fcr die Gesundheit und Entwicklung von Kindern. Kindesmissbrauch h\u00f6rt nicht von selbst auf. Aus diesem Grund sind in den Niederlanden alle Fachkr\u00e4fte, die mit Kindern arbeiten, gesetzlich verpflichtet, auf Anzeichen von Kindesmissbrauch oder -vernachl\u00e4ssigung zu reagieren. Das gilt zum Beispiel f\u00fcr Lehrer, aber auch f\u00fcr Allgemeinmediziner und Pflegefachkr\u00e4fte. Wie dies zu tun ist, ist im Meldekodexgesetz beschrieben. Wenn die Sicherheit, Gesundheit, das Wohlergehen und\/oder die Entwicklung des Kindes gef\u00e4hrdet sind, wollen wir [&#8230;]<\/p>\n","protected":false},"author":3,"featured_media":0,"parent":0,"menu_order":0,"comment_status":"closed","ping_status":"closed","template":"","meta":{"_acf_changed":false,"_trash_the_other_posts":false,"editor_notices":[],"footnotes":""},"class_list":["post-52857","page","type-page","status-publish","hentry"],"acf":[],"yoast_head":"<!-- This site is optimized with the Yoast SEO plugin v26.6 - https:\/\/yoast.com\/wordpress\/plugins\/seo\/ -->\n<title>Informationen zum Child Abuse Reporting Code - Huisartsenposten De Limes - Deutsch<\/title>\n<meta name=\"robots\" content=\"index, follow, max-snippet:-1, max-image-preview:large, max-video-preview:-1\" \/>\n<link rel=\"canonical\" href=\"https:\/\/huisartsenpostendelimes.nl\/de\/information-uber-den-meldecode-kindesmissbrauch\/\" \/>\n<meta property=\"og:locale\" content=\"de_DE\" \/>\n<meta property=\"og:type\" content=\"article\" \/>\n<meta property=\"og:title\" content=\"Informationen zum Child Abuse Reporting Code - Huisartsenposten De Limes - Deutsch\" \/>\n<meta property=\"og:description\" content=\"Es wird gesch\u00e4tzt, dass jedes Jahr 120.000 Kinder in unserem Land Opfer von Missbrauch werden. 50 bis 80 Kinder sterben in der Folge. Kindesmissbrauch ist eine gro\u00dfe Bedrohung f\u00fcr die Gesundheit und Entwicklung von Kindern. Kindesmissbrauch h\u00f6rt nicht von selbst auf. Aus diesem Grund sind in den Niederlanden alle Fachkr\u00e4fte, die mit Kindern arbeiten, gesetzlich verpflichtet, auf Anzeichen von Kindesmissbrauch oder -vernachl\u00e4ssigung zu reagieren. Das gilt zum Beispiel f\u00fcr Lehrer, aber auch f\u00fcr Allgemeinmediziner und Pflegefachkr\u00e4fte. Wie dies zu tun ist, ist im Meldekodexgesetz beschrieben. Wenn die Sicherheit, Gesundheit, das Wohlergehen und\/oder die Entwicklung des Kindes gef\u00e4hrdet sind, wollen wir [...]\" \/>\n<meta property=\"og:url\" content=\"https:\/\/huisartsenpostendelimes.nl\/de\/information-uber-den-meldecode-kindesmissbrauch\/\" \/>\n<meta property=\"og:site_name\" content=\"Huisartsenposten De Limes - Deutsch\" \/>\n<meta property=\"article:modified_time\" content=\"2024-05-19T14:35:00+00:00\" \/>\n<meta name=\"twitter:card\" content=\"summary_large_image\" \/>\n<meta name=\"twitter:label1\" content=\"Gesch\u00e4tzte Lesezeit\" \/>\n\t<meta name=\"twitter:data1\" content=\"3\u00a0Minuten\" \/>\n<script type=\"application\/ld+json\" class=\"yoast-schema-graph\">{\"@context\":\"https:\/\/schema.org\",\"@graph\":[{\"@type\":\"WebPage\",\"@id\":\"https:\/\/huisartsenpostendelimes.nl\/de\/information-uber-den-meldecode-kindesmissbrauch\/\",\"url\":\"https:\/\/huisartsenpostendelimes.nl\/de\/information-uber-den-meldecode-kindesmissbrauch\/\",\"name\":\"Informationen zum Child Abuse Reporting Code - Huisartsenposten De Limes - Deutsch\",\"isPartOf\":{\"@id\":\"https:\/\/huisartsenpostendelimes.nl\/de\/#website\"},\"datePublished\":\"2023-08-01T18:05:05+00:00\",\"dateModified\":\"2024-05-19T14:35:00+00:00\",\"breadcrumb\":{\"@id\":\"https:\/\/huisartsenpostendelimes.nl\/de\/information-uber-den-meldecode-kindesmissbrauch\/#breadcrumb\"},\"inLanguage\":\"de\",\"potentialAction\":[{\"@type\":\"ReadAction\",\"target\":[\"https:\/\/huisartsenpostendelimes.nl\/de\/information-uber-den-meldecode-kindesmissbrauch\/\"]}]},{\"@type\":\"BreadcrumbList\",\"@id\":\"https:\/\/huisartsenpostendelimes.nl\/de\/information-uber-den-meldecode-kindesmissbrauch\/#breadcrumb\",\"itemListElement\":[{\"@type\":\"ListItem\",\"position\":1,\"name\":\"Home\",\"item\":\"https:\/\/huisartsenpostendelimes.nl\/de\/\"},{\"@type\":\"ListItem\",\"position\":2,\"name\":\"Informationen zum Child Abuse Reporting Code\"}]},{\"@type\":\"WebSite\",\"@id\":\"https:\/\/huisartsenpostendelimes.nl\/de\/#website\",\"url\":\"https:\/\/huisartsenpostendelimes.nl\/de\/\",\"name\":\"Huisartsenposten De Limes - Deutsch\",\"description\":\"\",\"potentialAction\":[{\"@type\":\"SearchAction\",\"target\":{\"@type\":\"EntryPoint\",\"urlTemplate\":\"https:\/\/huisartsenpostendelimes.nl\/de\/?s={search_term_string}\"},\"query-input\":{\"@type\":\"PropertyValueSpecification\",\"valueRequired\":true,\"valueName\":\"search_term_string\"}}],\"inLanguage\":\"de\"}]}<\/script>\n<!-- \/ Yoast SEO plugin. -->","yoast_head_json":{"title":"Informationen zum Child Abuse Reporting Code - Huisartsenposten De Limes - Deutsch","robots":{"index":"index","follow":"follow","max-snippet":"max-snippet:-1","max-image-preview":"max-image-preview:large","max-video-preview":"max-video-preview:-1"},"canonical":"https:\/\/huisartsenpostendelimes.nl\/de\/information-uber-den-meldecode-kindesmissbrauch\/","og_locale":"de_DE","og_type":"article","og_title":"Informationen zum Child Abuse Reporting Code - Huisartsenposten De Limes - Deutsch","og_description":"Es wird gesch\u00e4tzt, dass jedes Jahr 120.000 Kinder in unserem Land Opfer von Missbrauch werden. 50 bis 80 Kinder sterben in der Folge. Kindesmissbrauch ist eine gro\u00dfe Bedrohung f\u00fcr die Gesundheit und Entwicklung von Kindern. Kindesmissbrauch h\u00f6rt nicht von selbst auf. Aus diesem Grund sind in den Niederlanden alle Fachkr\u00e4fte, die mit Kindern arbeiten, gesetzlich verpflichtet, auf Anzeichen von Kindesmissbrauch oder -vernachl\u00e4ssigung zu reagieren. Das gilt zum Beispiel f\u00fcr Lehrer, aber auch f\u00fcr Allgemeinmediziner und Pflegefachkr\u00e4fte. Wie dies zu tun ist, ist im Meldekodexgesetz beschrieben. Wenn die Sicherheit, Gesundheit, das Wohlergehen und\/oder die Entwicklung des Kindes gef\u00e4hrdet sind, wollen wir [...]","og_url":"https:\/\/huisartsenpostendelimes.nl\/de\/information-uber-den-meldecode-kindesmissbrauch\/","og_site_name":"Huisartsenposten De Limes - Deutsch","article_modified_time":"2024-05-19T14:35:00+00:00","twitter_card":"summary_large_image","twitter_misc":{"Gesch\u00e4tzte Lesezeit":"3\u00a0Minuten"},"schema":{"@context":"https:\/\/schema.org","@graph":[{"@type":"WebPage","@id":"https:\/\/huisartsenpostendelimes.nl\/de\/information-uber-den-meldecode-kindesmissbrauch\/","url":"https:\/\/huisartsenpostendelimes.nl\/de\/information-uber-den-meldecode-kindesmissbrauch\/","name":"Informationen zum Child Abuse Reporting Code - Huisartsenposten De Limes - Deutsch","isPartOf":{"@id":"https:\/\/huisartsenpostendelimes.nl\/de\/#website"},"datePublished":"2023-08-01T18:05:05+00:00","dateModified":"2024-05-19T14:35:00+00:00","breadcrumb":{"@id":"https:\/\/huisartsenpostendelimes.nl\/de\/information-uber-den-meldecode-kindesmissbrauch\/#breadcrumb"},"inLanguage":"de","potentialAction":[{"@type":"ReadAction","target":["https:\/\/huisartsenpostendelimes.nl\/de\/information-uber-den-meldecode-kindesmissbrauch\/"]}]},{"@type":"BreadcrumbList","@id":"https:\/\/huisartsenpostendelimes.nl\/de\/information-uber-den-meldecode-kindesmissbrauch\/#breadcrumb","itemListElement":[{"@type":"ListItem","position":1,"name":"Home","item":"https:\/\/huisartsenpostendelimes.nl\/de\/"},{"@type":"ListItem","position":2,"name":"Informationen zum Child Abuse Reporting Code"}]},{"@type":"WebSite","@id":"https:\/\/huisartsenpostendelimes.nl\/de\/#website","url":"https:\/\/huisartsenpostendelimes.nl\/de\/","name":"Huisartsenposten De Limes - Deutsch","description":"","potentialAction":[{"@type":"SearchAction","target":{"@type":"EntryPoint","urlTemplate":"https:\/\/huisartsenpostendelimes.nl\/de\/?s={search_term_string}"},"query-input":{"@type":"PropertyValueSpecification","valueRequired":true,"valueName":"search_term_string"}}],"inLanguage":"de"}]}},"_links":{"self":[{"href":"https:\/\/huisartsenpostendelimes.nl\/de\/wp-json\/wp\/v2\/pages\/52857","targetHints":{"allow":["GET"]}}],"collection":[{"href":"https:\/\/huisartsenpostendelimes.nl\/de\/wp-json\/wp\/v2\/pages"}],"about":[{"href":"https:\/\/huisartsenpostendelimes.nl\/de\/wp-json\/wp\/v2\/types\/page"}],"author":[{"embeddable":true,"href":"https:\/\/huisartsenpostendelimes.nl\/de\/wp-json\/wp\/v2\/users\/3"}],"replies":[{"embeddable":true,"href":"https:\/\/huisartsenpostendelimes.nl\/de\/wp-json\/wp\/v2\/comments?post=52857"}],"version-history":[{"count":2,"href":"https:\/\/huisartsenpostendelimes.nl\/de\/wp-json\/wp\/v2\/pages\/52857\/revisions"}],"predecessor-version":[{"id":56533,"href":"https:\/\/huisartsenpostendelimes.nl\/de\/wp-json\/wp\/v2\/pages\/52857\/revisions\/56533"}],"wp:attachment":[{"href":"https:\/\/huisartsenpostendelimes.nl\/de\/wp-json\/wp\/v2\/media?parent=52857"}],"curies":[{"name":"wp","href":"https:\/\/api.w.org\/{rel}","templated":true}]}}