{"id":52861,"date":"2023-08-01T20:09:45","date_gmt":"2023-08-01T18:09:45","guid":{"rendered":"https:\/\/temporary.mindd.dev\/?page_id=52861"},"modified":"2024-05-19T16:35:02","modified_gmt":"2024-05-19T14:35:02","slug":"hausordnung-beim-hausarzt","status":"publish","type":"page","link":"https:\/\/huisartsenpostendelimes.nl\/de\/hausordnung-beim-hausarzt\/","title":{"rendered":"Hausordnung beim Hausarztdienst au\u00dferhalb der \u00d6ffnungszeiten"},"content":{"rendered":"\n<h2 class=\"wp-block-heading\">Dringlichkeit steht immer an erster Stelle<\/h2>\n\n\n\n<p>Wir versuchen, allen so schnell wie m\u00f6glich zu helfen, die Schwere der Beschwerde ist in der Reihenfolge der Behandlung f\u00fchrend. Es ist daher m\u00f6glich, dass einem Patienten, der sich sp\u00e4ter als Sie gemeldet hat, fr\u00fcher geholfen wird. Wir bitten um Ihr Verst\u00e4ndnis. Wurde Ihnen nicht eine halbe Stunde nach Ihrem Termin geholfen? Bitte melden Sie sich an der Rezeption.<\/p>\n\n\n\n<h2 class=\"wp-block-heading\"><strong>Auf den Posten gehen wir respektvoll miteinander um<\/strong><\/h2>\n\n\n\n<p>Wir respektieren jeden, unabh\u00e4ngig von Herkunft, Religion, Kleidung, Geschlecht, Alter, Aussehen oder sexueller Orientierung. Wenn Sie der Meinung sind, dass Sie nicht respektvoll behandelt werden, besprechen Sie dies am besten sofort mit uns beim Hausarzt au\u00dferhalb der \u00d6ffnungszeiten. Wir akzeptieren jedoch keinen verbalen oder k\u00f6rperlichen Missbrauch, Diebstahl, Waffen und Drogen, Alkoholkonsum oder sexuelle Bel\u00e4stigung.<\/p>\n\n\n\n<h2 class=\"wp-block-heading\"><strong>Was ist, wenn Sie die Hausregeln nicht einhalten?<\/strong><\/h2>\n\n\n\n<p>Sie erhalten zun\u00e4chst eine Warnung. Im Falle einer Wiederholung von unerw\u00fcnschtem Verhalten werden wir dies der Polizei melden. Der Zugang zur Notrufstation des Hausarztes wird Ihnen dann verwehrt. Bei Drohungen, Vandalismus und Grapschen rufen wir immer die Polizei.<\/p>\n","protected":false},"excerpt":{"rendered":"<p>Dringlichkeit steht immer an erster Stelle Wir versuchen, allen so schnell wie m\u00f6glich zu helfen, die Schwere der Beschwerde ist f\u00fchrend in der Reihenfolge der Behandlung. Es ist daher m\u00f6glich, dass einem Patienten, der sich sp\u00e4ter als Sie gemeldet hat, fr\u00fcher geholfen wird. Wir bitten um Ihr Verst\u00e4ndnis. Wurde Ihnen nicht eine halbe Stunde nach Ihrem Termin geholfen? Bitte melden Sie sich an der Rezeption. Wir respektieren jeden, unabh\u00e4ngig von Herkunft, Religion, Kleidung, Geschlecht, Alter, Aussehen oder sexueller Orientierung. Wenn Sie das Gef\u00fchl haben, dass Sie nicht mit Respekt behandelt werden, k\u00f6nnen Sie [&#8230;]<\/p>\n","protected":false},"author":3,"featured_media":0,"parent":0,"menu_order":0,"comment_status":"closed","ping_status":"closed","template":"","meta":{"_acf_changed":false,"_trash_the_other_posts":false,"editor_notices":[],"footnotes":""},"class_list":["post-52861","page","type-page","status-publish","hentry"],"acf":[],"yoast_head":"<!-- This site is optimized with the Yoast SEO plugin v26.6 - https:\/\/yoast.com\/wordpress\/plugins\/seo\/ -->\n<title>Hausordnung beim Hausarztdienst au\u00dferhalb der \u00d6ffnungszeiten - Huisartsenposten De Limes - Deutsch<\/title>\n<meta name=\"robots\" content=\"index, follow, max-snippet:-1, max-image-preview:large, max-video-preview:-1\" \/>\n<link rel=\"canonical\" href=\"https:\/\/huisartsenpostendelimes.nl\/de\/hausordnung-beim-hausarzt\/\" \/>\n<meta property=\"og:locale\" content=\"de_DE\" \/>\n<meta property=\"og:type\" content=\"article\" \/>\n<meta property=\"og:title\" content=\"Hausordnung beim Hausarztdienst au\u00dferhalb der \u00d6ffnungszeiten - Huisartsenposten De Limes - Deutsch\" \/>\n<meta property=\"og:description\" content=\"Dringlichkeit steht immer an erster Stelle Wir versuchen, allen so schnell wie m\u00f6glich zu helfen, die Schwere der Beschwerde ist f\u00fchrend in der Reihenfolge der Behandlung. Es ist daher m\u00f6glich, dass einem Patienten, der sich sp\u00e4ter als Sie gemeldet hat, fr\u00fcher geholfen wird. Wir bitten um Ihr Verst\u00e4ndnis. Wurde Ihnen nicht eine halbe Stunde nach Ihrem Termin geholfen? Bitte melden Sie sich an der Rezeption. Wir respektieren jeden, unabh\u00e4ngig von Herkunft, Religion, Kleidung, Geschlecht, Alter, Aussehen oder sexueller Orientierung. Wenn Sie das Gef\u00fchl haben, dass Sie nicht mit Respekt behandelt werden, k\u00f6nnen Sie [...]\" \/>\n<meta property=\"og:url\" content=\"https:\/\/huisartsenpostendelimes.nl\/de\/hausordnung-beim-hausarzt\/\" \/>\n<meta property=\"og:site_name\" content=\"Huisartsenposten De Limes - Deutsch\" \/>\n<meta property=\"article:modified_time\" content=\"2024-05-19T14:35:02+00:00\" \/>\n<meta name=\"twitter:card\" content=\"summary_large_image\" \/>\n<meta name=\"twitter:label1\" content=\"Gesch\u00e4tzte Lesezeit\" \/>\n\t<meta name=\"twitter:data1\" content=\"1\u00a0Minute\" \/>\n<script type=\"application\/ld+json\" class=\"yoast-schema-graph\">{\"@context\":\"https:\/\/schema.org\",\"@graph\":[{\"@type\":\"WebPage\",\"@id\":\"https:\/\/huisartsenpostendelimes.nl\/de\/hausordnung-beim-hausarzt\/\",\"url\":\"https:\/\/huisartsenpostendelimes.nl\/de\/hausordnung-beim-hausarzt\/\",\"name\":\"Hausordnung beim Hausarztdienst au\u00dferhalb der \u00d6ffnungszeiten - Huisartsenposten De Limes - Deutsch\",\"isPartOf\":{\"@id\":\"https:\/\/huisartsenpostendelimes.nl\/de\/#website\"},\"datePublished\":\"2023-08-01T18:09:45+00:00\",\"dateModified\":\"2024-05-19T14:35:02+00:00\",\"breadcrumb\":{\"@id\":\"https:\/\/huisartsenpostendelimes.nl\/de\/hausordnung-beim-hausarzt\/#breadcrumb\"},\"inLanguage\":\"de\",\"potentialAction\":[{\"@type\":\"ReadAction\",\"target\":[\"https:\/\/huisartsenpostendelimes.nl\/de\/hausordnung-beim-hausarzt\/\"]}]},{\"@type\":\"BreadcrumbList\",\"@id\":\"https:\/\/huisartsenpostendelimes.nl\/de\/hausordnung-beim-hausarzt\/#breadcrumb\",\"itemListElement\":[{\"@type\":\"ListItem\",\"position\":1,\"name\":\"Home\",\"item\":\"https:\/\/huisartsenpostendelimes.nl\/de\/\"},{\"@type\":\"ListItem\",\"position\":2,\"name\":\"Hausordnung beim Hausarztdienst au\u00dferhalb der \u00d6ffnungszeiten\"}]},{\"@type\":\"WebSite\",\"@id\":\"https:\/\/huisartsenpostendelimes.nl\/de\/#website\",\"url\":\"https:\/\/huisartsenpostendelimes.nl\/de\/\",\"name\":\"Huisartsenposten De Limes - Deutsch\",\"description\":\"\",\"potentialAction\":[{\"@type\":\"SearchAction\",\"target\":{\"@type\":\"EntryPoint\",\"urlTemplate\":\"https:\/\/huisartsenpostendelimes.nl\/de\/?s={search_term_string}\"},\"query-input\":{\"@type\":\"PropertyValueSpecification\",\"valueRequired\":true,\"valueName\":\"search_term_string\"}}],\"inLanguage\":\"de\"}]}<\/script>\n<!-- \/ Yoast SEO plugin. -->","yoast_head_json":{"title":"Hausordnung beim Hausarztdienst au\u00dferhalb der \u00d6ffnungszeiten - Huisartsenposten De Limes - Deutsch","robots":{"index":"index","follow":"follow","max-snippet":"max-snippet:-1","max-image-preview":"max-image-preview:large","max-video-preview":"max-video-preview:-1"},"canonical":"https:\/\/huisartsenpostendelimes.nl\/de\/hausordnung-beim-hausarzt\/","og_locale":"de_DE","og_type":"article","og_title":"Hausordnung beim Hausarztdienst au\u00dferhalb der \u00d6ffnungszeiten - Huisartsenposten De Limes - Deutsch","og_description":"Dringlichkeit steht immer an erster Stelle Wir versuchen, allen so schnell wie m\u00f6glich zu helfen, die Schwere der Beschwerde ist f\u00fchrend in der Reihenfolge der Behandlung. Es ist daher m\u00f6glich, dass einem Patienten, der sich sp\u00e4ter als Sie gemeldet hat, fr\u00fcher geholfen wird. Wir bitten um Ihr Verst\u00e4ndnis. Wurde Ihnen nicht eine halbe Stunde nach Ihrem Termin geholfen? Bitte melden Sie sich an der Rezeption. Wir respektieren jeden, unabh\u00e4ngig von Herkunft, Religion, Kleidung, Geschlecht, Alter, Aussehen oder sexueller Orientierung. Wenn Sie das Gef\u00fchl haben, dass Sie nicht mit Respekt behandelt werden, k\u00f6nnen Sie [...]","og_url":"https:\/\/huisartsenpostendelimes.nl\/de\/hausordnung-beim-hausarzt\/","og_site_name":"Huisartsenposten De Limes - Deutsch","article_modified_time":"2024-05-19T14:35:02+00:00","twitter_card":"summary_large_image","twitter_misc":{"Gesch\u00e4tzte Lesezeit":"1\u00a0Minute"},"schema":{"@context":"https:\/\/schema.org","@graph":[{"@type":"WebPage","@id":"https:\/\/huisartsenpostendelimes.nl\/de\/hausordnung-beim-hausarzt\/","url":"https:\/\/huisartsenpostendelimes.nl\/de\/hausordnung-beim-hausarzt\/","name":"Hausordnung beim Hausarztdienst au\u00dferhalb der \u00d6ffnungszeiten - Huisartsenposten De Limes - Deutsch","isPartOf":{"@id":"https:\/\/huisartsenpostendelimes.nl\/de\/#website"},"datePublished":"2023-08-01T18:09:45+00:00","dateModified":"2024-05-19T14:35:02+00:00","breadcrumb":{"@id":"https:\/\/huisartsenpostendelimes.nl\/de\/hausordnung-beim-hausarzt\/#breadcrumb"},"inLanguage":"de","potentialAction":[{"@type":"ReadAction","target":["https:\/\/huisartsenpostendelimes.nl\/de\/hausordnung-beim-hausarzt\/"]}]},{"@type":"BreadcrumbList","@id":"https:\/\/huisartsenpostendelimes.nl\/de\/hausordnung-beim-hausarzt\/#breadcrumb","itemListElement":[{"@type":"ListItem","position":1,"name":"Home","item":"https:\/\/huisartsenpostendelimes.nl\/de\/"},{"@type":"ListItem","position":2,"name":"Hausordnung beim Hausarztdienst au\u00dferhalb der \u00d6ffnungszeiten"}]},{"@type":"WebSite","@id":"https:\/\/huisartsenpostendelimes.nl\/de\/#website","url":"https:\/\/huisartsenpostendelimes.nl\/de\/","name":"Huisartsenposten De Limes - Deutsch","description":"","potentialAction":[{"@type":"SearchAction","target":{"@type":"EntryPoint","urlTemplate":"https:\/\/huisartsenpostendelimes.nl\/de\/?s={search_term_string}"},"query-input":{"@type":"PropertyValueSpecification","valueRequired":true,"valueName":"search_term_string"}}],"inLanguage":"de"}]}},"_links":{"self":[{"href":"https:\/\/huisartsenpostendelimes.nl\/de\/wp-json\/wp\/v2\/pages\/52861","targetHints":{"allow":["GET"]}}],"collection":[{"href":"https:\/\/huisartsenpostendelimes.nl\/de\/wp-json\/wp\/v2\/pages"}],"about":[{"href":"https:\/\/huisartsenpostendelimes.nl\/de\/wp-json\/wp\/v2\/types\/page"}],"author":[{"embeddable":true,"href":"https:\/\/huisartsenpostendelimes.nl\/de\/wp-json\/wp\/v2\/users\/3"}],"replies":[{"embeddable":true,"href":"https:\/\/huisartsenpostendelimes.nl\/de\/wp-json\/wp\/v2\/comments?post=52861"}],"version-history":[{"count":2,"href":"https:\/\/huisartsenpostendelimes.nl\/de\/wp-json\/wp\/v2\/pages\/52861\/revisions"}],"predecessor-version":[{"id":56534,"href":"https:\/\/huisartsenpostendelimes.nl\/de\/wp-json\/wp\/v2\/pages\/52861\/revisions\/56534"}],"wp:attachment":[{"href":"https:\/\/huisartsenpostendelimes.nl\/de\/wp-json\/wp\/v2\/media?parent=52861"}],"curies":[{"name":"wp","href":"https:\/\/api.w.org\/{rel}","templated":true}]}}