{"id":52917,"date":"2023-08-01T20:39:05","date_gmt":"2023-08-01T18:39:05","guid":{"rendered":"https:\/\/temporary.mindd.dev\/?page_id=52917"},"modified":"2024-05-19T16:35:05","modified_gmt":"2024-05-19T14:35:05","slug":"gehorlose-und-schwerhorige-menschen","status":"publish","type":"page","link":"https:\/\/huisartsenpostendelimes.nl\/de\/gehorlose-und-schwerhorige-menschen\/","title":{"rendered":"Geh\u00f6rlos und schwerh\u00f6rig"},"content":{"rendered":"\n\n\n<h2 class=\"wp-block-heading\">Rufen Sie uns an mit KPN Teletolk<\/h2>\n\n\n\n<p>Wenn Sie eine H\u00f6rbehinderung oder eine Sprachbehinderung haben, k\u00f6nnen Sie die Notrufstation des Hausarztes \u00fcber KPN Teletolk (www.kpn.com\/teletolk) anrufen. Dies ist ein Text- und Bildvermittlungsdienst. Dadurch k\u00f6nnen sich Geh\u00f6rlose, Schwerh\u00f6rige, Menschen mit Sprachbehinderungen und h\u00f6rende Menschen gegenseitig anrufen. Wenn Sie die regul\u00e4re Telefonie nicht mehr nutzen k\u00f6nnen, k\u00f6nnen Sie diesen Vermittlungsdienst nutzen.<\/p>\n\n\n\n<h2 class=\"wp-block-heading\">Wie funktioniert es?<\/h2>\n\n\n\n<p>Als Benutzer ben\u00f6tigen Sie eine spezielle Software, um \u00fcber KPN Teletolk, die Total Conversation-Software, zu telefonieren. Sie k\u00f6nnen es \u00fcber einen der Anbieter dieser Software auf Ihren Computer, Ihr Tablet und\/oder Ihr Smartphone herunterladen. Nach der Installation k\u00f6nnen Sie jede Telefonnummer anrufen (mit Ausnahme von 0906- und 0909-Nummern). F\u00fcr jede Konversation k\u00f6nnen Sie Textvermittlung oder Bildvermittlung ausw\u00e4hlen.<\/p>\n\n\n\n<h2 class=\"wp-block-heading\">Text-Mediation<\/h2>\n\n\n\n<p>Bei der Textvermittlung m\u00fcssen Sie eingeben, was Sie sagen m\u00f6chten. Der Mitarbeiter von KPN Teletolk liest dies der h\u00f6renden Person vor. Die h\u00f6rende Person ben\u00f6tigt kein spezielles Telefon oder Software und kann einfach zur\u00fccksprechen.<\/p>\n\n\n\n<h2 class=\"wp-block-heading\">Bildvermittlung<\/h2>\n\n\n\n<p>Wenn Sie sich f\u00fcr die Bildvermittlung entscheiden, passiert dasselbe, jedoch mit Gesten. Ein registrierter Geb\u00e4rdensprachdolmetscher k\u00fcmmert sich um die Umwandlung der gesprochenen Sprache in die Geb\u00e4rdensprache und umgekehrt. Bei beiden Optionen k\u00f6nnen Sie sich daf\u00fcr entscheiden, selbst zu sprechen, anstatt zu tippen<\/p>\n","protected":false},"excerpt":{"rendered":"<p>Rufen Sie uns an mit KPN Teletolk Wenn Sie eine H\u00f6rbehinderung oder eine Sprachbehinderung haben, k\u00f6nnen Sie die haus\u00e4rztliche Notrufstation \u00fcber KPN Teletolk (www.kpn.com\/teletolk) anrufen. Dies ist ein Text- und Bildvermittlungsdienst. Dadurch k\u00f6nnen sich Geh\u00f6rlose, Schwerh\u00f6rige, Menschen mit Sprachbehinderungen und h\u00f6rende Menschen gegenseitig anrufen. Wenn Sie die regul\u00e4re Telefonie nicht mehr nutzen k\u00f6nnen, k\u00f6nnen Sie diesen Vermittlungsdienst nutzen. Wie funktioniert es? Als Benutzer ben\u00f6tigen Sie eine spezielle Software, um \u00fcber KPN Teletolk, die Total Conversation-Software, zu telefonieren. Sie k\u00f6nnen es \u00fcber einen der Anbieter dieses Artikels auf Ihren Computer, Ihr Tablet und\/oder Ihr Smartphone herunterladen.<\/p>\n","protected":false},"author":3,"featured_media":0,"parent":0,"menu_order":0,"comment_status":"closed","ping_status":"closed","template":"","meta":{"_acf_changed":false,"_trash_the_other_posts":false,"editor_notices":[],"footnotes":""},"class_list":["post-52917","page","type-page","status-publish","hentry"],"acf":[],"yoast_head":"<!-- This site is optimized with the Yoast SEO plugin v26.6 - https:\/\/yoast.com\/wordpress\/plugins\/seo\/ -->\n<title>Geh\u00f6rlos und schwerh\u00f6rig - Huisartsenposten De Limes - Deutsch<\/title>\n<meta name=\"robots\" content=\"index, follow, max-snippet:-1, max-image-preview:large, max-video-preview:-1\" \/>\n<link rel=\"canonical\" href=\"https:\/\/huisartsenpostendelimes.nl\/de\/gehorlose-und-schwerhorige-menschen\/\" \/>\n<meta property=\"og:locale\" content=\"de_DE\" \/>\n<meta property=\"og:type\" content=\"article\" \/>\n<meta property=\"og:title\" content=\"Geh\u00f6rlos und schwerh\u00f6rig - Huisartsenposten De Limes - Deutsch\" \/>\n<meta property=\"og:description\" content=\"Rufen Sie uns an mit KPN Teletolk Wenn Sie eine H\u00f6rbehinderung oder eine Sprachbehinderung haben, k\u00f6nnen Sie die haus\u00e4rztliche Notrufstation \u00fcber KPN Teletolk (www.kpn.com\/teletolk) anrufen. Dies ist ein Text- und Bildvermittlungsdienst. Dadurch k\u00f6nnen sich Geh\u00f6rlose, Schwerh\u00f6rige, Menschen mit Sprachbehinderungen und h\u00f6rende Menschen gegenseitig anrufen. Wenn Sie die regul\u00e4re Telefonie nicht mehr nutzen k\u00f6nnen, k\u00f6nnen Sie diesen Vermittlungsdienst nutzen. Wie funktioniert es? Als Benutzer ben\u00f6tigen Sie eine spezielle Software, um \u00fcber KPN Teletolk, die Total Conversation-Software, zu telefonieren. Sie k\u00f6nnen es \u00fcber einen der Anbieter dieses Artikels auf Ihren Computer, Ihr Tablet und\/oder Ihr Smartphone herunterladen.\" \/>\n<meta property=\"og:url\" content=\"https:\/\/huisartsenpostendelimes.nl\/de\/gehorlose-und-schwerhorige-menschen\/\" \/>\n<meta property=\"og:site_name\" content=\"Huisartsenposten De Limes - Deutsch\" \/>\n<meta property=\"article:modified_time\" content=\"2024-05-19T14:35:05+00:00\" \/>\n<meta name=\"twitter:card\" content=\"summary_large_image\" \/>\n<meta name=\"twitter:label1\" content=\"Gesch\u00e4tzte Lesezeit\" \/>\n\t<meta name=\"twitter:data1\" content=\"2\u00a0Minuten\" \/>\n<script type=\"application\/ld+json\" class=\"yoast-schema-graph\">{\"@context\":\"https:\/\/schema.org\",\"@graph\":[{\"@type\":\"WebPage\",\"@id\":\"https:\/\/huisartsenpostendelimes.nl\/de\/gehorlose-und-schwerhorige-menschen\/\",\"url\":\"https:\/\/huisartsenpostendelimes.nl\/de\/gehorlose-und-schwerhorige-menschen\/\",\"name\":\"Geh\u00f6rlos und schwerh\u00f6rig - Huisartsenposten De Limes - Deutsch\",\"isPartOf\":{\"@id\":\"https:\/\/huisartsenpostendelimes.nl\/de\/#website\"},\"datePublished\":\"2023-08-01T18:39:05+00:00\",\"dateModified\":\"2024-05-19T14:35:05+00:00\",\"breadcrumb\":{\"@id\":\"https:\/\/huisartsenpostendelimes.nl\/de\/gehorlose-und-schwerhorige-menschen\/#breadcrumb\"},\"inLanguage\":\"de\",\"potentialAction\":[{\"@type\":\"ReadAction\",\"target\":[\"https:\/\/huisartsenpostendelimes.nl\/de\/gehorlose-und-schwerhorige-menschen\/\"]}]},{\"@type\":\"BreadcrumbList\",\"@id\":\"https:\/\/huisartsenpostendelimes.nl\/de\/gehorlose-und-schwerhorige-menschen\/#breadcrumb\",\"itemListElement\":[{\"@type\":\"ListItem\",\"position\":1,\"name\":\"Home\",\"item\":\"https:\/\/huisartsenpostendelimes.nl\/de\/\"},{\"@type\":\"ListItem\",\"position\":2,\"name\":\"Geh\u00f6rlos und schwerh\u00f6rig\"}]},{\"@type\":\"WebSite\",\"@id\":\"https:\/\/huisartsenpostendelimes.nl\/de\/#website\",\"url\":\"https:\/\/huisartsenpostendelimes.nl\/de\/\",\"name\":\"Huisartsenposten De Limes - Deutsch\",\"description\":\"\",\"potentialAction\":[{\"@type\":\"SearchAction\",\"target\":{\"@type\":\"EntryPoint\",\"urlTemplate\":\"https:\/\/huisartsenpostendelimes.nl\/de\/?s={search_term_string}\"},\"query-input\":{\"@type\":\"PropertyValueSpecification\",\"valueRequired\":true,\"valueName\":\"search_term_string\"}}],\"inLanguage\":\"de\"}]}<\/script>\n<!-- \/ Yoast SEO plugin. -->","yoast_head_json":{"title":"Geh\u00f6rlos und schwerh\u00f6rig - Huisartsenposten De Limes - Deutsch","robots":{"index":"index","follow":"follow","max-snippet":"max-snippet:-1","max-image-preview":"max-image-preview:large","max-video-preview":"max-video-preview:-1"},"canonical":"https:\/\/huisartsenpostendelimes.nl\/de\/gehorlose-und-schwerhorige-menschen\/","og_locale":"de_DE","og_type":"article","og_title":"Geh\u00f6rlos und schwerh\u00f6rig - Huisartsenposten De Limes - Deutsch","og_description":"Rufen Sie uns an mit KPN Teletolk Wenn Sie eine H\u00f6rbehinderung oder eine Sprachbehinderung haben, k\u00f6nnen Sie die haus\u00e4rztliche Notrufstation \u00fcber KPN Teletolk (www.kpn.com\/teletolk) anrufen. Dies ist ein Text- und Bildvermittlungsdienst. Dadurch k\u00f6nnen sich Geh\u00f6rlose, Schwerh\u00f6rige, Menschen mit Sprachbehinderungen und h\u00f6rende Menschen gegenseitig anrufen. Wenn Sie die regul\u00e4re Telefonie nicht mehr nutzen k\u00f6nnen, k\u00f6nnen Sie diesen Vermittlungsdienst nutzen. Wie funktioniert es? Als Benutzer ben\u00f6tigen Sie eine spezielle Software, um \u00fcber KPN Teletolk, die Total Conversation-Software, zu telefonieren. Sie k\u00f6nnen es \u00fcber einen der Anbieter dieses Artikels auf Ihren Computer, Ihr Tablet und\/oder Ihr Smartphone herunterladen.","og_url":"https:\/\/huisartsenpostendelimes.nl\/de\/gehorlose-und-schwerhorige-menschen\/","og_site_name":"Huisartsenposten De Limes - Deutsch","article_modified_time":"2024-05-19T14:35:05+00:00","twitter_card":"summary_large_image","twitter_misc":{"Gesch\u00e4tzte Lesezeit":"2\u00a0Minuten"},"schema":{"@context":"https:\/\/schema.org","@graph":[{"@type":"WebPage","@id":"https:\/\/huisartsenpostendelimes.nl\/de\/gehorlose-und-schwerhorige-menschen\/","url":"https:\/\/huisartsenpostendelimes.nl\/de\/gehorlose-und-schwerhorige-menschen\/","name":"Geh\u00f6rlos und schwerh\u00f6rig - Huisartsenposten De Limes - Deutsch","isPartOf":{"@id":"https:\/\/huisartsenpostendelimes.nl\/de\/#website"},"datePublished":"2023-08-01T18:39:05+00:00","dateModified":"2024-05-19T14:35:05+00:00","breadcrumb":{"@id":"https:\/\/huisartsenpostendelimes.nl\/de\/gehorlose-und-schwerhorige-menschen\/#breadcrumb"},"inLanguage":"de","potentialAction":[{"@type":"ReadAction","target":["https:\/\/huisartsenpostendelimes.nl\/de\/gehorlose-und-schwerhorige-menschen\/"]}]},{"@type":"BreadcrumbList","@id":"https:\/\/huisartsenpostendelimes.nl\/de\/gehorlose-und-schwerhorige-menschen\/#breadcrumb","itemListElement":[{"@type":"ListItem","position":1,"name":"Home","item":"https:\/\/huisartsenpostendelimes.nl\/de\/"},{"@type":"ListItem","position":2,"name":"Geh\u00f6rlos und schwerh\u00f6rig"}]},{"@type":"WebSite","@id":"https:\/\/huisartsenpostendelimes.nl\/de\/#website","url":"https:\/\/huisartsenpostendelimes.nl\/de\/","name":"Huisartsenposten De Limes - Deutsch","description":"","potentialAction":[{"@type":"SearchAction","target":{"@type":"EntryPoint","urlTemplate":"https:\/\/huisartsenpostendelimes.nl\/de\/?s={search_term_string}"},"query-input":{"@type":"PropertyValueSpecification","valueRequired":true,"valueName":"search_term_string"}}],"inLanguage":"de"}]}},"_links":{"self":[{"href":"https:\/\/huisartsenpostendelimes.nl\/de\/wp-json\/wp\/v2\/pages\/52917","targetHints":{"allow":["GET"]}}],"collection":[{"href":"https:\/\/huisartsenpostendelimes.nl\/de\/wp-json\/wp\/v2\/pages"}],"about":[{"href":"https:\/\/huisartsenpostendelimes.nl\/de\/wp-json\/wp\/v2\/types\/page"}],"author":[{"embeddable":true,"href":"https:\/\/huisartsenpostendelimes.nl\/de\/wp-json\/wp\/v2\/users\/3"}],"replies":[{"embeddable":true,"href":"https:\/\/huisartsenpostendelimes.nl\/de\/wp-json\/wp\/v2\/comments?post=52917"}],"version-history":[{"count":2,"href":"https:\/\/huisartsenpostendelimes.nl\/de\/wp-json\/wp\/v2\/pages\/52917\/revisions"}],"predecessor-version":[{"id":56535,"href":"https:\/\/huisartsenpostendelimes.nl\/de\/wp-json\/wp\/v2\/pages\/52917\/revisions\/56535"}],"wp:attachment":[{"href":"https:\/\/huisartsenpostendelimes.nl\/de\/wp-json\/wp\/v2\/media?parent=52917"}],"curies":[{"name":"wp","href":"https:\/\/api.w.org\/{rel}","templated":true}]}}