{"id":52919,"date":"2023-08-01T20:40:30","date_gmt":"2023-08-01T18:40:30","guid":{"rendered":"https:\/\/temporary.mindd.dev\/?page_id=52919"},"modified":"2024-05-19T16:35:07","modified_gmt":"2024-05-19T14:35:07","slug":"austausch-medizinischer-daten","status":"publish","type":"page","link":"https:\/\/huisartsenpostendelimes.nl\/de\/austausch-medizinischer-daten\/","title":{"rendered":"Austausch von medizinischen Daten"},"content":{"rendered":"\n\n\n<h2 class=\"wp-block-heading\"><strong>Sind Sie auf medizinische Notf\u00e4lle vorbereitet?<\/strong><\/h2>\n\n\n\n<p>Sie m\u00f6chten Ihre Geschichte nicht immer und immer wieder erz\u00e4hlen? Ihr Hausarzt und Ihre Apotheke k\u00f6nnen Ihre medizinischen Daten an andere Gesundheitsdienstleister weitergeben. Auf diese Weise m\u00fcssen Sie Ihrem Arzt oder Ihrer Apotheke Ihre Geschichte nicht noch einmal erz\u00e4hlen. Das spart wertvolle Zeit und beugt m\u00f6glichen Fehlern vor.<\/p>\n\n\n\n<p>Die Weitergabe Ihrer medizinischen Daten erfolgt \u00fcber den Nationalen Austauschpunkt (LSP). Dies ist ein sicheres und zuverl\u00e4ssiges System. Ihre medizinischen Daten werden nicht zentral gespeichert. Sie werden auf den Computern Ihres Hausarztes und Ihrer Apotheke gespeichert.<\/p>\n\n\n\n<p>W\u00fcnschen Sie weitere Informationen? Dann schauen Sie sich vzvz.nl an, fragen Sie Ihren Hausarzt nach dem Merkblatt oder rufen Sie 070 \u2013 317 34 56 an. Sie k\u00f6nnen die Erlaubnis sofort \u00fcber&nbsp;<a href=\"https:\/\/www.volgjezorg.nl\/toestemming\" target=\"_blank\" rel=\"noreferrer noopener\">www.volgjezorg.nl\/toestemming<\/a> erteilen.<\/p>\n","protected":false},"excerpt":{"rendered":"<p>Sind Sie auf medizinische Notf\u00e4lle vorbereitet? Sie m\u00f6chten Ihre Geschichte nicht immer und immer wieder erz\u00e4hlen? Ihr Hausarzt und Ihre Apotheke k\u00f6nnen Ihre medizinischen Daten an andere Gesundheitsdienstleister weitergeben. Auf diese Weise m\u00fcssen Sie Ihrem Arzt oder Ihrer Apotheke Ihre Geschichte nicht noch einmal erz\u00e4hlen. Das spart wertvolle Zeit und beugt m\u00f6glichen Fehlern vor. Die Weitergabe Ihrer medizinischen Daten erfolgt \u00fcber den Nationalen Austauschpunkt (LSP). Dies ist ein sicheres und zuverl\u00e4ssiges System. Ihre medizinischen Daten werden nicht zentral gespeichert. Sie werden auf den Computern Ihres Hausarztes und Ihrer Apotheke gespeichert. W\u00fcnschen Sie weitere Informationen? Dann schauen Sie sich vzvz.nl an, fragen Sie Ihren Hausarzt nach der Informationsbrosch\u00fcre [&#8230;]<\/p>\n","protected":false},"author":3,"featured_media":0,"parent":0,"menu_order":0,"comment_status":"closed","ping_status":"closed","template":"","meta":{"_acf_changed":false,"_trash_the_other_posts":false,"editor_notices":[],"footnotes":""},"class_list":["post-52919","page","type-page","status-publish","hentry"],"acf":[],"yoast_head":"<!-- This site is optimized with the Yoast SEO plugin v26.6 - https:\/\/yoast.com\/wordpress\/plugins\/seo\/ -->\n<title>Austausch von medizinischen Daten - Huisartsenposten De Limes - Deutsch<\/title>\n<meta name=\"robots\" content=\"index, follow, max-snippet:-1, max-image-preview:large, max-video-preview:-1\" \/>\n<link rel=\"canonical\" href=\"https:\/\/huisartsenpostendelimes.nl\/de\/austausch-medizinischer-daten\/\" \/>\n<meta property=\"og:locale\" content=\"de_DE\" \/>\n<meta property=\"og:type\" content=\"article\" \/>\n<meta property=\"og:title\" content=\"Austausch von medizinischen Daten - Huisartsenposten De Limes - Deutsch\" \/>\n<meta property=\"og:description\" content=\"Sind Sie auf medizinische Notf\u00e4lle vorbereitet? Sie m\u00f6chten Ihre Geschichte nicht immer und immer wieder erz\u00e4hlen? Ihr Hausarzt und Ihre Apotheke k\u00f6nnen Ihre medizinischen Daten an andere Gesundheitsdienstleister weitergeben. Auf diese Weise m\u00fcssen Sie Ihrem Arzt oder Ihrer Apotheke Ihre Geschichte nicht noch einmal erz\u00e4hlen. Das spart wertvolle Zeit und beugt m\u00f6glichen Fehlern vor. Die Weitergabe Ihrer medizinischen Daten erfolgt \u00fcber den Nationalen Austauschpunkt (LSP). Dies ist ein sicheres und zuverl\u00e4ssiges System. Ihre medizinischen Daten werden nicht zentral gespeichert. Sie werden auf den Computern Ihres Hausarztes und Ihrer Apotheke gespeichert. W\u00fcnschen Sie weitere Informationen? Dann schauen Sie sich vzvz.nl an, fragen Sie Ihren Hausarzt nach der Informationsbrosch\u00fcre [...]\" \/>\n<meta property=\"og:url\" content=\"https:\/\/huisartsenpostendelimes.nl\/de\/austausch-medizinischer-daten\/\" \/>\n<meta property=\"og:site_name\" content=\"Huisartsenposten De Limes - Deutsch\" \/>\n<meta property=\"article:modified_time\" content=\"2024-05-19T14:35:07+00:00\" \/>\n<meta name=\"twitter:card\" content=\"summary_large_image\" \/>\n<meta name=\"twitter:label1\" content=\"Gesch\u00e4tzte Lesezeit\" \/>\n\t<meta name=\"twitter:data1\" content=\"1\u00a0Minute\" \/>\n<script type=\"application\/ld+json\" class=\"yoast-schema-graph\">{\"@context\":\"https:\/\/schema.org\",\"@graph\":[{\"@type\":\"WebPage\",\"@id\":\"https:\/\/huisartsenpostendelimes.nl\/de\/austausch-medizinischer-daten\/\",\"url\":\"https:\/\/huisartsenpostendelimes.nl\/de\/austausch-medizinischer-daten\/\",\"name\":\"Austausch von medizinischen Daten - Huisartsenposten De Limes - Deutsch\",\"isPartOf\":{\"@id\":\"https:\/\/huisartsenpostendelimes.nl\/de\/#website\"},\"datePublished\":\"2023-08-01T18:40:30+00:00\",\"dateModified\":\"2024-05-19T14:35:07+00:00\",\"breadcrumb\":{\"@id\":\"https:\/\/huisartsenpostendelimes.nl\/de\/austausch-medizinischer-daten\/#breadcrumb\"},\"inLanguage\":\"de\",\"potentialAction\":[{\"@type\":\"ReadAction\",\"target\":[\"https:\/\/huisartsenpostendelimes.nl\/de\/austausch-medizinischer-daten\/\"]}]},{\"@type\":\"BreadcrumbList\",\"@id\":\"https:\/\/huisartsenpostendelimes.nl\/de\/austausch-medizinischer-daten\/#breadcrumb\",\"itemListElement\":[{\"@type\":\"ListItem\",\"position\":1,\"name\":\"Home\",\"item\":\"https:\/\/huisartsenpostendelimes.nl\/de\/\"},{\"@type\":\"ListItem\",\"position\":2,\"name\":\"Austausch von medizinischen Daten\"}]},{\"@type\":\"WebSite\",\"@id\":\"https:\/\/huisartsenpostendelimes.nl\/de\/#website\",\"url\":\"https:\/\/huisartsenpostendelimes.nl\/de\/\",\"name\":\"Huisartsenposten De Limes - Deutsch\",\"description\":\"\",\"potentialAction\":[{\"@type\":\"SearchAction\",\"target\":{\"@type\":\"EntryPoint\",\"urlTemplate\":\"https:\/\/huisartsenpostendelimes.nl\/de\/?s={search_term_string}\"},\"query-input\":{\"@type\":\"PropertyValueSpecification\",\"valueRequired\":true,\"valueName\":\"search_term_string\"}}],\"inLanguage\":\"de\"}]}<\/script>\n<!-- \/ Yoast SEO plugin. -->","yoast_head_json":{"title":"Austausch von medizinischen Daten - Huisartsenposten De Limes - Deutsch","robots":{"index":"index","follow":"follow","max-snippet":"max-snippet:-1","max-image-preview":"max-image-preview:large","max-video-preview":"max-video-preview:-1"},"canonical":"https:\/\/huisartsenpostendelimes.nl\/de\/austausch-medizinischer-daten\/","og_locale":"de_DE","og_type":"article","og_title":"Austausch von medizinischen Daten - Huisartsenposten De Limes - Deutsch","og_description":"Sind Sie auf medizinische Notf\u00e4lle vorbereitet? Sie m\u00f6chten Ihre Geschichte nicht immer und immer wieder erz\u00e4hlen? Ihr Hausarzt und Ihre Apotheke k\u00f6nnen Ihre medizinischen Daten an andere Gesundheitsdienstleister weitergeben. Auf diese Weise m\u00fcssen Sie Ihrem Arzt oder Ihrer Apotheke Ihre Geschichte nicht noch einmal erz\u00e4hlen. Das spart wertvolle Zeit und beugt m\u00f6glichen Fehlern vor. Die Weitergabe Ihrer medizinischen Daten erfolgt \u00fcber den Nationalen Austauschpunkt (LSP). Dies ist ein sicheres und zuverl\u00e4ssiges System. Ihre medizinischen Daten werden nicht zentral gespeichert. Sie werden auf den Computern Ihres Hausarztes und Ihrer Apotheke gespeichert. W\u00fcnschen Sie weitere Informationen? Dann schauen Sie sich vzvz.nl an, fragen Sie Ihren Hausarzt nach der Informationsbrosch\u00fcre [...]","og_url":"https:\/\/huisartsenpostendelimes.nl\/de\/austausch-medizinischer-daten\/","og_site_name":"Huisartsenposten De Limes - Deutsch","article_modified_time":"2024-05-19T14:35:07+00:00","twitter_card":"summary_large_image","twitter_misc":{"Gesch\u00e4tzte Lesezeit":"1\u00a0Minute"},"schema":{"@context":"https:\/\/schema.org","@graph":[{"@type":"WebPage","@id":"https:\/\/huisartsenpostendelimes.nl\/de\/austausch-medizinischer-daten\/","url":"https:\/\/huisartsenpostendelimes.nl\/de\/austausch-medizinischer-daten\/","name":"Austausch von medizinischen Daten - Huisartsenposten De Limes - Deutsch","isPartOf":{"@id":"https:\/\/huisartsenpostendelimes.nl\/de\/#website"},"datePublished":"2023-08-01T18:40:30+00:00","dateModified":"2024-05-19T14:35:07+00:00","breadcrumb":{"@id":"https:\/\/huisartsenpostendelimes.nl\/de\/austausch-medizinischer-daten\/#breadcrumb"},"inLanguage":"de","potentialAction":[{"@type":"ReadAction","target":["https:\/\/huisartsenpostendelimes.nl\/de\/austausch-medizinischer-daten\/"]}]},{"@type":"BreadcrumbList","@id":"https:\/\/huisartsenpostendelimes.nl\/de\/austausch-medizinischer-daten\/#breadcrumb","itemListElement":[{"@type":"ListItem","position":1,"name":"Home","item":"https:\/\/huisartsenpostendelimes.nl\/de\/"},{"@type":"ListItem","position":2,"name":"Austausch von medizinischen Daten"}]},{"@type":"WebSite","@id":"https:\/\/huisartsenpostendelimes.nl\/de\/#website","url":"https:\/\/huisartsenpostendelimes.nl\/de\/","name":"Huisartsenposten De Limes - Deutsch","description":"","potentialAction":[{"@type":"SearchAction","target":{"@type":"EntryPoint","urlTemplate":"https:\/\/huisartsenpostendelimes.nl\/de\/?s={search_term_string}"},"query-input":{"@type":"PropertyValueSpecification","valueRequired":true,"valueName":"search_term_string"}}],"inLanguage":"de"}]}},"_links":{"self":[{"href":"https:\/\/huisartsenpostendelimes.nl\/de\/wp-json\/wp\/v2\/pages\/52919","targetHints":{"allow":["GET"]}}],"collection":[{"href":"https:\/\/huisartsenpostendelimes.nl\/de\/wp-json\/wp\/v2\/pages"}],"about":[{"href":"https:\/\/huisartsenpostendelimes.nl\/de\/wp-json\/wp\/v2\/types\/page"}],"author":[{"embeddable":true,"href":"https:\/\/huisartsenpostendelimes.nl\/de\/wp-json\/wp\/v2\/users\/3"}],"replies":[{"embeddable":true,"href":"https:\/\/huisartsenpostendelimes.nl\/de\/wp-json\/wp\/v2\/comments?post=52919"}],"version-history":[{"count":2,"href":"https:\/\/huisartsenpostendelimes.nl\/de\/wp-json\/wp\/v2\/pages\/52919\/revisions"}],"predecessor-version":[{"id":56536,"href":"https:\/\/huisartsenpostendelimes.nl\/de\/wp-json\/wp\/v2\/pages\/52919\/revisions\/56536"}],"wp:attachment":[{"href":"https:\/\/huisartsenpostendelimes.nl\/de\/wp-json\/wp\/v2\/media?parent=52919"}],"curies":[{"name":"wp","href":"https:\/\/api.w.org\/{rel}","templated":true}]}}