{"id":52952,"date":"2023-08-02T10:38:54","date_gmt":"2023-08-02T08:38:54","guid":{"rendered":"https:\/\/temporary.mindd.dev\/?page_id=52952"},"modified":"2025-12-04T15:12:09","modified_gmt":"2025-12-04T14:12:09","slug":"klientenrat","status":"publish","type":"page","link":"https:\/\/huisartsenpostendelimes.nl\/de\/klientenrat\/","title":{"rendered":"Klientenrat"},"content":{"rendered":"\n<p>Der Klientenrat gibt dem Patienten bei Huisartsenposten De Limes eine Stimme und ein Gesicht. Die f\u00fcnf Vorstandsmitglieder beraten den Direktor vom Ausgangspunkt des Nutzers aus; Der Patient, der Notfallversorgung durch den Hausarzt ben\u00f6tigt. Von links nach rechts: Cor Kiers (Mitglied), Nick van Yperen (amtierender stellvertretender Vorsitzender), Gert Hylkema (Vorsitzender), Elly de Regt (Mitglied) und Jeannette de Heij (Sekret\u00e4rin).<\/p>\n\n\n\n<figure class=\"wp-block-image aligncenter size-large\"><img decoding=\"async\" src=\"https:\/\/huisartsenpostendelimes.nl\/wp-content\/uploads\/sites\/108\/2024\/09\/CR-bewerkt-16-9-2024-b-1024x978.jpg\" alt=\"\" class=\"wp-image-56370\" \/><\/figure>\n\n\n\n<p>Neben Ratschl\u00e4gen folgen sie auch dem Verlauf von GP Posts De LIMES, damit die Stimme des Patienten rechtzeitig geh\u00f6rt wird. Der Klientenrat befasst sich mit verschiedenen Themen wie der Versorgungsqualit\u00e4t, dem Beschwerdeverfahren und der Erreichbarkeit der Stellen in Alphen a\/d Rijn, Leiderdorp und Voorhout.<\/p>\n\n\n\n<p>Der Rat vertritt die Patienten im Arbeitsbereich der LIMES GP Notfallstationen und denkt aus der Perspektive der Interessen einer gro\u00dfen Patientengruppe. Der Klientenrat arbeitet auf Grundlage des Gesetzes zur Beteiligung von Klienten an Gesundheitseinrichtungen von 2018.<\/p>\n\n\n\n<figure class=\"wp-block-image size-large\"><img decoding=\"async\" width=\"1024\" height=\"885\" src=\"https:\/\/huisartsenpostendelimes.nl\/wp-content\/uploads\/sites\/108\/2024\/03\/regiokaartje-huiskleuren-De-LIMES-TdH-16-10-2023-1024x885.png\" alt=\"\" class=\"wp-image-55343\" srcset=\"https:\/\/huisartsenpostendelimes.nl\/de\/wp-content\/uploads\/sites\/136\/2024\/03\/regiokaartje-huiskleuren-De-LIMES-TdH-16-10-2023-1024x885.png 1024w, https:\/\/huisartsenpostendelimes.nl\/de\/wp-content\/uploads\/sites\/136\/2024\/03\/regiokaartje-huiskleuren-De-LIMES-TdH-16-10-2023-300x259.png 300w, https:\/\/huisartsenpostendelimes.nl\/de\/wp-content\/uploads\/sites\/136\/2024\/03\/regiokaartje-huiskleuren-De-LIMES-TdH-16-10-2023-768x664.png 768w, https:\/\/huisartsenpostendelimes.nl\/de\/wp-content\/uploads\/sites\/136\/2024\/03\/regiokaartje-huiskleuren-De-LIMES-TdH-16-10-2023-1536x1327.png 1536w, https:\/\/huisartsenpostendelimes.nl\/de\/wp-content\/uploads\/sites\/136\/2024\/03\/regiokaartje-huiskleuren-De-LIMES-TdH-16-10-2023-10x10.png 10w, https:\/\/huisartsenpostendelimes.nl\/de\/wp-content\/uploads\/sites\/136\/2024\/03\/regiokaartje-huiskleuren-De-LIMES-TdH-16-10-2023.png 1832w\" sizes=\"(max-width: 1024px) 100vw, 1024px\" \/><\/figure>\n\n\n\n<p><\/p>\n\n\n\n<p>Kontakt: <a href=\"mailto:clientenraad@hpdelimes.nl\">clientenraad@hpdelimes.nl<\/a><\/p>\n\n\n\n<p><strong>Jahresbericht<\/strong><\/p>\n\n\n\n<p>Klicken Sie <a href=\"https:\/\/huisartsenpostendelimes.nl\/wp-content\/uploads\/sites\/108\/2025\/04\/Jaarverslag-2024-Clientenraad-Huisartsenposten-DE-LIMES-BV.pdf\">hier<\/a> f\u00fcr den Jahresbericht<\/p>\n\n\n\n<p><strong>Regeln<\/strong><\/p>\n\n\n\n<p>Klicken Sie <a href=\"\/wp-content\/uploads\/sites\/108\/2023\/11\/1b.-Huishoudelijk-reglement-Clientenraad-De-Limes.pdf\">hier<\/a> f\u00fcr die Gesch\u00e4ftsordnung<\/p>\n\n\n\n<p><strong>Arbeitsplan 2026 Klientenrat<\/strong><\/p>\n\n\n\n<p>Klicken Sie<a href=\"https:\/\/huisartsenpostendelimes.nl\/wp-content\/uploads\/sites\/108\/2025\/12\/Werkplan-2026-Clientenraad-De-Limes.pdf\"> hier<\/a> f\u00fcr den Arbeitsplan 2026<\/p>\n\n\n\n<p><\/p>\n","protected":false},"excerpt":{"rendered":"<p>Die Stimme des Patienten in dem, was die Organisation tut, h\u00f6rbar zu machen. Das ist die Aufgabe des Kundenrates von Huisartsenposten De LIMES. Der Aufsichtsrat ber\u00e4t den Direktor der Organisation in Bezug auf die Politik der haus\u00e4rztlichen Notfallversorgung. Der Kundenrat konzentriert sich auf die Perspektive des Benutzers, des Patienten. Der Kundenrat spricht regelm\u00e4ssig mit dem Verwaltungsrat \u00fcber Angelegenheiten, die die Interessen des Patienten ber\u00fchren. Durch die Beratung und das Befolgen der Tafel und des Kurses von Huisartsenposten De LIMES wird die Stimme des Patienten geh\u00f6rt. Der Kundenrat ber\u00e4t zu verschiedenen Themen, wie z.B. der Qualit\u00e4t der [&#8230;]<\/p>\n","protected":false},"author":3,"featured_media":0,"parent":0,"menu_order":0,"comment_status":"closed","ping_status":"closed","template":"","meta":{"_acf_changed":false,"_trash_the_other_posts":false,"editor_notices":[],"footnotes":""},"class_list":["post-52952","page","type-page","status-publish","hentry"],"acf":[],"yoast_head":"<!-- This site is optimized with the Yoast SEO plugin v26.6 - https:\/\/yoast.com\/wordpress\/plugins\/seo\/ -->\n<title>Klientenrat - Huisartsenposten De Limes - Deutsch<\/title>\n<meta name=\"robots\" content=\"index, follow, max-snippet:-1, max-image-preview:large, max-video-preview:-1\" \/>\n<link rel=\"canonical\" href=\"https:\/\/huisartsenpostendelimes.nl\/de\/kundenrat\/\" \/>\n<meta property=\"og:locale\" content=\"de_DE\" \/>\n<meta property=\"og:type\" content=\"article\" \/>\n<meta property=\"og:title\" content=\"Klientenrat - Huisartsenposten De Limes - Deutsch\" \/>\n<meta property=\"og:description\" content=\"Die Stimme des Patienten in dem, was die Organisation tut, h\u00f6rbar zu machen. Das ist die Aufgabe des Kundenrates von Huisartsenposten De LIMES. Der Aufsichtsrat ber\u00e4t den Direktor der Organisation in Bezug auf die Politik der haus\u00e4rztlichen Notfallversorgung. Der Kundenrat konzentriert sich auf die Perspektive des Benutzers, des Patienten. Der Kundenrat spricht regelm\u00e4ssig mit dem Verwaltungsrat \u00fcber Angelegenheiten, die die Interessen des Patienten ber\u00fchren. Durch die Beratung und das Befolgen der Tafel und des Kurses von Huisartsenposten De LIMES wird die Stimme des Patienten geh\u00f6rt. Der Kundenrat ber\u00e4t zu verschiedenen Themen, wie z.B. der Qualit\u00e4t der [...]\" \/>\n<meta property=\"og:url\" content=\"https:\/\/huisartsenpostendelimes.nl\/de\/kundenrat\/\" \/>\n<meta property=\"og:site_name\" content=\"Huisartsenposten De Limes - Deutsch\" \/>\n<meta property=\"article:modified_time\" content=\"2025-12-04T14:12:09+00:00\" \/>\n<meta name=\"twitter:card\" content=\"summary_large_image\" \/>\n<meta name=\"twitter:label1\" content=\"Gesch\u00e4tzte Lesezeit\" \/>\n\t<meta name=\"twitter:data1\" content=\"2\u00a0Minuten\" \/>\n<script type=\"application\/ld+json\" class=\"yoast-schema-graph\">{\"@context\":\"https:\/\/schema.org\",\"@graph\":[{\"@type\":\"WebPage\",\"@id\":\"https:\/\/huisartsenpostendelimes.nl\/de\/kundenrat\/\",\"url\":\"https:\/\/huisartsenpostendelimes.nl\/de\/kundenrat\/\",\"name\":\"Klientenrat - Huisartsenposten De Limes - Deutsch\",\"isPartOf\":{\"@id\":\"https:\/\/huisartsenpostendelimes.nl\/de\/#website\"},\"primaryImageOfPage\":{\"@id\":\"https:\/\/huisartsenpostendelimes.nl\/de\/kundenrat\/#primaryimage\"},\"image\":{\"@id\":\"https:\/\/huisartsenpostendelimes.nl\/de\/kundenrat\/#primaryimage\"},\"thumbnailUrl\":\"https:\/\/huisartsenpostendelimes.nl\/wp-content\/uploads\/sites\/108\/2024\/09\/CR-bewerkt-16-9-2024-b-1024x978.jpg\",\"datePublished\":\"2023-08-02T08:38:54+00:00\",\"dateModified\":\"2025-12-04T14:12:09+00:00\",\"breadcrumb\":{\"@id\":\"https:\/\/huisartsenpostendelimes.nl\/de\/kundenrat\/#breadcrumb\"},\"inLanguage\":\"de\",\"potentialAction\":[{\"@type\":\"ReadAction\",\"target\":[\"https:\/\/huisartsenpostendelimes.nl\/de\/kundenrat\/\"]}]},{\"@type\":\"ImageObject\",\"inLanguage\":\"de\",\"@id\":\"https:\/\/huisartsenpostendelimes.nl\/de\/kundenrat\/#primaryimage\",\"url\":\"https:\/\/huisartsenpostendelimes.nl\/wp-content\/uploads\/sites\/108\/2024\/09\/CR-bewerkt-16-9-2024-b-1024x978.jpg\",\"contentUrl\":\"https:\/\/huisartsenpostendelimes.nl\/wp-content\/uploads\/sites\/108\/2024\/09\/CR-bewerkt-16-9-2024-b-1024x978.jpg\"},{\"@type\":\"BreadcrumbList\",\"@id\":\"https:\/\/huisartsenpostendelimes.nl\/de\/kundenrat\/#breadcrumb\",\"itemListElement\":[{\"@type\":\"ListItem\",\"position\":1,\"name\":\"Home\",\"item\":\"https:\/\/huisartsenpostendelimes.nl\/de\/\"},{\"@type\":\"ListItem\",\"position\":2,\"name\":\"Kundenrat\"}]},{\"@type\":\"WebSite\",\"@id\":\"https:\/\/huisartsenpostendelimes.nl\/de\/#website\",\"url\":\"https:\/\/huisartsenpostendelimes.nl\/de\/\",\"name\":\"Huisartsenposten De Limes - Deutsch\",\"description\":\"\",\"potentialAction\":[{\"@type\":\"SearchAction\",\"target\":{\"@type\":\"EntryPoint\",\"urlTemplate\":\"https:\/\/huisartsenpostendelimes.nl\/de\/?s={search_term_string}\"},\"query-input\":{\"@type\":\"PropertyValueSpecification\",\"valueRequired\":true,\"valueName\":\"search_term_string\"}}],\"inLanguage\":\"de\"}]}<\/script>\n<!-- \/ Yoast SEO plugin. -->","yoast_head_json":{"title":"Klientenrat - Huisartsenposten De Limes - Deutsch","robots":{"index":"index","follow":"follow","max-snippet":"max-snippet:-1","max-image-preview":"max-image-preview:large","max-video-preview":"max-video-preview:-1"},"canonical":"https:\/\/huisartsenpostendelimes.nl\/de\/kundenrat\/","og_locale":"de_DE","og_type":"article","og_title":"Klientenrat - Huisartsenposten De Limes - Deutsch","og_description":"Die Stimme des Patienten in dem, was die Organisation tut, h\u00f6rbar zu machen. Das ist die Aufgabe des Kundenrates von Huisartsenposten De LIMES. Der Aufsichtsrat ber\u00e4t den Direktor der Organisation in Bezug auf die Politik der haus\u00e4rztlichen Notfallversorgung. Der Kundenrat konzentriert sich auf die Perspektive des Benutzers, des Patienten. Der Kundenrat spricht regelm\u00e4ssig mit dem Verwaltungsrat \u00fcber Angelegenheiten, die die Interessen des Patienten ber\u00fchren. Durch die Beratung und das Befolgen der Tafel und des Kurses von Huisartsenposten De LIMES wird die Stimme des Patienten geh\u00f6rt. Der Kundenrat ber\u00e4t zu verschiedenen Themen, wie z.B. der Qualit\u00e4t der [...]","og_url":"https:\/\/huisartsenpostendelimes.nl\/de\/kundenrat\/","og_site_name":"Huisartsenposten De Limes - Deutsch","article_modified_time":"2025-12-04T14:12:09+00:00","twitter_card":"summary_large_image","twitter_misc":{"Gesch\u00e4tzte Lesezeit":"2\u00a0Minuten"},"schema":{"@context":"https:\/\/schema.org","@graph":[{"@type":"WebPage","@id":"https:\/\/huisartsenpostendelimes.nl\/de\/kundenrat\/","url":"https:\/\/huisartsenpostendelimes.nl\/de\/kundenrat\/","name":"Klientenrat - Huisartsenposten De Limes - Deutsch","isPartOf":{"@id":"https:\/\/huisartsenpostendelimes.nl\/de\/#website"},"primaryImageOfPage":{"@id":"https:\/\/huisartsenpostendelimes.nl\/de\/kundenrat\/#primaryimage"},"image":{"@id":"https:\/\/huisartsenpostendelimes.nl\/de\/kundenrat\/#primaryimage"},"thumbnailUrl":"https:\/\/huisartsenpostendelimes.nl\/wp-content\/uploads\/sites\/108\/2024\/09\/CR-bewerkt-16-9-2024-b-1024x978.jpg","datePublished":"2023-08-02T08:38:54+00:00","dateModified":"2025-12-04T14:12:09+00:00","breadcrumb":{"@id":"https:\/\/huisartsenpostendelimes.nl\/de\/kundenrat\/#breadcrumb"},"inLanguage":"de","potentialAction":[{"@type":"ReadAction","target":["https:\/\/huisartsenpostendelimes.nl\/de\/kundenrat\/"]}]},{"@type":"ImageObject","inLanguage":"de","@id":"https:\/\/huisartsenpostendelimes.nl\/de\/kundenrat\/#primaryimage","url":"https:\/\/huisartsenpostendelimes.nl\/wp-content\/uploads\/sites\/108\/2024\/09\/CR-bewerkt-16-9-2024-b-1024x978.jpg","contentUrl":"https:\/\/huisartsenpostendelimes.nl\/wp-content\/uploads\/sites\/108\/2024\/09\/CR-bewerkt-16-9-2024-b-1024x978.jpg"},{"@type":"BreadcrumbList","@id":"https:\/\/huisartsenpostendelimes.nl\/de\/kundenrat\/#breadcrumb","itemListElement":[{"@type":"ListItem","position":1,"name":"Home","item":"https:\/\/huisartsenpostendelimes.nl\/de\/"},{"@type":"ListItem","position":2,"name":"Kundenrat"}]},{"@type":"WebSite","@id":"https:\/\/huisartsenpostendelimes.nl\/de\/#website","url":"https:\/\/huisartsenpostendelimes.nl\/de\/","name":"Huisartsenposten De Limes - Deutsch","description":"","potentialAction":[{"@type":"SearchAction","target":{"@type":"EntryPoint","urlTemplate":"https:\/\/huisartsenpostendelimes.nl\/de\/?s={search_term_string}"},"query-input":{"@type":"PropertyValueSpecification","valueRequired":true,"valueName":"search_term_string"}}],"inLanguage":"de"}]}},"_links":{"self":[{"href":"https:\/\/huisartsenpostendelimes.nl\/de\/wp-json\/wp\/v2\/pages\/52952","targetHints":{"allow":["GET"]}}],"collection":[{"href":"https:\/\/huisartsenpostendelimes.nl\/de\/wp-json\/wp\/v2\/pages"}],"about":[{"href":"https:\/\/huisartsenpostendelimes.nl\/de\/wp-json\/wp\/v2\/types\/page"}],"author":[{"embeddable":true,"href":"https:\/\/huisartsenpostendelimes.nl\/de\/wp-json\/wp\/v2\/users\/3"}],"replies":[{"embeddable":true,"href":"https:\/\/huisartsenpostendelimes.nl\/de\/wp-json\/wp\/v2\/comments?post=52952"}],"version-history":[{"count":8,"href":"https:\/\/huisartsenpostendelimes.nl\/de\/wp-json\/wp\/v2\/pages\/52952\/revisions"}],"predecessor-version":[{"id":56839,"href":"https:\/\/huisartsenpostendelimes.nl\/de\/wp-json\/wp\/v2\/pages\/52952\/revisions\/56839"}],"wp:attachment":[{"href":"https:\/\/huisartsenpostendelimes.nl\/de\/wp-json\/wp\/v2\/media?parent=52952"}],"curies":[{"name":"wp","href":"https:\/\/api.w.org\/{rel}","templated":true}]}}