{"id":52964,"date":"2023-08-02T15:49:12","date_gmt":"2023-08-02T13:49:12","guid":{"rendered":"https:\/\/temporary.mindd.dev\/?page_id=52964"},"modified":"2025-12-23T12:02:59","modified_gmt":"2025-12-23T11:02:59","slug":"uber-uns","status":"publish","type":"page","link":"https:\/\/huisartsenpostendelimes.nl\/de\/uber-uns\/","title":{"rendered":"\u00dcber uns"},"content":{"rendered":"\n\n\n<h2 class=\"wp-block-heading\">Unsere Mission<\/h2>\n\n\n\n<p>Die Mission von Huisartsenposten De LIMES ist es, gemeinsam angemessene Notfallversorgung aufzubauen.<\/p>\n\n\n\n<h2 class=\"wp-block-heading\">Unsere Vision<\/h2>\n\n\n\n<p>Wir arbeiten gemeinsam und mit Freude an guter allgemeinpraktizierter ANW-Notfallversorgung in unserer Region. Engagiertes und qualifiziertes Personal sowie Haus\u00e4rzte helfen Menschen in akuten medizinischen Situationen. Dies tun wir, indem wir angemessene Pflege auf respektvolle Weise anbieten.<\/p>\n\n\n\n<div class=\"wp-block-buttons is-content-justification-center is-layout-flex wp-container-core-buttons-is-layout-16018d1d wp-block-buttons-is-layout-flex\">\n<div class=\"wp-block-button is-style-outline is-style-outline--1\"><a class=\"wp-block-button__link wp-element-button\" href=\"https:\/\/huisartsenpostendelimes.nl\/wp-content\/uploads\/sites\/108\/2025\/12\/Organogram-Huisartsenposten-De-LIMES-BV-nov-2025.pdf\" target=\"_blank\" rel=\"noreferrer noopener\">Gehen Sie zu unserem Organigramm<\/a><\/div>\n<\/div>\n\n\n\n<h3 class=\"wp-block-heading h4\">Gesch\u00e4ftsf\u00fchrer<\/h3>\n\n\n\n<p>Herr G.M.J. (Gos) de Vries<\/p>\n\n\n\n<h3 class=\"wp-block-heading h4\">Aufsichtsrat<\/h3>\n\n\n\n<p>Herr D. Sulphur (Vorsitzender)<br>Herr A. van Zwol<br>Frau C.E. Vlasblom<\/p>\n\n\n\n<h3 class=\"wp-block-heading h4\">Vorschriften<\/h3>\n\n\n\n<p><a href=\"https:\/\/huisartsenpostendelimes.nl\/wp-content\/uploads\/sites\/108\/2025\/12\/Conflictregeling-Huisartsenposten-De-LIMES-BV.pdf\" target=\"_blank\" rel=\"noreferrer noopener\">Konfliktl\u00f6sung<\/a><\/p>\n\n\n\n<p>Unsere Jahresberichte <a href=\"https:\/\/huisartsenpostendelimes.nl\/jaarverslagen\/\">k\u00f6nnen hier heruntergeladen werden<\/a>.<\/p>\n\n\n\n<h3 class=\"wp-block-heading\">Aufsichtsvision<\/h3>\n\n\n\n<p>Klicken Sie <a href=\"https:\/\/huisartsenpostendelimes.nl\/wp-content\/uploads\/sites\/108\/2024\/04\/Toezichtsvisie-Raad-van-Commissarissen-HP-De-LIMES.pdf\">hier<\/a> f\u00fcr die Vision der Aufsicht<\/p>\n","protected":false},"excerpt":{"rendered":"<p>Unsere Mission Die Mission von Huisartsenposten De LIMES ist es, zusammenzuarbeiten, um eine angemessene Notfallversorgung zu gew\u00e4hrleisten. Unsere Vision Wir freuen uns, zusammenzuarbeiten und freuen uns, eine gute haus\u00e4rztliche und zahn\u00e4rztliche Notfallversorgung in unserer Region zu gew\u00e4hrleisten. Engagierte und qualifizierte Mitarbeiter und Haus\u00e4rzte helfen Menschen in akuten medizinischen Situationen. Wir tun dies, indem wir eine angemessene Pflege auf respektvolle Weise anbieten. Gesch\u00e4ftsf\u00fchrer Herr G.M.J. (Gos) de Vries Aufsichtsrat Herr D. Sulfuring (Vorsitzender)Herr A. van ZwolFrau C.E. Vlasblom Vorschriften Konfliktl\u00f6sung Unsere Gesch\u00e4ftsberichte k\u00f6nnen hier heruntergeladen werden. Aufsichtsvision Klicken Sie hier f\u00fcr die Aufsichtsvision<\/p>\n","protected":false},"author":3,"featured_media":0,"parent":0,"menu_order":0,"comment_status":"closed","ping_status":"closed","template":"","meta":{"_acf_changed":false,"_trash_the_other_posts":false,"editor_notices":[],"footnotes":""},"class_list":["post-52964","page","type-page","status-publish","hentry"],"acf":[],"yoast_head":"<!-- This site is optimized with the Yoast SEO plugin v26.6 - https:\/\/yoast.com\/wordpress\/plugins\/seo\/ -->\n<title>\u00dcber uns - Huisartsenposten De Limes - Deutsch<\/title>\n<meta name=\"robots\" content=\"index, follow, max-snippet:-1, max-image-preview:large, max-video-preview:-1\" \/>\n<link rel=\"canonical\" href=\"https:\/\/huisartsenpostendelimes.nl\/de\/uber-uns\/\" \/>\n<meta property=\"og:locale\" content=\"de_DE\" \/>\n<meta property=\"og:type\" content=\"article\" \/>\n<meta property=\"og:title\" content=\"\u00dcber uns - Huisartsenposten De Limes - Deutsch\" \/>\n<meta property=\"og:description\" content=\"Unsere Mission Die Mission von Huisartsenposten De LIMES ist es, zusammenzuarbeiten, um eine angemessene Notfallversorgung zu gew\u00e4hrleisten. Unsere Vision Wir freuen uns, zusammenzuarbeiten und freuen uns, eine gute haus\u00e4rztliche und zahn\u00e4rztliche Notfallversorgung in unserer Region zu gew\u00e4hrleisten. Engagierte und qualifizierte Mitarbeiter und Haus\u00e4rzte helfen Menschen in akuten medizinischen Situationen. Wir tun dies, indem wir eine angemessene Pflege auf respektvolle Weise anbieten. Gesch\u00e4ftsf\u00fchrer Herr G.M.J. (Gos) de Vries Aufsichtsrat Herr D. Sulfuring (Vorsitzender)Herr A. van ZwolFrau C.E. Vlasblom Vorschriften Konfliktl\u00f6sung Unsere Gesch\u00e4ftsberichte k\u00f6nnen hier heruntergeladen werden. Aufsichtsvision Klicken Sie hier f\u00fcr die Aufsichtsvision\" \/>\n<meta property=\"og:url\" content=\"https:\/\/huisartsenpostendelimes.nl\/de\/uber-uns\/\" \/>\n<meta property=\"og:site_name\" content=\"Huisartsenposten De Limes - Deutsch\" \/>\n<meta property=\"article:modified_time\" content=\"2025-12-23T11:02:59+00:00\" \/>\n<meta name=\"twitter:card\" content=\"summary_large_image\" \/>\n<meta name=\"twitter:label1\" content=\"Gesch\u00e4tzte Lesezeit\" \/>\n\t<meta name=\"twitter:data1\" content=\"1\u00a0Minute\" \/>\n<script type=\"application\/ld+json\" class=\"yoast-schema-graph\">{\"@context\":\"https:\/\/schema.org\",\"@graph\":[{\"@type\":\"WebPage\",\"@id\":\"https:\/\/huisartsenpostendelimes.nl\/de\/uber-uns\/\",\"url\":\"https:\/\/huisartsenpostendelimes.nl\/de\/uber-uns\/\",\"name\":\"\u00dcber uns - Huisartsenposten De Limes - Deutsch\",\"isPartOf\":{\"@id\":\"https:\/\/huisartsenpostendelimes.nl\/de\/#website\"},\"datePublished\":\"2023-08-02T13:49:12+00:00\",\"dateModified\":\"2025-12-23T11:02:59+00:00\",\"breadcrumb\":{\"@id\":\"https:\/\/huisartsenpostendelimes.nl\/de\/uber-uns\/#breadcrumb\"},\"inLanguage\":\"de\",\"potentialAction\":[{\"@type\":\"ReadAction\",\"target\":[\"https:\/\/huisartsenpostendelimes.nl\/de\/uber-uns\/\"]}]},{\"@type\":\"BreadcrumbList\",\"@id\":\"https:\/\/huisartsenpostendelimes.nl\/de\/uber-uns\/#breadcrumb\",\"itemListElement\":[{\"@type\":\"ListItem\",\"position\":1,\"name\":\"Home\",\"item\":\"https:\/\/huisartsenpostendelimes.nl\/de\/\"},{\"@type\":\"ListItem\",\"position\":2,\"name\":\"\u00dcber uns\"}]},{\"@type\":\"WebSite\",\"@id\":\"https:\/\/huisartsenpostendelimes.nl\/de\/#website\",\"url\":\"https:\/\/huisartsenpostendelimes.nl\/de\/\",\"name\":\"Huisartsenposten De Limes - Deutsch\",\"description\":\"\",\"potentialAction\":[{\"@type\":\"SearchAction\",\"target\":{\"@type\":\"EntryPoint\",\"urlTemplate\":\"https:\/\/huisartsenpostendelimes.nl\/de\/?s={search_term_string}\"},\"query-input\":{\"@type\":\"PropertyValueSpecification\",\"valueRequired\":true,\"valueName\":\"search_term_string\"}}],\"inLanguage\":\"de\"}]}<\/script>\n<!-- \/ Yoast SEO plugin. -->","yoast_head_json":{"title":"\u00dcber uns - Huisartsenposten De Limes - Deutsch","robots":{"index":"index","follow":"follow","max-snippet":"max-snippet:-1","max-image-preview":"max-image-preview:large","max-video-preview":"max-video-preview:-1"},"canonical":"https:\/\/huisartsenpostendelimes.nl\/de\/uber-uns\/","og_locale":"de_DE","og_type":"article","og_title":"\u00dcber uns - Huisartsenposten De Limes - Deutsch","og_description":"Unsere Mission Die Mission von Huisartsenposten De LIMES ist es, zusammenzuarbeiten, um eine angemessene Notfallversorgung zu gew\u00e4hrleisten. Unsere Vision Wir freuen uns, zusammenzuarbeiten und freuen uns, eine gute haus\u00e4rztliche und zahn\u00e4rztliche Notfallversorgung in unserer Region zu gew\u00e4hrleisten. Engagierte und qualifizierte Mitarbeiter und Haus\u00e4rzte helfen Menschen in akuten medizinischen Situationen. Wir tun dies, indem wir eine angemessene Pflege auf respektvolle Weise anbieten. Gesch\u00e4ftsf\u00fchrer Herr G.M.J. (Gos) de Vries Aufsichtsrat Herr D. Sulfuring (Vorsitzender)Herr A. van ZwolFrau C.E. Vlasblom Vorschriften Konfliktl\u00f6sung Unsere Gesch\u00e4ftsberichte k\u00f6nnen hier heruntergeladen werden. Aufsichtsvision Klicken Sie hier f\u00fcr die Aufsichtsvision","og_url":"https:\/\/huisartsenpostendelimes.nl\/de\/uber-uns\/","og_site_name":"Huisartsenposten De Limes - Deutsch","article_modified_time":"2025-12-23T11:02:59+00:00","twitter_card":"summary_large_image","twitter_misc":{"Gesch\u00e4tzte Lesezeit":"1\u00a0Minute"},"schema":{"@context":"https:\/\/schema.org","@graph":[{"@type":"WebPage","@id":"https:\/\/huisartsenpostendelimes.nl\/de\/uber-uns\/","url":"https:\/\/huisartsenpostendelimes.nl\/de\/uber-uns\/","name":"\u00dcber uns - Huisartsenposten De Limes - Deutsch","isPartOf":{"@id":"https:\/\/huisartsenpostendelimes.nl\/de\/#website"},"datePublished":"2023-08-02T13:49:12+00:00","dateModified":"2025-12-23T11:02:59+00:00","breadcrumb":{"@id":"https:\/\/huisartsenpostendelimes.nl\/de\/uber-uns\/#breadcrumb"},"inLanguage":"de","potentialAction":[{"@type":"ReadAction","target":["https:\/\/huisartsenpostendelimes.nl\/de\/uber-uns\/"]}]},{"@type":"BreadcrumbList","@id":"https:\/\/huisartsenpostendelimes.nl\/de\/uber-uns\/#breadcrumb","itemListElement":[{"@type":"ListItem","position":1,"name":"Home","item":"https:\/\/huisartsenpostendelimes.nl\/de\/"},{"@type":"ListItem","position":2,"name":"\u00dcber uns"}]},{"@type":"WebSite","@id":"https:\/\/huisartsenpostendelimes.nl\/de\/#website","url":"https:\/\/huisartsenpostendelimes.nl\/de\/","name":"Huisartsenposten De Limes - Deutsch","description":"","potentialAction":[{"@type":"SearchAction","target":{"@type":"EntryPoint","urlTemplate":"https:\/\/huisartsenpostendelimes.nl\/de\/?s={search_term_string}"},"query-input":{"@type":"PropertyValueSpecification","valueRequired":true,"valueName":"search_term_string"}}],"inLanguage":"de"}]}},"_links":{"self":[{"href":"https:\/\/huisartsenpostendelimes.nl\/de\/wp-json\/wp\/v2\/pages\/52964","targetHints":{"allow":["GET"]}}],"collection":[{"href":"https:\/\/huisartsenpostendelimes.nl\/de\/wp-json\/wp\/v2\/pages"}],"about":[{"href":"https:\/\/huisartsenpostendelimes.nl\/de\/wp-json\/wp\/v2\/types\/page"}],"author":[{"embeddable":true,"href":"https:\/\/huisartsenpostendelimes.nl\/de\/wp-json\/wp\/v2\/users\/3"}],"replies":[{"embeddable":true,"href":"https:\/\/huisartsenpostendelimes.nl\/de\/wp-json\/wp\/v2\/comments?post=52964"}],"version-history":[{"count":6,"href":"https:\/\/huisartsenpostendelimes.nl\/de\/wp-json\/wp\/v2\/pages\/52964\/revisions"}],"predecessor-version":[{"id":56840,"href":"https:\/\/huisartsenpostendelimes.nl\/de\/wp-json\/wp\/v2\/pages\/52964\/revisions\/56840"}],"wp:attachment":[{"href":"https:\/\/huisartsenpostendelimes.nl\/de\/wp-json\/wp\/v2\/media?parent=52964"}],"curies":[{"name":"wp","href":"https:\/\/api.w.org\/{rel}","templated":true}]}}