{"id":53265,"date":"2023-08-07T12:21:07","date_gmt":"2023-08-07T10:21:07","guid":{"rendered":"https:\/\/temporary.mindd.dev\/?page_id=53265"},"modified":"2024-05-19T16:35:18","modified_gmt":"2024-05-19T14:35:18","slug":"englisch","status":"publish","type":"page","link":"https:\/\/huisartsenpostendelimes.nl\/de\/englisch\/","title":{"rendered":"Englisch"},"content":{"rendered":"\n\n\n<h2 class=\"wp-block-heading\"><strong>Behandlung durch einen Hausarzt au\u00dferhalb der Sprechzeiten<\/strong><\/h2>\n\n\n\n<p>Wenn Sie dringend eine Behandlung durch einen Hausarzt ben\u00f6tigen und nicht warten k\u00f6nnen, bis die Praxis Ihres Hausarztes \u00f6ffnet, k\u00f6nnen Sie sich nach Feierabend an die medizinische Klinik Huisartsenposten De LIMES wenden. Bitte w\u00e4hlen Sie +31 88 427 4700 (mit Wohnadresse Region Leiderdorp\/Leiden und Alphen a\/d Rijn) oder +31 252 240 212 (mit Wohnadresse Region Duin- en Bollenstreek).<\/p>\n\n\n\n<p>Wenn das Leben des Patienten in Gefahr ist, w\u00e4hlen Sie bitte die 112 f\u00fcr einen Krankenwagen. Sie erhalten die notwendigen Anweisungen.<\/p>\n\n\n\n<h2 class=\"wp-block-heading\">Sprechzeiten<\/h2>\n\n\n\n<ul class=\"wp-block-list\">\n<li>Wochentags zwischen 17.00 \u2013 08.00 Uhr<\/li>\n\n\n\n<li>Wochenende Freitag 17.00 Uhr bis Montag 08.00 Uhr<\/li>\n\n\n\n<li>Nationale Feiertage<\/li>\n\n\n\n<li>Die Beratung erfolgt nur nach Terminvereinbarung!<\/li>\n\n\n\n<li>W\u00e4hrend der regul\u00e4ren Sprechzeiten ist die Praxis Ihres Hausarztes ge\u00f6ffnet.<\/li>\n<\/ul>\n\n\n\n<h2 class=\"wp-block-heading\">Wie funktioniert es?<\/h2>\n\n\n\n<p>Wenn Sie telefonieren, werden Sie mit einer speziell ausgebildeten Arzthelferin verbunden, die nach strengen Richtlinien arbeitet. Erkl\u00e4ren Sie der Assistentin Ihren Zustand\/Ihre Symptome und in vielen F\u00e4llen kann sie Ihnen den Rat geben, den Sie ben\u00f6tigen, in Absprache mit dem diensthabenden Arzt. Andere m\u00f6gliche Ma\u00dfnahmen sind: eine telefonische Konsultation mit einem Hausarzt, eine Konsultation mit dem Hausarzt in unserer Klinik, ein Rezept oder ein Hausbesuch durch den Hausarzt.<\/p>\n\n\n\n<p><strong>Bitte beachten Sie: <\/strong>Eine telefonische Beratung, eine Konsultation durch den Hausarzt oder f\u00fcr einen Hausbesuch durch den Hausarzt oder f\u00fcr ein Rezept f\u00fcr Medikamente k\u00f6nnen Ihnen in Rechnung gestellt werden.<\/p>\n\n\n\n<p>Sie werden gefragt nach:<\/p>\n\n\n\n<ul class=\"wp-block-list\">\n<li>Name, Adresse, Telefonnummer des Patienten<\/li>\n\n\n\n<li>Geburtsdatum.<\/li>\n\n\n\n<li>die Art der Symptome des Patienten<\/li>\n\n\n\n<li>welche Medikamente der Patient einnimmt<\/li>\n\n\n\n<li>Europ\u00e4ische Krankenversicherungskarte <p data-favro-document-key=\"764e0fd405bd85281c9dc729\" data-pm-slice=\"1 1 []\"><span class=\"author\" data-authorid=\"no9Yif8HCYqZZQBnc\"><a href=\"https:\/\/www.schengenvisainfo.com\/europe-travel-insurance\/ehic\/\" target=\"_blank\" rel=\"noopener\">SchengenVisaInfo.com<\/a> ist ein Leitfaden, der alle notwendigen Details \u00fcber die Europ\u00e4ische Krankenversicherungskarte, wer sie ben\u00f6tigt und wie man sie beantragt, die G\u00fcltigkeit und vieles mehr enth\u00e4lt.<\/span><\/p><\/li>\n<\/ul>\n\n\n\n<p>Wenn Sie unsere Klinik besuchen, m\u00fcssen Sie einen g\u00fcltigen Ausweis vorlegen. Dazu k\u00f6nnen geh\u00f6ren: Reisepass, Personalausweis, F\u00fchrerschein. Bitte zeigen Sie dieses Dokument bei der Meldung am Schalter vor.<\/p>\n\n\n\n<p>Bitte beachten Sie, dass Sie bezahlen m\u00fcssen, wenn Sie keine Europ\u00e4ische Krankenversicherungskarte haben. Wenn Sie nach Hause zur\u00fcckkehren, k\u00f6nnen Sie mit der Quittung die Zahlung von Ihrer Versicherungsgesellschaft einziehen.<\/p>\n\n\n\n<h2 class=\"wp-block-heading\">Adressen<\/h2>\n\n\n\n<p>Medizinische Klinik au\u00dferhalb der Gesch\u00e4ftszeiten:<\/p>\n\n\n\n<p>Alphen aan den Rijn &#8211; Metoorlaan 4 &#8211; 2402 WC<\/p>\n\n\n\n<p>Leiderdorp &#8211; Simon Smitweg 1 &#8211; 2353 GA<\/p>\n\n\n\n<p>Voorhout &#8211; Rijnsburgerweg 4b, 2215 RA<\/p>\n","protected":false},"excerpt":{"rendered":"<p>Behandlung durch einen Hausarzt au\u00dferhalb der Sprechzeiten Wenn Sie eine dringende Behandlung durch einen Hausarzt ben\u00f6tigen und nicht warten k\u00f6nnen, bis die Praxis Ihres Hausarztes \u00f6ffnet, k\u00f6nnen Sie sich au\u00dferhalb der Gesch\u00e4ftszeiten an die medizinische Klinik Huisartsenposten De LIMES wenden. Bitte w\u00e4hlen Sie +31 88 427 4700 (mit Wohnadresse Region Leiderdorp\/Leiden und Alphen a\/d Rijn) oder +31 252 240 212 (mit Wohnadresse Region Duin- en Bollenstreek). Wenn das Leben des Patienten in Gefahr ist, w\u00e4hlen Sie bitte die 112 f\u00fcr einen Krankenwagen. Sie erhalten die notwendigen Anweisungen. Sprechzeiten Wie funktioniert das? Wenn Sie telefonieren, werden Sie mit einem speziell [&#8230;]<\/p>\n","protected":false},"author":3,"featured_media":0,"parent":0,"menu_order":0,"comment_status":"closed","ping_status":"closed","template":"","meta":{"_acf_changed":false,"_trash_the_other_posts":false,"editor_notices":[],"footnotes":""},"class_list":["post-53265","page","type-page","status-publish","hentry"],"acf":[],"yoast_head":"<!-- This site is optimized with the Yoast SEO plugin v26.6 - https:\/\/yoast.com\/wordpress\/plugins\/seo\/ -->\n<title>Englisch - Huisartsenposten De Limes - Deutsch<\/title>\n<meta name=\"robots\" content=\"index, follow, max-snippet:-1, max-image-preview:large, max-video-preview:-1\" \/>\n<link rel=\"canonical\" href=\"https:\/\/huisartsenpostendelimes.nl\/de\/englisch\/\" \/>\n<meta property=\"og:locale\" content=\"de_DE\" \/>\n<meta property=\"og:type\" content=\"article\" \/>\n<meta property=\"og:title\" content=\"Englisch - Huisartsenposten De Limes - Deutsch\" \/>\n<meta property=\"og:description\" content=\"Behandlung durch einen Hausarzt au\u00dferhalb der Sprechzeiten Wenn Sie eine dringende Behandlung durch einen Hausarzt ben\u00f6tigen und nicht warten k\u00f6nnen, bis die Praxis Ihres Hausarztes \u00f6ffnet, k\u00f6nnen Sie sich au\u00dferhalb der Gesch\u00e4ftszeiten an die medizinische Klinik Huisartsenposten De LIMES wenden. Bitte w\u00e4hlen Sie +31 88 427 4700 (mit Wohnadresse Region Leiderdorp\/Leiden und Alphen a\/d Rijn) oder +31 252 240 212 (mit Wohnadresse Region Duin- en Bollenstreek). Wenn das Leben des Patienten in Gefahr ist, w\u00e4hlen Sie bitte die 112 f\u00fcr einen Krankenwagen. Sie erhalten die notwendigen Anweisungen. Sprechzeiten Wie funktioniert das? Wenn Sie telefonieren, werden Sie mit einem speziell [...]\" \/>\n<meta property=\"og:url\" content=\"https:\/\/huisartsenpostendelimes.nl\/de\/englisch\/\" \/>\n<meta property=\"og:site_name\" content=\"Huisartsenposten De Limes - Deutsch\" \/>\n<meta property=\"article:modified_time\" content=\"2024-05-19T14:35:18+00:00\" \/>\n<meta name=\"twitter:card\" content=\"summary_large_image\" \/>\n<meta name=\"twitter:label1\" content=\"Gesch\u00e4tzte Lesezeit\" \/>\n\t<meta name=\"twitter:data1\" content=\"2\u00a0Minuten\" \/>\n<script type=\"application\/ld+json\" class=\"yoast-schema-graph\">{\"@context\":\"https:\/\/schema.org\",\"@graph\":[{\"@type\":\"WebPage\",\"@id\":\"https:\/\/huisartsenpostendelimes.nl\/de\/englisch\/\",\"url\":\"https:\/\/huisartsenpostendelimes.nl\/de\/englisch\/\",\"name\":\"Englisch - Huisartsenposten De Limes - Deutsch\",\"isPartOf\":{\"@id\":\"https:\/\/huisartsenpostendelimes.nl\/de\/#website\"},\"datePublished\":\"2023-08-07T10:21:07+00:00\",\"dateModified\":\"2024-05-19T14:35:18+00:00\",\"breadcrumb\":{\"@id\":\"https:\/\/huisartsenpostendelimes.nl\/de\/englisch\/#breadcrumb\"},\"inLanguage\":\"de\",\"potentialAction\":[{\"@type\":\"ReadAction\",\"target\":[\"https:\/\/huisartsenpostendelimes.nl\/de\/englisch\/\"]}]},{\"@type\":\"BreadcrumbList\",\"@id\":\"https:\/\/huisartsenpostendelimes.nl\/de\/englisch\/#breadcrumb\",\"itemListElement\":[{\"@type\":\"ListItem\",\"position\":1,\"name\":\"Home\",\"item\":\"https:\/\/huisartsenpostendelimes.nl\/de\/\"},{\"@type\":\"ListItem\",\"position\":2,\"name\":\"Englisch\"}]},{\"@type\":\"WebSite\",\"@id\":\"https:\/\/huisartsenpostendelimes.nl\/de\/#website\",\"url\":\"https:\/\/huisartsenpostendelimes.nl\/de\/\",\"name\":\"Huisartsenposten De Limes - Deutsch\",\"description\":\"\",\"potentialAction\":[{\"@type\":\"SearchAction\",\"target\":{\"@type\":\"EntryPoint\",\"urlTemplate\":\"https:\/\/huisartsenpostendelimes.nl\/de\/?s={search_term_string}\"},\"query-input\":{\"@type\":\"PropertyValueSpecification\",\"valueRequired\":true,\"valueName\":\"search_term_string\"}}],\"inLanguage\":\"de\"}]}<\/script>\n<!-- \/ Yoast SEO plugin. -->","yoast_head_json":{"title":"Englisch - Huisartsenposten De Limes - Deutsch","robots":{"index":"index","follow":"follow","max-snippet":"max-snippet:-1","max-image-preview":"max-image-preview:large","max-video-preview":"max-video-preview:-1"},"canonical":"https:\/\/huisartsenpostendelimes.nl\/de\/englisch\/","og_locale":"de_DE","og_type":"article","og_title":"Englisch - Huisartsenposten De Limes - Deutsch","og_description":"Behandlung durch einen Hausarzt au\u00dferhalb der Sprechzeiten Wenn Sie eine dringende Behandlung durch einen Hausarzt ben\u00f6tigen und nicht warten k\u00f6nnen, bis die Praxis Ihres Hausarztes \u00f6ffnet, k\u00f6nnen Sie sich au\u00dferhalb der Gesch\u00e4ftszeiten an die medizinische Klinik Huisartsenposten De LIMES wenden. Bitte w\u00e4hlen Sie +31 88 427 4700 (mit Wohnadresse Region Leiderdorp\/Leiden und Alphen a\/d Rijn) oder +31 252 240 212 (mit Wohnadresse Region Duin- en Bollenstreek). Wenn das Leben des Patienten in Gefahr ist, w\u00e4hlen Sie bitte die 112 f\u00fcr einen Krankenwagen. Sie erhalten die notwendigen Anweisungen. Sprechzeiten Wie funktioniert das? Wenn Sie telefonieren, werden Sie mit einem speziell [...]","og_url":"https:\/\/huisartsenpostendelimes.nl\/de\/englisch\/","og_site_name":"Huisartsenposten De Limes - Deutsch","article_modified_time":"2024-05-19T14:35:18+00:00","twitter_card":"summary_large_image","twitter_misc":{"Gesch\u00e4tzte Lesezeit":"2\u00a0Minuten"},"schema":{"@context":"https:\/\/schema.org","@graph":[{"@type":"WebPage","@id":"https:\/\/huisartsenpostendelimes.nl\/de\/englisch\/","url":"https:\/\/huisartsenpostendelimes.nl\/de\/englisch\/","name":"Englisch - Huisartsenposten De Limes - Deutsch","isPartOf":{"@id":"https:\/\/huisartsenpostendelimes.nl\/de\/#website"},"datePublished":"2023-08-07T10:21:07+00:00","dateModified":"2024-05-19T14:35:18+00:00","breadcrumb":{"@id":"https:\/\/huisartsenpostendelimes.nl\/de\/englisch\/#breadcrumb"},"inLanguage":"de","potentialAction":[{"@type":"ReadAction","target":["https:\/\/huisartsenpostendelimes.nl\/de\/englisch\/"]}]},{"@type":"BreadcrumbList","@id":"https:\/\/huisartsenpostendelimes.nl\/de\/englisch\/#breadcrumb","itemListElement":[{"@type":"ListItem","position":1,"name":"Home","item":"https:\/\/huisartsenpostendelimes.nl\/de\/"},{"@type":"ListItem","position":2,"name":"Englisch"}]},{"@type":"WebSite","@id":"https:\/\/huisartsenpostendelimes.nl\/de\/#website","url":"https:\/\/huisartsenpostendelimes.nl\/de\/","name":"Huisartsenposten De Limes - Deutsch","description":"","potentialAction":[{"@type":"SearchAction","target":{"@type":"EntryPoint","urlTemplate":"https:\/\/huisartsenpostendelimes.nl\/de\/?s={search_term_string}"},"query-input":{"@type":"PropertyValueSpecification","valueRequired":true,"valueName":"search_term_string"}}],"inLanguage":"de"}]}},"_links":{"self":[{"href":"https:\/\/huisartsenpostendelimes.nl\/de\/wp-json\/wp\/v2\/pages\/53265","targetHints":{"allow":["GET"]}}],"collection":[{"href":"https:\/\/huisartsenpostendelimes.nl\/de\/wp-json\/wp\/v2\/pages"}],"about":[{"href":"https:\/\/huisartsenpostendelimes.nl\/de\/wp-json\/wp\/v2\/types\/page"}],"author":[{"embeddable":true,"href":"https:\/\/huisartsenpostendelimes.nl\/de\/wp-json\/wp\/v2\/users\/3"}],"replies":[{"embeddable":true,"href":"https:\/\/huisartsenpostendelimes.nl\/de\/wp-json\/wp\/v2\/comments?post=53265"}],"version-history":[{"count":1,"href":"https:\/\/huisartsenpostendelimes.nl\/de\/wp-json\/wp\/v2\/pages\/53265\/revisions"}],"predecessor-version":[{"id":56542,"href":"https:\/\/huisartsenpostendelimes.nl\/de\/wp-json\/wp\/v2\/pages\/53265\/revisions\/56542"}],"wp:attachment":[{"href":"https:\/\/huisartsenpostendelimes.nl\/de\/wp-json\/wp\/v2\/media?parent=53265"}],"curies":[{"name":"wp","href":"https:\/\/api.w.org\/{rel}","templated":true}]}}