{"id":53271,"date":"2023-08-07T12:35:08","date_gmt":"2023-08-07T10:35:08","guid":{"rendered":"https:\/\/temporary.mindd.dev\/?page_id=53271"},"modified":"2024-05-19T16:35:25","modified_gmt":"2024-05-19T14:35:25","slug":"polski","status":"publish","type":"page","link":"https:\/\/huisartsenpostendelimes.nl\/de\/polski\/","title":{"rendered":"Englisch"},"content":{"rendered":"\n\n\n<h2 class=\"wp-block-heading\"><strong>Pomoc medyczna lekarza domobogego poza godzinami otwarcia praktyki<\/strong><\/h2>\n\n\n\n<p>Je\u017celi nagle potrzebna jest pomoc medyczna Lekarza Domowego (LD) i nie mo\u017cna czeka\u0107 a\u017c &#8222;Lekarz Rejonowy&#8220; przyjmuje,<\/p>\n\n\n\n<p>mo\u017cna skorzysta\u0107 z pomocy lekarza dy\u017curnego i trzeba si\u0119 skontaktowa\u0107 z Huisartsenposten De LIMES Numer telefonu: +31 88 427 4700 (z adresem zamieszkania region Alphen aan den Rijn, Leiden and Leiderdorp) i Numer telefonu: +31 252 240 212 (z adresem zamieszkania region Dune and&nbsp; Bulb Region).<\/p>\n\n\n\n<p>Je\u017celi sytuacja zagra\u017ca \u017cyciu pacjenta mo\u017cna zawsze wzywa\u0107 Pogotowie i dzwoni\u0107 pod numer alarmowy 112.<\/p>\n\n\n\n<p><strong>Uwaga:<\/strong> za konsultacj\u0119 telefoniczn\u0105, konsultacj\u0119 z lekarzem og\u00f3lnym oraz, wizyt\u0119 domow\u0105 zostanie na\u0142o\u017cona op\u0142ata lub do przepisywania lek\u00f3w.<\/p>\n\n\n\n<h2 class=\"wp-block-heading\"><strong>Godziny udzielania pomocy w Hausarztpraxen Der LIMES<\/strong><\/h2>\n\n\n\n<ul class=\"wp-block-list\">\n<li>Dni robocze: mi\u0119dzy 17:00 a 08:00 nast\u0119pnego dnia<\/li>\n\n\n\n<li>Weekendy: on pi\u0105tku od 17:00 do poniedzia\u0142ku 08:00<\/li>\n\n\n\n<li>Dni \u015bwi\u0105teczne : dy\u017cur przez 24 goodziny<\/li>\n<\/ul>\n\n\n\n<p>Udzielanie pomocy medycznej tylko po uprzednim um\u00f3wieniu!<\/p>\n\n\n\n<p>Poza powy\u017cej podanymi godzinami urz\u0119dowania Huisartsenpost jest nieczynna i korzysta\u0107 trzeba z praktyki &#8222;Lekarza Rejonowego&#8220;.<\/p>\n\n\n\n<h2 class=\"wp-block-heading\">Zasady dzia\u0142ania czyli udzielania pomocy medycznej:<\/h2>\n\n\n\n<p>Zadzwo\u0144 podany nummer telefonu.<\/p>\n\n\n\n<p>Po\u0142\u0105czysz si\u0119 z asystentk\u0105, kt\u00f3ra wsp\u00f3\u0142pracuje z do\u015bwiadczonym lekarzem i oboje wykonuj\u0105 prac\u0119 wed\u0142ug ustalonego regulaminu.<\/p>\n\n\n\n<p>Asystentka zada szereg pyta\u0144, na kt\u00f3re trzeba dok\u0142adnie odpowiedzie\u0107:<\/p>\n\n\n\n<ul class=\"wp-block-list\">\n<li>Nazwisko i imi\u0119, adres, numer telefonu pacjenta<\/li>\n\n\n\n<li>Data urodzenia pacjenta<\/li>\n\n\n\n<li>Dolegliwo\u015bci jakie ma pacjent<\/li>\n\n\n\n<li>Nazwisko &#8222;Lekarza Rejonowego&#8220; pacjenta<\/li>\n\n\n\n<li>Nazwy lek\u00f3w jakie pacjent za\u017cywa<\/li>\n\n\n\n<li>Ubezpieczenie pacjenta czyli nazwa jego Ubezpieczalni i numer Polisy Ubezpieczeniowej<\/li>\n<\/ul>\n\n\n\n<p>Je\u017celi zg\u0142aszasz si\u0119 osobi\u015bcie do badania w Huisartsenpost musisz si\u0119 okaza\u0107 wa\u017cnym Dokumenten To\u017csamo\u015bci. To mo\u017ce by\u0107 Paszport, Dow\u00f3d Osobisty, Holenderskie Prawo Jazdy albo Holenderskie pozwolenie na pobyt w Holandii.<\/p>\n\n\n\n<p>Trzeba wiedzie\u0107, \u017ce wszyscy obcokrajowcy ( tak\u017ce posiadaj\u0105cy ubezpieczenie) musz\u0105 odrazu zap\u0142aci\u0107 za udzielona pomoc i zwrot koszt\u00f3w zadeklarowa\u0107 we w\u0142asnej Ubezpieczalni.<\/p>\n","protected":false},"excerpt":{"rendered":"<p>Pomoc medyczna Lekarza Domowego poza godzinami otwarcia praktyki Je\u017celi nagle potrzebna jest pomoc medyczna Lekarza Domowego (LD) i nie mo\u017cna czeka\u0107 a\u017c &#8222;Lekarz Rejonowy&#8220; przyjmuje, mo\u017cna skorzysta\u0107 z pomocy lekarza dy\u017curnego i trzeba si\u0119 skontaktowa\u0107 z Huisartsenposten De LIMES Numer telefonu: +31 88 427 4700 (z adresem zamieszkania region Alphen aan den Rijn, Leiden and Leiderdorp) i Numer telefonu:  +31 252 240 212 (z adresem zamieszkania region d\u00fcne und&nbsp; bulb region). Je\u017celi sytuacja zagra\u017ca \u017cyciu pacjenta mo\u017cna zawsze wzywa\u0107 Pogotowie i dzwoni\u0107 pod numer alarmowy 112. Uwaga: za konsultacj\u0119 telefoniczn\u0105, konsultacj\u0119 z lekarzem og\u00f3lnym oraz, wizyt\u0119 domow\u0105 zostanie na\u0142o\u017cona op\u0142ata lub [&#8230;]<\/p>\n","protected":false},"author":3,"featured_media":0,"parent":0,"menu_order":0,"comment_status":"closed","ping_status":"closed","template":"","meta":{"_acf_changed":false,"_trash_the_other_posts":false,"editor_notices":[],"footnotes":""},"class_list":["post-53271","page","type-page","status-publish","hentry"],"acf":[],"yoast_head":"<!-- This site is optimized with the Yoast SEO plugin v26.6 - https:\/\/yoast.com\/wordpress\/plugins\/seo\/ -->\n<title>Englisch - Huisartsenposten De Limes - Deutsch<\/title>\n<meta name=\"robots\" content=\"index, follow, max-snippet:-1, max-image-preview:large, max-video-preview:-1\" \/>\n<link rel=\"canonical\" href=\"https:\/\/huisartsenpostendelimes.nl\/de\/polski\/\" \/>\n<meta property=\"og:locale\" content=\"de_DE\" \/>\n<meta property=\"og:type\" content=\"article\" \/>\n<meta property=\"og:title\" content=\"Englisch - Huisartsenposten De Limes - Deutsch\" \/>\n<meta property=\"og:description\" content=\"Pomoc medyczna Lekarza Domowego poza godzinami otwarcia praktyki Je\u017celi nagle potrzebna jest pomoc medyczna Lekarza Domowego (LD) i nie mo\u017cna czeka\u0107 a\u017c &quot;Lekarz Rejonowy&quot; przyjmuje, mo\u017cna skorzysta\u0107 z pomocy lekarza dy\u017curnego i trzeba si\u0119 skontaktowa\u0107 z Huisartsenposten De LIMES Numer telefonu: +31 88 427 4700 (z adresem zamieszkania region Alphen aan den Rijn, Leiden and Leiderdorp) i Numer telefonu: +31 252 240 212 (z adresem zamieszkania region d\u00fcne und&nbsp; bulb region). Je\u017celi sytuacja zagra\u017ca \u017cyciu pacjenta mo\u017cna zawsze wzywa\u0107 Pogotowie i dzwoni\u0107 pod numer alarmowy 112. Uwaga: za konsultacj\u0119 telefoniczn\u0105, konsultacj\u0119 z lekarzem og\u00f3lnym oraz, wizyt\u0119 domow\u0105 zostanie na\u0142o\u017cona op\u0142ata lub [...]\" \/>\n<meta property=\"og:url\" content=\"https:\/\/huisartsenpostendelimes.nl\/de\/polski\/\" \/>\n<meta property=\"og:site_name\" content=\"Huisartsenposten De Limes - Deutsch\" \/>\n<meta property=\"article:modified_time\" content=\"2024-05-19T14:35:25+00:00\" \/>\n<meta name=\"twitter:card\" content=\"summary_large_image\" \/>\n<meta name=\"twitter:label1\" content=\"Gesch\u00e4tzte Lesezeit\" \/>\n\t<meta name=\"twitter:data1\" content=\"2\u00a0Minuten\" \/>\n<script type=\"application\/ld+json\" class=\"yoast-schema-graph\">{\"@context\":\"https:\/\/schema.org\",\"@graph\":[{\"@type\":\"WebPage\",\"@id\":\"https:\/\/huisartsenpostendelimes.nl\/de\/polski\/\",\"url\":\"https:\/\/huisartsenpostendelimes.nl\/de\/polski\/\",\"name\":\"Englisch - Huisartsenposten De Limes - Deutsch\",\"isPartOf\":{\"@id\":\"https:\/\/huisartsenpostendelimes.nl\/de\/#website\"},\"datePublished\":\"2023-08-07T10:35:08+00:00\",\"dateModified\":\"2024-05-19T14:35:25+00:00\",\"breadcrumb\":{\"@id\":\"https:\/\/huisartsenpostendelimes.nl\/de\/polski\/#breadcrumb\"},\"inLanguage\":\"de\",\"potentialAction\":[{\"@type\":\"ReadAction\",\"target\":[\"https:\/\/huisartsenpostendelimes.nl\/de\/polski\/\"]}]},{\"@type\":\"BreadcrumbList\",\"@id\":\"https:\/\/huisartsenpostendelimes.nl\/de\/polski\/#breadcrumb\",\"itemListElement\":[{\"@type\":\"ListItem\",\"position\":1,\"name\":\"Home\",\"item\":\"https:\/\/huisartsenpostendelimes.nl\/de\/\"},{\"@type\":\"ListItem\",\"position\":2,\"name\":\"Englisch\"}]},{\"@type\":\"WebSite\",\"@id\":\"https:\/\/huisartsenpostendelimes.nl\/de\/#website\",\"url\":\"https:\/\/huisartsenpostendelimes.nl\/de\/\",\"name\":\"Huisartsenposten De Limes - Deutsch\",\"description\":\"\",\"potentialAction\":[{\"@type\":\"SearchAction\",\"target\":{\"@type\":\"EntryPoint\",\"urlTemplate\":\"https:\/\/huisartsenpostendelimes.nl\/de\/?s={search_term_string}\"},\"query-input\":{\"@type\":\"PropertyValueSpecification\",\"valueRequired\":true,\"valueName\":\"search_term_string\"}}],\"inLanguage\":\"de\"}]}<\/script>\n<!-- \/ Yoast SEO plugin. -->","yoast_head_json":{"title":"Englisch - Huisartsenposten De Limes - Deutsch","robots":{"index":"index","follow":"follow","max-snippet":"max-snippet:-1","max-image-preview":"max-image-preview:large","max-video-preview":"max-video-preview:-1"},"canonical":"https:\/\/huisartsenpostendelimes.nl\/de\/polski\/","og_locale":"de_DE","og_type":"article","og_title":"Englisch - Huisartsenposten De Limes - Deutsch","og_description":"Pomoc medyczna Lekarza Domowego poza godzinami otwarcia praktyki Je\u017celi nagle potrzebna jest pomoc medyczna Lekarza Domowego (LD) i nie mo\u017cna czeka\u0107 a\u017c \"Lekarz Rejonowy\" przyjmuje, mo\u017cna skorzysta\u0107 z pomocy lekarza dy\u017curnego i trzeba si\u0119 skontaktowa\u0107 z Huisartsenposten De LIMES Numer telefonu: +31 88 427 4700 (z adresem zamieszkania region Alphen aan den Rijn, Leiden and Leiderdorp) i Numer telefonu: +31 252 240 212 (z adresem zamieszkania region d\u00fcne und&nbsp; bulb region). Je\u017celi sytuacja zagra\u017ca \u017cyciu pacjenta mo\u017cna zawsze wzywa\u0107 Pogotowie i dzwoni\u0107 pod numer alarmowy 112. Uwaga: za konsultacj\u0119 telefoniczn\u0105, konsultacj\u0119 z lekarzem og\u00f3lnym oraz, wizyt\u0119 domow\u0105 zostanie na\u0142o\u017cona op\u0142ata lub [...]","og_url":"https:\/\/huisartsenpostendelimes.nl\/de\/polski\/","og_site_name":"Huisartsenposten De Limes - Deutsch","article_modified_time":"2024-05-19T14:35:25+00:00","twitter_card":"summary_large_image","twitter_misc":{"Gesch\u00e4tzte Lesezeit":"2\u00a0Minuten"},"schema":{"@context":"https:\/\/schema.org","@graph":[{"@type":"WebPage","@id":"https:\/\/huisartsenpostendelimes.nl\/de\/polski\/","url":"https:\/\/huisartsenpostendelimes.nl\/de\/polski\/","name":"Englisch - Huisartsenposten De Limes - Deutsch","isPartOf":{"@id":"https:\/\/huisartsenpostendelimes.nl\/de\/#website"},"datePublished":"2023-08-07T10:35:08+00:00","dateModified":"2024-05-19T14:35:25+00:00","breadcrumb":{"@id":"https:\/\/huisartsenpostendelimes.nl\/de\/polski\/#breadcrumb"},"inLanguage":"de","potentialAction":[{"@type":"ReadAction","target":["https:\/\/huisartsenpostendelimes.nl\/de\/polski\/"]}]},{"@type":"BreadcrumbList","@id":"https:\/\/huisartsenpostendelimes.nl\/de\/polski\/#breadcrumb","itemListElement":[{"@type":"ListItem","position":1,"name":"Home","item":"https:\/\/huisartsenpostendelimes.nl\/de\/"},{"@type":"ListItem","position":2,"name":"Englisch"}]},{"@type":"WebSite","@id":"https:\/\/huisartsenpostendelimes.nl\/de\/#website","url":"https:\/\/huisartsenpostendelimes.nl\/de\/","name":"Huisartsenposten De Limes - Deutsch","description":"","potentialAction":[{"@type":"SearchAction","target":{"@type":"EntryPoint","urlTemplate":"https:\/\/huisartsenpostendelimes.nl\/de\/?s={search_term_string}"},"query-input":{"@type":"PropertyValueSpecification","valueRequired":true,"valueName":"search_term_string"}}],"inLanguage":"de"}]}},"_links":{"self":[{"href":"https:\/\/huisartsenpostendelimes.nl\/de\/wp-json\/wp\/v2\/pages\/53271","targetHints":{"allow":["GET"]}}],"collection":[{"href":"https:\/\/huisartsenpostendelimes.nl\/de\/wp-json\/wp\/v2\/pages"}],"about":[{"href":"https:\/\/huisartsenpostendelimes.nl\/de\/wp-json\/wp\/v2\/types\/page"}],"author":[{"embeddable":true,"href":"https:\/\/huisartsenpostendelimes.nl\/de\/wp-json\/wp\/v2\/users\/3"}],"replies":[{"embeddable":true,"href":"https:\/\/huisartsenpostendelimes.nl\/de\/wp-json\/wp\/v2\/comments?post=53271"}],"version-history":[{"count":1,"href":"https:\/\/huisartsenpostendelimes.nl\/de\/wp-json\/wp\/v2\/pages\/53271\/revisions"}],"predecessor-version":[{"id":56544,"href":"https:\/\/huisartsenpostendelimes.nl\/de\/wp-json\/wp\/v2\/pages\/53271\/revisions\/56544"}],"wp:attachment":[{"href":"https:\/\/huisartsenpostendelimes.nl\/de\/wp-json\/wp\/v2\/media?parent=53271"}],"curies":[{"name":"wp","href":"https:\/\/api.w.org\/{rel}","templated":true}]}}