{"id":54228,"date":"2023-09-01T10:02:13","date_gmt":"2023-09-01T08:02:13","guid":{"rendered":"https:\/\/temporary.mindd.dev\/?page_id=54228"},"modified":"2024-05-19T16:35:33","modified_gmt":"2024-05-19T14:35:33","slug":"fusion-gp-pfosten-rijnland-en-duin-en-bollenstreek","status":"publish","type":"page","link":"https:\/\/huisartsenpostendelimes.nl\/de\/fusion-gp-pfosten-rijnland-en-duin-en-bollenstreek\/","title":{"rendered":"Zusammenlegung der GP-Posten Rijnland und Dune and Bulb Region"},"content":{"rendered":"\n\n\n<p>Wichtiges Update<\/p>\n\n\n\n<p>Am 1. Januar 2021 wurden die Bereitschaftsdienste der Stichting Samenwerkende Huisartsendiensten Rijnland mit dem Bereitschaftsdienst der Genossenschaftlichen \u00c4rzte Dune and Bulb Region zusammengelegt. Diese Organisation hat einen neuen Namen erhalten:<strong> <\/strong>Huisartsenposten De LIMES.<\/p>\n\n\n\n<p>Als Patient werden Sie diese \u00dcbertragung kaum bemerken. Alle Hausarztkliniken au\u00dferhalb der \u00d6ffnungszeiten bleiben unter den bestehenden Telefonnummern erreichbar. Die Besuchsadressen bleiben gleich, mit den gleichen Triage-Krankenschwestern, Arzthelferinnen, Fahrern, Haus\u00e4rzten und Arbeitsprozessen.<\/p>\n\n\n\n<p>Das einzige, was sich f\u00fcr Sie sichtbar \u00e4ndern wird, ist die Website mit Informationen f\u00fcr Patienten. Die Website von Huisartsenposten Rijnland und die Website von Huisartsenposten Duin- en Bollenstreek sind nicht mehr in Betrieb. Wenn Sie diese Website als Favorit gespeichert haben, bitten wir Sie, diese zu \u00e4ndern.<\/p>\n","protected":false},"excerpt":{"rendered":"<p>Wichtiges Update Am 1. Januar 2021 wurden die Bereitschaftsdienste der Stiftung f\u00fcr kooperative Hausarztdienste Rijnland mit dem Bereitschaftsdienst der Genossenschaftlichen \u00c4rzte Dune and Bulb Region zusammengelegt. Diese Organisation hat einen neuen Namen erhalten: Huisartsenposten De LIMES. Als Patient werden Sie diese \u00dcbertragung kaum bemerken. Alle Hausarztkliniken au\u00dferhalb der \u00d6ffnungszeiten bleiben unter den bestehenden Telefonnummern erreichbar. Die Besuchsadressen bleiben gleich, mit den gleichen Triage-Krankenschwestern, Arzthelferinnen, Fahrern, Haus\u00e4rzten und Arbeitsprozessen. Das einzige, was sich f\u00fcr Sie sichtbar \u00e4ndern wird, ist die Website mit Informationen f\u00fcr Patienten. Die Website von Huisartsenposten Rijnland und die Website von Huisartsenposten Duin- en Bollenstreek sind nicht mehr in Betrieb. Sollten Sie [&#8230;]<\/p>\n","protected":false},"author":3,"featured_media":0,"parent":0,"menu_order":0,"comment_status":"closed","ping_status":"closed","template":"","meta":{"_acf_changed":false,"_trash_the_other_posts":false,"editor_notices":[],"footnotes":""},"class_list":["post-54228","page","type-page","status-publish","hentry"],"acf":[],"yoast_head":"<!-- This site is optimized with the Yoast SEO plugin v26.6 - https:\/\/yoast.com\/wordpress\/plugins\/seo\/ -->\n<title>Zusammenlegung der GP-Posten Rijnland und Dune and Bulb Region - Huisartsenposten De Limes - Deutsch<\/title>\n<meta name=\"robots\" content=\"index, follow, max-snippet:-1, max-image-preview:large, max-video-preview:-1\" \/>\n<link rel=\"canonical\" href=\"https:\/\/huisartsenpostendelimes.nl\/de\/fusion-gp-pfosten-rijnland-en-duin-en-bollenstreek\/\" \/>\n<meta property=\"og:locale\" content=\"de_DE\" \/>\n<meta property=\"og:type\" content=\"article\" \/>\n<meta property=\"og:title\" content=\"Zusammenlegung der GP-Posten Rijnland und Dune and Bulb Region - Huisartsenposten De Limes - Deutsch\" \/>\n<meta property=\"og:description\" content=\"Wichtiges Update Am 1. Januar 2021 wurden die Bereitschaftsdienste der Stiftung f\u00fcr kooperative Hausarztdienste Rijnland mit dem Bereitschaftsdienst der Genossenschaftlichen \u00c4rzte Dune and Bulb Region zusammengelegt. Diese Organisation hat einen neuen Namen erhalten: Huisartsenposten De LIMES. Als Patient werden Sie diese \u00dcbertragung kaum bemerken. Alle Hausarztkliniken au\u00dferhalb der \u00d6ffnungszeiten bleiben unter den bestehenden Telefonnummern erreichbar. Die Besuchsadressen bleiben gleich, mit den gleichen Triage-Krankenschwestern, Arzthelferinnen, Fahrern, Haus\u00e4rzten und Arbeitsprozessen. Das einzige, was sich f\u00fcr Sie sichtbar \u00e4ndern wird, ist die Website mit Informationen f\u00fcr Patienten. Die Website von Huisartsenposten Rijnland und die Website von Huisartsenposten Duin- en Bollenstreek sind nicht mehr in Betrieb. Sollten Sie [...]\" \/>\n<meta property=\"og:url\" content=\"https:\/\/huisartsenpostendelimes.nl\/de\/fusion-gp-pfosten-rijnland-en-duin-en-bollenstreek\/\" \/>\n<meta property=\"og:site_name\" content=\"Huisartsenposten De Limes - Deutsch\" \/>\n<meta property=\"article:modified_time\" content=\"2024-05-19T14:35:33+00:00\" \/>\n<meta name=\"twitter:card\" content=\"summary_large_image\" \/>\n<meta name=\"twitter:label1\" content=\"Gesch\u00e4tzte Lesezeit\" \/>\n\t<meta name=\"twitter:data1\" content=\"1\u00a0Minute\" \/>\n<script type=\"application\/ld+json\" class=\"yoast-schema-graph\">{\"@context\":\"https:\/\/schema.org\",\"@graph\":[{\"@type\":\"WebPage\",\"@id\":\"https:\/\/huisartsenpostendelimes.nl\/de\/fusion-gp-pfosten-rijnland-en-duin-en-bollenstreek\/\",\"url\":\"https:\/\/huisartsenpostendelimes.nl\/de\/fusion-gp-pfosten-rijnland-en-duin-en-bollenstreek\/\",\"name\":\"Zusammenlegung der GP-Posten Rijnland und Dune and Bulb Region - Huisartsenposten De Limes - Deutsch\",\"isPartOf\":{\"@id\":\"https:\/\/huisartsenpostendelimes.nl\/de\/#website\"},\"datePublished\":\"2023-09-01T08:02:13+00:00\",\"dateModified\":\"2024-05-19T14:35:33+00:00\",\"breadcrumb\":{\"@id\":\"https:\/\/huisartsenpostendelimes.nl\/de\/fusion-gp-pfosten-rijnland-en-duin-en-bollenstreek\/#breadcrumb\"},\"inLanguage\":\"de\",\"potentialAction\":[{\"@type\":\"ReadAction\",\"target\":[\"https:\/\/huisartsenpostendelimes.nl\/de\/fusion-gp-pfosten-rijnland-en-duin-en-bollenstreek\/\"]}]},{\"@type\":\"BreadcrumbList\",\"@id\":\"https:\/\/huisartsenpostendelimes.nl\/de\/fusion-gp-pfosten-rijnland-en-duin-en-bollenstreek\/#breadcrumb\",\"itemListElement\":[{\"@type\":\"ListItem\",\"position\":1,\"name\":\"Home\",\"item\":\"https:\/\/huisartsenpostendelimes.nl\/de\/\"},{\"@type\":\"ListItem\",\"position\":2,\"name\":\"Zusammenlegung der GP-Posten Rijnland und Dune and Bulb Region\"}]},{\"@type\":\"WebSite\",\"@id\":\"https:\/\/huisartsenpostendelimes.nl\/de\/#website\",\"url\":\"https:\/\/huisartsenpostendelimes.nl\/de\/\",\"name\":\"Huisartsenposten De Limes - Deutsch\",\"description\":\"\",\"potentialAction\":[{\"@type\":\"SearchAction\",\"target\":{\"@type\":\"EntryPoint\",\"urlTemplate\":\"https:\/\/huisartsenpostendelimes.nl\/de\/?s={search_term_string}\"},\"query-input\":{\"@type\":\"PropertyValueSpecification\",\"valueRequired\":true,\"valueName\":\"search_term_string\"}}],\"inLanguage\":\"de\"}]}<\/script>\n<!-- \/ Yoast SEO plugin. -->","yoast_head_json":{"title":"Zusammenlegung der GP-Posten Rijnland und Dune and Bulb Region - Huisartsenposten De Limes - Deutsch","robots":{"index":"index","follow":"follow","max-snippet":"max-snippet:-1","max-image-preview":"max-image-preview:large","max-video-preview":"max-video-preview:-1"},"canonical":"https:\/\/huisartsenpostendelimes.nl\/de\/fusion-gp-pfosten-rijnland-en-duin-en-bollenstreek\/","og_locale":"de_DE","og_type":"article","og_title":"Zusammenlegung der GP-Posten Rijnland und Dune and Bulb Region - Huisartsenposten De Limes - Deutsch","og_description":"Wichtiges Update Am 1. Januar 2021 wurden die Bereitschaftsdienste der Stiftung f\u00fcr kooperative Hausarztdienste Rijnland mit dem Bereitschaftsdienst der Genossenschaftlichen \u00c4rzte Dune and Bulb Region zusammengelegt. Diese Organisation hat einen neuen Namen erhalten: Huisartsenposten De LIMES. Als Patient werden Sie diese \u00dcbertragung kaum bemerken. Alle Hausarztkliniken au\u00dferhalb der \u00d6ffnungszeiten bleiben unter den bestehenden Telefonnummern erreichbar. Die Besuchsadressen bleiben gleich, mit den gleichen Triage-Krankenschwestern, Arzthelferinnen, Fahrern, Haus\u00e4rzten und Arbeitsprozessen. Das einzige, was sich f\u00fcr Sie sichtbar \u00e4ndern wird, ist die Website mit Informationen f\u00fcr Patienten. Die Website von Huisartsenposten Rijnland und die Website von Huisartsenposten Duin- en Bollenstreek sind nicht mehr in Betrieb. Sollten Sie [...]","og_url":"https:\/\/huisartsenpostendelimes.nl\/de\/fusion-gp-pfosten-rijnland-en-duin-en-bollenstreek\/","og_site_name":"Huisartsenposten De Limes - Deutsch","article_modified_time":"2024-05-19T14:35:33+00:00","twitter_card":"summary_large_image","twitter_misc":{"Gesch\u00e4tzte Lesezeit":"1\u00a0Minute"},"schema":{"@context":"https:\/\/schema.org","@graph":[{"@type":"WebPage","@id":"https:\/\/huisartsenpostendelimes.nl\/de\/fusion-gp-pfosten-rijnland-en-duin-en-bollenstreek\/","url":"https:\/\/huisartsenpostendelimes.nl\/de\/fusion-gp-pfosten-rijnland-en-duin-en-bollenstreek\/","name":"Zusammenlegung der GP-Posten Rijnland und Dune and Bulb Region - Huisartsenposten De Limes - Deutsch","isPartOf":{"@id":"https:\/\/huisartsenpostendelimes.nl\/de\/#website"},"datePublished":"2023-09-01T08:02:13+00:00","dateModified":"2024-05-19T14:35:33+00:00","breadcrumb":{"@id":"https:\/\/huisartsenpostendelimes.nl\/de\/fusion-gp-pfosten-rijnland-en-duin-en-bollenstreek\/#breadcrumb"},"inLanguage":"de","potentialAction":[{"@type":"ReadAction","target":["https:\/\/huisartsenpostendelimes.nl\/de\/fusion-gp-pfosten-rijnland-en-duin-en-bollenstreek\/"]}]},{"@type":"BreadcrumbList","@id":"https:\/\/huisartsenpostendelimes.nl\/de\/fusion-gp-pfosten-rijnland-en-duin-en-bollenstreek\/#breadcrumb","itemListElement":[{"@type":"ListItem","position":1,"name":"Home","item":"https:\/\/huisartsenpostendelimes.nl\/de\/"},{"@type":"ListItem","position":2,"name":"Zusammenlegung der GP-Posten Rijnland und Dune and Bulb Region"}]},{"@type":"WebSite","@id":"https:\/\/huisartsenpostendelimes.nl\/de\/#website","url":"https:\/\/huisartsenpostendelimes.nl\/de\/","name":"Huisartsenposten De Limes - Deutsch","description":"","potentialAction":[{"@type":"SearchAction","target":{"@type":"EntryPoint","urlTemplate":"https:\/\/huisartsenpostendelimes.nl\/de\/?s={search_term_string}"},"query-input":{"@type":"PropertyValueSpecification","valueRequired":true,"valueName":"search_term_string"}}],"inLanguage":"de"}]}},"_links":{"self":[{"href":"https:\/\/huisartsenpostendelimes.nl\/de\/wp-json\/wp\/v2\/pages\/54228","targetHints":{"allow":["GET"]}}],"collection":[{"href":"https:\/\/huisartsenpostendelimes.nl\/de\/wp-json\/wp\/v2\/pages"}],"about":[{"href":"https:\/\/huisartsenpostendelimes.nl\/de\/wp-json\/wp\/v2\/types\/page"}],"author":[{"embeddable":true,"href":"https:\/\/huisartsenpostendelimes.nl\/de\/wp-json\/wp\/v2\/users\/3"}],"replies":[{"embeddable":true,"href":"https:\/\/huisartsenpostendelimes.nl\/de\/wp-json\/wp\/v2\/comments?post=54228"}],"version-history":[{"count":1,"href":"https:\/\/huisartsenpostendelimes.nl\/de\/wp-json\/wp\/v2\/pages\/54228\/revisions"}],"predecessor-version":[{"id":56548,"href":"https:\/\/huisartsenpostendelimes.nl\/de\/wp-json\/wp\/v2\/pages\/54228\/revisions\/56548"}],"wp:attachment":[{"href":"https:\/\/huisartsenpostendelimes.nl\/de\/wp-json\/wp\/v2\/media?parent=54228"}],"curies":[{"name":"wp","href":"https:\/\/api.w.org\/{rel}","templated":true}]}}