{"id":54404,"date":"2023-10-02T15:07:30","date_gmt":"2023-10-02T13:07:30","guid":{"rendered":"https:\/\/temporary.mindd.dev\/?page_id=54404"},"modified":"2024-05-19T16:35:35","modified_gmt":"2024-05-19T14:35:35","slug":"banner","status":"publish","type":"page","link":"https:\/\/huisartsenpostendelimes.nl\/de\/banner\/","title":{"rendered":"Banner"},"content":{"rendered":"\n\n\n<p>F\u00fcr die Website Ihrer Organisation stehen mehrere Banner zur Verf\u00fcgung. W\u00e4hlen Sie unten einen Ort aus, um zu sehen, wie Sie ihn auf Ihrer eigenen Website platzieren k\u00f6nnen.<\/p>\n\n\n\n<h2 class=\"wp-block-heading\">Orte:<\/h2>\n\n\n\n<ul class=\"wp-block-list\">\n<li><a href=\"\/banners\/banner-alphen-a-d-rijn-leiderdorp\/\">Alphen a\/d Rijn<\/a><\/li>\n\n\n\n<li><a href=\"\/banners\/banner-alphen-a-d-rijn-leiderdorp\/\">Leiderdorp, Niederlande<\/a><\/li>\n\n\n\n<li><a href=\"\/banners\/voorhout\/\">Voorhout<\/a><\/li>\n<\/ul>\n","protected":false},"excerpt":{"rendered":"<p>F\u00fcr die Website Ihrer Organisation stehen mehrere Banner zur Verf\u00fcgung. W\u00e4hlen Sie unten einen Ort aus, um zu sehen, wie Sie ihn auf Ihrer eigenen Website platzieren k\u00f6nnen. Orte:<\/p>\n","protected":false},"author":3,"featured_media":0,"parent":0,"menu_order":0,"comment_status":"closed","ping_status":"closed","template":"","meta":{"_acf_changed":false,"_trash_the_other_posts":false,"editor_notices":[],"footnotes":""},"class_list":["post-54404","page","type-page","status-publish","hentry"],"acf":[],"yoast_head":"<!-- This site is optimized with the Yoast SEO plugin v26.6 - https:\/\/yoast.com\/wordpress\/plugins\/seo\/ -->\n<title>Banner - Huisartsenposten De Limes - Deutsch<\/title>\n<meta name=\"robots\" content=\"index, follow, max-snippet:-1, max-image-preview:large, max-video-preview:-1\" \/>\n<link rel=\"canonical\" href=\"https:\/\/huisartsenpostendelimes.nl\/de\/banner\/\" \/>\n<meta property=\"og:locale\" content=\"de_DE\" \/>\n<meta property=\"og:type\" content=\"article\" \/>\n<meta property=\"og:title\" content=\"Banner - Huisartsenposten De Limes - Deutsch\" \/>\n<meta property=\"og:description\" content=\"F\u00fcr die Website Ihrer Organisation stehen mehrere Banner zur Verf\u00fcgung. W\u00e4hlen Sie unten einen Ort aus, um zu sehen, wie Sie ihn auf Ihrer eigenen Website platzieren k\u00f6nnen. Orte:\" \/>\n<meta property=\"og:url\" content=\"https:\/\/huisartsenpostendelimes.nl\/de\/banner\/\" \/>\n<meta property=\"og:site_name\" content=\"Huisartsenposten De Limes - Deutsch\" \/>\n<meta property=\"article:modified_time\" content=\"2024-05-19T14:35:35+00:00\" \/>\n<meta name=\"twitter:card\" content=\"summary_large_image\" \/>\n<meta name=\"twitter:label1\" content=\"Gesch\u00e4tzte Lesezeit\" \/>\n\t<meta name=\"twitter:data1\" content=\"1\u00a0Minute\" \/>\n<script type=\"application\/ld+json\" class=\"yoast-schema-graph\">{\"@context\":\"https:\/\/schema.org\",\"@graph\":[{\"@type\":\"WebPage\",\"@id\":\"https:\/\/huisartsenpostendelimes.nl\/de\/banner\/\",\"url\":\"https:\/\/huisartsenpostendelimes.nl\/de\/banner\/\",\"name\":\"Banner - Huisartsenposten De Limes - Deutsch\",\"isPartOf\":{\"@id\":\"https:\/\/huisartsenpostendelimes.nl\/de\/#website\"},\"datePublished\":\"2023-10-02T13:07:30+00:00\",\"dateModified\":\"2024-05-19T14:35:35+00:00\",\"breadcrumb\":{\"@id\":\"https:\/\/huisartsenpostendelimes.nl\/de\/banner\/#breadcrumb\"},\"inLanguage\":\"de\",\"potentialAction\":[{\"@type\":\"ReadAction\",\"target\":[\"https:\/\/huisartsenpostendelimes.nl\/de\/banner\/\"]}]},{\"@type\":\"BreadcrumbList\",\"@id\":\"https:\/\/huisartsenpostendelimes.nl\/de\/banner\/#breadcrumb\",\"itemListElement\":[{\"@type\":\"ListItem\",\"position\":1,\"name\":\"Home\",\"item\":\"https:\/\/huisartsenpostendelimes.nl\/de\/\"},{\"@type\":\"ListItem\",\"position\":2,\"name\":\"Banner\"}]},{\"@type\":\"WebSite\",\"@id\":\"https:\/\/huisartsenpostendelimes.nl\/de\/#website\",\"url\":\"https:\/\/huisartsenpostendelimes.nl\/de\/\",\"name\":\"Huisartsenposten De Limes - Deutsch\",\"description\":\"\",\"potentialAction\":[{\"@type\":\"SearchAction\",\"target\":{\"@type\":\"EntryPoint\",\"urlTemplate\":\"https:\/\/huisartsenpostendelimes.nl\/de\/?s={search_term_string}\"},\"query-input\":{\"@type\":\"PropertyValueSpecification\",\"valueRequired\":true,\"valueName\":\"search_term_string\"}}],\"inLanguage\":\"de\"}]}<\/script>\n<!-- \/ Yoast SEO plugin. -->","yoast_head_json":{"title":"Banner - Huisartsenposten De Limes - Deutsch","robots":{"index":"index","follow":"follow","max-snippet":"max-snippet:-1","max-image-preview":"max-image-preview:large","max-video-preview":"max-video-preview:-1"},"canonical":"https:\/\/huisartsenpostendelimes.nl\/de\/banner\/","og_locale":"de_DE","og_type":"article","og_title":"Banner - Huisartsenposten De Limes - Deutsch","og_description":"F\u00fcr die Website Ihrer Organisation stehen mehrere Banner zur Verf\u00fcgung. W\u00e4hlen Sie unten einen Ort aus, um zu sehen, wie Sie ihn auf Ihrer eigenen Website platzieren k\u00f6nnen. Orte:","og_url":"https:\/\/huisartsenpostendelimes.nl\/de\/banner\/","og_site_name":"Huisartsenposten De Limes - Deutsch","article_modified_time":"2024-05-19T14:35:35+00:00","twitter_card":"summary_large_image","twitter_misc":{"Gesch\u00e4tzte Lesezeit":"1\u00a0Minute"},"schema":{"@context":"https:\/\/schema.org","@graph":[{"@type":"WebPage","@id":"https:\/\/huisartsenpostendelimes.nl\/de\/banner\/","url":"https:\/\/huisartsenpostendelimes.nl\/de\/banner\/","name":"Banner - Huisartsenposten De Limes - Deutsch","isPartOf":{"@id":"https:\/\/huisartsenpostendelimes.nl\/de\/#website"},"datePublished":"2023-10-02T13:07:30+00:00","dateModified":"2024-05-19T14:35:35+00:00","breadcrumb":{"@id":"https:\/\/huisartsenpostendelimes.nl\/de\/banner\/#breadcrumb"},"inLanguage":"de","potentialAction":[{"@type":"ReadAction","target":["https:\/\/huisartsenpostendelimes.nl\/de\/banner\/"]}]},{"@type":"BreadcrumbList","@id":"https:\/\/huisartsenpostendelimes.nl\/de\/banner\/#breadcrumb","itemListElement":[{"@type":"ListItem","position":1,"name":"Home","item":"https:\/\/huisartsenpostendelimes.nl\/de\/"},{"@type":"ListItem","position":2,"name":"Banner"}]},{"@type":"WebSite","@id":"https:\/\/huisartsenpostendelimes.nl\/de\/#website","url":"https:\/\/huisartsenpostendelimes.nl\/de\/","name":"Huisartsenposten De Limes - Deutsch","description":"","potentialAction":[{"@type":"SearchAction","target":{"@type":"EntryPoint","urlTemplate":"https:\/\/huisartsenpostendelimes.nl\/de\/?s={search_term_string}"},"query-input":{"@type":"PropertyValueSpecification","valueRequired":true,"valueName":"search_term_string"}}],"inLanguage":"de"}]}},"_links":{"self":[{"href":"https:\/\/huisartsenpostendelimes.nl\/de\/wp-json\/wp\/v2\/pages\/54404","targetHints":{"allow":["GET"]}}],"collection":[{"href":"https:\/\/huisartsenpostendelimes.nl\/de\/wp-json\/wp\/v2\/pages"}],"about":[{"href":"https:\/\/huisartsenpostendelimes.nl\/de\/wp-json\/wp\/v2\/types\/page"}],"author":[{"embeddable":true,"href":"https:\/\/huisartsenpostendelimes.nl\/de\/wp-json\/wp\/v2\/users\/3"}],"replies":[{"embeddable":true,"href":"https:\/\/huisartsenpostendelimes.nl\/de\/wp-json\/wp\/v2\/comments?post=54404"}],"version-history":[{"count":1,"href":"https:\/\/huisartsenpostendelimes.nl\/de\/wp-json\/wp\/v2\/pages\/54404\/revisions"}],"predecessor-version":[{"id":56549,"href":"https:\/\/huisartsenpostendelimes.nl\/de\/wp-json\/wp\/v2\/pages\/54404\/revisions\/56549"}],"wp:attachment":[{"href":"https:\/\/huisartsenpostendelimes.nl\/de\/wp-json\/wp\/v2\/media?parent=54404"}],"curies":[{"name":"wp","href":"https:\/\/api.w.org\/{rel}","templated":true}]}}