{"id":54418,"date":"2023-10-02T15:21:28","date_gmt":"2023-10-02T13:21:28","guid":{"rendered":"https:\/\/temporary.mindd.dev\/?page_id=54418"},"modified":"2024-05-19T16:35:39","modified_gmt":"2024-05-19T14:35:39","slug":"voorhout","status":"publish","type":"page","link":"https:\/\/huisartsenpostendelimes.nl\/de\/banner\/voorhout\/","title":{"rendered":"Voorhout"},"content":{"rendered":"\n\n\n<p>Sie k\u00f6nnen das folgende Banner f\u00fcr die Website Ihrer Organisation verwenden. Das Banner passt sich automatisch an die richtige Gr\u00f6\u00dfe an, basierend auf der Gr\u00f6\u00dfe Ihres Bildschirms. Kopieren Sie den Code (unter dem Beispiel) und lassen Sie ihn von Ihrem Webmaster an der gew\u00fcnschten Stelle auf Ihrer Website platzieren.<\/p>\n\n\n\n<div id=\"mindd-widget-openingstijden\"><\/div>\n<script>\n  (function () {\n    var e = document.createElement(\"script\");\n    e.type = \"text\/javascript\";\n    e.async = true;\n    e.src = \"https:\/\/content.moetiknaardedokter.nl\/widgets\/openingstijden\/script.min.js\";\n    e.className = \"mindd-widget-openingstijden-script\";\n    e.dataset.key = \"hx*DN7esG&HxA0Qp2#UUA6!fy\";\n    e.dataset.height = 280;\n\n    var s = document.getElementsByTagName(\"script\")[0];\n    s.parentNode.insertBefore(e, s);\n  })();\n<\/script>\n\n\n\n\n<h2 class=\"wp-block-heading\">Schritt 1<\/h2>\n\n\n\n<p>F\u00fcgen Sie das div unten an der Stelle hinzu, an der das Banner angezeigt werden soll<\/p>\n\n\n\n<pre class=\"wp-block-code\"><code>&lt;div id=\"mindd-widget-openingstijden\">&lt;\/div><\/code><\/pre>\n\n\n\n<h2 class=\"wp-block-heading\">Schritt 2<\/h2>\n\n\n\n<p>Laden Sie das folgende Skript auf die Seite<\/p>\n\n\n\n<pre class=\"wp-block-code\"><code>&lt;script>\r\n  (function () {\r\n    var e = document.createElement(\"script\");\r\n    e.type = \"text\/javascript\";\r\n    e.async = true;\r\n    e.src = \"https:\/\/content.moetiknaardedokter.nl\/widgets\/openingstijden\/script.min.js\";\r\n    e.className = \"mindd-widget-openingstijden-script\";\r\n    e.dataset.key = \"hx*DN7esG&amp;HxA0Qp2#UUA6!fy\";\r\n    e.dataset.height = 280;\r\n\r\n    var s = document.getElementsByTagName(\"script\")&#91;0];\r\n    s.parentNode.insertBefore(e, s);\r\n  })();\r\n&lt;\/script><\/code><\/pre>\n","protected":false},"excerpt":{"rendered":"<p>Sie k\u00f6nnen das folgende Banner f\u00fcr die Website Ihrer Organisation verwenden. Das Banner passt sich automatisch an die richtige Gr\u00f6\u00dfe an, basierend auf der Gr\u00f6\u00dfe Ihres Bildschirms. Kopieren Sie den Code (unter dem Beispiel) und lassen Sie ihn von Ihrem Webmaster an der gew\u00fcnschten Stelle auf Ihrer Website platzieren. Schritt 1 F\u00fcgen Sie das div unten hinzu, wo das Banner angezeigt werden soll Schritt 2 Laden Sie das folgende Skript auf die Seite<\/p>\n","protected":false},"author":3,"featured_media":0,"parent":54404,"menu_order":0,"comment_status":"closed","ping_status":"closed","template":"","meta":{"_acf_changed":false,"_trash_the_other_posts":false,"editor_notices":[],"footnotes":""},"class_list":["post-54418","page","type-page","status-publish","hentry"],"acf":[],"yoast_head":"<!-- This site is optimized with the Yoast SEO plugin v26.6 - https:\/\/yoast.com\/wordpress\/plugins\/seo\/ -->\n<title>Voorhout - Huisartsenposten De Limes - Deutsch<\/title>\n<meta name=\"robots\" content=\"index, follow, max-snippet:-1, max-image-preview:large, max-video-preview:-1\" \/>\n<link rel=\"canonical\" href=\"https:\/\/huisartsenpostendelimes.nl\/de\/banner\/voorhout\/\" \/>\n<meta property=\"og:locale\" content=\"de_DE\" \/>\n<meta property=\"og:type\" content=\"article\" \/>\n<meta property=\"og:title\" content=\"Voorhout - Huisartsenposten De Limes - Deutsch\" \/>\n<meta property=\"og:description\" content=\"Sie k\u00f6nnen das folgende Banner f\u00fcr die Website Ihrer Organisation verwenden. Das Banner passt sich automatisch an die richtige Gr\u00f6\u00dfe an, basierend auf der Gr\u00f6\u00dfe Ihres Bildschirms. Kopieren Sie den Code (unter dem Beispiel) und lassen Sie ihn von Ihrem Webmaster an der gew\u00fcnschten Stelle auf Ihrer Website platzieren. Schritt 1 F\u00fcgen Sie das div unten hinzu, wo das Banner angezeigt werden soll Schritt 2 Laden Sie das folgende Skript auf die Seite\" \/>\n<meta property=\"og:url\" content=\"https:\/\/huisartsenpostendelimes.nl\/de\/banner\/voorhout\/\" \/>\n<meta property=\"og:site_name\" content=\"Huisartsenposten De Limes - Deutsch\" \/>\n<meta property=\"article:modified_time\" content=\"2024-05-19T14:35:39+00:00\" \/>\n<meta name=\"twitter:card\" content=\"summary_large_image\" \/>\n<meta name=\"twitter:label1\" content=\"Gesch\u00e4tzte Lesezeit\" \/>\n\t<meta name=\"twitter:data1\" content=\"1\u00a0Minute\" \/>\n<script type=\"application\/ld+json\" class=\"yoast-schema-graph\">{\"@context\":\"https:\/\/schema.org\",\"@graph\":[{\"@type\":\"WebPage\",\"@id\":\"https:\/\/huisartsenpostendelimes.nl\/de\/banner\/voorhout\/\",\"url\":\"https:\/\/huisartsenpostendelimes.nl\/de\/banner\/voorhout\/\",\"name\":\"Voorhout - Huisartsenposten De Limes - Deutsch\",\"isPartOf\":{\"@id\":\"https:\/\/huisartsenpostendelimes.nl\/de\/#website\"},\"datePublished\":\"2023-10-02T13:21:28+00:00\",\"dateModified\":\"2024-05-19T14:35:39+00:00\",\"breadcrumb\":{\"@id\":\"https:\/\/huisartsenpostendelimes.nl\/de\/banner\/voorhout\/#breadcrumb\"},\"inLanguage\":\"de\",\"potentialAction\":[{\"@type\":\"ReadAction\",\"target\":[\"https:\/\/huisartsenpostendelimes.nl\/de\/banner\/voorhout\/\"]}]},{\"@type\":\"BreadcrumbList\",\"@id\":\"https:\/\/huisartsenpostendelimes.nl\/de\/banner\/voorhout\/#breadcrumb\",\"itemListElement\":[{\"@type\":\"ListItem\",\"position\":1,\"name\":\"Home\",\"item\":\"https:\/\/huisartsenpostendelimes.nl\/de\/\"},{\"@type\":\"ListItem\",\"position\":2,\"name\":\"Banner\",\"item\":\"https:\/\/huisartsenpostendelimes.nl\/de\/banner\/\"},{\"@type\":\"ListItem\",\"position\":3,\"name\":\"Voorhout\"}]},{\"@type\":\"WebSite\",\"@id\":\"https:\/\/huisartsenpostendelimes.nl\/de\/#website\",\"url\":\"https:\/\/huisartsenpostendelimes.nl\/de\/\",\"name\":\"Huisartsenposten De Limes - Deutsch\",\"description\":\"\",\"potentialAction\":[{\"@type\":\"SearchAction\",\"target\":{\"@type\":\"EntryPoint\",\"urlTemplate\":\"https:\/\/huisartsenpostendelimes.nl\/de\/?s={search_term_string}\"},\"query-input\":{\"@type\":\"PropertyValueSpecification\",\"valueRequired\":true,\"valueName\":\"search_term_string\"}}],\"inLanguage\":\"de\"}]}<\/script>\n<!-- \/ Yoast SEO plugin. -->","yoast_head_json":{"title":"Voorhout - Huisartsenposten De Limes - Deutsch","robots":{"index":"index","follow":"follow","max-snippet":"max-snippet:-1","max-image-preview":"max-image-preview:large","max-video-preview":"max-video-preview:-1"},"canonical":"https:\/\/huisartsenpostendelimes.nl\/de\/banner\/voorhout\/","og_locale":"de_DE","og_type":"article","og_title":"Voorhout - Huisartsenposten De Limes - Deutsch","og_description":"Sie k\u00f6nnen das folgende Banner f\u00fcr die Website Ihrer Organisation verwenden. Das Banner passt sich automatisch an die richtige Gr\u00f6\u00dfe an, basierend auf der Gr\u00f6\u00dfe Ihres Bildschirms. Kopieren Sie den Code (unter dem Beispiel) und lassen Sie ihn von Ihrem Webmaster an der gew\u00fcnschten Stelle auf Ihrer Website platzieren. Schritt 1 F\u00fcgen Sie das div unten hinzu, wo das Banner angezeigt werden soll Schritt 2 Laden Sie das folgende Skript auf die Seite","og_url":"https:\/\/huisartsenpostendelimes.nl\/de\/banner\/voorhout\/","og_site_name":"Huisartsenposten De Limes - Deutsch","article_modified_time":"2024-05-19T14:35:39+00:00","twitter_card":"summary_large_image","twitter_misc":{"Gesch\u00e4tzte Lesezeit":"1\u00a0Minute"},"schema":{"@context":"https:\/\/schema.org","@graph":[{"@type":"WebPage","@id":"https:\/\/huisartsenpostendelimes.nl\/de\/banner\/voorhout\/","url":"https:\/\/huisartsenpostendelimes.nl\/de\/banner\/voorhout\/","name":"Voorhout - Huisartsenposten De Limes - Deutsch","isPartOf":{"@id":"https:\/\/huisartsenpostendelimes.nl\/de\/#website"},"datePublished":"2023-10-02T13:21:28+00:00","dateModified":"2024-05-19T14:35:39+00:00","breadcrumb":{"@id":"https:\/\/huisartsenpostendelimes.nl\/de\/banner\/voorhout\/#breadcrumb"},"inLanguage":"de","potentialAction":[{"@type":"ReadAction","target":["https:\/\/huisartsenpostendelimes.nl\/de\/banner\/voorhout\/"]}]},{"@type":"BreadcrumbList","@id":"https:\/\/huisartsenpostendelimes.nl\/de\/banner\/voorhout\/#breadcrumb","itemListElement":[{"@type":"ListItem","position":1,"name":"Home","item":"https:\/\/huisartsenpostendelimes.nl\/de\/"},{"@type":"ListItem","position":2,"name":"Banner","item":"https:\/\/huisartsenpostendelimes.nl\/de\/banner\/"},{"@type":"ListItem","position":3,"name":"Voorhout"}]},{"@type":"WebSite","@id":"https:\/\/huisartsenpostendelimes.nl\/de\/#website","url":"https:\/\/huisartsenpostendelimes.nl\/de\/","name":"Huisartsenposten De Limes - Deutsch","description":"","potentialAction":[{"@type":"SearchAction","target":{"@type":"EntryPoint","urlTemplate":"https:\/\/huisartsenpostendelimes.nl\/de\/?s={search_term_string}"},"query-input":{"@type":"PropertyValueSpecification","valueRequired":true,"valueName":"search_term_string"}}],"inLanguage":"de"}]}},"_links":{"self":[{"href":"https:\/\/huisartsenpostendelimes.nl\/de\/wp-json\/wp\/v2\/pages\/54418","targetHints":{"allow":["GET"]}}],"collection":[{"href":"https:\/\/huisartsenpostendelimes.nl\/de\/wp-json\/wp\/v2\/pages"}],"about":[{"href":"https:\/\/huisartsenpostendelimes.nl\/de\/wp-json\/wp\/v2\/types\/page"}],"author":[{"embeddable":true,"href":"https:\/\/huisartsenpostendelimes.nl\/de\/wp-json\/wp\/v2\/users\/3"}],"replies":[{"embeddable":true,"href":"https:\/\/huisartsenpostendelimes.nl\/de\/wp-json\/wp\/v2\/comments?post=54418"}],"version-history":[{"count":1,"href":"https:\/\/huisartsenpostendelimes.nl\/de\/wp-json\/wp\/v2\/pages\/54418\/revisions"}],"predecessor-version":[{"id":56551,"href":"https:\/\/huisartsenpostendelimes.nl\/de\/wp-json\/wp\/v2\/pages\/54418\/revisions\/56551"}],"up":[{"embeddable":true,"href":"https:\/\/huisartsenpostendelimes.nl\/de\/wp-json\/wp\/v2\/pages\/54404"}],"wp:attachment":[{"href":"https:\/\/huisartsenpostendelimes.nl\/de\/wp-json\/wp\/v2\/media?parent=54418"}],"curies":[{"name":"wp","href":"https:\/\/api.w.org\/{rel}","templated":true}]}}