{"id":21,"date":"2022-09-02T13:58:34","date_gmt":"2022-09-02T11:58:34","guid":{"rendered":"https:\/\/huisartsenspoedpost-zeist.mindd.dev\/?page_id=21"},"modified":"2024-05-22T09:38:02","modified_gmt":"2024-05-22T07:38:02","slug":"404-2","status":"publish","type":"page","link":"https:\/\/huisartsenpostendelimes.nl\/pl\/404-2\/","title":{"rendered":"404"},"content":{"rendered":"\n\n\n<p>Strona, kt\u00f3rej szukasz, ju\u017c nie istnieje. Mo\u017cesz znale\u017a\u0107 to, czego szukasz, gdy przejdziesz do<a href=\"\/\">h<\/a><a href=\"https:\/\/temporary.mindd.dev\/\">Strona g\u0142\u00f3wna<\/a>Idzie. Mo\u017cesz te\u017c wypr\u00f3bowa\u0107 poni\u017csze pole wyszukiwania.<\/p>\n\n\n<form role=\"search\" method=\"get\" action=\"https:\/\/huisartsenpostendelimes.nl\/pl\/\" class=\"wp-block-search__button-outside wp-block-search__text-button wp-block-search\"    ><label class=\"wp-block-search__label screen-reader-text\" for=\"wp-block-search__input-1\" >Zoeken<\/label><div class=\"wp-block-search__inside-wrapper\" ><input class=\"wp-block-search__input\" id=\"wp-block-search__input-1\" placeholder=\"Zoek op deze website\" value=\"\" type=\"search\" name=\"s\" required \/><button aria-label=\"Zoeken\" class=\"wp-block-search__button wp-element-button\" type=\"submit\" >Zoeken<\/button><\/div><\/form>","protected":false},"excerpt":{"rendered":"<p>Strona, kt\u00f3rej szukasz, ju\u017c nie istnieje. Mo\u017cesz znale\u017a\u0107 to, czego szukasz, gdy przejdziesz do strony g\u0142\u00f3wnej. Mo\u017cesz te\u017c wypr\u00f3bowa\u0107 poni\u017csze pole wyszukiwania.<\/p>\n","protected":false},"author":3,"featured_media":0,"parent":0,"menu_order":0,"comment_status":"closed","ping_status":"closed","template":"","meta":{"_acf_changed":false,"_trash_the_other_posts":false,"editor_notices":[],"footnotes":""},"class_list":["post-21","page","type-page","status-publish","hentry"],"acf":[],"yoast_head":"<!-- This site is optimized with the Yoast SEO plugin v26.6 - https:\/\/yoast.com\/wordpress\/plugins\/seo\/ -->\n<title>404 - Huisartsenposten De Limes - Polski<\/title>\n<meta name=\"robots\" content=\"noindex, follow, max-snippet:-1, max-image-preview:large, max-video-preview:-1\" \/>\n<meta property=\"og:locale\" content=\"pl_PL\" \/>\n<meta property=\"og:type\" content=\"article\" \/>\n<meta property=\"og:title\" content=\"404 - Huisartsenposten De Limes - Polski\" \/>\n<meta property=\"og:description\" content=\"Strona, kt\u00f3rej szukasz, ju\u017c nie istnieje. Mo\u017cesz znale\u017a\u0107 to, czego szukasz, gdy przejdziesz do strony g\u0142\u00f3wnej. Mo\u017cesz te\u017c wypr\u00f3bowa\u0107 poni\u017csze pole wyszukiwania.\" \/>\n<meta property=\"og:url\" content=\"https:\/\/huisartsenpostendelimes.nl\/pl\/404-2\/\" \/>\n<meta property=\"og:site_name\" content=\"Huisartsenposten De Limes - Polski\" \/>\n<meta property=\"article:modified_time\" content=\"2024-05-22T07:38:02+00:00\" \/>\n<meta name=\"twitter:card\" content=\"summary_large_image\" \/>\n<meta name=\"twitter:label1\" content=\"Szacowany czas czytania\" \/>\n\t<meta name=\"twitter:data1\" content=\"1 minuta\" \/>\n<script type=\"application\/ld+json\" class=\"yoast-schema-graph\">{\"@context\":\"https:\/\/schema.org\",\"@graph\":[{\"@type\":\"WebPage\",\"@id\":\"https:\/\/huisartsenpostendelimes.nl\/pl\/404-2\/\",\"url\":\"https:\/\/huisartsenpostendelimes.nl\/pl\/404-2\/\",\"name\":\"404 - Huisartsenposten De Limes - Polski\",\"isPartOf\":{\"@id\":\"https:\/\/huisartsenpostendelimes.nl\/pl\/#website\"},\"datePublished\":\"2022-09-02T11:58:34+00:00\",\"dateModified\":\"2024-05-22T07:38:02+00:00\",\"breadcrumb\":{\"@id\":\"https:\/\/huisartsenpostendelimes.nl\/pl\/404-2\/#breadcrumb\"},\"inLanguage\":\"pl-PL\",\"potentialAction\":[{\"@type\":\"ReadAction\",\"target\":[\"https:\/\/huisartsenpostendelimes.nl\/pl\/404-2\/\"]}]},{\"@type\":\"BreadcrumbList\",\"@id\":\"https:\/\/huisartsenpostendelimes.nl\/pl\/404-2\/#breadcrumb\",\"itemListElement\":[{\"@type\":\"ListItem\",\"position\":1,\"name\":\"Home\",\"item\":\"https:\/\/huisartsenpostendelimes.nl\/pl\/\"},{\"@type\":\"ListItem\",\"position\":2,\"name\":\"404\"}]},{\"@type\":\"WebSite\",\"@id\":\"https:\/\/huisartsenpostendelimes.nl\/pl\/#website\",\"url\":\"https:\/\/huisartsenpostendelimes.nl\/pl\/\",\"name\":\"Huisartsenposten De Limes - Polski\",\"description\":\"\",\"potentialAction\":[{\"@type\":\"SearchAction\",\"target\":{\"@type\":\"EntryPoint\",\"urlTemplate\":\"https:\/\/huisartsenpostendelimes.nl\/pl\/?s={search_term_string}\"},\"query-input\":{\"@type\":\"PropertyValueSpecification\",\"valueRequired\":true,\"valueName\":\"search_term_string\"}}],\"inLanguage\":\"pl-PL\"}]}<\/script>\n<!-- \/ Yoast SEO plugin. -->","yoast_head_json":{"title":"404 - Huisartsenposten De Limes - Polski","robots":{"index":"noindex","follow":"follow","max-snippet":"max-snippet:-1","max-image-preview":"max-image-preview:large","max-video-preview":"max-video-preview:-1"},"og_locale":"pl_PL","og_type":"article","og_title":"404 - Huisartsenposten De Limes - Polski","og_description":"Strona, kt\u00f3rej szukasz, ju\u017c nie istnieje. Mo\u017cesz znale\u017a\u0107 to, czego szukasz, gdy przejdziesz do strony g\u0142\u00f3wnej. Mo\u017cesz te\u017c wypr\u00f3bowa\u0107 poni\u017csze pole wyszukiwania.","og_url":"https:\/\/huisartsenpostendelimes.nl\/pl\/404-2\/","og_site_name":"Huisartsenposten De Limes - Polski","article_modified_time":"2024-05-22T07:38:02+00:00","twitter_card":"summary_large_image","twitter_misc":{"Szacowany czas czytania":"1 minuta"},"schema":{"@context":"https:\/\/schema.org","@graph":[{"@type":"WebPage","@id":"https:\/\/huisartsenpostendelimes.nl\/pl\/404-2\/","url":"https:\/\/huisartsenpostendelimes.nl\/pl\/404-2\/","name":"404 - Huisartsenposten De Limes - Polski","isPartOf":{"@id":"https:\/\/huisartsenpostendelimes.nl\/pl\/#website"},"datePublished":"2022-09-02T11:58:34+00:00","dateModified":"2024-05-22T07:38:02+00:00","breadcrumb":{"@id":"https:\/\/huisartsenpostendelimes.nl\/pl\/404-2\/#breadcrumb"},"inLanguage":"pl-PL","potentialAction":[{"@type":"ReadAction","target":["https:\/\/huisartsenpostendelimes.nl\/pl\/404-2\/"]}]},{"@type":"BreadcrumbList","@id":"https:\/\/huisartsenpostendelimes.nl\/pl\/404-2\/#breadcrumb","itemListElement":[{"@type":"ListItem","position":1,"name":"Home","item":"https:\/\/huisartsenpostendelimes.nl\/pl\/"},{"@type":"ListItem","position":2,"name":"404"}]},{"@type":"WebSite","@id":"https:\/\/huisartsenpostendelimes.nl\/pl\/#website","url":"https:\/\/huisartsenpostendelimes.nl\/pl\/","name":"Huisartsenposten De Limes - Polski","description":"","potentialAction":[{"@type":"SearchAction","target":{"@type":"EntryPoint","urlTemplate":"https:\/\/huisartsenpostendelimes.nl\/pl\/?s={search_term_string}"},"query-input":{"@type":"PropertyValueSpecification","valueRequired":true,"valueName":"search_term_string"}}],"inLanguage":"pl-PL"}]}},"_links":{"self":[{"href":"https:\/\/huisartsenpostendelimes.nl\/pl\/wp-json\/wp\/v2\/pages\/21","targetHints":{"allow":["GET"]}}],"collection":[{"href":"https:\/\/huisartsenpostendelimes.nl\/pl\/wp-json\/wp\/v2\/pages"}],"about":[{"href":"https:\/\/huisartsenpostendelimes.nl\/pl\/wp-json\/wp\/v2\/types\/page"}],"author":[{"embeddable":true,"href":"https:\/\/huisartsenpostendelimes.nl\/pl\/wp-json\/wp\/v2\/users\/3"}],"replies":[{"embeddable":true,"href":"https:\/\/huisartsenpostendelimes.nl\/pl\/wp-json\/wp\/v2\/comments?post=21"}],"version-history":[{"count":0,"href":"https:\/\/huisartsenpostendelimes.nl\/pl\/wp-json\/wp\/v2\/pages\/21\/revisions"}],"wp:attachment":[{"href":"https:\/\/huisartsenpostendelimes.nl\/pl\/wp-json\/wp\/v2\/media?parent=21"}],"curies":[{"name":"wp","href":"https:\/\/api.w.org\/{rel}","templated":true}]}}