{"id":241,"date":"2022-11-08T17:01:51","date_gmt":"2022-11-08T16:01:51","guid":{"rendered":"https:\/\/huisartsenspoedpost-zeist.mindd.dev\/?page_id=241"},"modified":"2026-03-19T11:38:29","modified_gmt":"2026-03-19T10:38:29","slug":"prywatnosc","status":"publish","type":"page","link":"https:\/\/huisartsenpostendelimes.nl\/pl\/prywatnosc\/","title":{"rendered":"Polityka prywatno\u015bci"},"content":{"rendered":"\n\n\n<h2 class=\"wp-block-heading\">Twoje dane osobowe <br>i twoja prywatno\u015b\u0107 <br>Punkty ratunkowe lekarzy rodzinnych <br>The LIMES<\/h2>\n\n\n\n<p><strong>Informacje og\u00f3lne<\/strong><\/p>\n\n\n\n<p>Aby zapewni\u0107 pacjentom dobr\u0105 opiek\u0119 medyczn\u0105 w przypadku kontaktu z punktami ratunkowymi De LIMES, rejestrujemy Twoje dane osobowe i medyczne. Robimy to zgodnie z Ustaw\u0105 o Umowie o Leczeniu Medycznym (WGBO) oraz Og\u00f3lnym Rozporz\u0105dzeniem o Ochronie Danych (RODO). Oznacza to, \u017ce wykorzystujemy Twoje dane do zapewnienia opieki medycznej i powi\u0105zanej (finansowej) administracji oraz chronimy Twoje dane przed naruszeniami ze strony os\u00f3b trzecich.<\/p>\n\n\n\n<p><strong>Przechowywanie rozm\u00f3w i zdj\u0119\u0107 dla jako\u015bci i cel\u00f3w szkoleniowych<\/strong><\/p>\n\n\n\n<p>Przechowujemy rozmowy i zdj\u0119cia dla jako\u015bci i szkolenia. Pomaga nam to ulepsza\u0107 nasze us\u0142ugi i szkoli\u0107 pracownik\u00f3w. Przechowywane rozmowy i zdj\u0119cia s\u0105 traktowane w najwy\u017cszym zakresie poufno\u015bci i przegl\u0105dane wy\u0142\u0105cznie przez osoby upowa\u017cnione.<\/p>\n\n\n\n<p>Nagrania s\u0105 przechowywane&nbsp;przez rok.<\/p>\n\n\n\n<p><strong>Dostawcy<\/strong><\/p>\n\n\n\n<p>Zatrudnili\u015bmy dostawc\u00f3w ICT do utrzymania i zarz\u0105dzania naszym dostarczaniem informacji. Starannie wybrali\u015bmy tych dostawc\u00f3w i zawarli\u015bmy z nimi jasne umowy dotycz\u0105ce poufno\u015bci i bezpiecze\u0144stwa.<br>Je\u015bli mimo naszych dzia\u0142a\u0144 zdarzy si\u0119, \u017ce osoby trzecie uzyskaj\u0105 nieautoryzowany dost\u0119p do Twoich danych, zg\u0142osimy to Holenderskiemu Urz\u0119dowi Ochrony Danych (AP).<\/p>\n\n\n\n<p><strong>MINDD<\/strong><\/p>\n\n\n\n<p>Czy korzystasz z naszego cyfrowego narz\u0119dzia do samo-triage? Chcieliby\u015bmy zwr\u00f3ci\u0107 uwag\u0119 na o\u015bwiadczenie o prywatno\u015bci MINDD. Wi\u0119cej informacji na ten temat znajdziesz pod nast\u0119puj\u0105cym linkiem: <a href=\"https:\/\/huisartsenpostendelimes.nl\/gebruiksvoorwaarden\/\">Warunki u\u017cytkowania &#8211; Huisartsenposten De Limes<\/a>.<\/p>\n\n\n\n<p><strong>Rejestracja Zarejestrowana (ION)<\/strong><\/p>\n\n\n\n<p>\u015awiadczymy opiek\u0119 ratunkow\u0105 pacjentom zarejestrowanym jako stali pacjenci w przychodni og\u00f3lnej w naszym regionie. Oferujemy r\u00f3wnie\u017c opiek\u0119 pacjentom zarejestrowanym w innym regionie. Je\u015bli zg\u0142osisz si\u0119 do stacji medycznych LIMES z pytaniem dotycz\u0105cym opieki ostrej, zebramy informacje o Tobie od Twojej w\u0142asnej praktyki lekarza rodzinnego. Robimy to tylko wtedy, gdy wyrazisz na to zgod\u0119. Dzi\u0119ki szczeg\u00f3\u0142om Twojego lekarza rodzinnego mo\u017cemy lepiej Ci\u0119 leczy\u0107. Wy\u015blemy r\u00f3wnie\u017c Twojemu lekarzowi rodzinnego wiadomo\u015b\u0107 dotycz\u0105c\u0105 leczenia w przychodni lekarskiej. Tw\u00f3j lekarz rodzinny mo\u017ce wtedy kontynuowa\u0107 leczenie.<\/p>\n\n\n\n<p>Chcemy mie\u0107 pewno\u015b\u0107, \u017ce poinformujemy odpowiedni\u0105 praktyk\u0119 rodzinn\u0105 o Twoim leczeniu. Dlatego sprawdzamy to w bazie danych Rejestracja wed\u0142ug nazwiska, zarz\u0105dzanej przez Fundacj\u0119 Rejestracji wed\u0142ug Nazwiska. W tej bazie danych praktyki rodzinne same rejestruj\u0105, kto jest u nich zarejestrowany (zobacz <a href=\"http:\/\/www.inschrijvingopnaam.nl\">www.inschrijvingopnaam.nl<\/a>). Ta baza danych nie zawiera \u017cadnych danych medycznych na Tw\u00f3j temat, jedynie informacj\u0119, \u017ce jeste\u015b zarejestrowany w swojej przychodni rodzinnej.<\/p>\n\n\n\n<p>Je\u015bli masz jakiekolwiek pytania dotycz\u0105ce bazy danych lub korzystania z Twoich danych, mo\u017cesz skontaktowa\u0107 si\u0119 ze Stichting ION przez formularz kontaktowy na stronie:&nbsp;<a href=\"http:\/\/www.inschrijvingopnaam.nl\/contactformulier\" target=\"_blank\" rel=\"noreferrer noopener\">www.inschrijvingopnaam.nl\/contactformulier<\/a><\/p>\n\n\n\n<p><strong>Wymiana danych medycznych<\/strong><\/p>\n\n\n\n<p>Jako GP Emergency Stations De LIMOS, odpowiadamy za przetwarzanie danych osobowych zgodnie z RODO. Zbieramy Twoje dane do konkretnych cel\u00f3w, takich jak opieka, polityka, badania oraz doskonalenie naszych us\u0142ug. Nie wykorzystujemy Twoich danych do \u017cadnych innych cel\u00f3w bez Twojej wiedzy. Gwarantujemy poufno\u015b\u0107 i bezpiecze\u0144stwo Twoich danych i nie przechowujemy ich d\u0142u\u017cej ni\u017c jest to konieczne dla dobrej opieki i tak d\u0142ugo, jak wymaga tego prawo.<\/p>\n\n\n\n<p>Je\u015bli by\u0142e\u015b w przychodni lekarza rodzinnego wieczorem lub w weekend, przekazamy komunikat obserwacyjny z praktyk\u0105 lekarza rodzinnego. Dzi\u0119ki temu Tw\u00f3j lekarz rodzinny dok\u0142adnie wie, jakie skargi zg\u0142asza\u0142e\u015b do punktu&nbsp; ratunkowego i co zosta\u0142o podj\u0119te w odpowiedzi.&nbsp;<\/p>\n\n\n\n<p>Dane dotycz\u0105ce lek\u00f3w mog\u0105 by\u0107 r\u00f3wnie\u017c udost\u0119pniane aptece, s\u0142u\u017cbie ratunkowej i szpitalom. Dotyczy to lek\u00f3w przepisanych przez lekarza rodzinnego, ale tak\u017ce wszelkich nietolerancji, przeciwwskaza\u0144 i alergii (dane ICA). Inni lekarze i dostawcy lek\u00f3w mog\u0105 to uwzgl\u0119dni\u0107. W ten spos\u00f3b, jako stacja medyczna lekarza rodzinnego, przyczyniamy si\u0119 do bezpiecze\u0144stwa przyjmowania lek\u00f3w.<\/p>\n\n\n\n<p><em>Medirisk<\/em><\/p>\n\n\n\n<p>Je\u015bli jest to konieczne&nbsp; do rozpatrywania roszcze\u0144 lub post\u0119powa\u0144 prawnych, w kt\u00f3rych dane medyczne s\u0105 istotne, udost\u0119pniamy Twoje dane Medirisk. Zarz\u0105dzaj\u0105 twoimi danymi poufnie i bezpiecznie.<\/p>\n\n\n\n<p><em>Badania Holenderskiego Instytutu Bada\u0144 nad Opieczno\u015bci\u0105 Opieki Zdrowotnej (Nivel)<\/em><\/p>\n\n\n\n<p>Dotyczy to rejestracji Nivel Primary Care Registrations. Celem tego badania jest przedstawienie og\u00f3lnokrajowego obrazu korzystania ze zdrowia i opieki przez populacj\u0119 holendersk\u0105, aby poprawi\u0107 opiece zdrowotnej. Nivel ma bardzo rygorystyczn\u0105 polityk\u0119 prywatno\u015bci. Wi\u0119cej informacji mo\u017cna znale\u017a\u0107 na stronie internetowej Nivel Primary&nbsp;Care Registrations <a href=\"http:\/\/www.nivel.nl\/zorgregistraties\">www.nivel.nl\/zorgregistraties<\/a>.<\/p>\n\n\n\n<p><em>Badania naukowe z twoimi danymi medycznymi<\/em><\/p>\n\n\n\n<p>Badania naukowe oparte na istniej\u0105cych danych medycznych s\u0105 wa\u017cn\u0105 form\u0105 bada\u0144 s\u0142u\u017c\u0105c\u0105 ci\u0105g\u0142emu doskonaleniu opieki. Dane te dostarczaj\u0105 wgl\u0105du w przebieg choroby oraz spos\u00f3b leczenia pacjent\u00f3w. Stacje ratunkowe GP LIMES dostarcza wi\u0119c danych do bada\u0144 naukowych.<\/p>\n\n\n\n<p>Do badania z dost\u0119pnymi danymi medycznymi korzystamy z danych od Twojego (telefonicznego) kontaktu. Aby chroni\u0107 Twoj\u0105 prywatno\u015b\u0107, Twoje dane osobowe s\u0105 anonimizowane. Obejmuje to dane takie jak Twoje imi\u0119 i nazwisko, adres, data urodzenia, numer ubezpieczenia spo\u0142ecznego. To sprawia, \u017ce nie da si\u0119 ustali\u0107, od kogo pochodz\u0105 dane.<\/p>\n\n\n\n<p><strong>Twoje prawa<\/strong><\/p>\n\n\n\n<p>Je\u015bli nie chcesz, aby\u015bmy wykorzystywali Twoje dane medyczne do bada\u0144 naukowych, mo\u017cesz nam to przekaza\u0107 przez info@hpdelimes.nl. W takim przypadku Twoje dane nie b\u0119d\u0105 wykorzystywane.<\/p>\n\n\n\n<p>Masz r\u00f3wnie\u017c prawo do przegl\u0105dania swoich danych. Aby zobaczy\u0107 swoj\u0105 dokumentacj\u0119 medyczn\u0105, skontaktuj si\u0119 ze swoim lekarzem rodzinnym. Pacjenci mieszkaj\u0105cy poza naszym obszarem mog\u0105 kontaktowa\u0107 si\u0119 z punktami ratunkowymi LIMES GP przez&nbsp;<a href=\"mailto:info@hpdelimes.nl\">info@hpdelimes.nl<\/a>&nbsp;Je\u015bli oka\u017ce si\u0119, \u017ce dane o tobie s\u0105 nieprawid\u0142owe, masz prawo do ich korekty lub usuni\u0119cia przez nas.<\/p>\n\n\n\n<p>Aby zmieni\u0107 lub usun\u0105\u0107 dane w swoich raportach kontaktowych, mo\u017cesz zg\u0142osi\u0107 to przez info@hpdelimes.nl.<\/p>\n\n\n\n<p><strong>Masz pytanie lub skarg\u0119 na swoj\u0105 prywatno\u015b\u0107?<\/strong><\/p>\n\n\n\n<p>Prosimy o kontakt z naszym Inspektorem ds. Ochrony Danych przez&nbsp;<a href=\"mailto:informatiebeveiliging@hpdelimes.nl\">informatiebeveiliging@hpdelimes.nl<\/a>. Je\u015bli nie mo\u017cesz rozwi\u0105za\u0107 sprawy z naszym Inspektorem ds. Ochrony Danych, masz prawo z\u0142o\u017cy\u0107 skarg\u0119 do Holenderskiego Urz\u0119du ds. Ochrony Danych<\/p>\n\n\n\n<p><\/p>\n","protected":false},"excerpt":{"rendered":"<p>Twoje dane osobowe i prywatno\u015b\u0107 w naszych przychodniach lekarskich Og\u00f3lne RODO to prawo dotycz\u0105ce ochrony prywatno\u015bci i danych osobowych. Zgodnie z t\u0105 ustaw\u0105 organizacja, kt\u00f3ra pracuje z danymi osobowymi, ma okre\u015blone obowi\u0105zki, a osoba, kt\u00f3rej dane s\u0105 przechowywane, ma okre\u015blone prawa. Opr\u00f3cz tego og\u00f3lnego prawa w opiece zdrowotnej obowi\u0105zuj\u0105 przepisy szczeg\u00f3lne. Zasady te s\u0105 okre\u015blone m.in. w ustawie o umowach o leczenie (WGBO). Niniejsza polityka prywatno\u015bci ma na celu poinformowanie Pa\u0144stwa o Pa\u0144stwa prawach i naszych obowi\u0105zkach wynikaj\u0105cych z RODO i WUBO. Przychodnie lekarzy rodzinnych poza godzinami pracy LIMES W naszych izbach przyj\u0119\u0107 lekarzy rodzinnych [&#8230;]<\/p>\n","protected":false},"author":3,"featured_media":0,"parent":0,"menu_order":0,"comment_status":"closed","ping_status":"closed","template":"","meta":{"_acf_changed":false,"_trash_the_other_posts":false,"editor_notices":[],"footnotes":""},"class_list":["post-241","page","type-page","status-publish","hentry"],"acf":[],"yoast_head":"<!-- This site is optimized with the Yoast SEO plugin v26.6 - https:\/\/yoast.com\/wordpress\/plugins\/seo\/ -->\n<title>Polityka prywatno\u015bci - Huisartsenposten De Limes - Polski<\/title>\n<meta name=\"robots\" content=\"noindex, follow, max-snippet:-1, max-image-preview:large, max-video-preview:-1\" \/>\n<meta property=\"og:locale\" content=\"pl_PL\" \/>\n<meta property=\"og:type\" content=\"article\" \/>\n<meta property=\"og:title\" content=\"Polityka prywatno\u015bci - Huisartsenposten De Limes - Polski\" \/>\n<meta property=\"og:description\" content=\"Twoje dane osobowe i prywatno\u015b\u0107 w naszych przychodniach lekarskich Og\u00f3lne RODO to prawo dotycz\u0105ce ochrony prywatno\u015bci i danych osobowych. Zgodnie z t\u0105 ustaw\u0105 organizacja, kt\u00f3ra pracuje z danymi osobowymi, ma okre\u015blone obowi\u0105zki, a osoba, kt\u00f3rej dane s\u0105 przechowywane, ma okre\u015blone prawa. Opr\u00f3cz tego og\u00f3lnego prawa w opiece zdrowotnej obowi\u0105zuj\u0105 przepisy szczeg\u00f3lne. Zasady te s\u0105 okre\u015blone m.in. w ustawie o umowach o leczenie (WGBO). Niniejsza polityka prywatno\u015bci ma na celu poinformowanie Pa\u0144stwa o Pa\u0144stwa prawach i naszych obowi\u0105zkach wynikaj\u0105cych z RODO i WUBO. Przychodnie lekarzy rodzinnych poza godzinami pracy LIMES W naszych izbach przyj\u0119\u0107 lekarzy rodzinnych [...]\" \/>\n<meta property=\"og:url\" content=\"https:\/\/huisartsenpostendelimes.nl\/pl\/prywatnosc\/\" \/>\n<meta property=\"og:site_name\" content=\"Huisartsenposten De Limes - Polski\" \/>\n<meta property=\"article:modified_time\" content=\"2026-03-19T10:38:29+00:00\" \/>\n<meta name=\"twitter:card\" content=\"summary_large_image\" \/>\n<meta name=\"twitter:label1\" content=\"Szacowany czas czytania\" \/>\n\t<meta name=\"twitter:data1\" content=\"10 minut\" \/>\n<script type=\"application\/ld+json\" class=\"yoast-schema-graph\">{\"@context\":\"https:\/\/schema.org\",\"@graph\":[{\"@type\":\"WebPage\",\"@id\":\"https:\/\/huisartsenpostendelimes.nl\/pl\/prywatnosc\/\",\"url\":\"https:\/\/huisartsenpostendelimes.nl\/pl\/prywatnosc\/\",\"name\":\"Polityka prywatno\u015bci - Huisartsenposten De Limes - Polski\",\"isPartOf\":{\"@id\":\"https:\/\/huisartsenpostendelimes.nl\/pl\/#website\"},\"datePublished\":\"2022-11-08T16:01:51+00:00\",\"dateModified\":\"2026-03-19T10:38:29+00:00\",\"breadcrumb\":{\"@id\":\"https:\/\/huisartsenpostendelimes.nl\/pl\/prywatnosc\/#breadcrumb\"},\"inLanguage\":\"pl-PL\",\"potentialAction\":[{\"@type\":\"ReadAction\",\"target\":[\"https:\/\/huisartsenpostendelimes.nl\/pl\/prywatnosc\/\"]}]},{\"@type\":\"BreadcrumbList\",\"@id\":\"https:\/\/huisartsenpostendelimes.nl\/pl\/prywatnosc\/#breadcrumb\",\"itemListElement\":[{\"@type\":\"ListItem\",\"position\":1,\"name\":\"Home\",\"item\":\"https:\/\/huisartsenpostendelimes.nl\/pl\/\"},{\"@type\":\"ListItem\",\"position\":2,\"name\":\"Polityka prywatno\u015bci\"}]},{\"@type\":\"WebSite\",\"@id\":\"https:\/\/huisartsenpostendelimes.nl\/pl\/#website\",\"url\":\"https:\/\/huisartsenpostendelimes.nl\/pl\/\",\"name\":\"Huisartsenposten De Limes - Polski\",\"description\":\"\",\"potentialAction\":[{\"@type\":\"SearchAction\",\"target\":{\"@type\":\"EntryPoint\",\"urlTemplate\":\"https:\/\/huisartsenpostendelimes.nl\/pl\/?s={search_term_string}\"},\"query-input\":{\"@type\":\"PropertyValueSpecification\",\"valueRequired\":true,\"valueName\":\"search_term_string\"}}],\"inLanguage\":\"pl-PL\"}]}<\/script>\n<!-- \/ Yoast SEO plugin. -->","yoast_head_json":{"title":"Polityka prywatno\u015bci - Huisartsenposten De Limes - Polski","robots":{"index":"noindex","follow":"follow","max-snippet":"max-snippet:-1","max-image-preview":"max-image-preview:large","max-video-preview":"max-video-preview:-1"},"og_locale":"pl_PL","og_type":"article","og_title":"Polityka prywatno\u015bci - Huisartsenposten De Limes - Polski","og_description":"Twoje dane osobowe i prywatno\u015b\u0107 w naszych przychodniach lekarskich Og\u00f3lne RODO to prawo dotycz\u0105ce ochrony prywatno\u015bci i danych osobowych. Zgodnie z t\u0105 ustaw\u0105 organizacja, kt\u00f3ra pracuje z danymi osobowymi, ma okre\u015blone obowi\u0105zki, a osoba, kt\u00f3rej dane s\u0105 przechowywane, ma okre\u015blone prawa. Opr\u00f3cz tego og\u00f3lnego prawa w opiece zdrowotnej obowi\u0105zuj\u0105 przepisy szczeg\u00f3lne. Zasady te s\u0105 okre\u015blone m.in. w ustawie o umowach o leczenie (WGBO). Niniejsza polityka prywatno\u015bci ma na celu poinformowanie Pa\u0144stwa o Pa\u0144stwa prawach i naszych obowi\u0105zkach wynikaj\u0105cych z RODO i WUBO. Przychodnie lekarzy rodzinnych poza godzinami pracy LIMES W naszych izbach przyj\u0119\u0107 lekarzy rodzinnych [...]","og_url":"https:\/\/huisartsenpostendelimes.nl\/pl\/prywatnosc\/","og_site_name":"Huisartsenposten De Limes - Polski","article_modified_time":"2026-03-19T10:38:29+00:00","twitter_card":"summary_large_image","twitter_misc":{"Szacowany czas czytania":"10 minut"},"schema":{"@context":"https:\/\/schema.org","@graph":[{"@type":"WebPage","@id":"https:\/\/huisartsenpostendelimes.nl\/pl\/prywatnosc\/","url":"https:\/\/huisartsenpostendelimes.nl\/pl\/prywatnosc\/","name":"Polityka prywatno\u015bci - Huisartsenposten De Limes - Polski","isPartOf":{"@id":"https:\/\/huisartsenpostendelimes.nl\/pl\/#website"},"datePublished":"2022-11-08T16:01:51+00:00","dateModified":"2026-03-19T10:38:29+00:00","breadcrumb":{"@id":"https:\/\/huisartsenpostendelimes.nl\/pl\/prywatnosc\/#breadcrumb"},"inLanguage":"pl-PL","potentialAction":[{"@type":"ReadAction","target":["https:\/\/huisartsenpostendelimes.nl\/pl\/prywatnosc\/"]}]},{"@type":"BreadcrumbList","@id":"https:\/\/huisartsenpostendelimes.nl\/pl\/prywatnosc\/#breadcrumb","itemListElement":[{"@type":"ListItem","position":1,"name":"Home","item":"https:\/\/huisartsenpostendelimes.nl\/pl\/"},{"@type":"ListItem","position":2,"name":"Polityka prywatno\u015bci"}]},{"@type":"WebSite","@id":"https:\/\/huisartsenpostendelimes.nl\/pl\/#website","url":"https:\/\/huisartsenpostendelimes.nl\/pl\/","name":"Huisartsenposten De Limes - Polski","description":"","potentialAction":[{"@type":"SearchAction","target":{"@type":"EntryPoint","urlTemplate":"https:\/\/huisartsenpostendelimes.nl\/pl\/?s={search_term_string}"},"query-input":{"@type":"PropertyValueSpecification","valueRequired":true,"valueName":"search_term_string"}}],"inLanguage":"pl-PL"}]}},"_links":{"self":[{"href":"https:\/\/huisartsenpostendelimes.nl\/pl\/wp-json\/wp\/v2\/pages\/241","targetHints":{"allow":["GET"]}}],"collection":[{"href":"https:\/\/huisartsenpostendelimes.nl\/pl\/wp-json\/wp\/v2\/pages"}],"about":[{"href":"https:\/\/huisartsenpostendelimes.nl\/pl\/wp-json\/wp\/v2\/types\/page"}],"author":[{"embeddable":true,"href":"https:\/\/huisartsenpostendelimes.nl\/pl\/wp-json\/wp\/v2\/users\/3"}],"replies":[{"embeddable":true,"href":"https:\/\/huisartsenpostendelimes.nl\/pl\/wp-json\/wp\/v2\/comments?post=241"}],"version-history":[{"count":6,"href":"https:\/\/huisartsenpostendelimes.nl\/pl\/wp-json\/wp\/v2\/pages\/241\/revisions"}],"predecessor-version":[{"id":56875,"href":"https:\/\/huisartsenpostendelimes.nl\/pl\/wp-json\/wp\/v2\/pages\/241\/revisions\/56875"}],"wp:attachment":[{"href":"https:\/\/huisartsenpostendelimes.nl\/pl\/wp-json\/wp\/v2\/media?parent=241"}],"curies":[{"name":"wp","href":"https:\/\/api.w.org\/{rel}","templated":true}]}}