{"id":52812,"date":"2023-07-25T16:20:03","date_gmt":"2023-07-25T14:20:03","guid":{"rendered":"https:\/\/temporary.mindd.dev\/?page_id=52812"},"modified":"2024-05-22T09:38:17","modified_gmt":"2024-05-22T07:38:17","slug":"zadzwon-do-przewodnika-po-opiece","status":"publish","type":"page","link":"https:\/\/huisartsenpostendelimes.nl\/pl\/zadzwon-do-przewodnika-po-opiece\/","title":{"rendered":"Zadzwo\u0144 do przewodnika, aby uzyska\u0107 opiek\u0119"},"content":{"rendered":"\n\n\n<h2 class=\"wp-block-heading\">Lekarz rodzinny<\/h2>\n\n\n\n<p><em>Pierwszy punkt kontaktowy<\/em><\/p>\n\n\n\n<p>Tw\u00f3j lekarz rodzinny jest Twoim pierwszym punktem kontaktowym w przypadku dolegliwo\u015bci zdrowotnych. Z lekarzem rodzinnym mo\u017cna si\u0119 skontaktowa\u0107 w godzinach pracy gabinetu. Mo\u017cesz um\u00f3wi\u0107 si\u0119 na wizyt\u0119 w gabinecie, W razie potrzeby lekarz rodzinny wykona r\u00f3wnie\u017c (pilne) wizyty w domu.<\/p>\n\n\n\n<h3 class=\"wp-block-heading\"><strong>Kiedy nale\u017cy zadzwoni\u0107 do lekarza rodzinnego?<\/strong> <\/h3>\n\n\n\n<ul class=\"wp-block-list\">\n<li>Je\u015bli masz jakiekolwiek pytania dotycz\u0105ce swojego zdrowia.<\/li>\n\n\n\n<li>Je\u015bli masz dolegliwo\u015bci o charakterze fizycznym lub psychicznym.<\/li>\n<\/ul>\n\n\n\n<h2 class=\"wp-block-heading\">Us\u0142ugi lekarza rodzinnego poza godzinami pracy<\/h2>\n\n\n\n<p><em>Sytuacje awaryjne poza godzinami pracy <\/em><\/p>\n\n\n\n<p><strong>Kiedy nale\u017cy zadzwoni\u0107 do stacji alarmowej lekarza rodzinnego?<\/strong><\/p>\n\n\n\n<ul class=\"wp-block-list\">\n<li>Punkt ratunkowy lekarza rodzinnego (HAP) jest dost\u0119pny tylko w nag\u0142ych wypadkach.<\/li>\n\n\n\n<li>Kiedy masz dolegliwo\u015bci zdrowotne, kt\u00f3re nie mog\u0105 czeka\u0107, a\u017c Tw\u00f3j w\u0142asny lekarz rodzinny lub substytut b\u0119dzie dost\u0119pny.<\/li>\n\n\n\n<li>Do pomocy w nag\u0142ych wypadkach, kt\u00f3ra jest potrzebna wieczorem, w nocy lub w weekendy.<\/li>\n\n\n\n<li>Czasami HAP skieruje Ci\u0119 na oddzia\u0142 ratunkowy. Wizyta na izbie przyj\u0119\u0107 odbywa si\u0119 na w\u0142asne ryzyko.<\/li>\n<\/ul>\n\n\n\n<h2 class=\"wp-block-heading\"><strong>Regionalne Pogotowie Ratunkowe<\/strong><\/h2>\n\n\n\n<p><em>Sytuacja zagra\u017caj\u0105ca \u017cyciu<\/em><\/p>\n\n\n\n<p>Krajowy numer alarmowy s\u0142u\u017cy do udzielania pomocy w nag\u0142ych wypadkach, gdzie liczy si\u0119 ka\u017cda sekunda. Karetka jest dost\u0119pna 24 godziny na dob\u0119.<\/p>\n\n\n\n<h3 class=\"wp-block-heading\">Wzywasz karetk\u0119 pogotowia, je\u015bli jest:<\/h3>\n\n\n\n<ul class=\"wp-block-list\">\n<li>Ci\u0119\u017cka duszno\u015b\u0107 lub utrata przytomno\u015bci.<\/li>\n\n\n\n<li>B\u00f3l w klatce piersiowej.<\/li>\n\n\n\n<li>Nag\u0142y parali\u017c, wada wymowy i\/lub skrzywienie ust.<\/li>\n\n\n\n<li>Obfite krwawienie.<\/li>\n<\/ul>\n","protected":false},"excerpt":{"rendered":"<p>Lekarz rodzinny Pierwszy punkt kontaktowy Tw\u00f3j lekarz rodzinny jest Twoim pierwszym punktem kontaktowym w przypadku dolegliwo\u015bci zdrowotnych. Z lekarzem rodzinnym mo\u017cna si\u0119 skontaktowa\u0107 w godzinach pracy gabinetu. Mo\u017cesz um\u00f3wi\u0107 si\u0119 na wizyt\u0119 w gabinecie, W razie potrzeby lekarz rodzinny wykona r\u00f3wnie\u017c (pilne) wizyty w domu. Kiedy nale\u017cy zadzwoni\u0107 do lekarza rodzinnego? Pogotowie ratunkowe poza godzinami pracy Kiedy dzwonisz na punkt alarmowy lekarza rodzinnego? Regionalne pogotowie ratunkowe Sytuacja zagra\u017caj\u0105ca \u017cyciu Krajowy numer alarmowy jest dost\u0119pny w nag\u0142ych wypadkach, gdzie liczy si\u0119 ka\u017cda sekunda. Karetka jest dost\u0119pna 24 godziny na dob\u0119. Wzywasz karetk\u0119 pogotowia, je\u015bli jest:<\/p>\n","protected":false},"author":3,"featured_media":0,"parent":0,"menu_order":0,"comment_status":"closed","ping_status":"closed","template":"","meta":{"_acf_changed":false,"_trash_the_other_posts":false,"editor_notices":[],"footnotes":""},"class_list":["post-52812","page","type-page","status-publish","hentry"],"acf":[],"yoast_head":"<!-- This site is optimized with the Yoast SEO plugin v26.6 - https:\/\/yoast.com\/wordpress\/plugins\/seo\/ -->\n<title>Zadzwo\u0144 do przewodnika, aby uzyska\u0107 opiek\u0119 - Huisartsenposten De Limes - Polski<\/title>\n<meta name=\"robots\" content=\"noindex, follow, max-snippet:-1, max-image-preview:large, max-video-preview:-1\" \/>\n<meta property=\"og:locale\" content=\"pl_PL\" \/>\n<meta property=\"og:type\" content=\"article\" \/>\n<meta property=\"og:title\" content=\"Zadzwo\u0144 do przewodnika, aby uzyska\u0107 opiek\u0119 - Huisartsenposten De Limes - Polski\" \/>\n<meta property=\"og:description\" content=\"Lekarz rodzinny Pierwszy punkt kontaktowy Tw\u00f3j lekarz rodzinny jest Twoim pierwszym punktem kontaktowym w przypadku dolegliwo\u015bci zdrowotnych. Z lekarzem rodzinnym mo\u017cna si\u0119 skontaktowa\u0107 w godzinach pracy gabinetu. Mo\u017cesz um\u00f3wi\u0107 si\u0119 na wizyt\u0119 w gabinecie, W razie potrzeby lekarz rodzinny wykona r\u00f3wnie\u017c (pilne) wizyty w domu. Kiedy nale\u017cy zadzwoni\u0107 do lekarza rodzinnego? Pogotowie ratunkowe poza godzinami pracy Kiedy dzwonisz na punkt alarmowy lekarza rodzinnego? Regionalne pogotowie ratunkowe Sytuacja zagra\u017caj\u0105ca \u017cyciu Krajowy numer alarmowy jest dost\u0119pny w nag\u0142ych wypadkach, gdzie liczy si\u0119 ka\u017cda sekunda. Karetka jest dost\u0119pna 24 godziny na dob\u0119. Wzywasz karetk\u0119 pogotowia, je\u015bli jest:\" \/>\n<meta property=\"og:url\" content=\"https:\/\/huisartsenpostendelimes.nl\/pl\/zadzwon-do-przewodnika-po-opiece\/\" \/>\n<meta property=\"og:site_name\" content=\"Huisartsenposten De Limes - Polski\" \/>\n<meta property=\"article:modified_time\" content=\"2024-05-22T07:38:17+00:00\" \/>\n<meta name=\"twitter:card\" content=\"summary_large_image\" \/>\n<meta name=\"twitter:label1\" content=\"Szacowany czas czytania\" \/>\n\t<meta name=\"twitter:data1\" content=\"1 minuta\" \/>\n<script type=\"application\/ld+json\" class=\"yoast-schema-graph\">{\"@context\":\"https:\/\/schema.org\",\"@graph\":[{\"@type\":\"WebPage\",\"@id\":\"https:\/\/huisartsenpostendelimes.nl\/pl\/zadzwon-do-przewodnika-po-opiece\/\",\"url\":\"https:\/\/huisartsenpostendelimes.nl\/pl\/zadzwon-do-przewodnika-po-opiece\/\",\"name\":\"Zadzwo\u0144 do przewodnika, aby uzyska\u0107 opiek\u0119 - Huisartsenposten De Limes - Polski\",\"isPartOf\":{\"@id\":\"https:\/\/huisartsenpostendelimes.nl\/pl\/#website\"},\"datePublished\":\"2023-07-25T14:20:03+00:00\",\"dateModified\":\"2024-05-22T07:38:17+00:00\",\"breadcrumb\":{\"@id\":\"https:\/\/huisartsenpostendelimes.nl\/pl\/zadzwon-do-przewodnika-po-opiece\/#breadcrumb\"},\"inLanguage\":\"pl-PL\",\"potentialAction\":[{\"@type\":\"ReadAction\",\"target\":[\"https:\/\/huisartsenpostendelimes.nl\/pl\/zadzwon-do-przewodnika-po-opiece\/\"]}]},{\"@type\":\"BreadcrumbList\",\"@id\":\"https:\/\/huisartsenpostendelimes.nl\/pl\/zadzwon-do-przewodnika-po-opiece\/#breadcrumb\",\"itemListElement\":[{\"@type\":\"ListItem\",\"position\":1,\"name\":\"Home\",\"item\":\"https:\/\/huisartsenpostendelimes.nl\/pl\/\"},{\"@type\":\"ListItem\",\"position\":2,\"name\":\"Zadzwo\u0144 do przewodnika, aby uzyska\u0107 opiek\u0119\"}]},{\"@type\":\"WebSite\",\"@id\":\"https:\/\/huisartsenpostendelimes.nl\/pl\/#website\",\"url\":\"https:\/\/huisartsenpostendelimes.nl\/pl\/\",\"name\":\"Huisartsenposten De Limes - Polski\",\"description\":\"\",\"potentialAction\":[{\"@type\":\"SearchAction\",\"target\":{\"@type\":\"EntryPoint\",\"urlTemplate\":\"https:\/\/huisartsenpostendelimes.nl\/pl\/?s={search_term_string}\"},\"query-input\":{\"@type\":\"PropertyValueSpecification\",\"valueRequired\":true,\"valueName\":\"search_term_string\"}}],\"inLanguage\":\"pl-PL\"}]}<\/script>\n<!-- \/ Yoast SEO plugin. -->","yoast_head_json":{"title":"Zadzwo\u0144 do przewodnika, aby uzyska\u0107 opiek\u0119 - Huisartsenposten De Limes - Polski","robots":{"index":"noindex","follow":"follow","max-snippet":"max-snippet:-1","max-image-preview":"max-image-preview:large","max-video-preview":"max-video-preview:-1"},"og_locale":"pl_PL","og_type":"article","og_title":"Zadzwo\u0144 do przewodnika, aby uzyska\u0107 opiek\u0119 - Huisartsenposten De Limes - Polski","og_description":"Lekarz rodzinny Pierwszy punkt kontaktowy Tw\u00f3j lekarz rodzinny jest Twoim pierwszym punktem kontaktowym w przypadku dolegliwo\u015bci zdrowotnych. Z lekarzem rodzinnym mo\u017cna si\u0119 skontaktowa\u0107 w godzinach pracy gabinetu. Mo\u017cesz um\u00f3wi\u0107 si\u0119 na wizyt\u0119 w gabinecie, W razie potrzeby lekarz rodzinny wykona r\u00f3wnie\u017c (pilne) wizyty w domu. Kiedy nale\u017cy zadzwoni\u0107 do lekarza rodzinnego? Pogotowie ratunkowe poza godzinami pracy Kiedy dzwonisz na punkt alarmowy lekarza rodzinnego? Regionalne pogotowie ratunkowe Sytuacja zagra\u017caj\u0105ca \u017cyciu Krajowy numer alarmowy jest dost\u0119pny w nag\u0142ych wypadkach, gdzie liczy si\u0119 ka\u017cda sekunda. Karetka jest dost\u0119pna 24 godziny na dob\u0119. Wzywasz karetk\u0119 pogotowia, je\u015bli jest:","og_url":"https:\/\/huisartsenpostendelimes.nl\/pl\/zadzwon-do-przewodnika-po-opiece\/","og_site_name":"Huisartsenposten De Limes - Polski","article_modified_time":"2024-05-22T07:38:17+00:00","twitter_card":"summary_large_image","twitter_misc":{"Szacowany czas czytania":"1 minuta"},"schema":{"@context":"https:\/\/schema.org","@graph":[{"@type":"WebPage","@id":"https:\/\/huisartsenpostendelimes.nl\/pl\/zadzwon-do-przewodnika-po-opiece\/","url":"https:\/\/huisartsenpostendelimes.nl\/pl\/zadzwon-do-przewodnika-po-opiece\/","name":"Zadzwo\u0144 do przewodnika, aby uzyska\u0107 opiek\u0119 - Huisartsenposten De Limes - Polski","isPartOf":{"@id":"https:\/\/huisartsenpostendelimes.nl\/pl\/#website"},"datePublished":"2023-07-25T14:20:03+00:00","dateModified":"2024-05-22T07:38:17+00:00","breadcrumb":{"@id":"https:\/\/huisartsenpostendelimes.nl\/pl\/zadzwon-do-przewodnika-po-opiece\/#breadcrumb"},"inLanguage":"pl-PL","potentialAction":[{"@type":"ReadAction","target":["https:\/\/huisartsenpostendelimes.nl\/pl\/zadzwon-do-przewodnika-po-opiece\/"]}]},{"@type":"BreadcrumbList","@id":"https:\/\/huisartsenpostendelimes.nl\/pl\/zadzwon-do-przewodnika-po-opiece\/#breadcrumb","itemListElement":[{"@type":"ListItem","position":1,"name":"Home","item":"https:\/\/huisartsenpostendelimes.nl\/pl\/"},{"@type":"ListItem","position":2,"name":"Zadzwo\u0144 do przewodnika, aby uzyska\u0107 opiek\u0119"}]},{"@type":"WebSite","@id":"https:\/\/huisartsenpostendelimes.nl\/pl\/#website","url":"https:\/\/huisartsenpostendelimes.nl\/pl\/","name":"Huisartsenposten De Limes - Polski","description":"","potentialAction":[{"@type":"SearchAction","target":{"@type":"EntryPoint","urlTemplate":"https:\/\/huisartsenpostendelimes.nl\/pl\/?s={search_term_string}"},"query-input":{"@type":"PropertyValueSpecification","valueRequired":true,"valueName":"search_term_string"}}],"inLanguage":"pl-PL"}]}},"_links":{"self":[{"href":"https:\/\/huisartsenpostendelimes.nl\/pl\/wp-json\/wp\/v2\/pages\/52812","targetHints":{"allow":["GET"]}}],"collection":[{"href":"https:\/\/huisartsenpostendelimes.nl\/pl\/wp-json\/wp\/v2\/pages"}],"about":[{"href":"https:\/\/huisartsenpostendelimes.nl\/pl\/wp-json\/wp\/v2\/types\/page"}],"author":[{"embeddable":true,"href":"https:\/\/huisartsenpostendelimes.nl\/pl\/wp-json\/wp\/v2\/users\/3"}],"replies":[{"embeddable":true,"href":"https:\/\/huisartsenpostendelimes.nl\/pl\/wp-json\/wp\/v2\/comments?post=52812"}],"version-history":[{"count":0,"href":"https:\/\/huisartsenpostendelimes.nl\/pl\/wp-json\/wp\/v2\/pages\/52812\/revisions"}],"wp:attachment":[{"href":"https:\/\/huisartsenpostendelimes.nl\/pl\/wp-json\/wp\/v2\/media?parent=52812"}],"curies":[{"name":"wp","href":"https:\/\/api.w.org\/{rel}","templated":true}]}}