{"id":52857,"date":"2023-08-01T20:05:05","date_gmt":"2023-08-01T18:05:05","guid":{"rendered":"https:\/\/temporary.mindd.dev\/?page_id=52857"},"modified":"2024-05-22T09:38:24","modified_gmt":"2024-05-22T07:38:24","slug":"informacje-o-kodzie-zgloszenia-znecanie-sie-nad-dziecmi","status":"publish","type":"page","link":"https:\/\/huisartsenpostendelimes.nl\/pl\/informacje-o-kodzie-zgloszenia-znecanie-sie-nad-dziecmi\/","title":{"rendered":"Informacje o Kodeksie zg\u0142aszania przypadk\u00f3w niegodziwego traktowania dzieci"},"content":{"rendered":"\n\n\n<p>Szacuje si\u0119, \u017ce co roku 120 000 dzieci w naszym kraju pada ofiar\u0105 przemocy. W rezultacie umiera od 50 do 80 dzieci.<\/p>\n\n\n\n<p>Zn\u0119canie si\u0119 nad dzie\u0107mi stanowi ogromne zagro\u017cenie dla zdrowia i rozwoju dzieci. Zn\u0119canie si\u0119 nad dzie\u0107mi nie ko\u0144czy si\u0119 samoistnie. Dlatego w Holandii wszyscy profesjonali\u015bci, kt\u00f3rzy pracuj\u0105 z dzie\u0107mi, s\u0105 prawnie zobowi\u0105zani do reagowania na oznaki zn\u0119cania si\u0119 nad dzie\u0107mi lub zaniedbywania. Dotyczy to na przyk\u0142ad nauczycieli, a tak\u017ce lekarzy rodzinnych i piel\u0119gniarek. Jak to zrobi\u0107, jest opisane w ustawie Kodeks raportowania.<\/p>\n\n\n\n<p>Je\u015bli zagro\u017cone jest bezpiecze\u0144stwo, zdrowie, dobre samopoczucie i\/lub rozw\u00f3j dziecka, chcemy stan\u0105\u0107 w obronie dziecka w ramach stacji ratunkowych lekarzy rodzinnych De LIMES. Robimy to, oferuj\u0105c pomoc tam, gdzie to mo\u017cliwe, i konsultuj\u0105c si\u0119 z Safe Home (patrz poni\u017cej). W tym celu post\u0119pujemy zgodnie z planem krok po kroku zawartym w Kodeksie Raportowania Stacji Ratunkowych Lekarzy Rodzinnych De LIMES. Ten plan krok po kroku jest rozwini\u0119ciem krajowego kodeksu sprawozdawczo\u015bci.<\/p>\n\n\n\n<h2 class=\"wp-block-heading\">Kiedy masz obawy o dziecko<\/h2>\n\n\n\n<p>Lekarze rodzinni, piel\u0119gniarki specjalistyczne i piel\u0119gniarki tria\u017cowe zwracaj\u0105 szczeg\u00f3ln\u0105 uwag\u0119 na oznaki, \u017ce widz\u0105, \u017ce dziecko mo\u017ce mie\u0107 k\u0142opoty. Je\u015bli personel zauwa\u017cy znaki podczas kontaktu telefonicznego lub fizycznego z rodzicami\/opiekunami, om\u00f3wi to z lekarzem rodzinnym dy\u017curnym. Lekarz rodzinny omawia obawy z rodzicami\/opiekunami, aby dowiedzie\u0107 si\u0119, czy rodzice podzielaj\u0105 te obawy. Je\u015bli opieka jest wsp\u00f3lna, lekarz rodzinny poszuka rozwi\u0105zania wsp\u00f3lnie z rodzicami\/opiekunami.<\/p>\n\n\n\n<p>Nast\u0119pnie przeprowadza si\u0119 badanie fizykalne &#8222;od st\u00f3p do g\u0142\u00f3w&#8221;. W razie w\u0105tpliwo\u015bci lekarz rodzinny lub piel\u0119gniarka dy\u017curna zasi\u0119gnie porady kolegi, pediatry lub lekarza rodzinnego, kt\u00f3ry jest Child Abuse Attention Officer, ekspertem w tej dziedzinie.<\/p>\n\n\n\n<h2 class=\"wp-block-heading\">Szpital my\u015bli r\u00f3wnie\u017c o dzieciach doros\u0142ych pacjent\u00f3w<\/h2>\n\n\n\n<p>Czasami sytuacja doros\u0142ych pacjent\u00f3w, kt\u00f3rzy opiekuj\u0105 si\u0119 dzie\u0107mi w domu, nie jest w porz\u0105dku. Mo\u017ce si\u0119 zatem zdarzy\u0107, \u017ce zostanie sprawdzone, czy dzieci te nie cierpi\u0105 z tego powodu. Lekarze rodzinni, piel\u0119gniarki specjalistyczne lub piel\u0119gniarki tria\u017cowe pytaj\u0105, czy doros\u0142y pacjent opiekuje si\u0119 ma\u0142oletnimi dzie\u0107mi. Je\u015bli opiekunowie uwa\u017caj\u0105, \u017ce istnieje zagro\u017cenie dla dzieci, om\u00f3wi\u0105 to z pacjentem. Czasami rozmowa nie jest mo\u017cliwa, na przyk\u0142ad ze wzgl\u0119du na stan zdrowia pacjenta. W takim przypadku organizacja Safe Home zostanie poproszona o zbadanie bezpiecze\u0144stwa dzieci.<\/p>\n\n\n\n<h2 class=\"wp-block-heading\">Kiedy nie jest ju\u017c bezpiecznie<\/h2>\n\n\n\n<p>Gdy nie jest to ju\u017c bezpieczne dla dzieci, wsp\u00f3lnie z rodzicami\/opiekunami szuka si\u0119 rozwi\u0105za\u0144. W takiej sytuacji odbywa si\u0119 konsultacja z Safe Home. Organizacja ta ma du\u017c\u0105 wiedz\u0119 na temat tego, w jaki spos\u00f3b mo\u017cna przywr\u00f3ci\u0107 bezpiecze\u0144stwo w domu oraz jaka pomoc jest mo\u017cliwa i po\u017c\u0105dana.<\/p>\n\n\n\n<h2 class=\"wp-block-heading\">W ko\u0144cu<\/h2>\n\n\n\n<p>Korzystaj\u0105c z kodu zg\u0142oszeniowego, pracownicy Punkt\u00f3w Ratunkowych GP De LIMES maj\u0105 nadziej\u0119 rozpozna\u0107 sytuacje problemowe w sytuacji domowej i dlatego szybko zaoferuj\u0105 pomoc.<\/p>\n\n\n\n<h2 class=\"wp-block-heading\">Dowiedz si\u0119 wi\u0119cej<\/h2>\n\n\n\n<p>Na stronie internetowej&nbsp;<a href=\"http:\/\/www.vooreenveiligthuis.nl\/\" target=\"_blank\" rel=\"noreferrer noopener\">www.vooreenveiligthuis.nl<\/a>&nbsp;rz\u0105d zebra\u0142 wszystkie informacje o kampaniach na ten temat. Wiele informacji znajdziesz tutaj. Aby uzyska\u0107 porad\u0119 i pomoc, mo\u017cesz r\u00f3wnie\u017c zadzwoni\u0107 do Safe Home pod numer 0800-2000 (bezp\u0142atny i dost\u0119pny 24 godziny na dob\u0119, 7 dni w tygodniu).<\/p>\n","protected":false},"excerpt":{"rendered":"<p>Szacuje si\u0119, \u017ce co roku 120 000 dzieci w naszym kraju pada ofiar\u0105 przemocy. W rezultacie umiera od 50 do 80 dzieci. Zn\u0119canie si\u0119 nad dzie\u0107mi stanowi ogromne zagro\u017cenie dla zdrowia i rozwoju dzieci. Zn\u0119canie si\u0119 nad dzie\u0107mi nie ko\u0144czy si\u0119 samoistnie. Dlatego w Holandii wszyscy profesjonali\u015bci, kt\u00f3rzy pracuj\u0105 z dzie\u0107mi, s\u0105 prawnie zobowi\u0105zani do reagowania na oznaki zn\u0119cania si\u0119 nad dzie\u0107mi lub zaniedbywania. Dotyczy to na przyk\u0142ad nauczycieli, a tak\u017ce lekarzy rodzinnych i piel\u0119gniarek. Jak to zrobi\u0107, jest opisane w ustawie Kodeks raportowania. Je\u015bli zagro\u017cone jest bezpiecze\u0144stwo, zdrowie, dobre samopoczucie i\/lub rozw\u00f3j dziecka, chcemy [&#8230;]<\/p>\n","protected":false},"author":3,"featured_media":0,"parent":0,"menu_order":0,"comment_status":"closed","ping_status":"closed","template":"","meta":{"_acf_changed":false,"_trash_the_other_posts":false,"editor_notices":[],"footnotes":""},"class_list":["post-52857","page","type-page","status-publish","hentry"],"acf":[],"yoast_head":"<!-- This site is optimized with the Yoast SEO plugin v26.6 - https:\/\/yoast.com\/wordpress\/plugins\/seo\/ -->\n<title>Informacje o Kodeksie zg\u0142aszania przypadk\u00f3w niegodziwego traktowania dzieci - Huisartsenposten De Limes - Polski<\/title>\n<meta name=\"robots\" content=\"noindex, follow, max-snippet:-1, max-image-preview:large, max-video-preview:-1\" \/>\n<meta property=\"og:locale\" content=\"pl_PL\" \/>\n<meta property=\"og:type\" content=\"article\" \/>\n<meta property=\"og:title\" content=\"Informacje o Kodeksie zg\u0142aszania przypadk\u00f3w niegodziwego traktowania dzieci - Huisartsenposten De Limes - Polski\" \/>\n<meta property=\"og:description\" content=\"Szacuje si\u0119, \u017ce co roku 120 000 dzieci w naszym kraju pada ofiar\u0105 przemocy. W rezultacie umiera od 50 do 80 dzieci. Zn\u0119canie si\u0119 nad dzie\u0107mi stanowi ogromne zagro\u017cenie dla zdrowia i rozwoju dzieci. Zn\u0119canie si\u0119 nad dzie\u0107mi nie ko\u0144czy si\u0119 samoistnie. Dlatego w Holandii wszyscy profesjonali\u015bci, kt\u00f3rzy pracuj\u0105 z dzie\u0107mi, s\u0105 prawnie zobowi\u0105zani do reagowania na oznaki zn\u0119cania si\u0119 nad dzie\u0107mi lub zaniedbywania. Dotyczy to na przyk\u0142ad nauczycieli, a tak\u017ce lekarzy rodzinnych i piel\u0119gniarek. Jak to zrobi\u0107, jest opisane w ustawie Kodeks raportowania. Je\u015bli zagro\u017cone jest bezpiecze\u0144stwo, zdrowie, dobre samopoczucie i\/lub rozw\u00f3j dziecka, chcemy [...]\" \/>\n<meta property=\"og:url\" content=\"https:\/\/huisartsenpostendelimes.nl\/pl\/informacje-o-kodzie-zgloszenia-znecanie-sie-nad-dziecmi\/\" \/>\n<meta property=\"og:site_name\" content=\"Huisartsenposten De Limes - Polski\" \/>\n<meta property=\"article:modified_time\" content=\"2024-05-22T07:38:24+00:00\" \/>\n<meta name=\"twitter:card\" content=\"summary_large_image\" \/>\n<meta name=\"twitter:label1\" content=\"Szacowany czas czytania\" \/>\n\t<meta name=\"twitter:data1\" content=\"3 minuty\" \/>\n<script type=\"application\/ld+json\" class=\"yoast-schema-graph\">{\"@context\":\"https:\/\/schema.org\",\"@graph\":[{\"@type\":\"WebPage\",\"@id\":\"https:\/\/huisartsenpostendelimes.nl\/pl\/informacje-o-kodzie-zgloszenia-znecanie-sie-nad-dziecmi\/\",\"url\":\"https:\/\/huisartsenpostendelimes.nl\/pl\/informacje-o-kodzie-zgloszenia-znecanie-sie-nad-dziecmi\/\",\"name\":\"Informacje o Kodeksie zg\u0142aszania przypadk\u00f3w niegodziwego traktowania dzieci - Huisartsenposten De Limes - Polski\",\"isPartOf\":{\"@id\":\"https:\/\/huisartsenpostendelimes.nl\/pl\/#website\"},\"datePublished\":\"2023-08-01T18:05:05+00:00\",\"dateModified\":\"2024-05-22T07:38:24+00:00\",\"breadcrumb\":{\"@id\":\"https:\/\/huisartsenpostendelimes.nl\/pl\/informacje-o-kodzie-zgloszenia-znecanie-sie-nad-dziecmi\/#breadcrumb\"},\"inLanguage\":\"pl-PL\",\"potentialAction\":[{\"@type\":\"ReadAction\",\"target\":[\"https:\/\/huisartsenpostendelimes.nl\/pl\/informacje-o-kodzie-zgloszenia-znecanie-sie-nad-dziecmi\/\"]}]},{\"@type\":\"BreadcrumbList\",\"@id\":\"https:\/\/huisartsenpostendelimes.nl\/pl\/informacje-o-kodzie-zgloszenia-znecanie-sie-nad-dziecmi\/#breadcrumb\",\"itemListElement\":[{\"@type\":\"ListItem\",\"position\":1,\"name\":\"Home\",\"item\":\"https:\/\/huisartsenpostendelimes.nl\/pl\/\"},{\"@type\":\"ListItem\",\"position\":2,\"name\":\"Informacje o Kodeksie zg\u0142aszania przypadk\u00f3w niegodziwego traktowania dzieci\"}]},{\"@type\":\"WebSite\",\"@id\":\"https:\/\/huisartsenpostendelimes.nl\/pl\/#website\",\"url\":\"https:\/\/huisartsenpostendelimes.nl\/pl\/\",\"name\":\"Huisartsenposten De Limes - Polski\",\"description\":\"\",\"potentialAction\":[{\"@type\":\"SearchAction\",\"target\":{\"@type\":\"EntryPoint\",\"urlTemplate\":\"https:\/\/huisartsenpostendelimes.nl\/pl\/?s={search_term_string}\"},\"query-input\":{\"@type\":\"PropertyValueSpecification\",\"valueRequired\":true,\"valueName\":\"search_term_string\"}}],\"inLanguage\":\"pl-PL\"}]}<\/script>\n<!-- \/ Yoast SEO plugin. -->","yoast_head_json":{"title":"Informacje o Kodeksie zg\u0142aszania przypadk\u00f3w niegodziwego traktowania dzieci - Huisartsenposten De Limes - Polski","robots":{"index":"noindex","follow":"follow","max-snippet":"max-snippet:-1","max-image-preview":"max-image-preview:large","max-video-preview":"max-video-preview:-1"},"og_locale":"pl_PL","og_type":"article","og_title":"Informacje o Kodeksie zg\u0142aszania przypadk\u00f3w niegodziwego traktowania dzieci - Huisartsenposten De Limes - Polski","og_description":"Szacuje si\u0119, \u017ce co roku 120 000 dzieci w naszym kraju pada ofiar\u0105 przemocy. W rezultacie umiera od 50 do 80 dzieci. Zn\u0119canie si\u0119 nad dzie\u0107mi stanowi ogromne zagro\u017cenie dla zdrowia i rozwoju dzieci. Zn\u0119canie si\u0119 nad dzie\u0107mi nie ko\u0144czy si\u0119 samoistnie. Dlatego w Holandii wszyscy profesjonali\u015bci, kt\u00f3rzy pracuj\u0105 z dzie\u0107mi, s\u0105 prawnie zobowi\u0105zani do reagowania na oznaki zn\u0119cania si\u0119 nad dzie\u0107mi lub zaniedbywania. Dotyczy to na przyk\u0142ad nauczycieli, a tak\u017ce lekarzy rodzinnych i piel\u0119gniarek. Jak to zrobi\u0107, jest opisane w ustawie Kodeks raportowania. Je\u015bli zagro\u017cone jest bezpiecze\u0144stwo, zdrowie, dobre samopoczucie i\/lub rozw\u00f3j dziecka, chcemy [...]","og_url":"https:\/\/huisartsenpostendelimes.nl\/pl\/informacje-o-kodzie-zgloszenia-znecanie-sie-nad-dziecmi\/","og_site_name":"Huisartsenposten De Limes - Polski","article_modified_time":"2024-05-22T07:38:24+00:00","twitter_card":"summary_large_image","twitter_misc":{"Szacowany czas czytania":"3 minuty"},"schema":{"@context":"https:\/\/schema.org","@graph":[{"@type":"WebPage","@id":"https:\/\/huisartsenpostendelimes.nl\/pl\/informacje-o-kodzie-zgloszenia-znecanie-sie-nad-dziecmi\/","url":"https:\/\/huisartsenpostendelimes.nl\/pl\/informacje-o-kodzie-zgloszenia-znecanie-sie-nad-dziecmi\/","name":"Informacje o Kodeksie zg\u0142aszania przypadk\u00f3w niegodziwego traktowania dzieci - Huisartsenposten De Limes - Polski","isPartOf":{"@id":"https:\/\/huisartsenpostendelimes.nl\/pl\/#website"},"datePublished":"2023-08-01T18:05:05+00:00","dateModified":"2024-05-22T07:38:24+00:00","breadcrumb":{"@id":"https:\/\/huisartsenpostendelimes.nl\/pl\/informacje-o-kodzie-zgloszenia-znecanie-sie-nad-dziecmi\/#breadcrumb"},"inLanguage":"pl-PL","potentialAction":[{"@type":"ReadAction","target":["https:\/\/huisartsenpostendelimes.nl\/pl\/informacje-o-kodzie-zgloszenia-znecanie-sie-nad-dziecmi\/"]}]},{"@type":"BreadcrumbList","@id":"https:\/\/huisartsenpostendelimes.nl\/pl\/informacje-o-kodzie-zgloszenia-znecanie-sie-nad-dziecmi\/#breadcrumb","itemListElement":[{"@type":"ListItem","position":1,"name":"Home","item":"https:\/\/huisartsenpostendelimes.nl\/pl\/"},{"@type":"ListItem","position":2,"name":"Informacje o Kodeksie zg\u0142aszania przypadk\u00f3w niegodziwego traktowania dzieci"}]},{"@type":"WebSite","@id":"https:\/\/huisartsenpostendelimes.nl\/pl\/#website","url":"https:\/\/huisartsenpostendelimes.nl\/pl\/","name":"Huisartsenposten De Limes - Polski","description":"","potentialAction":[{"@type":"SearchAction","target":{"@type":"EntryPoint","urlTemplate":"https:\/\/huisartsenpostendelimes.nl\/pl\/?s={search_term_string}"},"query-input":{"@type":"PropertyValueSpecification","valueRequired":true,"valueName":"search_term_string"}}],"inLanguage":"pl-PL"}]}},"_links":{"self":[{"href":"https:\/\/huisartsenpostendelimes.nl\/pl\/wp-json\/wp\/v2\/pages\/52857","targetHints":{"allow":["GET"]}}],"collection":[{"href":"https:\/\/huisartsenpostendelimes.nl\/pl\/wp-json\/wp\/v2\/pages"}],"about":[{"href":"https:\/\/huisartsenpostendelimes.nl\/pl\/wp-json\/wp\/v2\/types\/page"}],"author":[{"embeddable":true,"href":"https:\/\/huisartsenpostendelimes.nl\/pl\/wp-json\/wp\/v2\/users\/3"}],"replies":[{"embeddable":true,"href":"https:\/\/huisartsenpostendelimes.nl\/pl\/wp-json\/wp\/v2\/comments?post=52857"}],"version-history":[{"count":0,"href":"https:\/\/huisartsenpostendelimes.nl\/pl\/wp-json\/wp\/v2\/pages\/52857\/revisions"}],"wp:attachment":[{"href":"https:\/\/huisartsenpostendelimes.nl\/pl\/wp-json\/wp\/v2\/media?parent=52857"}],"curies":[{"name":"wp","href":"https:\/\/api.w.org\/{rel}","templated":true}]}}