{"id":52917,"date":"2023-08-01T20:39:05","date_gmt":"2023-08-01T18:39:05","guid":{"rendered":"https:\/\/temporary.mindd.dev\/?page_id=52917"},"modified":"2024-05-22T09:38:28","modified_gmt":"2024-05-22T07:38:28","slug":"osoby-nieslyszace-i-niedoslyszace","status":"publish","type":"page","link":"https:\/\/huisartsenpostendelimes.nl\/pl\/osoby-nieslyszace-i-niedoslyszace\/","title":{"rendered":"Osoby nies\u0142ysz\u0105ce i niedos\u0142ysz\u0105ce"},"content":{"rendered":"\n\n\n<h2 class=\"wp-block-heading\">Zadzwo\u0144 do nas z KPN Teletolk<\/h2>\n\n\n\n<p>Je\u015bli masz wad\u0119 s\u0142uchu lub wad\u0119 wymowy, mo\u017cesz zadzwoni\u0107 do stacji alarmowej lekarza rodzinnego za po\u015brednictwem KPN Teletolk (www.kpn.com\/teletolk). Jest to us\u0142uga po\u015bredniczenia tekstu i obrazu. Dzi\u0119ki temu osoby nies\u0142ysz\u0105ce, niedos\u0142ysz\u0105ce, z zaburzeniami mowy i s\u0142ysz\u0105ce mog\u0105 si\u0119 do siebie dzwoni\u0107. Je\u015bli nie mo\u017cesz ju\u017c korzysta\u0107 ze zwyk\u0142ej telefonii, mo\u017cesz skorzysta\u0107 z tej us\u0142ugi po\u015brednictwa.<\/p>\n\n\n\n<h2 class=\"wp-block-heading\">Jak to dzia\u0142a?<\/h2>\n\n\n\n<p>Jako u\u017cytkownik potrzebujesz specjalnego oprogramowania do wykonywania po\u0142\u0105cze\u0144 za po\u015brednictwem KPN Teletolk, oprogramowania Total Conversation. Mo\u017cesz go pobra\u0107 na sw\u00f3j komputer, tablet i\/lub smartfon za po\u015brednictwem jednego z dostawc\u00f3w tego oprogramowania. Po instalacji mo\u017cesz zadzwoni\u0107 pod dowolny numer telefonu (z wyj\u0105tkiem numer\u00f3w 0906 i 0909). Dla ka\u017cdej rozmowy mo\u017cesz wybra\u0107 zapo\u015bredniczenie tekstowe lub zapo\u015bredniczenie obraz\u00f3w.<\/p>\n\n\n\n<h2 class=\"wp-block-heading\">Mediacja tekstowa<\/h2>\n\n\n\n<p>Mediacja tekstowa polega na wpisaniu tego, co chcesz powiedzie\u0107. Pracownik KPN Teletolk odczytuje to osobie przes\u0142uchuj\u0105cej. Osoba s\u0142ysz\u0105ca nie potrzebuje specjalnego telefonu ani oprogramowania i mo\u017ce po prostu odpowiedzie\u0107.<\/p>\n\n\n\n<h2 class=\"wp-block-heading\">Zapo\u015bredniczenie obraz\u00f3w<\/h2>\n\n\n\n<p>Je\u015bli zdecydujesz si\u0119 na zapo\u015bredniczenie obrazu, dzieje si\u0119 to samo, ale z gestami. Zarejestrowany t\u0142umacz j\u0119zyka migowego zajmuje si\u0119 konwersj\u0105 j\u0119zyka m\u00f3wionego na j\u0119zyk migowy i odwrotnie. W obu opcjach mo\u017cesz m\u00f3wi\u0107 samodzielnie zamiast pisa\u0107<\/p>\n","protected":false},"excerpt":{"rendered":"<p>Zadzwo\u0144 do nas z KPN Teletolk Je\u015bli masz wad\u0119 s\u0142uchu lub wad\u0119 wymowy, mo\u017cesz zadzwoni\u0107 do stacji alarmowej lekarza rodzinnego za po\u015brednictwem KPN Teletolk (www.kpn.com\/teletolk). Jest to us\u0142uga po\u015bredniczenia tekstu i obrazu. Dzi\u0119ki temu osoby nies\u0142ysz\u0105ce, niedos\u0142ysz\u0105ce, z zaburzeniami mowy i s\u0142ysz\u0105ce mog\u0105 si\u0119 do siebie dzwoni\u0107. Je\u015bli nie mo\u017cesz ju\u017c korzysta\u0107 ze zwyk\u0142ej telefonii, mo\u017cesz skorzysta\u0107 z tej us\u0142ugi po\u015brednictwa. Jak to dzia\u0142a? Jako u\u017cytkownik potrzebujesz specjalnego oprogramowania do wykonywania po\u0142\u0105cze\u0144 za po\u015brednictwem KPN Teletolk, oprogramowania Total Conversation. Mo\u017cesz go pobra\u0107 na sw\u00f3j komputer, tablet i\/lub smartfon za po\u015brednictwem jednego z dostawc\u00f3w tego [&#8230;]<\/p>\n","protected":false},"author":3,"featured_media":0,"parent":0,"menu_order":0,"comment_status":"closed","ping_status":"closed","template":"","meta":{"_acf_changed":false,"_trash_the_other_posts":false,"editor_notices":[],"footnotes":""},"class_list":["post-52917","page","type-page","status-publish","hentry"],"acf":[],"yoast_head":"<!-- This site is optimized with the Yoast SEO plugin v26.6 - https:\/\/yoast.com\/wordpress\/plugins\/seo\/ -->\n<title>Osoby nies\u0142ysz\u0105ce i niedos\u0142ysz\u0105ce - Huisartsenposten De Limes - Polski<\/title>\n<meta name=\"robots\" content=\"noindex, follow, max-snippet:-1, max-image-preview:large, max-video-preview:-1\" \/>\n<meta property=\"og:locale\" content=\"pl_PL\" \/>\n<meta property=\"og:type\" content=\"article\" \/>\n<meta property=\"og:title\" content=\"Osoby nies\u0142ysz\u0105ce i niedos\u0142ysz\u0105ce - Huisartsenposten De Limes - Polski\" \/>\n<meta property=\"og:description\" content=\"Zadzwo\u0144 do nas z KPN Teletolk Je\u015bli masz wad\u0119 s\u0142uchu lub wad\u0119 wymowy, mo\u017cesz zadzwoni\u0107 do stacji alarmowej lekarza rodzinnego za po\u015brednictwem KPN Teletolk (www.kpn.com\/teletolk). Jest to us\u0142uga po\u015bredniczenia tekstu i obrazu. Dzi\u0119ki temu osoby nies\u0142ysz\u0105ce, niedos\u0142ysz\u0105ce, z zaburzeniami mowy i s\u0142ysz\u0105ce mog\u0105 si\u0119 do siebie dzwoni\u0107. Je\u015bli nie mo\u017cesz ju\u017c korzysta\u0107 ze zwyk\u0142ej telefonii, mo\u017cesz skorzysta\u0107 z tej us\u0142ugi po\u015brednictwa. Jak to dzia\u0142a? Jako u\u017cytkownik potrzebujesz specjalnego oprogramowania do wykonywania po\u0142\u0105cze\u0144 za po\u015brednictwem KPN Teletolk, oprogramowania Total Conversation. Mo\u017cesz go pobra\u0107 na sw\u00f3j komputer, tablet i\/lub smartfon za po\u015brednictwem jednego z dostawc\u00f3w tego [...]\" \/>\n<meta property=\"og:url\" content=\"https:\/\/huisartsenpostendelimes.nl\/pl\/osoby-nieslyszace-i-niedoslyszace\/\" \/>\n<meta property=\"og:site_name\" content=\"Huisartsenposten De Limes - Polski\" \/>\n<meta property=\"article:modified_time\" content=\"2024-05-22T07:38:28+00:00\" \/>\n<meta name=\"twitter:card\" content=\"summary_large_image\" \/>\n<meta name=\"twitter:label1\" content=\"Szacowany czas czytania\" \/>\n\t<meta name=\"twitter:data1\" content=\"2 minuty\" \/>\n<script type=\"application\/ld+json\" class=\"yoast-schema-graph\">{\"@context\":\"https:\/\/schema.org\",\"@graph\":[{\"@type\":\"WebPage\",\"@id\":\"https:\/\/huisartsenpostendelimes.nl\/pl\/osoby-nieslyszace-i-niedoslyszace\/\",\"url\":\"https:\/\/huisartsenpostendelimes.nl\/pl\/osoby-nieslyszace-i-niedoslyszace\/\",\"name\":\"Osoby nies\u0142ysz\u0105ce i niedos\u0142ysz\u0105ce - Huisartsenposten De Limes - Polski\",\"isPartOf\":{\"@id\":\"https:\/\/huisartsenpostendelimes.nl\/pl\/#website\"},\"datePublished\":\"2023-08-01T18:39:05+00:00\",\"dateModified\":\"2024-05-22T07:38:28+00:00\",\"breadcrumb\":{\"@id\":\"https:\/\/huisartsenpostendelimes.nl\/pl\/osoby-nieslyszace-i-niedoslyszace\/#breadcrumb\"},\"inLanguage\":\"pl-PL\",\"potentialAction\":[{\"@type\":\"ReadAction\",\"target\":[\"https:\/\/huisartsenpostendelimes.nl\/pl\/osoby-nieslyszace-i-niedoslyszace\/\"]}]},{\"@type\":\"BreadcrumbList\",\"@id\":\"https:\/\/huisartsenpostendelimes.nl\/pl\/osoby-nieslyszace-i-niedoslyszace\/#breadcrumb\",\"itemListElement\":[{\"@type\":\"ListItem\",\"position\":1,\"name\":\"Home\",\"item\":\"https:\/\/huisartsenpostendelimes.nl\/pl\/\"},{\"@type\":\"ListItem\",\"position\":2,\"name\":\"Osoby nies\u0142ysz\u0105ce i niedos\u0142ysz\u0105ce\"}]},{\"@type\":\"WebSite\",\"@id\":\"https:\/\/huisartsenpostendelimes.nl\/pl\/#website\",\"url\":\"https:\/\/huisartsenpostendelimes.nl\/pl\/\",\"name\":\"Huisartsenposten De Limes - Polski\",\"description\":\"\",\"potentialAction\":[{\"@type\":\"SearchAction\",\"target\":{\"@type\":\"EntryPoint\",\"urlTemplate\":\"https:\/\/huisartsenpostendelimes.nl\/pl\/?s={search_term_string}\"},\"query-input\":{\"@type\":\"PropertyValueSpecification\",\"valueRequired\":true,\"valueName\":\"search_term_string\"}}],\"inLanguage\":\"pl-PL\"}]}<\/script>\n<!-- \/ Yoast SEO plugin. -->","yoast_head_json":{"title":"Osoby nies\u0142ysz\u0105ce i niedos\u0142ysz\u0105ce - Huisartsenposten De Limes - Polski","robots":{"index":"noindex","follow":"follow","max-snippet":"max-snippet:-1","max-image-preview":"max-image-preview:large","max-video-preview":"max-video-preview:-1"},"og_locale":"pl_PL","og_type":"article","og_title":"Osoby nies\u0142ysz\u0105ce i niedos\u0142ysz\u0105ce - Huisartsenposten De Limes - Polski","og_description":"Zadzwo\u0144 do nas z KPN Teletolk Je\u015bli masz wad\u0119 s\u0142uchu lub wad\u0119 wymowy, mo\u017cesz zadzwoni\u0107 do stacji alarmowej lekarza rodzinnego za po\u015brednictwem KPN Teletolk (www.kpn.com\/teletolk). Jest to us\u0142uga po\u015bredniczenia tekstu i obrazu. Dzi\u0119ki temu osoby nies\u0142ysz\u0105ce, niedos\u0142ysz\u0105ce, z zaburzeniami mowy i s\u0142ysz\u0105ce mog\u0105 si\u0119 do siebie dzwoni\u0107. Je\u015bli nie mo\u017cesz ju\u017c korzysta\u0107 ze zwyk\u0142ej telefonii, mo\u017cesz skorzysta\u0107 z tej us\u0142ugi po\u015brednictwa. Jak to dzia\u0142a? Jako u\u017cytkownik potrzebujesz specjalnego oprogramowania do wykonywania po\u0142\u0105cze\u0144 za po\u015brednictwem KPN Teletolk, oprogramowania Total Conversation. Mo\u017cesz go pobra\u0107 na sw\u00f3j komputer, tablet i\/lub smartfon za po\u015brednictwem jednego z dostawc\u00f3w tego [...]","og_url":"https:\/\/huisartsenpostendelimes.nl\/pl\/osoby-nieslyszace-i-niedoslyszace\/","og_site_name":"Huisartsenposten De Limes - Polski","article_modified_time":"2024-05-22T07:38:28+00:00","twitter_card":"summary_large_image","twitter_misc":{"Szacowany czas czytania":"2 minuty"},"schema":{"@context":"https:\/\/schema.org","@graph":[{"@type":"WebPage","@id":"https:\/\/huisartsenpostendelimes.nl\/pl\/osoby-nieslyszace-i-niedoslyszace\/","url":"https:\/\/huisartsenpostendelimes.nl\/pl\/osoby-nieslyszace-i-niedoslyszace\/","name":"Osoby nies\u0142ysz\u0105ce i niedos\u0142ysz\u0105ce - Huisartsenposten De Limes - Polski","isPartOf":{"@id":"https:\/\/huisartsenpostendelimes.nl\/pl\/#website"},"datePublished":"2023-08-01T18:39:05+00:00","dateModified":"2024-05-22T07:38:28+00:00","breadcrumb":{"@id":"https:\/\/huisartsenpostendelimes.nl\/pl\/osoby-nieslyszace-i-niedoslyszace\/#breadcrumb"},"inLanguage":"pl-PL","potentialAction":[{"@type":"ReadAction","target":["https:\/\/huisartsenpostendelimes.nl\/pl\/osoby-nieslyszace-i-niedoslyszace\/"]}]},{"@type":"BreadcrumbList","@id":"https:\/\/huisartsenpostendelimes.nl\/pl\/osoby-nieslyszace-i-niedoslyszace\/#breadcrumb","itemListElement":[{"@type":"ListItem","position":1,"name":"Home","item":"https:\/\/huisartsenpostendelimes.nl\/pl\/"},{"@type":"ListItem","position":2,"name":"Osoby nies\u0142ysz\u0105ce i niedos\u0142ysz\u0105ce"}]},{"@type":"WebSite","@id":"https:\/\/huisartsenpostendelimes.nl\/pl\/#website","url":"https:\/\/huisartsenpostendelimes.nl\/pl\/","name":"Huisartsenposten De Limes - Polski","description":"","potentialAction":[{"@type":"SearchAction","target":{"@type":"EntryPoint","urlTemplate":"https:\/\/huisartsenpostendelimes.nl\/pl\/?s={search_term_string}"},"query-input":{"@type":"PropertyValueSpecification","valueRequired":true,"valueName":"search_term_string"}}],"inLanguage":"pl-PL"}]}},"_links":{"self":[{"href":"https:\/\/huisartsenpostendelimes.nl\/pl\/wp-json\/wp\/v2\/pages\/52917","targetHints":{"allow":["GET"]}}],"collection":[{"href":"https:\/\/huisartsenpostendelimes.nl\/pl\/wp-json\/wp\/v2\/pages"}],"about":[{"href":"https:\/\/huisartsenpostendelimes.nl\/pl\/wp-json\/wp\/v2\/types\/page"}],"author":[{"embeddable":true,"href":"https:\/\/huisartsenpostendelimes.nl\/pl\/wp-json\/wp\/v2\/users\/3"}],"replies":[{"embeddable":true,"href":"https:\/\/huisartsenpostendelimes.nl\/pl\/wp-json\/wp\/v2\/comments?post=52917"}],"version-history":[{"count":0,"href":"https:\/\/huisartsenpostendelimes.nl\/pl\/wp-json\/wp\/v2\/pages\/52917\/revisions"}],"wp:attachment":[{"href":"https:\/\/huisartsenpostendelimes.nl\/pl\/wp-json\/wp\/v2\/media?parent=52917"}],"curies":[{"name":"wp","href":"https:\/\/api.w.org\/{rel}","templated":true}]}}