{"id":52919,"date":"2023-08-01T20:40:30","date_gmt":"2023-08-01T18:40:30","guid":{"rendered":"https:\/\/temporary.mindd.dev\/?page_id=52919"},"modified":"2024-05-22T09:38:30","modified_gmt":"2024-05-22T07:38:30","slug":"wymiana-danych-medycznych","status":"publish","type":"page","link":"https:\/\/huisartsenpostendelimes.nl\/pl\/wymiana-danych-medycznych\/","title":{"rendered":"Wymiana danych medycznych"},"content":{"rendered":"\n\n\n<h2 class=\"wp-block-heading\"><strong>Jeste\u015b przygotowany na nag\u0142e wypadki medyczne?<\/strong><\/h2>\n\n\n\n<p>Nie chcesz opowiada\u0107 swojej historii w k\u00f3\u0142ko? Tw\u00f3j lekarz rodzinny i apteka mog\u0105 udost\u0119pnia\u0107 Twoje dane medyczne innym \u015bwiadczeniodawcom. W ten spos\u00f3b nie musisz ponownie opowiada\u0107 swojej historii innemu lekarzowi lub aptece. Oszcz\u0119dza to cenny czas i zapobiega ewentualnym b\u0142\u0119dom.<\/p>\n\n\n\n<p>Udost\u0119pnianie danych medycznych odbywa si\u0119 za po\u015brednictwem Krajowego Punktu Wymiany Informacji (LSP). Jest to bezpieczny i niezawodny system. Twoje dane medyczne nie s\u0105 przechowywane centralnie. S\u0105 one przechowywane na komputerach lekarza rodzinnego i apteki.<\/p>\n\n\n\n<p>Chcesz uzyska\u0107 wi\u0119cej informacji? Nast\u0119pnie zapoznaj si\u0119 z vzvz.nl, popro\u015b swojego lekarza rodzinnego o ulotk\u0119 informacyjn\u0105 lub zadzwo\u0144 pod numer 070 \u2013 317 34 56. Mo\u017cesz natychmiast wyrazi\u0107 zgod\u0119 za po\u015brednictwem&nbsp;<a href=\"https:\/\/www.volgjezorg.nl\/toestemming\" target=\"_blank\" rel=\"noreferrer noopener\">www.volgjezorg.nl\/toestemming<\/a>.<\/p>\n","protected":false},"excerpt":{"rendered":"<p>Jeste\u015b przygotowany na nag\u0142e wypadki medyczne? Nie chcesz opowiada\u0107 swojej historii w k\u00f3\u0142ko? Tw\u00f3j lekarz rodzinny i apteka mog\u0105 udost\u0119pnia\u0107 Twoje dane medyczne innym \u015bwiadczeniodawcom. W ten spos\u00f3b nie musisz ponownie opowiada\u0107 swojej historii innemu lekarzowi lub aptece. Oszcz\u0119dza to cenny czas i zapobiega ewentualnym b\u0142\u0119dom. Udost\u0119pnianie danych medycznych odbywa si\u0119 za po\u015brednictwem Krajowego Punktu Wymiany Informacji (LSP). Jest to bezpieczny i niezawodny system. Twoje dane medyczne nie s\u0105 przechowywane centralnie. S\u0105 one przechowywane na komputerach lekarza rodzinnego i apteki. Chcesz uzyska\u0107 wi\u0119cej informacji? Nast\u0119pnie zapoznaj si\u0119 z vzvz.nl, popro\u015b swojego lekarza rodzinnego o ulotk\u0119 informacyjn\u0105 [&#8230;]<\/p>\n","protected":false},"author":3,"featured_media":0,"parent":0,"menu_order":0,"comment_status":"closed","ping_status":"closed","template":"","meta":{"_acf_changed":false,"_trash_the_other_posts":false,"editor_notices":[],"footnotes":""},"class_list":["post-52919","page","type-page","status-publish","hentry"],"acf":[],"yoast_head":"<!-- This site is optimized with the Yoast SEO plugin v26.6 - https:\/\/yoast.com\/wordpress\/plugins\/seo\/ -->\n<title>Wymiana danych medycznych - Huisartsenposten De Limes - Polski<\/title>\n<meta name=\"robots\" content=\"noindex, follow, max-snippet:-1, max-image-preview:large, max-video-preview:-1\" \/>\n<meta property=\"og:locale\" content=\"pl_PL\" \/>\n<meta property=\"og:type\" content=\"article\" \/>\n<meta property=\"og:title\" content=\"Wymiana danych medycznych - Huisartsenposten De Limes - Polski\" \/>\n<meta property=\"og:description\" content=\"Jeste\u015b przygotowany na nag\u0142e wypadki medyczne? Nie chcesz opowiada\u0107 swojej historii w k\u00f3\u0142ko? Tw\u00f3j lekarz rodzinny i apteka mog\u0105 udost\u0119pnia\u0107 Twoje dane medyczne innym \u015bwiadczeniodawcom. W ten spos\u00f3b nie musisz ponownie opowiada\u0107 swojej historii innemu lekarzowi lub aptece. Oszcz\u0119dza to cenny czas i zapobiega ewentualnym b\u0142\u0119dom. Udost\u0119pnianie danych medycznych odbywa si\u0119 za po\u015brednictwem Krajowego Punktu Wymiany Informacji (LSP). Jest to bezpieczny i niezawodny system. Twoje dane medyczne nie s\u0105 przechowywane centralnie. S\u0105 one przechowywane na komputerach lekarza rodzinnego i apteki. Chcesz uzyska\u0107 wi\u0119cej informacji? Nast\u0119pnie zapoznaj si\u0119 z vzvz.nl, popro\u015b swojego lekarza rodzinnego o ulotk\u0119 informacyjn\u0105 [...]\" \/>\n<meta property=\"og:url\" content=\"https:\/\/huisartsenpostendelimes.nl\/pl\/wymiana-danych-medycznych\/\" \/>\n<meta property=\"og:site_name\" content=\"Huisartsenposten De Limes - Polski\" \/>\n<meta property=\"article:modified_time\" content=\"2024-05-22T07:38:30+00:00\" \/>\n<meta name=\"twitter:card\" content=\"summary_large_image\" \/>\n<meta name=\"twitter:label1\" content=\"Szacowany czas czytania\" \/>\n\t<meta name=\"twitter:data1\" content=\"1 minuta\" \/>\n<script type=\"application\/ld+json\" class=\"yoast-schema-graph\">{\"@context\":\"https:\/\/schema.org\",\"@graph\":[{\"@type\":\"WebPage\",\"@id\":\"https:\/\/huisartsenpostendelimes.nl\/pl\/wymiana-danych-medycznych\/\",\"url\":\"https:\/\/huisartsenpostendelimes.nl\/pl\/wymiana-danych-medycznych\/\",\"name\":\"Wymiana danych medycznych - Huisartsenposten De Limes - Polski\",\"isPartOf\":{\"@id\":\"https:\/\/huisartsenpostendelimes.nl\/pl\/#website\"},\"datePublished\":\"2023-08-01T18:40:30+00:00\",\"dateModified\":\"2024-05-22T07:38:30+00:00\",\"breadcrumb\":{\"@id\":\"https:\/\/huisartsenpostendelimes.nl\/pl\/wymiana-danych-medycznych\/#breadcrumb\"},\"inLanguage\":\"pl-PL\",\"potentialAction\":[{\"@type\":\"ReadAction\",\"target\":[\"https:\/\/huisartsenpostendelimes.nl\/pl\/wymiana-danych-medycznych\/\"]}]},{\"@type\":\"BreadcrumbList\",\"@id\":\"https:\/\/huisartsenpostendelimes.nl\/pl\/wymiana-danych-medycznych\/#breadcrumb\",\"itemListElement\":[{\"@type\":\"ListItem\",\"position\":1,\"name\":\"Home\",\"item\":\"https:\/\/huisartsenpostendelimes.nl\/pl\/\"},{\"@type\":\"ListItem\",\"position\":2,\"name\":\"Wymiana danych medycznych\"}]},{\"@type\":\"WebSite\",\"@id\":\"https:\/\/huisartsenpostendelimes.nl\/pl\/#website\",\"url\":\"https:\/\/huisartsenpostendelimes.nl\/pl\/\",\"name\":\"Huisartsenposten De Limes - Polski\",\"description\":\"\",\"potentialAction\":[{\"@type\":\"SearchAction\",\"target\":{\"@type\":\"EntryPoint\",\"urlTemplate\":\"https:\/\/huisartsenpostendelimes.nl\/pl\/?s={search_term_string}\"},\"query-input\":{\"@type\":\"PropertyValueSpecification\",\"valueRequired\":true,\"valueName\":\"search_term_string\"}}],\"inLanguage\":\"pl-PL\"}]}<\/script>\n<!-- \/ Yoast SEO plugin. -->","yoast_head_json":{"title":"Wymiana danych medycznych - Huisartsenposten De Limes - Polski","robots":{"index":"noindex","follow":"follow","max-snippet":"max-snippet:-1","max-image-preview":"max-image-preview:large","max-video-preview":"max-video-preview:-1"},"og_locale":"pl_PL","og_type":"article","og_title":"Wymiana danych medycznych - Huisartsenposten De Limes - Polski","og_description":"Jeste\u015b przygotowany na nag\u0142e wypadki medyczne? Nie chcesz opowiada\u0107 swojej historii w k\u00f3\u0142ko? Tw\u00f3j lekarz rodzinny i apteka mog\u0105 udost\u0119pnia\u0107 Twoje dane medyczne innym \u015bwiadczeniodawcom. W ten spos\u00f3b nie musisz ponownie opowiada\u0107 swojej historii innemu lekarzowi lub aptece. Oszcz\u0119dza to cenny czas i zapobiega ewentualnym b\u0142\u0119dom. Udost\u0119pnianie danych medycznych odbywa si\u0119 za po\u015brednictwem Krajowego Punktu Wymiany Informacji (LSP). Jest to bezpieczny i niezawodny system. Twoje dane medyczne nie s\u0105 przechowywane centralnie. S\u0105 one przechowywane na komputerach lekarza rodzinnego i apteki. Chcesz uzyska\u0107 wi\u0119cej informacji? Nast\u0119pnie zapoznaj si\u0119 z vzvz.nl, popro\u015b swojego lekarza rodzinnego o ulotk\u0119 informacyjn\u0105 [...]","og_url":"https:\/\/huisartsenpostendelimes.nl\/pl\/wymiana-danych-medycznych\/","og_site_name":"Huisartsenposten De Limes - Polski","article_modified_time":"2024-05-22T07:38:30+00:00","twitter_card":"summary_large_image","twitter_misc":{"Szacowany czas czytania":"1 minuta"},"schema":{"@context":"https:\/\/schema.org","@graph":[{"@type":"WebPage","@id":"https:\/\/huisartsenpostendelimes.nl\/pl\/wymiana-danych-medycznych\/","url":"https:\/\/huisartsenpostendelimes.nl\/pl\/wymiana-danych-medycznych\/","name":"Wymiana danych medycznych - Huisartsenposten De Limes - Polski","isPartOf":{"@id":"https:\/\/huisartsenpostendelimes.nl\/pl\/#website"},"datePublished":"2023-08-01T18:40:30+00:00","dateModified":"2024-05-22T07:38:30+00:00","breadcrumb":{"@id":"https:\/\/huisartsenpostendelimes.nl\/pl\/wymiana-danych-medycznych\/#breadcrumb"},"inLanguage":"pl-PL","potentialAction":[{"@type":"ReadAction","target":["https:\/\/huisartsenpostendelimes.nl\/pl\/wymiana-danych-medycznych\/"]}]},{"@type":"BreadcrumbList","@id":"https:\/\/huisartsenpostendelimes.nl\/pl\/wymiana-danych-medycznych\/#breadcrumb","itemListElement":[{"@type":"ListItem","position":1,"name":"Home","item":"https:\/\/huisartsenpostendelimes.nl\/pl\/"},{"@type":"ListItem","position":2,"name":"Wymiana danych medycznych"}]},{"@type":"WebSite","@id":"https:\/\/huisartsenpostendelimes.nl\/pl\/#website","url":"https:\/\/huisartsenpostendelimes.nl\/pl\/","name":"Huisartsenposten De Limes - Polski","description":"","potentialAction":[{"@type":"SearchAction","target":{"@type":"EntryPoint","urlTemplate":"https:\/\/huisartsenpostendelimes.nl\/pl\/?s={search_term_string}"},"query-input":{"@type":"PropertyValueSpecification","valueRequired":true,"valueName":"search_term_string"}}],"inLanguage":"pl-PL"}]}},"_links":{"self":[{"href":"https:\/\/huisartsenpostendelimes.nl\/pl\/wp-json\/wp\/v2\/pages\/52919","targetHints":{"allow":["GET"]}}],"collection":[{"href":"https:\/\/huisartsenpostendelimes.nl\/pl\/wp-json\/wp\/v2\/pages"}],"about":[{"href":"https:\/\/huisartsenpostendelimes.nl\/pl\/wp-json\/wp\/v2\/types\/page"}],"author":[{"embeddable":true,"href":"https:\/\/huisartsenpostendelimes.nl\/pl\/wp-json\/wp\/v2\/users\/3"}],"replies":[{"embeddable":true,"href":"https:\/\/huisartsenpostendelimes.nl\/pl\/wp-json\/wp\/v2\/comments?post=52919"}],"version-history":[{"count":0,"href":"https:\/\/huisartsenpostendelimes.nl\/pl\/wp-json\/wp\/v2\/pages\/52919\/revisions"}],"wp:attachment":[{"href":"https:\/\/huisartsenpostendelimes.nl\/pl\/wp-json\/wp\/v2\/media?parent=52919"}],"curies":[{"name":"wp","href":"https:\/\/api.w.org\/{rel}","templated":true}]}}