{"id":52952,"date":"2023-08-02T10:38:54","date_gmt":"2023-08-02T08:38:54","guid":{"rendered":"https:\/\/temporary.mindd.dev\/?page_id=52952"},"modified":"2025-12-04T15:12:09","modified_gmt":"2025-12-04T14:12:09","slug":"rada-klienta","status":"publish","type":"page","link":"https:\/\/huisartsenpostendelimes.nl\/pl\/rada-klienta\/","title":{"rendered":"Rada klienta"},"content":{"rendered":"\n<p>Rada klienta nadaje pacjentowi g\u0142os i twarz w Huisartsenposten De LIMES. Pi\u0119ciu cz\u0142onk\u00f3w rady doradza dyrektorowi od punktu wyj\u015bcia u\u017cytkownika; pacjent, kt\u00f3ry potrzebuje pilnej opieki rodzinnej. Od lewej do prawej: Cor Kiers (pose\u0142), Nick van Yperen (obecny wiceprzewodnicz\u0105cy), Gert Hylkema (przewodnicz\u0105cy), Elly de Regt (cz\u0142onkini) oraz Jeannette de Heij (sekretarz).<\/p>\n\n\n\n<figure class=\"wp-block-image aligncenter size-large\"><img decoding=\"async\" src=\"https:\/\/huisartsenpostendelimes.nl\/wp-content\/uploads\/sites\/108\/2024\/09\/CR-bewerkt-16-9-2024-b-1024x978.jpg\" alt=\"\" class=\"wp-image-56370\" \/><\/figure>\n\n\n\n<p>Opr\u00f3cz porad, wykonuj\u0105 r\u00f3wnie\u017c kurs GP Posts De LIMES, aby g\u0142os pacjenta zosta\u0142 us\u0142yszany na czas. Rada klienta zajmuje si\u0119 r\u00f3\u017cnymi tematami, takimi jak jako\u015b\u0107 opieki, procedura rozpatrywania skarg oraz dost\u0119pno\u015b\u0107 stanowisk w Alphen a\/d Rijn, Leiderdorp i Voorhout.<\/p>\n\n\n\n<p>Rada reprezentuje pacjent\u00f3w w obszarze pracy Punkt\u00f3w Ratunkowych LIMES GP i my\u015bli z perspektywy interes\u00f3w du\u017cej grupy pacjent\u00f3w. Rada klienta dzia\u0142a na podstawie Ustawy o Udziale Klient\u00f3w w Instytucjach Opieki Zdrowotnej z 2018 roku.<\/p>\n\n\n\n<figure class=\"wp-block-image size-large\"><img decoding=\"async\" width=\"1024\" height=\"885\" src=\"https:\/\/huisartsenpostendelimes.nl\/wp-content\/uploads\/sites\/108\/2024\/03\/regiokaartje-huiskleuren-De-LIMES-TdH-16-10-2023-1024x885.png\" alt=\"\" class=\"wp-image-55343\" srcset=\"https:\/\/huisartsenpostendelimes.nl\/pl\/wp-content\/uploads\/sites\/139\/2024\/03\/regiokaartje-huiskleuren-De-LIMES-TdH-16-10-2023-1024x885.png 1024w, https:\/\/huisartsenpostendelimes.nl\/pl\/wp-content\/uploads\/sites\/139\/2024\/03\/regiokaartje-huiskleuren-De-LIMES-TdH-16-10-2023-300x259.png 300w, https:\/\/huisartsenpostendelimes.nl\/pl\/wp-content\/uploads\/sites\/139\/2024\/03\/regiokaartje-huiskleuren-De-LIMES-TdH-16-10-2023-768x664.png 768w, https:\/\/huisartsenpostendelimes.nl\/pl\/wp-content\/uploads\/sites\/139\/2024\/03\/regiokaartje-huiskleuren-De-LIMES-TdH-16-10-2023-1536x1327.png 1536w, https:\/\/huisartsenpostendelimes.nl\/pl\/wp-content\/uploads\/sites\/139\/2024\/03\/regiokaartje-huiskleuren-De-LIMES-TdH-16-10-2023-10x10.png 10w, https:\/\/huisartsenpostendelimes.nl\/pl\/wp-content\/uploads\/sites\/139\/2024\/03\/regiokaartje-huiskleuren-De-LIMES-TdH-16-10-2023.png 1832w\" sizes=\"(max-width: 1024px) 100vw, 1024px\" \/><\/figure>\n\n\n\n<p><\/p>\n\n\n\n<p>Kontakt: <a href=\"mailto:clientenraad@hpdelimes.nl\">clientenraad@hpdelimes.nl<\/a><\/p>\n\n\n\n<p><strong>Raport roczny<\/strong><\/p>\n\n\n\n<p>Kliknij <a href=\"https:\/\/huisartsenpostendelimes.nl\/wp-content\/uploads\/sites\/108\/2025\/04\/Jaarverslag-2024-Clientenraad-Huisartsenposten-DE-LIMES-BV.pdf\">tutaj<\/a> , aby zobaczy\u0107 raport roczny<\/p>\n\n\n\n<p><strong>Zasady<\/strong><\/p>\n\n\n\n<p>Kliknij <a href=\"\/wp-content\/uploads\/sites\/108\/2023\/11\/1b.-Huishoudelijk-reglement-Clientenraad-De-Limes.pdf\">tutaj<\/a> , aby zobaczy\u0107 przepisy wewn\u0119trzne<\/p>\n\n\n\n<p><strong>Plan pracy 2026 Rada Klienta<\/strong><\/p>\n\n\n\n<p>Kliknij<a href=\"https:\/\/huisartsenpostendelimes.nl\/wp-content\/uploads\/sites\/108\/2025\/12\/Werkplan-2026-Clientenraad-De-Limes.pdf\"> tutaj<\/a> , aby zobaczy\u0107 plan pracy na 2026 rok<\/p>\n\n\n\n<p><\/p>\n","protected":false},"excerpt":{"rendered":"<p>Sprawi\u0107, by g\u0142os pacjenta by\u0142 s\u0142yszalny w tym, co robi organizacja. Jest to zadanie rady klient\u00f3w Huisartsenposten De LIMES. Rada Nadzorcza doradza dyrektorowi organizacji w zakresie polityki opieki lekarza rodzinnego w nag\u0142ych wypadkach. Rada klienta skupia si\u0119 na perspektywie u\u017cytkownika, pacjenta. Rada Klient\u00f3w regularnie rozmawia z Zarz\u0105dem o sprawach, kt\u00f3re maj\u0105 wp\u0142yw na interesy pacjenta. Udzielaj\u0105c porad i post\u0119puj\u0105c zgodnie z zaleceniami Huisartsenposten De LIMES, g\u0142os pacjenta jest s\u0142yszalny. Rada klient\u00f3w doradza w r\u00f3\u017cnych kwestiach, takich jak jako\u015b\u0107 [&#8230;]<\/p>\n","protected":false},"author":3,"featured_media":0,"parent":0,"menu_order":0,"comment_status":"closed","ping_status":"closed","template":"","meta":{"_acf_changed":false,"_trash_the_other_posts":false,"editor_notices":[],"footnotes":""},"class_list":["post-52952","page","type-page","status-publish","hentry"],"acf":[],"yoast_head":"<!-- This site is optimized with the Yoast SEO plugin v26.6 - https:\/\/yoast.com\/wordpress\/plugins\/seo\/ -->\n<title>Rada klienta - Huisartsenposten De Limes - Polski<\/title>\n<meta name=\"robots\" content=\"noindex, follow, max-snippet:-1, max-image-preview:large, max-video-preview:-1\" \/>\n<meta property=\"og:locale\" content=\"pl_PL\" \/>\n<meta property=\"og:type\" content=\"article\" \/>\n<meta property=\"og:title\" content=\"Rada klienta - Huisartsenposten De Limes - Polski\" \/>\n<meta property=\"og:description\" content=\"Sprawi\u0107, by g\u0142os pacjenta by\u0142 s\u0142yszalny w tym, co robi organizacja. Jest to zadanie rady klient\u00f3w Huisartsenposten De LIMES. Rada Nadzorcza doradza dyrektorowi organizacji w zakresie polityki opieki lekarza rodzinnego w nag\u0142ych wypadkach. Rada klienta skupia si\u0119 na perspektywie u\u017cytkownika, pacjenta. Rada Klient\u00f3w regularnie rozmawia z Zarz\u0105dem o sprawach, kt\u00f3re maj\u0105 wp\u0142yw na interesy pacjenta. Udzielaj\u0105c porad i post\u0119puj\u0105c zgodnie z zaleceniami Huisartsenposten De LIMES, g\u0142os pacjenta jest s\u0142yszalny. Rada klient\u00f3w doradza w r\u00f3\u017cnych kwestiach, takich jak jako\u015b\u0107 [...]\" \/>\n<meta property=\"og:url\" content=\"https:\/\/huisartsenpostendelimes.nl\/pl\/rada-klientow\/\" \/>\n<meta property=\"og:site_name\" content=\"Huisartsenposten De Limes - Polski\" \/>\n<meta property=\"article:modified_time\" content=\"2025-12-04T14:12:09+00:00\" \/>\n<meta name=\"twitter:card\" content=\"summary_large_image\" \/>\n<meta name=\"twitter:label1\" content=\"Szacowany czas czytania\" \/>\n\t<meta name=\"twitter:data1\" content=\"2 minuty\" \/>\n<script type=\"application\/ld+json\" class=\"yoast-schema-graph\">{\"@context\":\"https:\/\/schema.org\",\"@graph\":[{\"@type\":\"WebPage\",\"@id\":\"https:\/\/huisartsenpostendelimes.nl\/pl\/rada-klientow\/\",\"url\":\"https:\/\/huisartsenpostendelimes.nl\/pl\/rada-klientow\/\",\"name\":\"Rada klienta - Huisartsenposten De Limes - Polski\",\"isPartOf\":{\"@id\":\"https:\/\/huisartsenpostendelimes.nl\/pl\/#website\"},\"primaryImageOfPage\":{\"@id\":\"https:\/\/huisartsenpostendelimes.nl\/pl\/rada-klientow\/#primaryimage\"},\"image\":{\"@id\":\"https:\/\/huisartsenpostendelimes.nl\/pl\/rada-klientow\/#primaryimage\"},\"thumbnailUrl\":\"https:\/\/huisartsenpostendelimes.nl\/wp-content\/uploads\/sites\/108\/2024\/09\/CR-bewerkt-16-9-2024-b-1024x978.jpg\",\"datePublished\":\"2023-08-02T08:38:54+00:00\",\"dateModified\":\"2025-12-04T14:12:09+00:00\",\"breadcrumb\":{\"@id\":\"https:\/\/huisartsenpostendelimes.nl\/pl\/rada-klientow\/#breadcrumb\"},\"inLanguage\":\"pl-PL\",\"potentialAction\":[{\"@type\":\"ReadAction\",\"target\":[\"https:\/\/huisartsenpostendelimes.nl\/pl\/rada-klientow\/\"]}]},{\"@type\":\"ImageObject\",\"inLanguage\":\"pl-PL\",\"@id\":\"https:\/\/huisartsenpostendelimes.nl\/pl\/rada-klientow\/#primaryimage\",\"url\":\"https:\/\/huisartsenpostendelimes.nl\/wp-content\/uploads\/sites\/108\/2024\/09\/CR-bewerkt-16-9-2024-b-1024x978.jpg\",\"contentUrl\":\"https:\/\/huisartsenpostendelimes.nl\/wp-content\/uploads\/sites\/108\/2024\/09\/CR-bewerkt-16-9-2024-b-1024x978.jpg\"},{\"@type\":\"BreadcrumbList\",\"@id\":\"https:\/\/huisartsenpostendelimes.nl\/pl\/rada-klientow\/#breadcrumb\",\"itemListElement\":[{\"@type\":\"ListItem\",\"position\":1,\"name\":\"Home\",\"item\":\"https:\/\/huisartsenpostendelimes.nl\/pl\/\"},{\"@type\":\"ListItem\",\"position\":2,\"name\":\"Rada Klient\u00f3w\"}]},{\"@type\":\"WebSite\",\"@id\":\"https:\/\/huisartsenpostendelimes.nl\/pl\/#website\",\"url\":\"https:\/\/huisartsenpostendelimes.nl\/pl\/\",\"name\":\"Huisartsenposten De Limes - Polski\",\"description\":\"\",\"potentialAction\":[{\"@type\":\"SearchAction\",\"target\":{\"@type\":\"EntryPoint\",\"urlTemplate\":\"https:\/\/huisartsenpostendelimes.nl\/pl\/?s={search_term_string}\"},\"query-input\":{\"@type\":\"PropertyValueSpecification\",\"valueRequired\":true,\"valueName\":\"search_term_string\"}}],\"inLanguage\":\"pl-PL\"}]}<\/script>\n<!-- \/ Yoast SEO plugin. -->","yoast_head_json":{"title":"Rada klienta - Huisartsenposten De Limes - Polski","robots":{"index":"noindex","follow":"follow","max-snippet":"max-snippet:-1","max-image-preview":"max-image-preview:large","max-video-preview":"max-video-preview:-1"},"og_locale":"pl_PL","og_type":"article","og_title":"Rada klienta - Huisartsenposten De Limes - Polski","og_description":"Sprawi\u0107, by g\u0142os pacjenta by\u0142 s\u0142yszalny w tym, co robi organizacja. Jest to zadanie rady klient\u00f3w Huisartsenposten De LIMES. Rada Nadzorcza doradza dyrektorowi organizacji w zakresie polityki opieki lekarza rodzinnego w nag\u0142ych wypadkach. Rada klienta skupia si\u0119 na perspektywie u\u017cytkownika, pacjenta. Rada Klient\u00f3w regularnie rozmawia z Zarz\u0105dem o sprawach, kt\u00f3re maj\u0105 wp\u0142yw na interesy pacjenta. Udzielaj\u0105c porad i post\u0119puj\u0105c zgodnie z zaleceniami Huisartsenposten De LIMES, g\u0142os pacjenta jest s\u0142yszalny. Rada klient\u00f3w doradza w r\u00f3\u017cnych kwestiach, takich jak jako\u015b\u0107 [...]","og_url":"https:\/\/huisartsenpostendelimes.nl\/pl\/rada-klientow\/","og_site_name":"Huisartsenposten De Limes - Polski","article_modified_time":"2025-12-04T14:12:09+00:00","twitter_card":"summary_large_image","twitter_misc":{"Szacowany czas czytania":"2 minuty"},"schema":{"@context":"https:\/\/schema.org","@graph":[{"@type":"WebPage","@id":"https:\/\/huisartsenpostendelimes.nl\/pl\/rada-klientow\/","url":"https:\/\/huisartsenpostendelimes.nl\/pl\/rada-klientow\/","name":"Rada klienta - Huisartsenposten De Limes - Polski","isPartOf":{"@id":"https:\/\/huisartsenpostendelimes.nl\/pl\/#website"},"primaryImageOfPage":{"@id":"https:\/\/huisartsenpostendelimes.nl\/pl\/rada-klientow\/#primaryimage"},"image":{"@id":"https:\/\/huisartsenpostendelimes.nl\/pl\/rada-klientow\/#primaryimage"},"thumbnailUrl":"https:\/\/huisartsenpostendelimes.nl\/wp-content\/uploads\/sites\/108\/2024\/09\/CR-bewerkt-16-9-2024-b-1024x978.jpg","datePublished":"2023-08-02T08:38:54+00:00","dateModified":"2025-12-04T14:12:09+00:00","breadcrumb":{"@id":"https:\/\/huisartsenpostendelimes.nl\/pl\/rada-klientow\/#breadcrumb"},"inLanguage":"pl-PL","potentialAction":[{"@type":"ReadAction","target":["https:\/\/huisartsenpostendelimes.nl\/pl\/rada-klientow\/"]}]},{"@type":"ImageObject","inLanguage":"pl-PL","@id":"https:\/\/huisartsenpostendelimes.nl\/pl\/rada-klientow\/#primaryimage","url":"https:\/\/huisartsenpostendelimes.nl\/wp-content\/uploads\/sites\/108\/2024\/09\/CR-bewerkt-16-9-2024-b-1024x978.jpg","contentUrl":"https:\/\/huisartsenpostendelimes.nl\/wp-content\/uploads\/sites\/108\/2024\/09\/CR-bewerkt-16-9-2024-b-1024x978.jpg"},{"@type":"BreadcrumbList","@id":"https:\/\/huisartsenpostendelimes.nl\/pl\/rada-klientow\/#breadcrumb","itemListElement":[{"@type":"ListItem","position":1,"name":"Home","item":"https:\/\/huisartsenpostendelimes.nl\/pl\/"},{"@type":"ListItem","position":2,"name":"Rada Klient\u00f3w"}]},{"@type":"WebSite","@id":"https:\/\/huisartsenpostendelimes.nl\/pl\/#website","url":"https:\/\/huisartsenpostendelimes.nl\/pl\/","name":"Huisartsenposten De Limes - Polski","description":"","potentialAction":[{"@type":"SearchAction","target":{"@type":"EntryPoint","urlTemplate":"https:\/\/huisartsenpostendelimes.nl\/pl\/?s={search_term_string}"},"query-input":{"@type":"PropertyValueSpecification","valueRequired":true,"valueName":"search_term_string"}}],"inLanguage":"pl-PL"}]}},"_links":{"self":[{"href":"https:\/\/huisartsenpostendelimes.nl\/pl\/wp-json\/wp\/v2\/pages\/52952","targetHints":{"allow":["GET"]}}],"collection":[{"href":"https:\/\/huisartsenpostendelimes.nl\/pl\/wp-json\/wp\/v2\/pages"}],"about":[{"href":"https:\/\/huisartsenpostendelimes.nl\/pl\/wp-json\/wp\/v2\/types\/page"}],"author":[{"embeddable":true,"href":"https:\/\/huisartsenpostendelimes.nl\/pl\/wp-json\/wp\/v2\/users\/3"}],"replies":[{"embeddable":true,"href":"https:\/\/huisartsenpostendelimes.nl\/pl\/wp-json\/wp\/v2\/comments?post=52952"}],"version-history":[{"count":5,"href":"https:\/\/huisartsenpostendelimes.nl\/pl\/wp-json\/wp\/v2\/pages\/52952\/revisions"}],"predecessor-version":[{"id":56853,"href":"https:\/\/huisartsenpostendelimes.nl\/pl\/wp-json\/wp\/v2\/pages\/52952\/revisions\/56853"}],"wp:attachment":[{"href":"https:\/\/huisartsenpostendelimes.nl\/pl\/wp-json\/wp\/v2\/media?parent=52952"}],"curies":[{"name":"wp","href":"https:\/\/api.w.org\/{rel}","templated":true}]}}