{"id":52964,"date":"2023-08-02T15:49:12","date_gmt":"2023-08-02T13:49:12","guid":{"rendered":"https:\/\/temporary.mindd.dev\/?page_id=52964"},"modified":"2025-12-23T12:02:59","modified_gmt":"2025-12-23T11:02:59","slug":"o-nas","status":"publish","type":"page","link":"https:\/\/huisartsenpostendelimes.nl\/pl\/o-nas\/","title":{"rendered":"O nas"},"content":{"rendered":"\n\n\n<h2 class=\"wp-block-heading\">Nasza misja<\/h2>\n\n\n\n<p>Misj\u0105 Huisartsenposten De LIMES jest wsp\u00f3lne budowanie odpowiedniej opieki ratunkowej.<\/p>\n\n\n\n<h2 class=\"wp-block-heading\">Nasza wizja<\/h2>\n\n\n\n<p>Wsp\u00f3\u0142pracujemy i z przyjemno\u015bci\u0105 pracujemy nad dobr\u0105 opiek\u0105 og\u00f3ln\u0105 ANW w naszym regionie. Zaanga\u017cowany i wykwalifikowany personel oraz lekarze rodzinni pomagaj\u0105 osobom w ostrych sytuacjach medycznych. Robimy to, oferuj\u0105c odpowiedni\u0105 opiek\u0119 w spos\u00f3b pe\u0142en szacunku.<\/p>\n\n\n\n<div class=\"wp-block-buttons is-content-justification-center is-layout-flex wp-container-core-buttons-is-layout-16018d1d wp-block-buttons-is-layout-flex\">\n<div class=\"wp-block-button is-style-outline is-style-outline--1\"><a class=\"wp-block-button__link wp-element-button\" href=\"https:\/\/huisartsenpostendelimes.nl\/wp-content\/uploads\/sites\/108\/2025\/12\/Organogram-Huisartsenposten-De-LIMES-BV-nov-2025.pdf\" target=\"_blank\" rel=\"noreferrer noopener\">Wejd\u017a do naszego schematu organizacyjnego<\/a><\/div>\n<\/div>\n\n\n\n<h3 class=\"wp-block-heading h4\">Dyrektor zarz\u0105dzaj\u0105cy<\/h3>\n\n\n\n<p>Pan G.M.J. (Gos) de Vries<\/p>\n\n\n\n<h3 class=\"wp-block-heading h4\">Rada Nadzorcza<\/h3>\n\n\n\n<p>Pan D. Sulphur (Przewodnicz\u0105cy)<br>Pan A. van Zwol<br>Pani C.E. Vlasblom<\/p>\n\n\n\n<h3 class=\"wp-block-heading h4\">Regulacje<\/h3>\n\n\n\n<p><a href=\"https:\/\/huisartsenpostendelimes.nl\/wp-content\/uploads\/sites\/108\/2025\/12\/Conflictregeling-Huisartsenposten-De-LIMES-BV.pdf\" target=\"_blank\" rel=\"noreferrer noopener\">Rozwi\u0105zywanie konflikt\u00f3w<\/a><\/p>\n\n\n\n<p>Nasze raporty <a href=\"https:\/\/huisartsenpostendelimes.nl\/jaarverslagen\/\">roczne mo\u017cna pobra\u0107 tutaj<\/a>.<\/p>\n\n\n\n<h3 class=\"wp-block-heading\">Wizja nadzorcza<\/h3>\n\n\n\n<p>Kliknij <a href=\"https:\/\/huisartsenpostendelimes.nl\/wp-content\/uploads\/sites\/108\/2024\/04\/Toezichtsvisie-Raad-van-Commissarissen-HP-De-LIMES.pdf\">tutaj,<\/a> aby zobaczy\u0107 wizj\u0119 nadzorcz\u0105<\/p>\n","protected":false},"excerpt":{"rendered":"<p>Nasza misja Misj\u0105 Huisartsenposten De LIMES jest wsp\u00f3\u0142praca w celu zapewnienia odpowiedniej opieki w nag\u0142ych wypadkach. Nasza wizja Cieszymy si\u0119, \u017ce mo\u017cemy wsp\u00f3\u0142pracowa\u0107 i z przyjemno\u015bci\u0105 zapewnia\u0107 dobr\u0105 opiek\u0119 lekarza rodzinnego w nag\u0142ych wypadkach w naszym regionie. Zaanga\u017cowany i wykwalifikowany personel oraz lekarze rodzinni pomagaj\u0105 ludziom w nag\u0142ych sytuacjach medycznych. Robimy to, zapewniaj\u0105c odpowiedni\u0105 opiek\u0119 w spos\u00f3b pe\u0142en szacunku. Dyrektor Zarz\u0105dzaj\u0105cy Pan G.M.J. (Gos) de Vries Rada Nadzorcza Pan D. Sulfuring (Przewodnicz\u0105cy)Pan A. van ZwolPani C.E. Vlasblom Przepisy Rozwi\u0105zywanie konflikt\u00f3w Nasze raporty roczne mo\u017cna pobra\u0107 tutaj. Wizja nadzorcza Kliknij tutaj, aby zapozna\u0107 si\u0119 z wizj\u0105 nadzorcz\u0105<\/p>\n","protected":false},"author":3,"featured_media":0,"parent":0,"menu_order":0,"comment_status":"closed","ping_status":"closed","template":"","meta":{"_acf_changed":false,"_trash_the_other_posts":false,"editor_notices":[],"footnotes":""},"class_list":["post-52964","page","type-page","status-publish","hentry"],"acf":[],"yoast_head":"<!-- This site is optimized with the Yoast SEO plugin v26.6 - https:\/\/yoast.com\/wordpress\/plugins\/seo\/ -->\n<title>O nas - Huisartsenposten De Limes - Polski<\/title>\n<meta name=\"robots\" content=\"noindex, follow, max-snippet:-1, max-image-preview:large, max-video-preview:-1\" \/>\n<meta property=\"og:locale\" content=\"pl_PL\" \/>\n<meta property=\"og:type\" content=\"article\" \/>\n<meta property=\"og:title\" content=\"O nas - Huisartsenposten De Limes - Polski\" \/>\n<meta property=\"og:description\" content=\"Nasza misja Misj\u0105 Huisartsenposten De LIMES jest wsp\u00f3\u0142praca w celu zapewnienia odpowiedniej opieki w nag\u0142ych wypadkach. Nasza wizja Cieszymy si\u0119, \u017ce mo\u017cemy wsp\u00f3\u0142pracowa\u0107 i z przyjemno\u015bci\u0105 zapewnia\u0107 dobr\u0105 opiek\u0119 lekarza rodzinnego w nag\u0142ych wypadkach w naszym regionie. Zaanga\u017cowany i wykwalifikowany personel oraz lekarze rodzinni pomagaj\u0105 ludziom w nag\u0142ych sytuacjach medycznych. Robimy to, zapewniaj\u0105c odpowiedni\u0105 opiek\u0119 w spos\u00f3b pe\u0142en szacunku. Dyrektor Zarz\u0105dzaj\u0105cy Pan G.M.J. (Gos) de Vries Rada Nadzorcza Pan D. Sulfuring (Przewodnicz\u0105cy)Pan A. van ZwolPani C.E. Vlasblom Przepisy Rozwi\u0105zywanie konflikt\u00f3w Nasze raporty roczne mo\u017cna pobra\u0107 tutaj. Wizja nadzorcza Kliknij tutaj, aby zapozna\u0107 si\u0119 z wizj\u0105 nadzorcz\u0105\" \/>\n<meta property=\"og:url\" content=\"https:\/\/huisartsenpostendelimes.nl\/pl\/o-firmie\/\" \/>\n<meta property=\"og:site_name\" content=\"Huisartsenposten De Limes - Polski\" \/>\n<meta property=\"article:modified_time\" content=\"2025-12-23T11:02:59+00:00\" \/>\n<meta name=\"twitter:card\" content=\"summary_large_image\" \/>\n<meta name=\"twitter:label1\" content=\"Szacowany czas czytania\" \/>\n\t<meta name=\"twitter:data1\" content=\"1 minuta\" \/>\n<script type=\"application\/ld+json\" class=\"yoast-schema-graph\">{\"@context\":\"https:\/\/schema.org\",\"@graph\":[{\"@type\":\"WebPage\",\"@id\":\"https:\/\/huisartsenpostendelimes.nl\/pl\/o-firmie\/\",\"url\":\"https:\/\/huisartsenpostendelimes.nl\/pl\/o-firmie\/\",\"name\":\"O nas - Huisartsenposten De Limes - Polski\",\"isPartOf\":{\"@id\":\"https:\/\/huisartsenpostendelimes.nl\/pl\/#website\"},\"datePublished\":\"2023-08-02T13:49:12+00:00\",\"dateModified\":\"2025-12-23T11:02:59+00:00\",\"breadcrumb\":{\"@id\":\"https:\/\/huisartsenpostendelimes.nl\/pl\/o-firmie\/#breadcrumb\"},\"inLanguage\":\"pl-PL\",\"potentialAction\":[{\"@type\":\"ReadAction\",\"target\":[\"https:\/\/huisartsenpostendelimes.nl\/pl\/o-firmie\/\"]}]},{\"@type\":\"BreadcrumbList\",\"@id\":\"https:\/\/huisartsenpostendelimes.nl\/pl\/o-firmie\/#breadcrumb\",\"itemListElement\":[{\"@type\":\"ListItem\",\"position\":1,\"name\":\"Home\",\"item\":\"https:\/\/huisartsenpostendelimes.nl\/pl\/\"},{\"@type\":\"ListItem\",\"position\":2,\"name\":\"O nas\"}]},{\"@type\":\"WebSite\",\"@id\":\"https:\/\/huisartsenpostendelimes.nl\/pl\/#website\",\"url\":\"https:\/\/huisartsenpostendelimes.nl\/pl\/\",\"name\":\"Huisartsenposten De Limes - Polski\",\"description\":\"\",\"potentialAction\":[{\"@type\":\"SearchAction\",\"target\":{\"@type\":\"EntryPoint\",\"urlTemplate\":\"https:\/\/huisartsenpostendelimes.nl\/pl\/?s={search_term_string}\"},\"query-input\":{\"@type\":\"PropertyValueSpecification\",\"valueRequired\":true,\"valueName\":\"search_term_string\"}}],\"inLanguage\":\"pl-PL\"}]}<\/script>\n<!-- \/ Yoast SEO plugin. -->","yoast_head_json":{"title":"O nas - Huisartsenposten De Limes - Polski","robots":{"index":"noindex","follow":"follow","max-snippet":"max-snippet:-1","max-image-preview":"max-image-preview:large","max-video-preview":"max-video-preview:-1"},"og_locale":"pl_PL","og_type":"article","og_title":"O nas - Huisartsenposten De Limes - Polski","og_description":"Nasza misja Misj\u0105 Huisartsenposten De LIMES jest wsp\u00f3\u0142praca w celu zapewnienia odpowiedniej opieki w nag\u0142ych wypadkach. Nasza wizja Cieszymy si\u0119, \u017ce mo\u017cemy wsp\u00f3\u0142pracowa\u0107 i z przyjemno\u015bci\u0105 zapewnia\u0107 dobr\u0105 opiek\u0119 lekarza rodzinnego w nag\u0142ych wypadkach w naszym regionie. Zaanga\u017cowany i wykwalifikowany personel oraz lekarze rodzinni pomagaj\u0105 ludziom w nag\u0142ych sytuacjach medycznych. Robimy to, zapewniaj\u0105c odpowiedni\u0105 opiek\u0119 w spos\u00f3b pe\u0142en szacunku. Dyrektor Zarz\u0105dzaj\u0105cy Pan G.M.J. (Gos) de Vries Rada Nadzorcza Pan D. Sulfuring (Przewodnicz\u0105cy)Pan A. van ZwolPani C.E. Vlasblom Przepisy Rozwi\u0105zywanie konflikt\u00f3w Nasze raporty roczne mo\u017cna pobra\u0107 tutaj. Wizja nadzorcza Kliknij tutaj, aby zapozna\u0107 si\u0119 z wizj\u0105 nadzorcz\u0105","og_url":"https:\/\/huisartsenpostendelimes.nl\/pl\/o-firmie\/","og_site_name":"Huisartsenposten De Limes - Polski","article_modified_time":"2025-12-23T11:02:59+00:00","twitter_card":"summary_large_image","twitter_misc":{"Szacowany czas czytania":"1 minuta"},"schema":{"@context":"https:\/\/schema.org","@graph":[{"@type":"WebPage","@id":"https:\/\/huisartsenpostendelimes.nl\/pl\/o-firmie\/","url":"https:\/\/huisartsenpostendelimes.nl\/pl\/o-firmie\/","name":"O nas - Huisartsenposten De Limes - Polski","isPartOf":{"@id":"https:\/\/huisartsenpostendelimes.nl\/pl\/#website"},"datePublished":"2023-08-02T13:49:12+00:00","dateModified":"2025-12-23T11:02:59+00:00","breadcrumb":{"@id":"https:\/\/huisartsenpostendelimes.nl\/pl\/o-firmie\/#breadcrumb"},"inLanguage":"pl-PL","potentialAction":[{"@type":"ReadAction","target":["https:\/\/huisartsenpostendelimes.nl\/pl\/o-firmie\/"]}]},{"@type":"BreadcrumbList","@id":"https:\/\/huisartsenpostendelimes.nl\/pl\/o-firmie\/#breadcrumb","itemListElement":[{"@type":"ListItem","position":1,"name":"Home","item":"https:\/\/huisartsenpostendelimes.nl\/pl\/"},{"@type":"ListItem","position":2,"name":"O nas"}]},{"@type":"WebSite","@id":"https:\/\/huisartsenpostendelimes.nl\/pl\/#website","url":"https:\/\/huisartsenpostendelimes.nl\/pl\/","name":"Huisartsenposten De Limes - Polski","description":"","potentialAction":[{"@type":"SearchAction","target":{"@type":"EntryPoint","urlTemplate":"https:\/\/huisartsenpostendelimes.nl\/pl\/?s={search_term_string}"},"query-input":{"@type":"PropertyValueSpecification","valueRequired":true,"valueName":"search_term_string"}}],"inLanguage":"pl-PL"}]}},"_links":{"self":[{"href":"https:\/\/huisartsenpostendelimes.nl\/pl\/wp-json\/wp\/v2\/pages\/52964","targetHints":{"allow":["GET"]}}],"collection":[{"href":"https:\/\/huisartsenpostendelimes.nl\/pl\/wp-json\/wp\/v2\/pages"}],"about":[{"href":"https:\/\/huisartsenpostendelimes.nl\/pl\/wp-json\/wp\/v2\/types\/page"}],"author":[{"embeddable":true,"href":"https:\/\/huisartsenpostendelimes.nl\/pl\/wp-json\/wp\/v2\/users\/3"}],"replies":[{"embeddable":true,"href":"https:\/\/huisartsenpostendelimes.nl\/pl\/wp-json\/wp\/v2\/comments?post=52964"}],"version-history":[{"count":2,"href":"https:\/\/huisartsenpostendelimes.nl\/pl\/wp-json\/wp\/v2\/pages\/52964\/revisions"}],"predecessor-version":[{"id":56854,"href":"https:\/\/huisartsenpostendelimes.nl\/pl\/wp-json\/wp\/v2\/pages\/52964\/revisions\/56854"}],"wp:attachment":[{"href":"https:\/\/huisartsenpostendelimes.nl\/pl\/wp-json\/wp\/v2\/media?parent=52964"}],"curies":[{"name":"wp","href":"https:\/\/api.w.org\/{rel}","templated":true}]}}