{"id":53265,"date":"2023-08-07T12:21:07","date_gmt":"2023-08-07T10:21:07","guid":{"rendered":"https:\/\/temporary.mindd.dev\/?page_id=53265"},"modified":"2024-05-22T09:38:41","modified_gmt":"2024-05-22T07:38:41","slug":"angielski","status":"publish","type":"page","link":"https:\/\/huisartsenpostendelimes.nl\/pl\/angielski\/","title":{"rendered":"Angielski"},"content":{"rendered":"\n\n\n<h2 class=\"wp-block-heading\"><strong>Leczenie przez lekarza rodzinnego poza godzinami pracy gabinetu<\/strong><\/h2>\n\n\n\n<p>Je\u015bli potrzebujesz pilnego leczenia przez lekarza pierwszego kontaktu (GP) i nie mo\u017cesz czeka\u0107 na otwarcie przychodni swojego sta\u0142ego lekarza rodzinnego, mo\u017cesz skontaktowa\u0107 si\u0119 z klinik\u0105 medyczn\u0105 Huisartsenposten De LIMES po godzinach pracy. Zadzwo\u0144 pod numer +31 88 427 4700 (z adresem zamieszkania Leiderdorp\/Leiden i Alphen a\/d Rijn) lub +31 252 240 212 (z adresem zamieszkania region Duin- en Bollenstreek).<\/p>\n\n\n\n<p>Je\u015bli \u017cycie pacjenta jest zagro\u017cone, nale\u017cy zadzwoni\u0107 pod numer 112 po karetk\u0119 pogotowia. Otrzymasz niezb\u0119dne instrukcje.<\/p>\n\n\n\n<h2 class=\"wp-block-heading\">Godziny konsultacji<\/h2>\n\n\n\n<ul class=\"wp-block-list\">\n<li>Dni powszednie w godzinach 17.00 \u2013 08.00<\/li>\n\n\n\n<li>Weekendy od pi\u0105tku od 17.00 do poniedzia\u0142ku od 08.00<\/li>\n\n\n\n<li>\u015awi\u0119ta narodowe<\/li>\n\n\n\n<li>Konsultacja odbywa si\u0119 tylko po wcze\u015bniejszym um\u00f3wieniu si\u0119!<\/li>\n\n\n\n<li>W normalnych godzinach pracy gabinet lekarza rodzinnego b\u0119dzie otwarty.<\/li>\n<\/ul>\n\n\n\n<h2 class=\"wp-block-heading\">Jak to dzia\u0142a?<\/h2>\n\n\n\n<p>Kiedy zadzwonisz, zostaniesz po\u0142\u0105czony ze specjalnie przeszkolonym asystentem lekarza, kt\u00f3ry pracuje zgodnie ze \u015bcis\u0142ymi wytycznymi. Wyja\u015bnij sw\u00f3j stan\/objawy asystentowi, a w wielu przypadkach b\u0119dzie on w stanie udzieli\u0107 Ci potrzebnej porady, skonsultowanej z lekarzem dy\u017curnym. Inne mo\u017cliwe sposoby dzia\u0142ania to: konsultacja telefoniczna z lekarzem rodzinnym, konsultacja z lekarzem rodzinnym w naszej klinice, recepta lub wizyta domowa lekarza rodzinnego.<\/p>\n\n\n\n<p><strong>Uwaga: <\/strong>Mo\u017cesz zosta\u0107 obci\u0105\u017cony op\u0142at\u0105 za konsultacj\u0119 telefoniczn\u0105, konsultacj\u0119 u lekarza rodzinnego lub za wizyt\u0119 domow\u0105 lekarza rodzinnego lub za recept\u0119 na leki.<\/p>\n\n\n\n<p>Zostaniesz poproszony o:<\/p>\n\n\n\n<ul class=\"wp-block-list\">\n<li>imi\u0119 i nazwisko, adres, numer telefonu pacjenta<\/li>\n\n\n\n<li>Data urodzenia.<\/li>\n\n\n\n<li>charakter objaw\u00f3w pacjenta<\/li>\n\n\n\n<li>jakie leki przyjmuje pacjent<\/li>\n\n\n\n<li>Europejska Karta Ubezpieczenia Zdrowotnego <p data-favro-document-key=\"764e0fd405bd85281c9dc729\" data-pm-slice=\"1 1 []\"><span class=\"author\" data-authorid=\"no9Yif8HCYqZZQBnc\"><a href=\"https:\/\/www.schengenvisainfo.com\/europe-travel-insurance\/ehic\/\" target=\"_blank\" rel=\"noopener\">SchengenVisaInfo.com<\/a> to przewodnik, kt\u00f3ry zawiera wszystkie niezb\u0119dne informacje na temat Europejskiej Karty Ubezpieczenia Zdrowotnego, tego, kto potrzebuje i jak si\u0119 o ni\u0105 ubiega\u0107, jej wa\u017cno\u015bci i nie tylko.<\/span><\/p><\/li>\n<\/ul>\n\n\n\n<p>Je\u015bli odwiedzasz nasz\u0105 klinik\u0119, b\u0119dziesz musia\u0142 zabra\u0107 ze sob\u0105 wa\u017cny dow\u00f3d to\u017csamo\u015bci. Mo\u017ce to by\u0107: paszport, dow\u00f3d osobisty, prawo jazdy. Prosimy o okazanie tego dokumentu podczas zg\u0142aszania si\u0119 do biura.<\/p>\n\n\n\n<p>Pami\u0119taj, \u017ce je\u015bli nie masz Europejskiej Karty Ubezpieczenia Zdrowotnego, musisz zap\u0142aci\u0107. Po powrocie do domu mo\u017cesz odebra\u0107 p\u0142atno\u015b\u0107 od firmy ubezpieczeniowej wraz z paragonem.<\/p>\n\n\n\n<h2 class=\"wp-block-heading\">Adresy<\/h2>\n\n\n\n<p>Po godzinach pracy przychodnia lekarska:<\/p>\n\n\n\n<p>Alphen aan den Rijn &#8211; Metoorlaan 4 &#8211; 2402 WC<\/p>\n\n\n\n<p>Leiderdorp &#8211; Simon Smitweg 1 &#8211; 2353 GA<\/p>\n\n\n\n<p>Voorhout &#8211; Rijnsburgerweg 4b, 2215 RA<\/p>\n","protected":false},"excerpt":{"rendered":"<p>Leczenie przez lekarza pierwszego kontaktu poza godzinami pracy gabinetu Je\u015bli potrzebujesz pilnego leczenia przez lekarza pierwszego kontaktu (GP) i nie mo\u017cesz czeka\u0107 na otwarcie gabinetu swojego sta\u0142ego lekarza rodzinnego, mo\u017cesz skontaktowa\u0107 si\u0119 z klinik\u0105 medyczn\u0105 Huisartsenposten De LIMES po godzinach pracy. Zadzwo\u0144 pod numer +31 88 427 4700 (z adresem zamieszkania Leiderdorp\/Leiden i Alphen a\/d Rijn) lub +31 252 240 212 (z adresem zamieszkania region Duin- en Bollenstreek). Je\u015bli \u017cycie pacjenta jest zagro\u017cone, nale\u017cy zadzwoni\u0107 pod numer 112 po karetk\u0119 pogotowia. Otrzymasz niezb\u0119dne instrukcje. Godziny konsultacji Jak to dzia\u0142a? Kiedy zadzwonisz, zostaniesz po\u0142\u0105czony ze specjalnym [&#8230;]<\/p>\n","protected":false},"author":3,"featured_media":0,"parent":0,"menu_order":0,"comment_status":"closed","ping_status":"closed","template":"","meta":{"_acf_changed":false,"_trash_the_other_posts":false,"editor_notices":[],"footnotes":""},"class_list":["post-53265","page","type-page","status-publish","hentry"],"acf":[],"yoast_head":"<!-- This site is optimized with the Yoast SEO plugin v26.6 - https:\/\/yoast.com\/wordpress\/plugins\/seo\/ -->\n<title>Angielski - Huisartsenposten De Limes - Polski<\/title>\n<meta name=\"robots\" content=\"noindex, follow, max-snippet:-1, max-image-preview:large, max-video-preview:-1\" \/>\n<meta property=\"og:locale\" content=\"pl_PL\" \/>\n<meta property=\"og:type\" content=\"article\" \/>\n<meta property=\"og:title\" content=\"Angielski - Huisartsenposten De Limes - Polski\" \/>\n<meta property=\"og:description\" content=\"Leczenie przez lekarza pierwszego kontaktu poza godzinami pracy gabinetu Je\u015bli potrzebujesz pilnego leczenia przez lekarza pierwszego kontaktu (GP) i nie mo\u017cesz czeka\u0107 na otwarcie gabinetu swojego sta\u0142ego lekarza rodzinnego, mo\u017cesz skontaktowa\u0107 si\u0119 z klinik\u0105 medyczn\u0105 Huisartsenposten De LIMES po godzinach pracy. Zadzwo\u0144 pod numer +31 88 427 4700 (z adresem zamieszkania Leiderdorp\/Leiden i Alphen a\/d Rijn) lub +31 252 240 212 (z adresem zamieszkania region Duin- en Bollenstreek). Je\u015bli \u017cycie pacjenta jest zagro\u017cone, nale\u017cy zadzwoni\u0107 pod numer 112 po karetk\u0119 pogotowia. Otrzymasz niezb\u0119dne instrukcje. Godziny konsultacji Jak to dzia\u0142a? Kiedy zadzwonisz, zostaniesz po\u0142\u0105czony ze specjalnym [...]\" \/>\n<meta property=\"og:url\" content=\"https:\/\/huisartsenpostendelimes.nl\/pl\/angielski\/\" \/>\n<meta property=\"og:site_name\" content=\"Huisartsenposten De Limes - Polski\" \/>\n<meta property=\"article:modified_time\" content=\"2024-05-22T07:38:41+00:00\" \/>\n<meta name=\"twitter:card\" content=\"summary_large_image\" \/>\n<meta name=\"twitter:label1\" content=\"Szacowany czas czytania\" \/>\n\t<meta name=\"twitter:data1\" content=\"2 minuty\" \/>\n<script type=\"application\/ld+json\" class=\"yoast-schema-graph\">{\"@context\":\"https:\/\/schema.org\",\"@graph\":[{\"@type\":\"WebPage\",\"@id\":\"https:\/\/huisartsenpostendelimes.nl\/pl\/angielski\/\",\"url\":\"https:\/\/huisartsenpostendelimes.nl\/pl\/angielski\/\",\"name\":\"Angielski - Huisartsenposten De Limes - Polski\",\"isPartOf\":{\"@id\":\"https:\/\/huisartsenpostendelimes.nl\/pl\/#website\"},\"datePublished\":\"2023-08-07T10:21:07+00:00\",\"dateModified\":\"2024-05-22T07:38:41+00:00\",\"breadcrumb\":{\"@id\":\"https:\/\/huisartsenpostendelimes.nl\/pl\/angielski\/#breadcrumb\"},\"inLanguage\":\"pl-PL\",\"potentialAction\":[{\"@type\":\"ReadAction\",\"target\":[\"https:\/\/huisartsenpostendelimes.nl\/pl\/angielski\/\"]}]},{\"@type\":\"BreadcrumbList\",\"@id\":\"https:\/\/huisartsenpostendelimes.nl\/pl\/angielski\/#breadcrumb\",\"itemListElement\":[{\"@type\":\"ListItem\",\"position\":1,\"name\":\"Home\",\"item\":\"https:\/\/huisartsenpostendelimes.nl\/pl\/\"},{\"@type\":\"ListItem\",\"position\":2,\"name\":\"Angielski\"}]},{\"@type\":\"WebSite\",\"@id\":\"https:\/\/huisartsenpostendelimes.nl\/pl\/#website\",\"url\":\"https:\/\/huisartsenpostendelimes.nl\/pl\/\",\"name\":\"Huisartsenposten De Limes - Polski\",\"description\":\"\",\"potentialAction\":[{\"@type\":\"SearchAction\",\"target\":{\"@type\":\"EntryPoint\",\"urlTemplate\":\"https:\/\/huisartsenpostendelimes.nl\/pl\/?s={search_term_string}\"},\"query-input\":{\"@type\":\"PropertyValueSpecification\",\"valueRequired\":true,\"valueName\":\"search_term_string\"}}],\"inLanguage\":\"pl-PL\"}]}<\/script>\n<!-- \/ Yoast SEO plugin. -->","yoast_head_json":{"title":"Angielski - Huisartsenposten De Limes - Polski","robots":{"index":"noindex","follow":"follow","max-snippet":"max-snippet:-1","max-image-preview":"max-image-preview:large","max-video-preview":"max-video-preview:-1"},"og_locale":"pl_PL","og_type":"article","og_title":"Angielski - Huisartsenposten De Limes - Polski","og_description":"Leczenie przez lekarza pierwszego kontaktu poza godzinami pracy gabinetu Je\u015bli potrzebujesz pilnego leczenia przez lekarza pierwszego kontaktu (GP) i nie mo\u017cesz czeka\u0107 na otwarcie gabinetu swojego sta\u0142ego lekarza rodzinnego, mo\u017cesz skontaktowa\u0107 si\u0119 z klinik\u0105 medyczn\u0105 Huisartsenposten De LIMES po godzinach pracy. Zadzwo\u0144 pod numer +31 88 427 4700 (z adresem zamieszkania Leiderdorp\/Leiden i Alphen a\/d Rijn) lub +31 252 240 212 (z adresem zamieszkania region Duin- en Bollenstreek). Je\u015bli \u017cycie pacjenta jest zagro\u017cone, nale\u017cy zadzwoni\u0107 pod numer 112 po karetk\u0119 pogotowia. Otrzymasz niezb\u0119dne instrukcje. Godziny konsultacji Jak to dzia\u0142a? Kiedy zadzwonisz, zostaniesz po\u0142\u0105czony ze specjalnym [...]","og_url":"https:\/\/huisartsenpostendelimes.nl\/pl\/angielski\/","og_site_name":"Huisartsenposten De Limes - Polski","article_modified_time":"2024-05-22T07:38:41+00:00","twitter_card":"summary_large_image","twitter_misc":{"Szacowany czas czytania":"2 minuty"},"schema":{"@context":"https:\/\/schema.org","@graph":[{"@type":"WebPage","@id":"https:\/\/huisartsenpostendelimes.nl\/pl\/angielski\/","url":"https:\/\/huisartsenpostendelimes.nl\/pl\/angielski\/","name":"Angielski - Huisartsenposten De Limes - Polski","isPartOf":{"@id":"https:\/\/huisartsenpostendelimes.nl\/pl\/#website"},"datePublished":"2023-08-07T10:21:07+00:00","dateModified":"2024-05-22T07:38:41+00:00","breadcrumb":{"@id":"https:\/\/huisartsenpostendelimes.nl\/pl\/angielski\/#breadcrumb"},"inLanguage":"pl-PL","potentialAction":[{"@type":"ReadAction","target":["https:\/\/huisartsenpostendelimes.nl\/pl\/angielski\/"]}]},{"@type":"BreadcrumbList","@id":"https:\/\/huisartsenpostendelimes.nl\/pl\/angielski\/#breadcrumb","itemListElement":[{"@type":"ListItem","position":1,"name":"Home","item":"https:\/\/huisartsenpostendelimes.nl\/pl\/"},{"@type":"ListItem","position":2,"name":"Angielski"}]},{"@type":"WebSite","@id":"https:\/\/huisartsenpostendelimes.nl\/pl\/#website","url":"https:\/\/huisartsenpostendelimes.nl\/pl\/","name":"Huisartsenposten De Limes - Polski","description":"","potentialAction":[{"@type":"SearchAction","target":{"@type":"EntryPoint","urlTemplate":"https:\/\/huisartsenpostendelimes.nl\/pl\/?s={search_term_string}"},"query-input":{"@type":"PropertyValueSpecification","valueRequired":true,"valueName":"search_term_string"}}],"inLanguage":"pl-PL"}]}},"_links":{"self":[{"href":"https:\/\/huisartsenpostendelimes.nl\/pl\/wp-json\/wp\/v2\/pages\/53265","targetHints":{"allow":["GET"]}}],"collection":[{"href":"https:\/\/huisartsenpostendelimes.nl\/pl\/wp-json\/wp\/v2\/pages"}],"about":[{"href":"https:\/\/huisartsenpostendelimes.nl\/pl\/wp-json\/wp\/v2\/types\/page"}],"author":[{"embeddable":true,"href":"https:\/\/huisartsenpostendelimes.nl\/pl\/wp-json\/wp\/v2\/users\/3"}],"replies":[{"embeddable":true,"href":"https:\/\/huisartsenpostendelimes.nl\/pl\/wp-json\/wp\/v2\/comments?post=53265"}],"version-history":[{"count":0,"href":"https:\/\/huisartsenpostendelimes.nl\/pl\/wp-json\/wp\/v2\/pages\/53265\/revisions"}],"wp:attachment":[{"href":"https:\/\/huisartsenpostendelimes.nl\/pl\/wp-json\/wp\/v2\/media?parent=53265"}],"curies":[{"name":"wp","href":"https:\/\/api.w.org\/{rel}","templated":true}]}}