{"id":54228,"date":"2023-09-01T10:02:13","date_gmt":"2023-09-01T08:02:13","guid":{"rendered":"https:\/\/temporary.mindd.dev\/?page_id=54228"},"modified":"2024-05-22T09:38:58","modified_gmt":"2024-05-22T07:38:58","slug":"merger-gp-posts-rijnland-en-duin-en-bollenstreek","status":"publish","type":"page","link":"https:\/\/huisartsenpostendelimes.nl\/pl\/merger-gp-posts-rijnland-en-duin-en-bollenstreek\/","title":{"rendered":"Po\u0142\u0105czenie stanowisk GP Rijnland i Dune and Bulb Region"},"content":{"rendered":"\n\n\n<p>Wa\u017cna aktualizacja<\/p>\n\n\n\n<p>W dniu 1 stycznia 2021 r. us\u0142ugi lekarzy rodzinnych \u015bwiadcz\u0105ce us\u0142ugi pozagodzinne w Stichting Samenwerkende Huisartsendiensten Rijnland po\u0142\u0105czy\u0142y si\u0119 z us\u0142ugami lekarzy rodzinnych \u015bwiadczonymi poza godzinami pracy w Regionie Wydm i \u017bar\u00f3wek Sp\u00f3\u0142dzielczej S\u0142u\u017cby Lekarskiej. Organizacja ta otrzyma\u0142a now\u0105 nazw\u0119:<strong> <\/strong>Huisartsenposten De LIMES.<\/p>\n\n\n\n<p>Jako pacjent prawie nie zauwa\u017cysz tego transferu. Wszystkie przychodnie lekarzy rodzinnych poza godzinami pracy pozostan\u0105 dost\u0119pne pod dotychczasowymi numerami telefon\u00f3w. Adresy wizyt pozostaj\u0105 takie same, z tymi samymi piel\u0119gniarkami, asystentami lekarzy, kierowcami, lekarzami rodzinnymi i procesami pracy.<\/p>\n\n\n\n<p>Jedyne, co widocznie si\u0119 dla Ciebie zmieni, to strona internetowa z informacjami dla pacjent\u00f3w. Strona internetowa Huisartsenposten Rijnland i strona internetowa Huisartsenpost Duin- en Bollenstreek ju\u017c nie dzia\u0142aj\u0105. Je\u015bli zapisa\u0142e\u015b t\u0119 stron\u0119 jako ulubion\u0105, uprzejmie prosimy o jej zmian\u0119.<\/p>\n","protected":false},"excerpt":{"rendered":"<p>Wa\u017cna aktualizacja W dniu 1 stycznia 2021 r. us\u0142ugi lekarzy rodzinnych \u015bwiadcz\u0105ce us\u0142ugi pozagodzinne Fundacji na rzecz Sp\u00f3\u0142dzielczych Us\u0142ug Lekarzy Rodzinnych Rijnland po\u0142\u0105czy\u0142y si\u0119 z us\u0142ugami lekarzy rodzinnych \u015bwiadczonymi poza godzinami pracy Cooperative Doctors&#8217; Service Dune and Bulb Region. Organizacja ta otrzyma\u0142a now\u0105 nazw\u0119: Huisartsenposten De LIMES. Jako pacjent prawie nie zauwa\u017cysz tego transferu. Wszystkie przychodnie lekarzy rodzinnych poza godzinami pracy pozostan\u0105 dost\u0119pne pod dotychczasowymi numerami telefon\u00f3w. Adresy wizyt pozostaj\u0105 takie same, z tymi samymi piel\u0119gniarkami, asystentami lekarzy, kierowcami, lekarzami rodzinnymi i procesami pracy. Jedyne, co widocznie si\u0119 dla Ciebie zmieni, to strona internetowa z informacjami dla pacjent\u00f3w. Strona internetowa Huisartsenposten Rijnland i strona internetowa Huisartsenpost Duin- en Bollenstreek ju\u017c nie dzia\u0142aj\u0105. Czy powiniene\u015b [&#8230;]<\/p>\n","protected":false},"author":3,"featured_media":0,"parent":0,"menu_order":0,"comment_status":"closed","ping_status":"closed","template":"","meta":{"_acf_changed":false,"_trash_the_other_posts":false,"editor_notices":[],"footnotes":""},"class_list":["post-54228","page","type-page","status-publish","hentry"],"acf":[],"yoast_head":"<!-- This site is optimized with the Yoast SEO plugin v26.6 - https:\/\/yoast.com\/wordpress\/plugins\/seo\/ -->\n<title>Po\u0142\u0105czenie stanowisk GP Rijnland i Dune and Bulb Region - Huisartsenposten De Limes - Polski<\/title>\n<meta name=\"robots\" content=\"noindex, follow, max-snippet:-1, max-image-preview:large, max-video-preview:-1\" \/>\n<meta property=\"og:locale\" content=\"pl_PL\" \/>\n<meta property=\"og:type\" content=\"article\" \/>\n<meta property=\"og:title\" content=\"Po\u0142\u0105czenie stanowisk GP Rijnland i Dune and Bulb Region - Huisartsenposten De Limes - Polski\" \/>\n<meta property=\"og:description\" content=\"Wa\u017cna aktualizacja W dniu 1 stycznia 2021 r. us\u0142ugi lekarzy rodzinnych \u015bwiadcz\u0105ce us\u0142ugi pozagodzinne Fundacji na rzecz Sp\u00f3\u0142dzielczych Us\u0142ug Lekarzy Rodzinnych Rijnland po\u0142\u0105czy\u0142y si\u0119 z us\u0142ugami lekarzy rodzinnych \u015bwiadczonymi poza godzinami pracy Cooperative Doctors&#039; Service Dune and Bulb Region. Organizacja ta otrzyma\u0142a now\u0105 nazw\u0119: Huisartsenposten De LIMES. Jako pacjent prawie nie zauwa\u017cysz tego transferu. Wszystkie przychodnie lekarzy rodzinnych poza godzinami pracy pozostan\u0105 dost\u0119pne pod dotychczasowymi numerami telefon\u00f3w. Adresy wizyt pozostaj\u0105 takie same, z tymi samymi piel\u0119gniarkami, asystentami lekarzy, kierowcami, lekarzami rodzinnymi i procesami pracy. Jedyne, co widocznie si\u0119 dla Ciebie zmieni, to strona internetowa z informacjami dla pacjent\u00f3w. Strona internetowa Huisartsenposten Rijnland i strona internetowa Huisartsenpost Duin- en Bollenstreek ju\u017c nie dzia\u0142aj\u0105. Czy powiniene\u015b [...]\" \/>\n<meta property=\"og:url\" content=\"https:\/\/huisartsenpostendelimes.nl\/pl\/merger-gp-posts-rijnland-en-duin-en-bollenstreek\/\" \/>\n<meta property=\"og:site_name\" content=\"Huisartsenposten De Limes - Polski\" \/>\n<meta property=\"article:modified_time\" content=\"2024-05-22T07:38:58+00:00\" \/>\n<meta name=\"twitter:card\" content=\"summary_large_image\" \/>\n<meta name=\"twitter:label1\" content=\"Szacowany czas czytania\" \/>\n\t<meta name=\"twitter:data1\" content=\"1 minuta\" \/>\n<script type=\"application\/ld+json\" class=\"yoast-schema-graph\">{\"@context\":\"https:\/\/schema.org\",\"@graph\":[{\"@type\":\"WebPage\",\"@id\":\"https:\/\/huisartsenpostendelimes.nl\/pl\/merger-gp-posts-rijnland-en-duin-en-bollenstreek\/\",\"url\":\"https:\/\/huisartsenpostendelimes.nl\/pl\/merger-gp-posts-rijnland-en-duin-en-bollenstreek\/\",\"name\":\"Po\u0142\u0105czenie stanowisk GP Rijnland i Dune and Bulb Region - Huisartsenposten De Limes - Polski\",\"isPartOf\":{\"@id\":\"https:\/\/huisartsenpostendelimes.nl\/pl\/#website\"},\"datePublished\":\"2023-09-01T08:02:13+00:00\",\"dateModified\":\"2024-05-22T07:38:58+00:00\",\"breadcrumb\":{\"@id\":\"https:\/\/huisartsenpostendelimes.nl\/pl\/merger-gp-posts-rijnland-en-duin-en-bollenstreek\/#breadcrumb\"},\"inLanguage\":\"pl-PL\",\"potentialAction\":[{\"@type\":\"ReadAction\",\"target\":[\"https:\/\/huisartsenpostendelimes.nl\/pl\/merger-gp-posts-rijnland-en-duin-en-bollenstreek\/\"]}]},{\"@type\":\"BreadcrumbList\",\"@id\":\"https:\/\/huisartsenpostendelimes.nl\/pl\/merger-gp-posts-rijnland-en-duin-en-bollenstreek\/#breadcrumb\",\"itemListElement\":[{\"@type\":\"ListItem\",\"position\":1,\"name\":\"Home\",\"item\":\"https:\/\/huisartsenpostendelimes.nl\/pl\/\"},{\"@type\":\"ListItem\",\"position\":2,\"name\":\"Po\u0142\u0105czenie stanowisk GP Rijnland i Dune and Bulb Region\"}]},{\"@type\":\"WebSite\",\"@id\":\"https:\/\/huisartsenpostendelimes.nl\/pl\/#website\",\"url\":\"https:\/\/huisartsenpostendelimes.nl\/pl\/\",\"name\":\"Huisartsenposten De Limes - Polski\",\"description\":\"\",\"potentialAction\":[{\"@type\":\"SearchAction\",\"target\":{\"@type\":\"EntryPoint\",\"urlTemplate\":\"https:\/\/huisartsenpostendelimes.nl\/pl\/?s={search_term_string}\"},\"query-input\":{\"@type\":\"PropertyValueSpecification\",\"valueRequired\":true,\"valueName\":\"search_term_string\"}}],\"inLanguage\":\"pl-PL\"}]}<\/script>\n<!-- \/ Yoast SEO plugin. -->","yoast_head_json":{"title":"Po\u0142\u0105czenie stanowisk GP Rijnland i Dune and Bulb Region - Huisartsenposten De Limes - Polski","robots":{"index":"noindex","follow":"follow","max-snippet":"max-snippet:-1","max-image-preview":"max-image-preview:large","max-video-preview":"max-video-preview:-1"},"og_locale":"pl_PL","og_type":"article","og_title":"Po\u0142\u0105czenie stanowisk GP Rijnland i Dune and Bulb Region - Huisartsenposten De Limes - Polski","og_description":"Wa\u017cna aktualizacja W dniu 1 stycznia 2021 r. us\u0142ugi lekarzy rodzinnych \u015bwiadcz\u0105ce us\u0142ugi pozagodzinne Fundacji na rzecz Sp\u00f3\u0142dzielczych Us\u0142ug Lekarzy Rodzinnych Rijnland po\u0142\u0105czy\u0142y si\u0119 z us\u0142ugami lekarzy rodzinnych \u015bwiadczonymi poza godzinami pracy Cooperative Doctors' Service Dune and Bulb Region. Organizacja ta otrzyma\u0142a now\u0105 nazw\u0119: Huisartsenposten De LIMES. Jako pacjent prawie nie zauwa\u017cysz tego transferu. Wszystkie przychodnie lekarzy rodzinnych poza godzinami pracy pozostan\u0105 dost\u0119pne pod dotychczasowymi numerami telefon\u00f3w. Adresy wizyt pozostaj\u0105 takie same, z tymi samymi piel\u0119gniarkami, asystentami lekarzy, kierowcami, lekarzami rodzinnymi i procesami pracy. Jedyne, co widocznie si\u0119 dla Ciebie zmieni, to strona internetowa z informacjami dla pacjent\u00f3w. Strona internetowa Huisartsenposten Rijnland i strona internetowa Huisartsenpost Duin- en Bollenstreek ju\u017c nie dzia\u0142aj\u0105. Czy powiniene\u015b [...]","og_url":"https:\/\/huisartsenpostendelimes.nl\/pl\/merger-gp-posts-rijnland-en-duin-en-bollenstreek\/","og_site_name":"Huisartsenposten De Limes - Polski","article_modified_time":"2024-05-22T07:38:58+00:00","twitter_card":"summary_large_image","twitter_misc":{"Szacowany czas czytania":"1 minuta"},"schema":{"@context":"https:\/\/schema.org","@graph":[{"@type":"WebPage","@id":"https:\/\/huisartsenpostendelimes.nl\/pl\/merger-gp-posts-rijnland-en-duin-en-bollenstreek\/","url":"https:\/\/huisartsenpostendelimes.nl\/pl\/merger-gp-posts-rijnland-en-duin-en-bollenstreek\/","name":"Po\u0142\u0105czenie stanowisk GP Rijnland i Dune and Bulb Region - Huisartsenposten De Limes - Polski","isPartOf":{"@id":"https:\/\/huisartsenpostendelimes.nl\/pl\/#website"},"datePublished":"2023-09-01T08:02:13+00:00","dateModified":"2024-05-22T07:38:58+00:00","breadcrumb":{"@id":"https:\/\/huisartsenpostendelimes.nl\/pl\/merger-gp-posts-rijnland-en-duin-en-bollenstreek\/#breadcrumb"},"inLanguage":"pl-PL","potentialAction":[{"@type":"ReadAction","target":["https:\/\/huisartsenpostendelimes.nl\/pl\/merger-gp-posts-rijnland-en-duin-en-bollenstreek\/"]}]},{"@type":"BreadcrumbList","@id":"https:\/\/huisartsenpostendelimes.nl\/pl\/merger-gp-posts-rijnland-en-duin-en-bollenstreek\/#breadcrumb","itemListElement":[{"@type":"ListItem","position":1,"name":"Home","item":"https:\/\/huisartsenpostendelimes.nl\/pl\/"},{"@type":"ListItem","position":2,"name":"Po\u0142\u0105czenie stanowisk GP Rijnland i Dune and Bulb Region"}]},{"@type":"WebSite","@id":"https:\/\/huisartsenpostendelimes.nl\/pl\/#website","url":"https:\/\/huisartsenpostendelimes.nl\/pl\/","name":"Huisartsenposten De Limes - Polski","description":"","potentialAction":[{"@type":"SearchAction","target":{"@type":"EntryPoint","urlTemplate":"https:\/\/huisartsenpostendelimes.nl\/pl\/?s={search_term_string}"},"query-input":{"@type":"PropertyValueSpecification","valueRequired":true,"valueName":"search_term_string"}}],"inLanguage":"pl-PL"}]}},"_links":{"self":[{"href":"https:\/\/huisartsenpostendelimes.nl\/pl\/wp-json\/wp\/v2\/pages\/54228","targetHints":{"allow":["GET"]}}],"collection":[{"href":"https:\/\/huisartsenpostendelimes.nl\/pl\/wp-json\/wp\/v2\/pages"}],"about":[{"href":"https:\/\/huisartsenpostendelimes.nl\/pl\/wp-json\/wp\/v2\/types\/page"}],"author":[{"embeddable":true,"href":"https:\/\/huisartsenpostendelimes.nl\/pl\/wp-json\/wp\/v2\/users\/3"}],"replies":[{"embeddable":true,"href":"https:\/\/huisartsenpostendelimes.nl\/pl\/wp-json\/wp\/v2\/comments?post=54228"}],"version-history":[{"count":0,"href":"https:\/\/huisartsenpostendelimes.nl\/pl\/wp-json\/wp\/v2\/pages\/54228\/revisions"}],"wp:attachment":[{"href":"https:\/\/huisartsenpostendelimes.nl\/pl\/wp-json\/wp\/v2\/media?parent=54228"}],"curies":[{"name":"wp","href":"https:\/\/api.w.org\/{rel}","templated":true}]}}