{"id":54404,"date":"2023-10-02T15:07:30","date_gmt":"2023-10-02T13:07:30","guid":{"rendered":"https:\/\/temporary.mindd.dev\/?page_id=54404"},"modified":"2024-05-22T09:39:00","modified_gmt":"2024-05-22T07:39:00","slug":"banery","status":"publish","type":"page","link":"https:\/\/huisartsenpostendelimes.nl\/pl\/banery\/","title":{"rendered":"Banery"},"content":{"rendered":"\n\n\n<p>Dost\u0119pnych jest kilka baner\u00f3w dla witryny internetowej organizacji. Wybierz lokalizacj\u0119 poni\u017cej, aby zobaczy\u0107, jak mo\u017cesz umie\u015bci\u0107 j\u0105 na w\u0142asnej stronie internetowej.<\/p>\n\n\n\n<h2 class=\"wp-block-heading\">Lokalizacje:<\/h2>\n\n\n\n<ul class=\"wp-block-list\">\n<li><a href=\"\/banners\/banner-alphen-a-d-rijn-leiderdorp\/\">Alphen a\/d Rijn<\/a><\/li>\n\n\n\n<li><a href=\"\/banners\/banner-alphen-a-d-rijn-leiderdorp\/\">Leiderdorp, Holandia<\/a><\/li>\n\n\n\n<li><a href=\"\/banners\/voorhout\/\">Voorhout<\/a><\/li>\n<\/ul>\n","protected":false},"excerpt":{"rendered":"<p>Dost\u0119pnych jest kilka baner\u00f3w dla witryny internetowej organizacji. Wybierz lokalizacj\u0119 poni\u017cej, aby zobaczy\u0107, jak mo\u017cesz umie\u015bci\u0107 j\u0105 na w\u0142asnej stronie internetowej. Lokalizacje:<\/p>\n","protected":false},"author":3,"featured_media":0,"parent":0,"menu_order":0,"comment_status":"closed","ping_status":"closed","template":"","meta":{"_acf_changed":false,"_trash_the_other_posts":false,"editor_notices":[],"footnotes":""},"class_list":["post-54404","page","type-page","status-publish","hentry"],"acf":[],"yoast_head":"<!-- This site is optimized with the Yoast SEO plugin v26.6 - https:\/\/yoast.com\/wordpress\/plugins\/seo\/ -->\n<title>Banery - Huisartsenposten De Limes - Polski<\/title>\n<meta name=\"robots\" content=\"noindex, follow, max-snippet:-1, max-image-preview:large, max-video-preview:-1\" \/>\n<meta property=\"og:locale\" content=\"pl_PL\" \/>\n<meta property=\"og:type\" content=\"article\" \/>\n<meta property=\"og:title\" content=\"Banery - Huisartsenposten De Limes - Polski\" \/>\n<meta property=\"og:description\" content=\"Dost\u0119pnych jest kilka baner\u00f3w dla witryny internetowej organizacji. Wybierz lokalizacj\u0119 poni\u017cej, aby zobaczy\u0107, jak mo\u017cesz umie\u015bci\u0107 j\u0105 na w\u0142asnej stronie internetowej. Lokalizacje:\" \/>\n<meta property=\"og:url\" content=\"https:\/\/huisartsenpostendelimes.nl\/pl\/banery\/\" \/>\n<meta property=\"og:site_name\" content=\"Huisartsenposten De Limes - Polski\" \/>\n<meta property=\"article:modified_time\" content=\"2024-05-22T07:39:00+00:00\" \/>\n<meta name=\"twitter:card\" content=\"summary_large_image\" \/>\n<meta name=\"twitter:label1\" content=\"Szacowany czas czytania\" \/>\n\t<meta name=\"twitter:data1\" content=\"1 minuta\" \/>\n<script type=\"application\/ld+json\" class=\"yoast-schema-graph\">{\"@context\":\"https:\/\/schema.org\",\"@graph\":[{\"@type\":\"WebPage\",\"@id\":\"https:\/\/huisartsenpostendelimes.nl\/pl\/banery\/\",\"url\":\"https:\/\/huisartsenpostendelimes.nl\/pl\/banery\/\",\"name\":\"Banery - Huisartsenposten De Limes - Polski\",\"isPartOf\":{\"@id\":\"https:\/\/huisartsenpostendelimes.nl\/pl\/#website\"},\"datePublished\":\"2023-10-02T13:07:30+00:00\",\"dateModified\":\"2024-05-22T07:39:00+00:00\",\"breadcrumb\":{\"@id\":\"https:\/\/huisartsenpostendelimes.nl\/pl\/banery\/#breadcrumb\"},\"inLanguage\":\"pl-PL\",\"potentialAction\":[{\"@type\":\"ReadAction\",\"target\":[\"https:\/\/huisartsenpostendelimes.nl\/pl\/banery\/\"]}]},{\"@type\":\"BreadcrumbList\",\"@id\":\"https:\/\/huisartsenpostendelimes.nl\/pl\/banery\/#breadcrumb\",\"itemListElement\":[{\"@type\":\"ListItem\",\"position\":1,\"name\":\"Home\",\"item\":\"https:\/\/huisartsenpostendelimes.nl\/pl\/\"},{\"@type\":\"ListItem\",\"position\":2,\"name\":\"Banery\"}]},{\"@type\":\"WebSite\",\"@id\":\"https:\/\/huisartsenpostendelimes.nl\/pl\/#website\",\"url\":\"https:\/\/huisartsenpostendelimes.nl\/pl\/\",\"name\":\"Huisartsenposten De Limes - Polski\",\"description\":\"\",\"potentialAction\":[{\"@type\":\"SearchAction\",\"target\":{\"@type\":\"EntryPoint\",\"urlTemplate\":\"https:\/\/huisartsenpostendelimes.nl\/pl\/?s={search_term_string}\"},\"query-input\":{\"@type\":\"PropertyValueSpecification\",\"valueRequired\":true,\"valueName\":\"search_term_string\"}}],\"inLanguage\":\"pl-PL\"}]}<\/script>\n<!-- \/ Yoast SEO plugin. -->","yoast_head_json":{"title":"Banery - Huisartsenposten De Limes - Polski","robots":{"index":"noindex","follow":"follow","max-snippet":"max-snippet:-1","max-image-preview":"max-image-preview:large","max-video-preview":"max-video-preview:-1"},"og_locale":"pl_PL","og_type":"article","og_title":"Banery - Huisartsenposten De Limes - Polski","og_description":"Dost\u0119pnych jest kilka baner\u00f3w dla witryny internetowej organizacji. Wybierz lokalizacj\u0119 poni\u017cej, aby zobaczy\u0107, jak mo\u017cesz umie\u015bci\u0107 j\u0105 na w\u0142asnej stronie internetowej. Lokalizacje:","og_url":"https:\/\/huisartsenpostendelimes.nl\/pl\/banery\/","og_site_name":"Huisartsenposten De Limes - Polski","article_modified_time":"2024-05-22T07:39:00+00:00","twitter_card":"summary_large_image","twitter_misc":{"Szacowany czas czytania":"1 minuta"},"schema":{"@context":"https:\/\/schema.org","@graph":[{"@type":"WebPage","@id":"https:\/\/huisartsenpostendelimes.nl\/pl\/banery\/","url":"https:\/\/huisartsenpostendelimes.nl\/pl\/banery\/","name":"Banery - Huisartsenposten De Limes - Polski","isPartOf":{"@id":"https:\/\/huisartsenpostendelimes.nl\/pl\/#website"},"datePublished":"2023-10-02T13:07:30+00:00","dateModified":"2024-05-22T07:39:00+00:00","breadcrumb":{"@id":"https:\/\/huisartsenpostendelimes.nl\/pl\/banery\/#breadcrumb"},"inLanguage":"pl-PL","potentialAction":[{"@type":"ReadAction","target":["https:\/\/huisartsenpostendelimes.nl\/pl\/banery\/"]}]},{"@type":"BreadcrumbList","@id":"https:\/\/huisartsenpostendelimes.nl\/pl\/banery\/#breadcrumb","itemListElement":[{"@type":"ListItem","position":1,"name":"Home","item":"https:\/\/huisartsenpostendelimes.nl\/pl\/"},{"@type":"ListItem","position":2,"name":"Banery"}]},{"@type":"WebSite","@id":"https:\/\/huisartsenpostendelimes.nl\/pl\/#website","url":"https:\/\/huisartsenpostendelimes.nl\/pl\/","name":"Huisartsenposten De Limes - Polski","description":"","potentialAction":[{"@type":"SearchAction","target":{"@type":"EntryPoint","urlTemplate":"https:\/\/huisartsenpostendelimes.nl\/pl\/?s={search_term_string}"},"query-input":{"@type":"PropertyValueSpecification","valueRequired":true,"valueName":"search_term_string"}}],"inLanguage":"pl-PL"}]}},"_links":{"self":[{"href":"https:\/\/huisartsenpostendelimes.nl\/pl\/wp-json\/wp\/v2\/pages\/54404","targetHints":{"allow":["GET"]}}],"collection":[{"href":"https:\/\/huisartsenpostendelimes.nl\/pl\/wp-json\/wp\/v2\/pages"}],"about":[{"href":"https:\/\/huisartsenpostendelimes.nl\/pl\/wp-json\/wp\/v2\/types\/page"}],"author":[{"embeddable":true,"href":"https:\/\/huisartsenpostendelimes.nl\/pl\/wp-json\/wp\/v2\/users\/3"}],"replies":[{"embeddable":true,"href":"https:\/\/huisartsenpostendelimes.nl\/pl\/wp-json\/wp\/v2\/comments?post=54404"}],"version-history":[{"count":0,"href":"https:\/\/huisartsenpostendelimes.nl\/pl\/wp-json\/wp\/v2\/pages\/54404\/revisions"}],"wp:attachment":[{"href":"https:\/\/huisartsenpostendelimes.nl\/pl\/wp-json\/wp\/v2\/media?parent=54404"}],"curies":[{"name":"wp","href":"https:\/\/api.w.org\/{rel}","templated":true}]}}