{"id":54406,"date":"2023-10-02T15:08:16","date_gmt":"2023-10-02T13:08:16","guid":{"rendered":"https:\/\/temporary.mindd.dev\/?page_id=54406"},"modified":"2024-05-22T09:39:02","modified_gmt":"2024-05-22T07:39:02","slug":"banner-alphen-a-d-rhine-leiderdorp","status":"publish","type":"page","link":"https:\/\/huisartsenpostendelimes.nl\/pl\/banery\/banner-alphen-a-d-rhine-leiderdorp\/","title":{"rendered":"Banner Alphen a\/d Rijn &amp; Leiderdorp"},"content":{"rendered":"\n\n\n<p>Mo\u017cesz u\u017cy\u0107 poni\u017cszego banera w witrynie internetowej swojej organizacji. Baner automatycznie dostosuje si\u0119 do odpowiedniego rozmiaru w zale\u017cno\u015bci od rozmiaru ekranu. Skopiuj kod (pod przyk\u0142adem) i popro\u015b webmastera o umieszczenie go w wybranym miejscu na Twojej stronie.<\/p>\n\n\n\n<div id=\"mindd-widget-openingstijden\"><\/div>\n<script>\n  (function () {\n    var e = document.createElement(\"script\");\n    e.type = \"text\/javascript\";\n    e.async = true;\n    e.src = \"https:\/\/content.moetiknaardedokter.nl\/widgets\/openingstijden\/script.min.js\";\n    e.className = \"mindd-widget-openingstijden-script\";\n    e.dataset.key = \"n#*EV&wVY97X51@8TDUoEOdj8\";\n    e.dataset.height = 280;\n\n    var s = document.getElementsByTagName(\"script\")[0];\n    s.parentNode.insertBefore(e, s);\n  })();\n<\/script>\n\n\n\n<h2 class=\"wp-block-heading\">Krok 1<\/h2>\n\n\n\n<p>Dodaj element div poni\u017cej miejsca, w kt\u00f3rym ma by\u0107 wy\u015bwietlany baner<\/p>\n\n\n\n<pre class=\"wp-block-code\"><code>&lt;div id=\"mindd-widget-openingstijden\"&gt;&lt;\/div&gt;<\/code><\/pre>\n\n\n\n<h2 class=\"wp-block-heading\">Krok 2<\/h2>\n\n\n\n<p>Za\u0142aduj nast\u0119puj\u0105cy skrypt na stronie<\/p>\n\n\n\n<pre class=\"wp-block-code\"><code>&lt;script&gt;\n  (function () {\n    var e = document.createElement(\"script\");\n    e.type = \"text\/javascript\";\n    e.async = true;\n    e.src = \"https:\/\/content.moetiknaardedokter.nl\/widgets\/openingstijden\/script.min.js\";\n    e.className = \"mindd-widget-openingstijden-script\";\n    e.dataset.key = \"n#*EV&amp;wVY97X51@8TDUoEOdj8\";\n    e.dataset.height = 280;\n\n    var s = document.getElementsByTagName(\"script\")&#91;0];\n    s.parentNode.insertBefore(e, s);\n  })();\n&lt;\/script&gt;<\/code><\/pre>\n","protected":false},"excerpt":{"rendered":"<p>Mo\u017cesz u\u017cy\u0107 poni\u017cszego banera w witrynie internetowej swojej organizacji. Baner automatycznie dostosuje si\u0119 do odpowiedniego rozmiaru w zale\u017cno\u015bci od rozmiaru ekranu. Skopiuj kod (pod przyk\u0142adem) i popro\u015b webmastera o umieszczenie go w wybranym miejscu na Twojej stronie. Krok 1 Dodaj div poni\u017cej miejsca, w kt\u00f3rym ma by\u0107 wy\u015bwietlany baner Krok 2 Za\u0142aduj nast\u0119puj\u0105cy skrypt na stron\u0119<\/p>\n","protected":false},"author":3,"featured_media":0,"parent":54404,"menu_order":0,"comment_status":"closed","ping_status":"closed","template":"","meta":{"_acf_changed":false,"_trash_the_other_posts":false,"editor_notices":[],"footnotes":""},"class_list":["post-54406","page","type-page","status-publish","hentry"],"acf":[],"yoast_head":"<!-- This site is optimized with the Yoast SEO plugin v26.6 - https:\/\/yoast.com\/wordpress\/plugins\/seo\/ -->\n<title>Banner Alphen a\/d Rijn &amp; Leiderdorp - Huisartsenposten De Limes - Polski<\/title>\n<meta name=\"robots\" content=\"noindex, follow, max-snippet:-1, max-image-preview:large, max-video-preview:-1\" \/>\n<meta property=\"og:locale\" content=\"pl_PL\" \/>\n<meta property=\"og:type\" content=\"article\" \/>\n<meta property=\"og:title\" content=\"Banner Alphen a\/d Rijn &amp; Leiderdorp - Huisartsenposten De Limes - Polski\" \/>\n<meta property=\"og:description\" content=\"Mo\u017cesz u\u017cy\u0107 poni\u017cszego banera w witrynie internetowej swojej organizacji. Baner automatycznie dostosuje si\u0119 do odpowiedniego rozmiaru w zale\u017cno\u015bci od rozmiaru ekranu. Skopiuj kod (pod przyk\u0142adem) i popro\u015b webmastera o umieszczenie go w wybranym miejscu na Twojej stronie. Krok 1 Dodaj div poni\u017cej miejsca, w kt\u00f3rym ma by\u0107 wy\u015bwietlany baner Krok 2 Za\u0142aduj nast\u0119puj\u0105cy skrypt na stron\u0119\" \/>\n<meta property=\"og:url\" content=\"https:\/\/huisartsenpostendelimes.nl\/pl\/banery\/banner-alphen-a-d-rhine-leiderdorp\/\" \/>\n<meta property=\"og:site_name\" content=\"Huisartsenposten De Limes - Polski\" \/>\n<meta property=\"article:modified_time\" content=\"2024-05-22T07:39:02+00:00\" \/>\n<meta name=\"twitter:card\" content=\"summary_large_image\" \/>\n<meta name=\"twitter:label1\" content=\"Szacowany czas czytania\" \/>\n\t<meta name=\"twitter:data1\" content=\"1 minuta\" \/>\n<script type=\"application\/ld+json\" class=\"yoast-schema-graph\">{\"@context\":\"https:\/\/schema.org\",\"@graph\":[{\"@type\":\"WebPage\",\"@id\":\"https:\/\/huisartsenpostendelimes.nl\/pl\/banery\/banner-alphen-a-d-rhine-leiderdorp\/\",\"url\":\"https:\/\/huisartsenpostendelimes.nl\/pl\/banery\/banner-alphen-a-d-rhine-leiderdorp\/\",\"name\":\"Banner Alphen a\/d Rijn &amp; Leiderdorp - Huisartsenposten De Limes - Polski\",\"isPartOf\":{\"@id\":\"https:\/\/huisartsenpostendelimes.nl\/pl\/#website\"},\"datePublished\":\"2023-10-02T13:08:16+00:00\",\"dateModified\":\"2024-05-22T07:39:02+00:00\",\"breadcrumb\":{\"@id\":\"https:\/\/huisartsenpostendelimes.nl\/pl\/banery\/banner-alphen-a-d-rhine-leiderdorp\/#breadcrumb\"},\"inLanguage\":\"pl-PL\",\"potentialAction\":[{\"@type\":\"ReadAction\",\"target\":[\"https:\/\/huisartsenpostendelimes.nl\/pl\/banery\/banner-alphen-a-d-rhine-leiderdorp\/\"]}]},{\"@type\":\"BreadcrumbList\",\"@id\":\"https:\/\/huisartsenpostendelimes.nl\/pl\/banery\/banner-alphen-a-d-rhine-leiderdorp\/#breadcrumb\",\"itemListElement\":[{\"@type\":\"ListItem\",\"position\":1,\"name\":\"Home\",\"item\":\"https:\/\/huisartsenpostendelimes.nl\/pl\/\"},{\"@type\":\"ListItem\",\"position\":2,\"name\":\"Banery\",\"item\":\"https:\/\/huisartsenpostendelimes.nl\/pl\/banery\/\"},{\"@type\":\"ListItem\",\"position\":3,\"name\":\"Banner Alphen a\/d Rijn &amp; Leiderdorp\"}]},{\"@type\":\"WebSite\",\"@id\":\"https:\/\/huisartsenpostendelimes.nl\/pl\/#website\",\"url\":\"https:\/\/huisartsenpostendelimes.nl\/pl\/\",\"name\":\"Huisartsenposten De Limes - Polski\",\"description\":\"\",\"potentialAction\":[{\"@type\":\"SearchAction\",\"target\":{\"@type\":\"EntryPoint\",\"urlTemplate\":\"https:\/\/huisartsenpostendelimes.nl\/pl\/?s={search_term_string}\"},\"query-input\":{\"@type\":\"PropertyValueSpecification\",\"valueRequired\":true,\"valueName\":\"search_term_string\"}}],\"inLanguage\":\"pl-PL\"}]}<\/script>\n<!-- \/ Yoast SEO plugin. -->","yoast_head_json":{"title":"Banner Alphen a\/d Rijn &amp; Leiderdorp - Huisartsenposten De Limes - Polski","robots":{"index":"noindex","follow":"follow","max-snippet":"max-snippet:-1","max-image-preview":"max-image-preview:large","max-video-preview":"max-video-preview:-1"},"og_locale":"pl_PL","og_type":"article","og_title":"Banner Alphen a\/d Rijn &amp; Leiderdorp - Huisartsenposten De Limes - Polski","og_description":"Mo\u017cesz u\u017cy\u0107 poni\u017cszego banera w witrynie internetowej swojej organizacji. Baner automatycznie dostosuje si\u0119 do odpowiedniego rozmiaru w zale\u017cno\u015bci od rozmiaru ekranu. Skopiuj kod (pod przyk\u0142adem) i popro\u015b webmastera o umieszczenie go w wybranym miejscu na Twojej stronie. Krok 1 Dodaj div poni\u017cej miejsca, w kt\u00f3rym ma by\u0107 wy\u015bwietlany baner Krok 2 Za\u0142aduj nast\u0119puj\u0105cy skrypt na stron\u0119","og_url":"https:\/\/huisartsenpostendelimes.nl\/pl\/banery\/banner-alphen-a-d-rhine-leiderdorp\/","og_site_name":"Huisartsenposten De Limes - Polski","article_modified_time":"2024-05-22T07:39:02+00:00","twitter_card":"summary_large_image","twitter_misc":{"Szacowany czas czytania":"1 minuta"},"schema":{"@context":"https:\/\/schema.org","@graph":[{"@type":"WebPage","@id":"https:\/\/huisartsenpostendelimes.nl\/pl\/banery\/banner-alphen-a-d-rhine-leiderdorp\/","url":"https:\/\/huisartsenpostendelimes.nl\/pl\/banery\/banner-alphen-a-d-rhine-leiderdorp\/","name":"Banner Alphen a\/d Rijn &amp; Leiderdorp - Huisartsenposten De Limes - Polski","isPartOf":{"@id":"https:\/\/huisartsenpostendelimes.nl\/pl\/#website"},"datePublished":"2023-10-02T13:08:16+00:00","dateModified":"2024-05-22T07:39:02+00:00","breadcrumb":{"@id":"https:\/\/huisartsenpostendelimes.nl\/pl\/banery\/banner-alphen-a-d-rhine-leiderdorp\/#breadcrumb"},"inLanguage":"pl-PL","potentialAction":[{"@type":"ReadAction","target":["https:\/\/huisartsenpostendelimes.nl\/pl\/banery\/banner-alphen-a-d-rhine-leiderdorp\/"]}]},{"@type":"BreadcrumbList","@id":"https:\/\/huisartsenpostendelimes.nl\/pl\/banery\/banner-alphen-a-d-rhine-leiderdorp\/#breadcrumb","itemListElement":[{"@type":"ListItem","position":1,"name":"Home","item":"https:\/\/huisartsenpostendelimes.nl\/pl\/"},{"@type":"ListItem","position":2,"name":"Banery","item":"https:\/\/huisartsenpostendelimes.nl\/pl\/banery\/"},{"@type":"ListItem","position":3,"name":"Banner Alphen a\/d Rijn &amp; Leiderdorp"}]},{"@type":"WebSite","@id":"https:\/\/huisartsenpostendelimes.nl\/pl\/#website","url":"https:\/\/huisartsenpostendelimes.nl\/pl\/","name":"Huisartsenposten De Limes - Polski","description":"","potentialAction":[{"@type":"SearchAction","target":{"@type":"EntryPoint","urlTemplate":"https:\/\/huisartsenpostendelimes.nl\/pl\/?s={search_term_string}"},"query-input":{"@type":"PropertyValueSpecification","valueRequired":true,"valueName":"search_term_string"}}],"inLanguage":"pl-PL"}]}},"_links":{"self":[{"href":"https:\/\/huisartsenpostendelimes.nl\/pl\/wp-json\/wp\/v2\/pages\/54406","targetHints":{"allow":["GET"]}}],"collection":[{"href":"https:\/\/huisartsenpostendelimes.nl\/pl\/wp-json\/wp\/v2\/pages"}],"about":[{"href":"https:\/\/huisartsenpostendelimes.nl\/pl\/wp-json\/wp\/v2\/types\/page"}],"author":[{"embeddable":true,"href":"https:\/\/huisartsenpostendelimes.nl\/pl\/wp-json\/wp\/v2\/users\/3"}],"replies":[{"embeddable":true,"href":"https:\/\/huisartsenpostendelimes.nl\/pl\/wp-json\/wp\/v2\/comments?post=54406"}],"version-history":[{"count":0,"href":"https:\/\/huisartsenpostendelimes.nl\/pl\/wp-json\/wp\/v2\/pages\/54406\/revisions"}],"up":[{"embeddable":true,"href":"https:\/\/huisartsenpostendelimes.nl\/pl\/wp-json\/wp\/v2\/pages\/54404"}],"wp:attachment":[{"href":"https:\/\/huisartsenpostendelimes.nl\/pl\/wp-json\/wp\/v2\/media?parent=54406"}],"curies":[{"name":"wp","href":"https:\/\/api.w.org\/{rel}","templated":true}]}}